{"id":102,"date":"2018-10-19T17:13:59","date_gmt":"2018-10-19T16:13:59","guid":{"rendered":"http:\/\/sites.ipleiria.pt\/15historias\/?page_id=102"},"modified":"2019-07-30T11:26:15","modified_gmt":"2019-07-30T10:26:15","slug":"caso-11-organizacao-do-espaco-de-trabalho","status":"publish","type":"page","link":"https:\/\/sites.ipleiria.pt\/15historias\/caso-11-organizacao-do-espaco-de-trabalho\/","title":{"rendered":"Caso 11: Organiza\u00e7\u00e3o do espa\u00e7o de trabalho"},"content":{"rendered":"\n<div class=\"wp-block-image\"><figure class=\"aligncenter\"><img loading=\"lazy\" decoding=\"async\" width=\"213\" height=\"177\" src=\"http:\/\/sites.ipleiria.pt\/15historias\/files\/2019\/03\/img-29.png\" alt=\"\" class=\"wp-image-520\" \/><\/figure><\/div>\n\n\n<div class=\"container\">\n<h1 class=\"article-title\">Caso 11: Organiza\u00e7\u00e3o do espa\u00e7o de trabalho<\/h1>\n<div class=\"author-card\">\n<p class=\"author-name\"><strong>Autores:<\/strong> Lu\u00eds Filipe, Patr\u00edcia Pereira, Sandra Alves e Gra\u00e7a Seco<\/p>\n<p class=\"author-description\">Escola Superior de Educa\u00e7\u00e3o e Ci\u00eancias Sociais, Instituto Polit\u00e9cnico de Leiria<\/p>\n<\/div>\n<p class=\"author-reference\"><strong>Referir este caso:<\/strong> Alves, S., Filipe, L., Pereira, P. &amp; Seco, G. (2018). Organiza\u00e7\u00e3o do espa\u00e7o de trabalho. In R. Cadima, I. Pereira, M. Francisco &amp; S. Cunha (Coords.).\u00a0<em>15 hist\u00f3rias para incluir.<\/em> [Online]. Polit\u00e9cnico de Leiria: Leiria.<\/p>\n<\/div>\n<div class=\"container--gray mr-top30 mr-bottom50\">\n<div class=\"container\">\n<h2 class=\"article-subtitle\">Para come\u00e7ar<\/h2>\n<p>Da raiz grega agk\u00f4 ou angch\u00f6 e do latim ango que\u00a0significa apertar fisicamente e anxio ou anxius, que\u00a0significa atormentar, a ansiedade apresenta-se como uma resposta essencial, protetora e adaptativa inerente a todas as culturas humanas e idades independentemente do g\u00e9nero.<\/p>\n<p>Considerada um estado emocional desagrad\u00e1vel dirigido para o futuro, habitualmente a ansiedade desenvolve-se pela antecipa\u00e7\u00e3o de um perigo\/amea\u00e7a (interno ou externo) de dif\u00edcil previs\u00e3o e controlo. Com uma perce\u00e7\u00e3o subjetiva semelhante ao medo, a ansiedade pode manifestar-se atrav\u00e9s de sintomas vegetativos, cognitivos e\/ou comportamentais que quando s\u00e3o intensos,\u00a0repetitivos e prolongados no tempo causam\u00a0desconforto, sofrimento e disfuncionalidade nas\u00a0rotinas di\u00e1rias de uma pessoa.<\/p>\n<p>A ansiedade pode ser dividida em ansiedade-tra\u00e7o\u00a0e ansiedade-estado, sendo a primeira\u00a0uma caracter\u00edstica mais est\u00e1vel e que define\u00a0a personalidade de um indiv\u00edduo e a segunda\u00a0considerada uma resposta a um acontecimento de\u00a0vida e, por esse motivo, tende a n\u00e3o persistir para\u00a0al\u00e9m da situa\u00e7\u00e3o que o desencadeou.<\/p>\n<p>Por ser protetora a ansiedade \u00e9 positiva na vida de cada um de n\u00f3s, mas dependendo da sua intensidade, frequ\u00eancia e dimens\u00e3o poder\u00e1 ser considerada patol\u00f3gica e dever\u00e1 ser alvo de interven\u00e7\u00e3o psicoterap\u00eautica.<\/p>\n<\/div>\n<\/div>\n<div class=\"container\">\n<h2 class=\"article-subtitle\">Para ler<\/h2>\n<p>Sou a Soraia e estou no 1\u00ba ano da faculdade. At\u00e9 agora\u00a0estou a gostar imenso do meu curso, da turma e at\u00e9 dos\u00a0professores! O ambiente acad\u00e9mico tem sido fant\u00e1stico,\u00a0mas h\u00e1 alturas em que o stress aperta. Muita mat\u00e9ria para estudar ao mesmo tempo, sobretudo na \u00e9poca das\u00a0frequ\u00eancias\u2026 nada que n\u00e3o estivesse \u00e0 espera.<\/p>\n<p>Tenho superado bem os momentos de mais ansiedade,\u00a0mas a minha amiga Maria tem apresentado algumas dificuldades em atingir os objetivos a que se prop\u00f4s,\u00a0nomeadamente conseguir ter notas com as quais se sinta satisfeita.<\/p>\n<p>Desde o in\u00edcio do ano letivo, altura em que conheci a\u00a0Maria e fic\u00e1mos logo amigas, percebi que ela, apesar de superinteligente, parece \u00e0s vezes desorganizada, mas \u201cvai a todas\u201d. Apesar de sairmos frequentemente \u00e0 noite (isso tamb\u00e9m faz parte da vida acad\u00e9mica!), somos ass\u00edduas nas aulas e mantemos os apontamentos organizados e atualizados. A Maria participa ainda ativamente em todas as\u00a0reuni\u00f5es de grupo para realizar trabalhos para as diferentes\u00a0unidades curriculares e colabora na organiza\u00e7\u00e3o das v\u00e1rias atividades propostas pelos nossos professores. Al\u00e9m disso, tanto eu como a Maria pertencemos \u00e0 associa\u00e7\u00e3o de\u00a0estudantes, mas ela integra-a como membro da dire\u00e7\u00e3o, o\u00a0que exige muita dedica\u00e7\u00e3o e esfor\u00e7o.<\/p>\n<p>Com o final do 2.\u00ba semestre e com as avalia\u00e7\u00f5es a come\u00e7ar, a Maria tem tido dificuldades em concentrar-se a estudar e em dar resposta a todas as solicita\u00e7\u00f5es. Um dos desabafos que ela tem comigo prende-se com o facto de n\u00e3o saber o que fazer em primeiro lugar, pois considera que tudo \u00e9 importante e que tem de dar resposta, sem falhar, a todas as atividades que tem para fazer. Isso faz com que se sinta mais ansiosa, tenha muita dificuldade em manter-se concentrada e que at\u00e9 tenha visitado menos vezes a fam\u00edlia.<\/p>\n<p>Com tanta irritabilidade da Maria at\u00e9 nos chate\u00e1mos e por isso tive uma conversa franca com ela.<\/p>\n<div class=\"story--dialog\">\n<p>&#8211; Maria, tu n\u00e3o andas bem. O que se est\u00e1 a passar contigo?<\/p>\n<p>&#8211; Sinto que n\u00e3o tenho tempo para tudo Soraia. Os professores sobrecarregam-nos com atividades, a associa\u00e7\u00e3o de estudantes est\u00e1 a \u201cbombar\u201d e ningu\u00e9m quer fazer nada\u2026\u00a0Quando estou a tentar estudar toda a gente me telefona e se desligo o telefone enviam mensagem pelo chat do facebook\u2026 Estou cansada e n\u00e3o tenho vontade de fazer mais\u00a0nada! Mas n\u00e3o posso dizer que n\u00e3o porque j\u00e1 assumi a responsabilidade e todos est\u00e3o a\u00a0contar comigo.<\/p>\n<p>&#8211; \u00c9 verdade Maria\u2026 Nem sei o que te dizer&#8230;<\/p>\n<p>&#8211; Al\u00e9m disso, n\u00e3o percebo porque \u00e9 que voc\u00eas t\u00eam tanta pressa em fazer os trabalhos de grupo. Ainda temos tempo, mas andam sempre a chatear-me\u2026 E depois passo o tempo a fazer trabalhos, n\u00e3o estudo e por isso n\u00e3o estou satisfeita com os resultados que tive no\u00a01.\u00ba semestre. N\u00e3o deixei nenhuma Unidade Curricular para tr\u00e1s mas tive notas miser\u00e1veis em compara\u00e7\u00e3o com os meus resultados do secund\u00e1rio.<\/p>\n<p>&#8211; Que exagero Maria! Tu at\u00e9 tens tido boas notas! E a quest\u00e3o do trabalho de grupo, temos de tentar respeitar o ritmo de todos. N\u00e3o \u00e9 f\u00e1cil, mas na pr\u00f3xima reuni\u00e3o podemos\u00a0falar sobre isso. O pessoal n\u00e3o gosta de deixar estes trabalhos para a \u00faltima, sen\u00e3o concentra-se com as frequ\u00eancias e \u00e9 pior.<\/p>\n<p>&#8211; Mas sinto-me cansada\u2026 N\u00e3o \u00e9 f\u00e1cil participar nas atividades da associa\u00e7\u00e3o de\u00a0estudantes, ir \u00e0s aulas pr\u00e1ticas, responder aos professores e organizar os apontamentos. Tenho muita coisa para ler, j\u00e1 que escrevo tudo o que os professores dizem e, depois na\u00a0semana antes dos testes, tenho que ler tudo e escrever tudo outra vez para ver se fica\u00a0alguma coisa. Eu n\u00e3o era assim! Antigamente conseguia memorizar tudo com facilidade!\u00a0Juro-te: estou a ficar preocupada\u2026<\/p>\n<p>&#8211; A s\u00e9rio?<\/p>\n<p>&#8211; Sim, al\u00e9m disso, antes dos testes n\u00e3o durmo nada, mas n\u00e3o posso fazer nada contra isso, tenho que ler tudo, v\u00e1rias vezes, ando sempre a ser interrompida, quando me sento na mesa da sala para come\u00e7ar a estudar, est\u00e3o sempre a mandar-me mensagens e a ligar, e isso tira-me sempre tempo, ter que responder a tudo e responder aos telefonemas. Anteontem tive um ataque de choro que n\u00e3o consegui controlar. A sorte \u00e9 que ningu\u00e9m l\u00e1 em casa reparou\u2026 N\u00e3o quero que ningu\u00e9m saiba que n\u00e3o estou a conseguir dar conta do recado!<\/p>\n<p>&#8211; Tens de ter calma Maria. Penso que est\u00e1s muito ansiosa, mas certamente haver\u00e1 uma\u00a0solu\u00e7\u00e3o. Vou tentar ajudar-te. Tenho a certeza que vais encontrar uma solu\u00e7\u00e3o, al\u00e9m do chazinho de t\u00edlia que podes beber todas as noites antes de te deitar.\u00a0<\/p>\n<\/div>\n<p>De facto, a Maria est\u00e1 demasiado ansiosa.<\/p>\n<p>Como poder\u00e1 a Soraia ajud\u00e1-la?<\/p>\n<p>Todas as quest\u00f5es que ela apresenta n\u00e3o far\u00e3o parte do processo normal\u00a0de estar no Ensino Superior?<\/p>\n<\/div>\n<div class=\"container--gray mr-top30 mr-bottom50\">\n<div class=\"container\">\n<h2 class=\"article-subtitle\">Para equacionar<\/h2>\n<p>Na base do problema<\/p>\n<ul>\n<li>Gest\u00e3o do tempo<\/li>\n<li>Apoios ao estudante<\/li>\n<li>Lidar com a ansiedade<\/li>\n<li>Estrat\u00e9gias de aprendizagem<\/li>\n<li>Papel dos professores e da institui\u00e7\u00e3o<\/li>\n<\/ul>\n<\/div>\n<\/div>\n<div class=\"container\">\n<h2 class=\"article-subtitle\">Para debater<\/h2>\n<p class=\"section--subtitle\">1. Ser\u00e1 que a Maria pode melhorar os seus resultados?<\/p>\n<p>O que pode a Maria fazer para melhorar os seus resultados?<\/p>\n<p>Como \u00e9 que mudamos efetivamente o nosso comportamento? \u00c9 s\u00f3 querer? Ou \u00e9 necess\u00e1rio proceder de outra forma?<\/p>\n<p class=\"section--subtitle\">2. Ser\u00e1 que a Maria s\u00f3 se deve preocupar em estudar?<\/p>\n<p>Ao longo da nossa vida deparamo-nos com v\u00e1rias decis\u00f5es, nomeadamente\u00a0na necessidade de definir prioridades e organizar o nosso tempo. Ser\u00e1 que\u00a0s\u00f3 podemos fazer uma coisa de cada vez? Ou ser\u00e1 poss\u00edvel conjugar v\u00e1rias\u00a0atividades?<\/p>\n<p>Quando pensamos na vida acad\u00e9mica e profissional, a pessoa s\u00f3 estuda e\/ou\u00a0trabalha? Ou deve investir noutras atividades? O que acha? Porqu\u00ea? Ser\u00e1 que fazer outras coisas para al\u00e9m do estudo traz vantagens para os\u00a0estudantes?<\/p>\n<p class=\"section--subtitle\">3. Ser\u00e3o os estudantes capazes de se autogerirem?<\/p>\n<p>Estar\u00e3o as escolas a preparar os seus estudantes de forma a serem capazes de\u00a0gerir as suas prioridades e condi\u00e7\u00f5es de trabalho?<\/p>\n<p>Estar\u00e3o os estudantes preparados para lidar com a autorregula\u00e7\u00e3o?<\/p>\n<p class=\"section--subtitle\">4. A fam\u00edlia prepara os seus elementos para lidar com a ansiedade?<\/p>\n<p>Em que medida a fam\u00edlia pode preparar, ou deve preparar, uma pessoa a lidar com a ansiedade?<\/p>\n<p class=\"section--subtitle\">5. A ansiedade \u00e9 algo que se deve reduzir ao m\u00ednimo poss\u00edvel?<\/p>\n<p>Ser\u00e1 a ansiedade \u00fatil? Ou melhor&#8230; at\u00e9 que ponto se deve reduzir a ansiedade? Ser\u00e1 ou n\u00e3o importante \u201cdesligar\u201d a ansiedade e deixar de senti-la, ou ela ter\u00e1 um papel importante na vida de cada pessoa?<\/p>\n<blockquote>\n<p>A ansiedade \u00e9 um processo\u00a0natural de defesa e prepara\u00e7\u00e3o\u00a0do corpo humano. \u00c9 normal\u00a0sentir ansiedade. Tem um papel\u00a0importante, prepara e ajuda\u00a0a pessoa para o que tem de\u00a0enfrentar. O que n\u00e3o \u00e9 normal\u00a0\u00e9 essa ansiedade afetar a nossa\u00a0vida e o nosso desempenho\u00a0ocupacional. Caso afete, o melhor\u00a0\u00e9 procurar um especialista.<br \/><cite>Liliana Bernardo<\/cite><\/p>\n<\/blockquote>\n<blockquote>\n<p>Podemos e devemos fazer v\u00e1rias coisas em\u00a0simult\u00e2neo, tanto enquanto estudantes, como\u00a0enquanto trabalhadores. H\u00e1 v\u00e1rios estudos\u00a0de investiga\u00e7\u00e3o que t\u00eam conclu\u00eddo que\u00a0os estudantes que frequentam atividades\u00a0extracurriculares t\u00eam normalmente melhor\u00a0desempenho acad\u00e9mico do que aqueles que se\u00a0dedicam apenas aos estudos (\u2026) tal deve-se ao\u00a0desenvolvimento de compet\u00eancias transversais\u00a0como a gest\u00e3o de tempo, a autorregula\u00e7\u00e3o, a\u00a0resolu\u00e7\u00e3o de problemas, entre outros.<br \/><cite>Marta Costa<\/cite><\/p>\n<\/blockquote>\n<\/div>\n<div class=\"container--gray mr-top30 mr-bottom50\">\n<div class=\"container\">\n<h2 class=\"article-subtitle\">Para reter<\/h2>\n<p>Considerando que cada caso \u00e9 um caso e que as solu\u00e7\u00f5es adotadas para uma situa\u00e7\u00e3o poder\u00e3o n\u00e3o ser as indicadas para\u00a0outras, deixamos um poss\u00edvel desfecho, baseado numa situa\u00e7\u00e3o real.<\/p>\n<p>A Soraia prop\u00f4s \u00e0 Maria falar com um dos psic\u00f3logos do Servi\u00e7o de Apoio ao Estudante. De facto, a Maria precisa alterar\u00a0alguns comportamentos que apresenta para conseguir melhorar os seus resultados e, deste modo, ficar mais satisfeita com\u00a0eles. \u00c9 normal no Ensino Superior passar por v\u00e1rias situa\u00e7\u00f5es, dilemas, dificuldades e tenta\u00e7\u00f5es, todo o processo faz parte e \u00e9 necess\u00e1rio para promover a autonomia pessoal.<\/p>\n<p>Tendo em conta as dificuldades da Maria, conv\u00e9m em primeiro lugar esclarecer alguns aspetos importantes: a Maria n\u00e3o deve\u00a0abdicar das suas atividades relacionadas com a academia, participar nas atividades da associa\u00e7\u00e3o de estudantes, conviver\u00a0com os colegas e amigos, aproveitar as v\u00e1rias oportunidades que v\u00e3o surgindo. No entanto, ainda que estes aspetos sejam relevantes, a Maria deve definir prioridades e perceber que n\u00e3o consegue fazer tudo o que quer ou gosta ao mesmo tempo,\u00a0assim deve organizar melhor o seu tempo e pensar quando deve divertir-se e quando deve estudar.<\/p>\n<p>Tendo em conta estes pressupostos estas s\u00e3o as medidas mais importantes:<\/p>\n<ul>\n<li>Colocar num calend\u00e1rio as datas relevantes e atividades mais importantes, de forma a saber melhor quando se pode divertir e quando deve trabalhar mais;<\/li>\n<li>Aprender a tirar apontamentos, n\u00e3o deve escrever tudo o que \u00e9 dito numa aula, mas sim apenas os apontamentos essenciais, de forma a estar mais atenta;<\/li>\n<li>Deve come\u00e7ar a estudar desde o in\u00edcio do semestre e n\u00e3o apenas nas v\u00e9speras das avalia\u00e7\u00f5es;<\/li>\n<li>Definir objetivamente quais as notas que pretende em todas as unidades curriculares de forma a perceber melhor quando pode ficar satisfeita com os seus resultados;<\/li>\n<li>Deve perceber que quanto mais depressa terminar os trabalhos de grupo, mais tempo ter\u00e1 para outras atividades, da\u00ed ser necess\u00e1rio colaborar rapidamente com os colegas e participar nos trabalhos mais ativamente;<\/li>\n<li>Quando se estuda para uma avalia\u00e7\u00e3o deve-se recorrer ao m\u00e9todo PLEMA (Pr\u00e9-leitura; Leitura; Esquematiza\u00e7\u00e3o; Memoriza\u00e7\u00e3o; Autoavalia\u00e7\u00e3o);<\/li>\n<li>Quando estuda deve desligar o telefone para n\u00e3o ser interrompida e lig\u00e1-lo nos intervalos apenas;<\/li>\n<li>Deve escolher um local sossegado, de prefer\u00eancia um escrit\u00f3rio ou numa secret\u00e1ria no quarto, onde ter\u00e1 menos est\u00edmulos\u00a0que comprometam a sua concentra\u00e7\u00e3o;<\/li>\n<li>Antes de um teste deve dormir convenientemente, um dos aspetos que interfere com a mem\u00f3ria \u00e9 a falta de sono.<\/li>\n<\/ul>\n<\/div>\n<\/div>\n<div class=\"container\">\n<h2 class=\"article-subtitle\">Para consultar<\/h2>\n<p class=\"section--subtitle\">Refer\u00eancias<\/p>\n<p>Gouveia, J. P.; Carvalho, S. &amp; Fonseca, L. (2004). P\u00e2nico \u2013 da compreens\u00e3o ao tratamento (2\u00aa ed.). Lisboa: Climepsi Editores.<\/p>\n<p>Serra, A. (2007). O Stress na vida de todos os dias (3\u00aa ed.). Coimbra: Minerva.<\/p>\n<p>Jacofsky, M., Santos, M., Khemlani-Patel, S. and Neziroglu, F. (2013). Biological Explanations of Anxiety Disorders: Part II. [online] Mentalhelp.net. <a href=\"https:\/\/www.mentalhelp.net\/articles\/biological-explanations-of-anxiety-part-ii\/\" target=\"_blank\" rel=\"noopener noreferrer\">https:\/\/www.mentalhelp.net\/articles\/biological-explanations-of-anxiety-part-ii\/<\/a><\/p>\n<p class=\"section--subtitle\">Sugest\u00f5es de pesquisa<\/p>\n<p>Cottrel, S. (2008) The study skills handbook (3rd edition). New York: Palgrave Macmillan.<\/p>\n<p>Ros\u00e1rio, P., N\u00fa\u00f1ez, J. &amp; Pienda, J. (2006). Comprometer-se com estudar na Universidade: Cartas do Gerv\u00e1sio ao seu umbigo. Coimbra: Edi\u00e7\u00f5es Almedina.<\/p>\n<p>Seco, G., Pereira., A. P., Filipe, L., Alves, S. &amp; Duarte, A. L. (2012) Como ter sucesso no Ensino Superior. Lisboa: Pactor<\/p>\n<\/div>","protected":false},"excerpt":{"rendered":"<p>Caso 11: Organiza\u00e7\u00e3o do espa\u00e7o de trabalho Autores: Lu\u00eds Filipe, Patr\u00edcia Pereira, Sandra Alves e Gra\u00e7a Seco Escola Superior de Educa\u00e7\u00e3o e Ci\u00eancias Sociais, Instituto Polit\u00e9cnico de Leiria Referir este caso: Alves, S., Filipe, L., Pereira, P. &amp; Seco, G. (2018). Organiza\u00e7\u00e3o do espa\u00e7o de trabalho. In R. Cadima, I. Pereira, M. Francisco &amp; S. (&#8230;)<\/p>\n","protected":false},"author":60,"featured_media":0,"parent":0,"menu_order":4,"comment_status":"closed","ping_status":"closed","template":"page-templates\/stories.php","meta":{"footnotes":""},"class_list":["post-102","page","type-page","status-publish","hentry"],"_links":{"self":[{"href":"https:\/\/sites.ipleiria.pt\/15historias\/wp-json\/wp\/v2\/pages\/102","targetHints":{"allow":["GET"]}}],"collection":[{"href":"https:\/\/sites.ipleiria.pt\/15historias\/wp-json\/wp\/v2\/pages"}],"about":[{"href":"https:\/\/sites.ipleiria.pt\/15historias\/wp-json\/wp\/v2\/types\/page"}],"author":[{"embeddable":true,"href":"https:\/\/sites.ipleiria.pt\/15historias\/wp-json\/wp\/v2\/users\/60"}],"replies":[{"embeddable":true,"href":"https:\/\/sites.ipleiria.pt\/15historias\/wp-json\/wp\/v2\/comments?post=102"}],"version-history":[{"count":12,"href":"https:\/\/sites.ipleiria.pt\/15historias\/wp-json\/wp\/v2\/pages\/102\/revisions"}],"predecessor-version":[{"id":685,"href":"https:\/\/sites.ipleiria.pt\/15historias\/wp-json\/wp\/v2\/pages\/102\/revisions\/685"}],"wp:attachment":[{"href":"https:\/\/sites.ipleiria.pt\/15historias\/wp-json\/wp\/v2\/media?parent=102"}],"curies":[{"name":"wp","href":"https:\/\/api.w.org\/{rel}","templated":true}]}}