{"id":12,"date":"2018-10-17T14:17:47","date_gmt":"2018-10-17T13:17:47","guid":{"rendered":"http:\/\/sites.ipleiria.pt\/15historias\/?page_id=12"},"modified":"2019-07-30T15:19:21","modified_gmt":"2019-07-30T14:19:21","slug":"ficha-tecnica","status":"publish","type":"page","link":"https:\/\/sites.ipleiria.pt\/15historias\/ficha-tecnica\/","title":{"rendered":"Ficha T\u00e9cnica"},"content":{"rendered":"\n<section class=\"technical--area\">\n<div class=\"container\">\n<h1 class=\"article-title\">Ficha t\u00e9cnica<\/h2>\n<h2 class=\"article-subtitle\">Geral<\/h2>\n<div class=\"container--gray\">\n<div class=\"row\">\n<div class=\"col-12 col-md-3\">\n<p class=\"section--subtitle\">T\u00edtulo<\/p>\n<p>15 hist\u00f3rias para incluir<\/p>\n<p class=\"section--subtitle\">Autor<\/p>\n<p>V\u00e1rios autores<\/p>\n<p class=\"section--subtitle\">Edi\u00e7\u00e3o<\/p>\n<p>Instituto Polit\u00e9cnico de Leiria<br><a href=\"https:\/\/www.ipleiria.pt\">www.ipleiria.pt<\/a><\/p>\n<\/div>\n<div class=\"col-12 col-md-3\">\n<p class=\"section--subtitle\">Organiza\u00e7\u00e3o<\/p>\n<p>Unidade de Ensino a Dist\u00e2ncia<\/p>\n<p class=\"section--subtitle\">Coordena\u00e7\u00e3o<\/p>\n<p>Rita Cadima<br>Isabel Pereira<br>Manuela Francisco<br>S\u00f3nia Cunha<\/p>\n<\/div>\n<div class=\"col-12 col-md-3\">\n<p class=\"section--subtitle\">Identidade Gr\u00e1fica<\/p>\n<p>Joana Mineiro<\/p>\n<p class=\"section--subtitle\">Revis\u00e3o<\/p>\n<p>S\u00f3nia Pedro<br>Carina Rodrigues<br>Sandro Costa<br>S\u00edlvia Gomes<\/p>\n<\/div>\n<div class=\"col-12 col-md-3\">\n<p class=\"section--subtitle\">ISBN<\/p>\n<p>978-972-8793-87-6<\/p>\n<p class=\"section--subtitle\">Data 1.\u00aa Edi\u00e7\u00e3o<\/p>\n<p>Fevereiro 2019<\/p>\n<p class=\"section--subtitle\">Tipo de Suporte<\/p>\n<p>Eletr\u00f3nico<\/p>\n<\/div>\n<\/div>\n<\/div>\n<\/div>\n<div class=\"container\">\n<div class=\"row\">\n<div class=\"col-12 col-md-4\">\n<h2 class=\"article-subtitle\">Vers\u00e3o HTML acess\u00edvel<\/h2>\n<div class=\"container--gray\">\n<p class=\"section--subtitle\">Coordena\u00e7\u00e3o<\/p>\n<p>Manuela Francisco<\/p>\n<p class=\"section--subtitle\">Grafismo<\/p>\n<p>Joana Mineiro<\/p>\n<p class=\"section--subtitle\">Programa\u00e7\u00e3o<\/p>\n<p>Sandro Costa<\/p>\n<p class=\"section--subtitle\">Valida\u00e7\u00e3o<\/p>\n<p>Norberto Sousa<\/p>\n<\/div>\n<\/div>\n<div class=\"col-12 col-md-4\">\n<h2 class=\"article-subtitle\">Vers\u00e3o \u00c1udio<\/h2>\n<div class=\"container--gray\">\n<p class=\"section--subtitle\">Coordena\u00e7\u00e3o<\/p>\n<p>Catarina Menezes<br>Leonel Brites<\/p>\n<p class=\"section--subtitle\">Produ\u00e7\u00e3o e edi\u00e7\u00e3o<\/p>\n<p>Marta Oliveira<\/p>\n<p class=\"section--subtitle\">Vozes<\/p>\n<p>\u2018Nota Introdut\u00f3ria\u2019: S\u00f3nia Cunha<br>\n\u2018Como est\u00e1 organizado\u2019: Catarina Menezes<br>\n\u2018Para come\u00e7ar\u2019: Miguel Coelho<br>\n\u2018Para reter\u2019: Miguel Coelho<br>\n\u2018Para Debater\u2019: In\u00eas Maia e Marta Oliveira<br>\n\u2018Para Ler\u2019:<br>\nCaso 1 &#8211; Sara Nunes<br>\nCaso 2 &#8211; In\u00eas Conde<br>\nCaso 3 &#8211; In\u00eas Maia<br>\nCaso 4 &#8211; Leonel Brites<br>\nCaso 5 &#8211; Marco Gomes<br>\nCaso 6 &#8211; Catarina Varanda<br>\nCaso 7 &#8211; Tatiana Santa Rosa<br>\nCaso 8 &#8211; Humberto Aguiar<br>\nCaso 9 &#8211; Matheus Dias<br>\nCaso 10 &#8211; Maria Jos\u00e9 Gamboa<br>\nCaso 11 &#8211; Sara J\u00fanior<br>\nCaso 12 &#8211; Diogo Pereira<br>\nCaso 13 &#8211; Andreia Leandro<br>\nCaso 14 &#8211; Catarina Santos<br>\nCaso 15 &#8211; Ana Santos<\/p>\n<\/div>\n<\/div>\n<div class=\"col-12 col-md-4\">\n<h2 class=\"article-subtitle\">Vers\u00e3o Braille<\/h2>\n<div class=\"container--gray\">\n<p class=\"section--subtitle\">Adapta\u00e7\u00e3o<\/p>\n<p>S\u00edlvia Gomes<\/p>\n<\/div>\n<\/div>\n<\/div>\n<\/div>\n<\/section>\n","protected":false},"excerpt":{"rendered":"<p>Ficha t\u00e9cnica Geral T\u00edtulo 15 hist\u00f3rias para incluir Autor V\u00e1rios autores Edi\u00e7\u00e3o Instituto Polit\u00e9cnico de Leiriawww.ipleiria.pt Organiza\u00e7\u00e3o Unidade de Ensino a Dist\u00e2ncia Coordena\u00e7\u00e3o Rita CadimaIsabel PereiraManuela FranciscoS\u00f3nia Cunha Identidade Gr\u00e1fica Joana Mineiro Revis\u00e3o S\u00f3nia PedroCarina RodriguesSandro CostaS\u00edlvia Gomes ISBN 978-972-8793-87-6 Data 1.\u00aa Edi\u00e7\u00e3o Fevereiro 2019 Tipo de Suporte Eletr\u00f3nico Vers\u00e3o HTML acess\u00edvel Coordena\u00e7\u00e3o Manuela Francisco (&#8230;)<\/p>\n","protected":false},"author":60,"featured_media":0,"parent":0,"menu_order":1,"comment_status":"closed","ping_status":"closed","template":"","meta":{"footnotes":""},"class_list":["post-12","page","type-page","status-publish","hentry"],"_links":{"self":[{"href":"https:\/\/sites.ipleiria.pt\/15historias\/wp-json\/wp\/v2\/pages\/12","targetHints":{"allow":["GET"]}}],"collection":[{"href":"https:\/\/sites.ipleiria.pt\/15historias\/wp-json\/wp\/v2\/pages"}],"about":[{"href":"https:\/\/sites.ipleiria.pt\/15historias\/wp-json\/wp\/v2\/types\/page"}],"author":[{"embeddable":true,"href":"https:\/\/sites.ipleiria.pt\/15historias\/wp-json\/wp\/v2\/users\/60"}],"replies":[{"embeddable":true,"href":"https:\/\/sites.ipleiria.pt\/15historias\/wp-json\/wp\/v2\/comments?post=12"}],"version-history":[{"count":10,"href":"https:\/\/sites.ipleiria.pt\/15historias\/wp-json\/wp\/v2\/pages\/12\/revisions"}],"predecessor-version":[{"id":694,"href":"https:\/\/sites.ipleiria.pt\/15historias\/wp-json\/wp\/v2\/pages\/12\/revisions\/694"}],"wp:attachment":[{"href":"https:\/\/sites.ipleiria.pt\/15historias\/wp-json\/wp\/v2\/media?parent=12"}],"curies":[{"name":"wp","href":"https:\/\/api.w.org\/{rel}","templated":true}]}}