{"id":183,"date":"2018-03-09T16:57:11","date_gmt":"2018-03-09T16:57:11","guid":{"rendered":"http:\/\/sites.ipleiria.pt\/1enda2018\/?page_id=183"},"modified":"2018-09-07T17:55:40","modified_gmt":"2018-09-07T17:55:40","slug":"programa","status":"publish","type":"page","link":"https:\/\/sites.ipleiria.pt\/1enda2018\/programa\/","title":{"rendered":"Programa"},"content":{"rendered":"<p>&nbsp;<\/p>\n<p><span style=\"color: #ff0000\"><strong>CONSULTE O LIVRO DE RESUMOS <a href=\"http:\/\/sites.ipleiria.pt\/1enda2018\/files\/2018\/09\/LIVRO-DE-RESUMOS.pdf\" target=\"_blank\" rel=\"noopener\">AQUI<\/a><\/strong>.<\/span><\/p>\n<p>&nbsp;<\/p>\n<p><span style=\"color: #ff0000\"><span style=\"color: #000000\">&#8211;\u00bb <span style=\"text-decoration: underline\"><strong>CONSULTE O PROGRAMA <\/strong><\/span><\/span><strong><a href=\"http:\/\/sites.ipleiria.pt\/1enda2018\/files\/2018\/08\/Programa-ENDA_28.08.2018.pdf\" target=\"_blank\" rel=\"noopener\"><span style=\"text-decoration: underline\">AQUI<\/span><\/a>.\u00a0<\/strong><\/span><\/p>\n<p>O ENDA \u00e9 um encontro de e para investigadores nacionais no dom\u00ednio do Discurso Acad\u00e9mico. Sendo os contributos de todos os investigadores igualmente importantes para a constru\u00e7\u00e3o deste campo cient\u00edfico, o ENDA n\u00e3o ter\u00e1 oradores convidados. Haver\u00e1, em alternativa, uma sess\u00e3o de abertura, uma mesa redonda e um painel de balan\u00e7o.<\/p>\n<p>A <strong>Abertura oficial<\/strong> contar\u00e1 com a presen\u00e7a da Diretora da ESECS,\u00a0 da Coordenadora do CELGA-ILTEC e de um representante da Comiss\u00e3o Organizadora do ENDA.<\/p>\n<p>A <strong>Confer\u00eancia Inaugural<\/strong>\u00a0, intitulada &#8220;<em>Como se faz uma disciplina: mapas de conhecimento e distin\u00e7\u00f5es operacionais sobre o que \u00e9 o discurso acad\u00e9mico enquanto objeto de estudo<\/em>&#8221; ser\u00e1 assegurada por Carlos A. M. Gouveia (CELGA-ILTEC\/UC; FLUL), Investigador Respons\u00e1vel do N\u00facleo Tem\u00e1tico DPDA.<\/p>\n<p>A <strong>Mesa Redonda<\/strong> tem por objetivo debater o presente o futuro da investiga\u00e7\u00e3o sobre \u00a0Discurso Acad\u00e9mico em Portugal. Contar\u00e1 com a presen\u00e7a de:<\/p>\n<ul>\n<li style=\"list-style-type: none\">\n<ul>\n<li>Paulo Nunes da Silva (moderador) (CELGA-ILTEC\/UC; UAberta)<\/li>\n<li>Ana Lu\u00edsa Costa (CLUL; ESE-IPS)<\/li>\n<li>Fausto Caels (CELGA-ILTEC\/UC; ESECS-IPLeiria)<\/li>\n<li>Iris Pereira (UMinho)<\/li>\n<li>Mariana Oliveira Pinto (ESE-IPS)<\/li>\n<li>No\u00e9mia Jorge (FCSH-UNL)<\/li>\n<\/ul>\n<\/li>\n<\/ul>\n<p>O <strong>Painel de Balan\u00e7o<\/strong> tem como objetivo passar em revista os dois dias do encontro, focando os aspetos mais relevantes das v\u00e1rias comunica\u00e7\u00f5es. Participar\u00e3o no painel:<\/p>\n<ul>\n<li>Balan\u00e7o do 1.\u00ba dia: Lu\u00eds Filipe Barbeiro (CELGA-ILTEC\/UC; ESECS-IPLeiria)<\/li>\n<li>Balan\u00e7o do 2.\u00ba dia: Joana Vieira Santos (CELGA-ILTEC; UC)<\/li>\n<\/ul>\n<p>A <strong>Sess\u00e3o de encerramento<\/strong> contar\u00e1 com a presen\u00e7a da Diretora da ESECS e um representante da Comiss\u00e3o Organizadora do ENDA.<\/p>\n<p>&nbsp;<\/p>\n<p>&nbsp;<\/p>\n<p><img loading=\"lazy\" decoding=\"async\" class=\"alignnone wp-image-356 size-large\" src=\"http:\/\/sites.ipleiria.pt\/1enda2018\/files\/2018\/07\/logotipos-site-enda-1-1024x221.jpg\" alt=\"\" width=\"604\" height=\"130\" srcset=\"https:\/\/sites.ipleiria.pt\/1enda2018\/files\/2018\/07\/logotipos-site-enda-1-1024x221.jpg 1024w, https:\/\/sites.ipleiria.pt\/1enda2018\/files\/2018\/07\/logotipos-site-enda-1-300x65.jpg 300w, https:\/\/sites.ipleiria.pt\/1enda2018\/files\/2018\/07\/logotipos-site-enda-1-768x165.jpg 768w, https:\/\/sites.ipleiria.pt\/1enda2018\/files\/2018\/07\/logotipos-site-enda-1.jpg 1657w\" sizes=\"auto, (max-width: 604px) 100vw, 604px\" \/><\/p>\n","protected":false},"excerpt":{"rendered":"<p>&nbsp; CONSULTE O LIVRO DE RESUMOS AQUI. &nbsp; &#8211;\u00bb CONSULTE O PROGRAMA AQUI.\u00a0 O ENDA \u00e9 um encontro de e para investigadores nacionais no dom\u00ednio do Discurso Acad\u00e9mico. Sendo os contributos de todos os investigadores igualmente importantes para a constru\u00e7\u00e3o deste campo cient\u00edfico, o ENDA n\u00e3o ter\u00e1 oradores convidados. Haver\u00e1, em alternativa, uma sess\u00e3o de &hellip; <a href=\"https:\/\/sites.ipleiria.pt\/1enda2018\/programa\/\" class=\"more-link\">Continuar a ler <span class=\"screen-reader-text\">Programa<\/span> <span class=\"meta-nav\">&rarr;<\/span><\/a><\/p>\n","protected":false},"author":3483,"featured_media":0,"parent":0,"menu_order":0,"comment_status":"closed","ping_status":"closed","template":"","meta":{"footnotes":""},"class_list":["post-183","page","type-page","status-publish","hentry"],"_links":{"self":[{"href":"https:\/\/sites.ipleiria.pt\/1enda2018\/wp-json\/wp\/v2\/pages\/183","targetHints":{"allow":["GET"]}}],"collection":[{"href":"https:\/\/sites.ipleiria.pt\/1enda2018\/wp-json\/wp\/v2\/pages"}],"about":[{"href":"https:\/\/sites.ipleiria.pt\/1enda2018\/wp-json\/wp\/v2\/types\/page"}],"author":[{"embeddable":true,"href":"https:\/\/sites.ipleiria.pt\/1enda2018\/wp-json\/wp\/v2\/users\/3483"}],"replies":[{"embeddable":true,"href":"https:\/\/sites.ipleiria.pt\/1enda2018\/wp-json\/wp\/v2\/comments?post=183"}],"version-history":[{"count":32,"href":"https:\/\/sites.ipleiria.pt\/1enda2018\/wp-json\/wp\/v2\/pages\/183\/revisions"}],"predecessor-version":[{"id":398,"href":"https:\/\/sites.ipleiria.pt\/1enda2018\/wp-json\/wp\/v2\/pages\/183\/revisions\/398"}],"wp:attachment":[{"href":"https:\/\/sites.ipleiria.pt\/1enda2018\/wp-json\/wp\/v2\/media?parent=183"}],"curies":[{"name":"wp","href":"https:\/\/api.w.org\/{rel}","templated":true}]}}