{"id":21,"date":"2018-03-07T16:24:02","date_gmt":"2018-03-07T16:24:02","guid":{"rendered":"http:\/\/sites.ipleiria.pt\/1enda2018\/?page_id=21"},"modified":"2018-07-18T09:33:33","modified_gmt":"2018-07-18T09:33:33","slug":"datas-importantes","status":"publish","type":"page","link":"https:\/\/sites.ipleiria.pt\/1enda2018\/datas-importantes\/","title":{"rendered":"Datas importantes"},"content":{"rendered":"<h5><span style=\"font-weight: 400\">SEGUNDA CHAMADA DE TRABALHOS<\/span><\/h5>\n<p><span style=\"font-weight: 400\">Submiss\u00e3o de propostas: <del><strong>15<\/strong>\u00a0<\/del><strong><del>de maio de 2018.<\/del>\u00a0<\/strong><\/span><span style=\"color: #ff0000\"><strong>Novo prazo: at\u00e9 31 de maio de 2018.<\/strong><\/span><\/p>\n<p><span style=\"font-weight: 400\">Divulga\u00e7\u00e3o dos resultados da avalia\u00e7\u00e3o dos resumos: <strong>2 de julho de 2018<\/strong><\/span><\/p>\n<p><span style=\"font-weight: 400\">Primeira fase de inscri\u00e7\u00f5es:<\/span><b> 4 de julho &#8211; 4 de agosto de 2018 &#8211; <\/b><span style=\"font-weight: 400\">valor da inscri\u00e7\u00e3o: 50 euros<\/span><\/p>\n<p><span style=\"font-weight: 400\">Segunda fase de inscri\u00e7\u00f5es:<\/span><b>\u00a05 de agosto &#8211; 2 de setembro de 2018 &#8211; <\/b><span style=\"font-weight: 400\">valor da inscri\u00e7\u00e3o: 65 euros<\/span><\/p>\n<p>&nbsp;<\/p>\n<p>&nbsp;<\/p>\n<hr \/>\n<p><img loading=\"lazy\" decoding=\"async\" class=\"alignnone wp-image-356 size-large\" src=\"http:\/\/sites.ipleiria.pt\/1enda2018\/files\/2018\/07\/logotipos-site-enda-1-1024x221.jpg\" alt=\"\" width=\"604\" height=\"130\" srcset=\"https:\/\/sites.ipleiria.pt\/1enda2018\/files\/2018\/07\/logotipos-site-enda-1-1024x221.jpg 1024w, https:\/\/sites.ipleiria.pt\/1enda2018\/files\/2018\/07\/logotipos-site-enda-1-300x65.jpg 300w, https:\/\/sites.ipleiria.pt\/1enda2018\/files\/2018\/07\/logotipos-site-enda-1-768x165.jpg 768w, https:\/\/sites.ipleiria.pt\/1enda2018\/files\/2018\/07\/logotipos-site-enda-1.jpg 1657w\" sizes=\"auto, (max-width: 604px) 100vw, 604px\" \/><\/p>\n","protected":false},"excerpt":{"rendered":"<p>SEGUNDA CHAMADA DE TRABALHOS Submiss\u00e3o de propostas: 15\u00a0de maio de 2018.\u00a0Novo prazo: at\u00e9 31 de maio de 2018. Divulga\u00e7\u00e3o dos resultados da avalia\u00e7\u00e3o dos resumos: 2 de julho de 2018 Primeira fase de inscri\u00e7\u00f5es: 4 de julho &#8211; 4 de agosto de 2018 &#8211; valor da inscri\u00e7\u00e3o: 50 euros Segunda fase de inscri\u00e7\u00f5es:\u00a05 de agosto &hellip; <a href=\"https:\/\/sites.ipleiria.pt\/1enda2018\/datas-importantes\/\" class=\"more-link\">Continuar a ler <span class=\"screen-reader-text\">Datas importantes<\/span> <span class=\"meta-nav\">&rarr;<\/span><\/a><\/p>\n","protected":false},"author":3483,"featured_media":0,"parent":0,"menu_order":0,"comment_status":"closed","ping_status":"closed","template":"","meta":{"footnotes":""},"class_list":["post-21","page","type-page","status-publish","hentry"],"_links":{"self":[{"href":"https:\/\/sites.ipleiria.pt\/1enda2018\/wp-json\/wp\/v2\/pages\/21","targetHints":{"allow":["GET"]}}],"collection":[{"href":"https:\/\/sites.ipleiria.pt\/1enda2018\/wp-json\/wp\/v2\/pages"}],"about":[{"href":"https:\/\/sites.ipleiria.pt\/1enda2018\/wp-json\/wp\/v2\/types\/page"}],"author":[{"embeddable":true,"href":"https:\/\/sites.ipleiria.pt\/1enda2018\/wp-json\/wp\/v2\/users\/3483"}],"replies":[{"embeddable":true,"href":"https:\/\/sites.ipleiria.pt\/1enda2018\/wp-json\/wp\/v2\/comments?post=21"}],"version-history":[{"count":14,"href":"https:\/\/sites.ipleiria.pt\/1enda2018\/wp-json\/wp\/v2\/pages\/21\/revisions"}],"predecessor-version":[{"id":362,"href":"https:\/\/sites.ipleiria.pt\/1enda2018\/wp-json\/wp\/v2\/pages\/21\/revisions\/362"}],"wp:attachment":[{"href":"https:\/\/sites.ipleiria.pt\/1enda2018\/wp-json\/wp\/v2\/media?parent=21"}],"curies":[{"name":"wp","href":"https:\/\/api.w.org\/{rel}","templated":true}]}}