{"id":233,"date":"2018-03-21T17:15:29","date_gmt":"2018-03-21T17:15:29","guid":{"rendered":"http:\/\/sites.ipleiria.pt\/1enda2018\/?page_id=233"},"modified":"2018-07-18T09:35:57","modified_gmt":"2018-07-18T09:35:57","slug":"inscricoes","status":"publish","type":"page","link":"https:\/\/sites.ipleiria.pt\/1enda2018\/inscricoes\/","title":{"rendered":"Inscri\u00e7\u00f5es"},"content":{"rendered":"<p>Formul\u00e1rio de inscri\u00e7\u00e3o <a href=\"http:\/\/www.eventos.ipleiria.pt\/portal\/eventos?p_id=24339\">aqui<\/a>.<\/p>\n<p>&nbsp;<\/p>\n<p>Valores da inscri\u00e7\u00e3o:<\/p>\n<p><img loading=\"lazy\" decoding=\"async\" class=\"alignnone wp-image-349 size-full\" src=\"http:\/\/sites.ipleiria.pt\/1enda2018\/files\/2018\/07\/Capturar-1.png\" alt=\"\" width=\"949\" height=\"152\" srcset=\"https:\/\/sites.ipleiria.pt\/1enda2018\/files\/2018\/07\/Capturar-1.png 949w, https:\/\/sites.ipleiria.pt\/1enda2018\/files\/2018\/07\/Capturar-1-300x48.png 300w, https:\/\/sites.ipleiria.pt\/1enda2018\/files\/2018\/07\/Capturar-1-768x123.png 768w\" sizes=\"auto, (max-width: 949px) 100vw, 949px\" \/><\/p>\n<p>Outras informa\u00e7\u00f5es:<\/p>\n<ul>\n<li>\u00c9 requisito para admiss\u00e3o do trabalho que o seu autor ou um dos coautores esteja inscrito no encontro.<\/li>\n<li>Ser\u00e1 exigida a presen\u00e7a de, no m\u00ednimo, um dos autores do trabalho para a sua apresenta\u00e7\u00e3o.<\/li>\n<li>S\u00f3 ser\u00e3o emitidos certificados a participantes com\u00a0 inscri\u00e7\u00e3o regularizada.<\/li>\n<\/ul>\n<p>&nbsp;<\/p>\n<p>&nbsp;<\/p>\n<p><img loading=\"lazy\" decoding=\"async\" class=\"alignnone wp-image-356 size-large\" src=\"http:\/\/sites.ipleiria.pt\/1enda2018\/files\/2018\/07\/logotipos-site-enda-1-1024x221.jpg\" alt=\"\" width=\"604\" height=\"130\" srcset=\"https:\/\/sites.ipleiria.pt\/1enda2018\/files\/2018\/07\/logotipos-site-enda-1-1024x221.jpg 1024w, https:\/\/sites.ipleiria.pt\/1enda2018\/files\/2018\/07\/logotipos-site-enda-1-300x65.jpg 300w, https:\/\/sites.ipleiria.pt\/1enda2018\/files\/2018\/07\/logotipos-site-enda-1-768x165.jpg 768w, https:\/\/sites.ipleiria.pt\/1enda2018\/files\/2018\/07\/logotipos-site-enda-1.jpg 1657w\" sizes=\"auto, (max-width: 604px) 100vw, 604px\" \/><\/p>\n","protected":false},"excerpt":{"rendered":"<p>Formul\u00e1rio de inscri\u00e7\u00e3o aqui. &nbsp; Valores da inscri\u00e7\u00e3o: Outras informa\u00e7\u00f5es: \u00c9 requisito para admiss\u00e3o do trabalho que o seu autor ou um dos coautores esteja inscrito no encontro. Ser\u00e1 exigida a presen\u00e7a de, no m\u00ednimo, um dos autores do trabalho para a sua apresenta\u00e7\u00e3o. S\u00f3 ser\u00e3o emitidos certificados a participantes com\u00a0 inscri\u00e7\u00e3o regularizada. &nbsp; &nbsp;<\/p>\n","protected":false},"author":3483,"featured_media":0,"parent":0,"menu_order":0,"comment_status":"closed","ping_status":"closed","template":"","meta":{"footnotes":""},"class_list":["post-233","page","type-page","status-publish","hentry"],"_links":{"self":[{"href":"https:\/\/sites.ipleiria.pt\/1enda2018\/wp-json\/wp\/v2\/pages\/233","targetHints":{"allow":["GET"]}}],"collection":[{"href":"https:\/\/sites.ipleiria.pt\/1enda2018\/wp-json\/wp\/v2\/pages"}],"about":[{"href":"https:\/\/sites.ipleiria.pt\/1enda2018\/wp-json\/wp\/v2\/types\/page"}],"author":[{"embeddable":true,"href":"https:\/\/sites.ipleiria.pt\/1enda2018\/wp-json\/wp\/v2\/users\/3483"}],"replies":[{"embeddable":true,"href":"https:\/\/sites.ipleiria.pt\/1enda2018\/wp-json\/wp\/v2\/comments?post=233"}],"version-history":[{"count":13,"href":"https:\/\/sites.ipleiria.pt\/1enda2018\/wp-json\/wp\/v2\/pages\/233\/revisions"}],"predecessor-version":[{"id":364,"href":"https:\/\/sites.ipleiria.pt\/1enda2018\/wp-json\/wp\/v2\/pages\/233\/revisions\/364"}],"wp:attachment":[{"href":"https:\/\/sites.ipleiria.pt\/1enda2018\/wp-json\/wp\/v2\/media?parent=233"}],"curies":[{"name":"wp","href":"https:\/\/api.w.org\/{rel}","templated":true}]}}