{"id":25,"date":"2018-03-07T16:24:26","date_gmt":"2018-03-07T16:24:26","guid":{"rendered":"http:\/\/sites.ipleiria.pt\/1enda2018\/?page_id=25"},"modified":"2018-07-18T09:36:50","modified_gmt":"2018-07-18T09:36:50","slug":"contactos","status":"publish","type":"page","link":"https:\/\/sites.ipleiria.pt\/1enda2018\/contactos\/","title":{"rendered":"Contactos"},"content":{"rendered":"<p><span style=\"font-weight: 400\">Quaisquer quest\u00f5es relativas \u00e0 submiss\u00e3o de propostas ou pedidos de informa\u00e7\u00e3o sobre o Encontro dever\u00e3o ser remetidos para o endere\u00e7o: <\/span><strong>enda2018.org@gmail.com<\/strong>.<\/p>\n<p><span style=\"font-weight: 400\">O Encontro ter\u00e1 lugar na <a href=\"https:\/\/www.ipleiria.pt\/esecs\/\" target=\"_blank\" rel=\"noopener\">Escola Superior de Educa\u00e7\u00e3o e Ci\u00eancias Sociais do Instituto Polit\u00e9cnico de Leiria<\/a>, em Leiria, Portugal.<\/span><\/p>\n<p><img loading=\"lazy\" decoding=\"async\" class=\"alignnone size-medium wp-image-299\" src=\"http:\/\/sites.ipleiria.pt\/1enda2018\/files\/2018\/05\/Foto_ESEL_4-300x197.jpg\" alt=\"\" width=\"300\" height=\"197\" srcset=\"https:\/\/sites.ipleiria.pt\/1enda2018\/files\/2018\/05\/Foto_ESEL_4-300x197.jpg 300w, https:\/\/sites.ipleiria.pt\/1enda2018\/files\/2018\/05\/Foto_ESEL_4.jpg 500w\" sizes=\"auto, (max-width: 300px) 100vw, 300px\" \/><\/p>\n<p>&nbsp;<\/p>\n<p><strong>Morada:<\/strong> Campus 1 Rua Dr. Jo\u00e3o Soares Apt 4045, 2411-901 Leiria.<\/p>\n<p><a href=\"https:\/\/www.google.pt\/maps\/place\/Polit%C3%A9cnico+de+Leiria+%7C+ESECS+-+Escola+Superior+de+Educa%C3%A7%C3%A3o+e+Ci%C3%AAncias+Sociais\/@39.7403992,-8.8122994,569m\/data=!3m1!1e3!4m5!3m4!1s0xd227368623fdacd:0xdec23e871edb415f!8m2!3d39.739764!4d-8.811366\" target=\"_blank\" rel=\"noopener\"><img loading=\"lazy\" decoding=\"async\" class=\"alignnone wp-image-311 size-full\" src=\"http:\/\/sites.ipleiria.pt\/1enda2018\/files\/2018\/05\/Capturar.png\" alt=\"\" width=\"711\" height=\"523\" srcset=\"https:\/\/sites.ipleiria.pt\/1enda2018\/files\/2018\/05\/Capturar.png 711w, https:\/\/sites.ipleiria.pt\/1enda2018\/files\/2018\/05\/Capturar-300x221.png 300w\" sizes=\"auto, (max-width: 711px) 100vw, 711px\" \/><\/a><\/p>\n<p>&nbsp;<\/p>\n<p>&nbsp;<\/p>\n<p>&nbsp;<\/p>\n<p>&nbsp;<\/p>\n<hr \/>\n<p><img loading=\"lazy\" decoding=\"async\" class=\"alignnone wp-image-356 size-large\" src=\"http:\/\/sites.ipleiria.pt\/1enda2018\/files\/2018\/07\/logotipos-site-enda-1-1024x221.jpg\" alt=\"\" width=\"604\" height=\"130\" srcset=\"https:\/\/sites.ipleiria.pt\/1enda2018\/files\/2018\/07\/logotipos-site-enda-1-1024x221.jpg 1024w, https:\/\/sites.ipleiria.pt\/1enda2018\/files\/2018\/07\/logotipos-site-enda-1-300x65.jpg 300w, https:\/\/sites.ipleiria.pt\/1enda2018\/files\/2018\/07\/logotipos-site-enda-1-768x165.jpg 768w, https:\/\/sites.ipleiria.pt\/1enda2018\/files\/2018\/07\/logotipos-site-enda-1.jpg 1657w\" sizes=\"auto, (max-width: 604px) 100vw, 604px\" \/><\/p>\n","protected":false},"excerpt":{"rendered":"<p>Quaisquer quest\u00f5es relativas \u00e0 submiss\u00e3o de propostas ou pedidos de informa\u00e7\u00e3o sobre o Encontro dever\u00e3o ser remetidos para o endere\u00e7o: enda2018.org@gmail.com. O Encontro ter\u00e1 lugar na Escola Superior de Educa\u00e7\u00e3o e Ci\u00eancias Sociais do Instituto Polit\u00e9cnico de Leiria, em Leiria, Portugal. &nbsp; Morada: Campus 1 Rua Dr. Jo\u00e3o Soares Apt 4045, 2411-901 Leiria. &nbsp; &nbsp; &hellip; <a href=\"https:\/\/sites.ipleiria.pt\/1enda2018\/contactos\/\" class=\"more-link\">Continuar a ler <span class=\"screen-reader-text\">Contactos<\/span> <span class=\"meta-nav\">&rarr;<\/span><\/a><\/p>\n","protected":false},"author":3483,"featured_media":0,"parent":0,"menu_order":0,"comment_status":"closed","ping_status":"closed","template":"","meta":{"footnotes":""},"class_list":["post-25","page","type-page","status-publish","hentry"],"_links":{"self":[{"href":"https:\/\/sites.ipleiria.pt\/1enda2018\/wp-json\/wp\/v2\/pages\/25","targetHints":{"allow":["GET"]}}],"collection":[{"href":"https:\/\/sites.ipleiria.pt\/1enda2018\/wp-json\/wp\/v2\/pages"}],"about":[{"href":"https:\/\/sites.ipleiria.pt\/1enda2018\/wp-json\/wp\/v2\/types\/page"}],"author":[{"embeddable":true,"href":"https:\/\/sites.ipleiria.pt\/1enda2018\/wp-json\/wp\/v2\/users\/3483"}],"replies":[{"embeddable":true,"href":"https:\/\/sites.ipleiria.pt\/1enda2018\/wp-json\/wp\/v2\/comments?post=25"}],"version-history":[{"count":11,"href":"https:\/\/sites.ipleiria.pt\/1enda2018\/wp-json\/wp\/v2\/pages\/25\/revisions"}],"predecessor-version":[{"id":365,"href":"https:\/\/sites.ipleiria.pt\/1enda2018\/wp-json\/wp\/v2\/pages\/25\/revisions\/365"}],"wp:attachment":[{"href":"https:\/\/sites.ipleiria.pt\/1enda2018\/wp-json\/wp\/v2\/media?parent=25"}],"curies":[{"name":"wp","href":"https:\/\/api.w.org\/{rel}","templated":true}]}}