{"id":273,"date":"2018-05-08T09:37:29","date_gmt":"2018-05-08T09:37:29","guid":{"rendered":"http:\/\/sites.ipleiria.pt\/1enda2018\/?page_id=273"},"modified":"2018-07-18T09:31:37","modified_gmt":"2018-07-18T09:31:37","slug":"comissao-organizadora","status":"publish","type":"page","link":"https:\/\/sites.ipleiria.pt\/1enda2018\/comissao-organizadora\/","title":{"rendered":"Comiss\u00e3o Organizadora"},"content":{"rendered":"<p>O Encontro Nacional sobre Discurso Acad\u00e9mico \u00e9 organizado pelo N\u00facleo Tem\u00e1tico\u00a0<em>Discursos e Pr\u00e1ticas Discursivas Acad\u00e9micas \u2013 DPDA<\/em>, do\u00a0<a href=\"http:\/\/celga.iltec.pt\/\">CELGA-ILTEC<\/a>\u00a0(Centro de Estudos de Lingu\u00edstica Geral e Aplicada) da Universidade de Coimbra,\u00a0em parceria com a Escola Superior de Educa\u00e7\u00e3o e de Ci\u00eancias Sociais do Instituto Polit\u00e9cnico de Leiria.<\/p>\n<p><strong>Comiss\u00e3o Executiva:<\/strong><\/p>\n<table>\n<tbody>\n<tr>\n<td width=\"288\">\n<ul>\n<li>\u00c2ngela Quaresma<\/li>\n<li>Fausto Caels<\/li>\n<li>Lu\u00eds Filipe Barbeiro<\/li>\n<li>Mafalda Mendes<\/li>\n<li>Marta Filipe Alexandre<\/li>\n<li>Tanara\u00a0Zingano Kuhn<\/li>\n<\/ul>\n<\/td>\n<\/tr>\n<\/tbody>\n<\/table>\n<p><strong>Apoio t\u00e9cnico da ESECS-IPL:<\/strong><\/p>\n<table style=\"height: 95px\" width=\"416\">\n<tbody>\n<tr>\n<td width=\"576\">\n<ul>\n<li>Gabinete de Rela\u00e7\u00f5es P\u00fablicas e Coopera\u00e7\u00e3o Internacional<\/li>\n<li>Centro de Recursos de Multim\u00e9dia<\/li>\n<li>Centro de Recursos Audiovisuais<\/li>\n<li>Servi\u00e7os Inform\u00e1ticos<\/li>\n<\/ul>\n<\/td>\n<\/tr>\n<\/tbody>\n<\/table>\n<p><strong>Investigadores do N\u00facleo Tem\u00e1tico DPDA:<\/strong><\/p>\n<table>\n<tbody>\n<tr>\n<td width=\"288\">\n<ul>\n<li>Alzira Tavares<\/li>\n<li>\u00c2ngela Quaresma<\/li>\n<li>Carla da Cunha Marques<\/li>\n<li>Carlos A. M. Gouveia<\/li>\n<li>Fausto Caels<\/li>\n<li>Fernanda Botelho<\/li>\n<li>Joana Vieira dos Santos<\/li>\n<\/ul>\n<\/td>\n<td width=\"288\">\n<ul>\n<li>Lu\u00eds Filipe Barbeiro<\/li>\n<li>Mafalda Mendes<\/li>\n<li>Marta Filipe Alexandre<\/li>\n<li>Marta Sitoe<\/li>\n<li>Osvaldo Faquir<\/li>\n<li>Paulo Nunes da Silva<\/li>\n<li>Tanara Zingano Kuhn<\/li>\n<\/ul>\n<\/td>\n<\/tr>\n<\/tbody>\n<\/table>\n<p>&nbsp;<\/p>\n<p><img loading=\"lazy\" decoding=\"async\" class=\"alignnone wp-image-356 size-large\" src=\"http:\/\/sites.ipleiria.pt\/1enda2018\/files\/2018\/07\/logotipos-site-enda-1-1024x221.jpg\" alt=\"\" width=\"604\" height=\"130\" srcset=\"https:\/\/sites.ipleiria.pt\/1enda2018\/files\/2018\/07\/logotipos-site-enda-1-1024x221.jpg 1024w, https:\/\/sites.ipleiria.pt\/1enda2018\/files\/2018\/07\/logotipos-site-enda-1-300x65.jpg 300w, https:\/\/sites.ipleiria.pt\/1enda2018\/files\/2018\/07\/logotipos-site-enda-1-768x165.jpg 768w, https:\/\/sites.ipleiria.pt\/1enda2018\/files\/2018\/07\/logotipos-site-enda-1.jpg 1657w\" sizes=\"auto, (max-width: 604px) 100vw, 604px\" \/><\/p>\n","protected":false},"excerpt":{"rendered":"<p>O Encontro Nacional sobre Discurso Acad\u00e9mico \u00e9 organizado pelo N\u00facleo Tem\u00e1tico\u00a0Discursos e Pr\u00e1ticas Discursivas Acad\u00e9micas \u2013 DPDA, do\u00a0CELGA-ILTEC\u00a0(Centro de Estudos de Lingu\u00edstica Geral e Aplicada) da Universidade de Coimbra,\u00a0em parceria com a Escola Superior de Educa\u00e7\u00e3o e de Ci\u00eancias Sociais do Instituto Polit\u00e9cnico de Leiria. Comiss\u00e3o Executiva: \u00c2ngela Quaresma Fausto Caels Lu\u00eds Filipe Barbeiro Mafalda &hellip; <a href=\"https:\/\/sites.ipleiria.pt\/1enda2018\/comissao-organizadora\/\" class=\"more-link\">Continuar a ler <span class=\"screen-reader-text\">Comiss\u00e3o Organizadora<\/span> <span class=\"meta-nav\">&rarr;<\/span><\/a><\/p>\n","protected":false},"author":3483,"featured_media":0,"parent":0,"menu_order":0,"comment_status":"closed","ping_status":"closed","template":"","meta":{"footnotes":""},"class_list":["post-273","page","type-page","status-publish","hentry"],"_links":{"self":[{"href":"https:\/\/sites.ipleiria.pt\/1enda2018\/wp-json\/wp\/v2\/pages\/273","targetHints":{"allow":["GET"]}}],"collection":[{"href":"https:\/\/sites.ipleiria.pt\/1enda2018\/wp-json\/wp\/v2\/pages"}],"about":[{"href":"https:\/\/sites.ipleiria.pt\/1enda2018\/wp-json\/wp\/v2\/types\/page"}],"author":[{"embeddable":true,"href":"https:\/\/sites.ipleiria.pt\/1enda2018\/wp-json\/wp\/v2\/users\/3483"}],"replies":[{"embeddable":true,"href":"https:\/\/sites.ipleiria.pt\/1enda2018\/wp-json\/wp\/v2\/comments?post=273"}],"version-history":[{"count":16,"href":"https:\/\/sites.ipleiria.pt\/1enda2018\/wp-json\/wp\/v2\/pages\/273\/revisions"}],"predecessor-version":[{"id":359,"href":"https:\/\/sites.ipleiria.pt\/1enda2018\/wp-json\/wp\/v2\/pages\/273\/revisions\/359"}],"wp:attachment":[{"href":"https:\/\/sites.ipleiria.pt\/1enda2018\/wp-json\/wp\/v2\/media?parent=273"}],"curies":[{"name":"wp","href":"https:\/\/api.w.org\/{rel}","templated":true}]}}