{"id":5,"date":"2018-03-07T16:16:47","date_gmt":"2018-03-07T16:16:47","guid":{"rendered":"http:\/\/sites.ipleiria.pt\/1enda2018\/?page_id=5"},"modified":"2020-01-20T11:40:57","modified_gmt":"2020-01-20T11:40:57","slug":"apresentacao","status":"publish","type":"page","link":"https:\/\/sites.ipleiria.pt\/1enda2018\/","title":{"rendered":"Apresenta\u00e7\u00e3o"},"content":{"rendered":"<h4><a href=\"http:\/\/sites.ipleiria.pt\/1enda2018\/files\/2020\/01\/Discurso-Acad\u00e9mico_ENDA1.pdf\" target=\"_blank\" rel=\"noopener noreferrer\"><span style=\"color: #ed2f2f\"><img loading=\"lazy\" decoding=\"async\" class=\"wp-image-412 alignleft\" src=\"http:\/\/sites.ipleiria.pt\/1enda2018\/files\/2020\/01\/Captura-de-ecr\u00e3-2020-01-18-\u00e0s-12.07.17-199x300.png\" alt=\"\" width=\"159\" height=\"239\" srcset=\"https:\/\/sites.ipleiria.pt\/1enda2018\/files\/2020\/01\/Captura-de-ecr\u00e3-2020-01-18-\u00e0s-12.07.17-199x300.png 199w, https:\/\/sites.ipleiria.pt\/1enda2018\/files\/2020\/01\/Captura-de-ecr\u00e3-2020-01-18-\u00e0s-12.07.17.png 516w\" sizes=\"auto, (max-width: 159px) 100vw, 159px\" \/>DISCURSO ACAD\u00c9MICO: UMA \u00c1REA DISCIPLINAR EM CONSTRU\u00c7\u00c3O<\/span><\/a><\/h4>\n<p><span class=\"fontstyle0\">A presente obra &#8220;<\/span><span class=\"fontstyle2\">Discurso Acad\u00e9mico: Uma \u00e1rea disciplinar em<br \/>\nconstru\u00e7\u00e3o&#8221; <\/span><span class=\"fontstyle0\">integra artigos selecionados do I Encontro Nacional sobre Discurso Acad\u00e9mico (ENDA <\/span><span class=\"fontstyle0\">1<\/span><span class=\"fontstyle0\">), realizado em 2018 na Escola<br \/>\nSuperior de Educa\u00e7\u00e3o e Ci\u00eancias Sociais do Instituto Polit\u00e9cnico de<br \/>\nLeiria.<\/span><\/p>\n<p><span style=\"color: #ffffff\">.<\/span><\/p>\n<hr \/>\n<h4 style=\"text-align: center\"><span style=\"font-weight: 400\">Encontro Nacional sobre Discurso Acad\u00e9mico:<\/span><\/h4>\n<h4 style=\"text-align: center\"><span style=\"font-weight: 400\">Ponto de situa\u00e7\u00e3o da investiga\u00e7\u00e3o<\/span><\/h4>\n<h6 style=\"text-align: center\"><span style=\"font-weight: 400\">Escola Superior de Educa\u00e7\u00e3o e Ci\u00eancias Sociais, Instituto Polit\u00e9cnico de Leiria<\/span><\/h6>\n<h6 style=\"text-align: center\"><span style=\"font-weight: 400\">7 e 8 de setembro de 2018<\/span><\/h6>\n<p><span style=\"font-weight: 400\">O <\/span><b>Encontro Nacional sobre Discurso Acad\u00e9mico<\/b><span style=\"font-weight: 400\"> tem como objetivo estabelecer rela\u00e7\u00f5es de sinergia e de di\u00e1logo entre o N\u00facleo Tem\u00e1tico\u00a0<\/span><i><span style=\"font-weight: 400\">Discursos e Pr\u00e1ticas Discursivas Acad\u00e9micas<\/span><\/i><span style=\"font-weight: 400\">, do <a href=\"http:\/\/celga.iltec.pt\/pt\/news.html\" target=\"_blank\" rel=\"noopener noreferrer\">CELGA-ILTEC<\/a> (Centro de Estudos de Lingu\u00edstica Geral e Aplicada-Instituto de Lingu\u00edstica Te\u00f3rica e Computacional), da Universidade de Coimbra, e outros n\u00facleos de investigadores, de diferentes quadros te\u00f3ricos e institui\u00e7\u00f5es, que atualmente desenvolvem trabalho no dom\u00ednio espec\u00edfico do discurso acad\u00e9mico em Portugal. <\/span><\/p>\n<p><span style=\"font-weight: 400\">Por discurso acad\u00e9mico, entende-se todas as pr\u00e1ticas discursivas em contexto educativo que visam o desenvolvimento da literacia, independentemente das modalidades de express\u00e3o, dos n\u00edveis e das \u00e1reas de ensino. <\/span><\/p>\n<p><span style=\"font-weight: 400\">Esperam-se contributos de investigadores e grupos de investiga\u00e7\u00e3o que, centrando-se no uso do portugu\u00eas ou de outros idiomas como l\u00ednguas de escolariza\u00e7\u00e3o e conhecimento, abordem, entre outros, os seguintes aspetos:<\/span><\/p>\n<ul>\n<li style=\"font-weight: 400\"><span style=\"font-weight: 400\">ensino e aprendizagem, <\/span><\/li>\n<li style=\"font-weight: 400\"><span style=\"font-weight: 400\">escrita e leitura,<\/span><\/li>\n<li style=\"font-weight: 400\"><span style=\"font-weight: 400\">produ\u00e7\u00e3o, compreens\u00e3o e intera\u00e7\u00e3o oral,<\/span><\/li>\n<li style=\"font-weight: 400\"><span style=\"font-weight: 400\">processos de significa\u00e7\u00e3o mono e multimodal,<\/span><\/li>\n<li style=\"font-weight: 400\"><span style=\"font-weight: 400\">g\u00e9neros e tipologias textuais,<\/span><\/li>\n<li style=\"font-weight: 400\"><span style=\"font-weight: 400\">avalia\u00e7\u00e3o,<\/span><\/li>\n<li style=\"font-weight: 400\"><span style=\"font-weight: 400\">desenvolvimento\/ontogenia da escrita.<\/span><\/li>\n<\/ul>\n<p><span style=\"font-weight: 400\">Com este encontro, pretende-se, por um lado, realizar um primeiro mapeamento da investiga\u00e7\u00e3o que est\u00e1 a ser desenvolvida neste dom\u00ednio no contexto nacional e, por outro, iniciar o processo de cria\u00e7\u00e3o de uma rede de conhecimento dedicada \u00e0s quest\u00f5es do discurso acad\u00e9mico em Portugal.<\/span><\/p>\n<hr \/>\n<p><img loading=\"lazy\" decoding=\"async\" class=\"alignnone wp-image-356 size-large\" src=\"http:\/\/sites.ipleiria.pt\/1enda2018\/files\/2018\/07\/logotipos-site-enda-1-1024x221.jpg\" alt=\"\" width=\"604\" height=\"130\" srcset=\"https:\/\/sites.ipleiria.pt\/1enda2018\/files\/2018\/07\/logotipos-site-enda-1-1024x221.jpg 1024w, https:\/\/sites.ipleiria.pt\/1enda2018\/files\/2018\/07\/logotipos-site-enda-1-300x65.jpg 300w, https:\/\/sites.ipleiria.pt\/1enda2018\/files\/2018\/07\/logotipos-site-enda-1-768x165.jpg 768w, https:\/\/sites.ipleiria.pt\/1enda2018\/files\/2018\/07\/logotipos-site-enda-1.jpg 1657w\" sizes=\"auto, (max-width: 604px) 100vw, 604px\" \/><\/p>\n","protected":false},"excerpt":{"rendered":"<p>DISCURSO ACAD\u00c9MICO: UMA \u00c1REA DISCIPLINAR EM CONSTRU\u00c7\u00c3O A presente obra &#8220;Discurso Acad\u00e9mico: Uma \u00e1rea disciplinar em constru\u00e7\u00e3o&#8221; integra artigos selecionados do I Encontro Nacional sobre Discurso Acad\u00e9mico (ENDA 1), realizado em 2018 na Escola Superior de Educa\u00e7\u00e3o e Ci\u00eancias Sociais do Instituto Polit\u00e9cnico de Leiria. . Encontro Nacional sobre Discurso Acad\u00e9mico: Ponto de situa\u00e7\u00e3o da &hellip; <a href=\"https:\/\/sites.ipleiria.pt\/1enda2018\/\" class=\"more-link\">Continuar a ler <span class=\"screen-reader-text\">Apresenta\u00e7\u00e3o<\/span> <span class=\"meta-nav\">&rarr;<\/span><\/a><\/p>\n","protected":false},"author":3483,"featured_media":0,"parent":0,"menu_order":0,"comment_status":"closed","ping_status":"closed","template":"","meta":{"footnotes":""},"class_list":["post-5","page","type-page","status-publish","hentry"],"_links":{"self":[{"href":"https:\/\/sites.ipleiria.pt\/1enda2018\/wp-json\/wp\/v2\/pages\/5","targetHints":{"allow":["GET"]}}],"collection":[{"href":"https:\/\/sites.ipleiria.pt\/1enda2018\/wp-json\/wp\/v2\/pages"}],"about":[{"href":"https:\/\/sites.ipleiria.pt\/1enda2018\/wp-json\/wp\/v2\/types\/page"}],"author":[{"embeddable":true,"href":"https:\/\/sites.ipleiria.pt\/1enda2018\/wp-json\/wp\/v2\/users\/3483"}],"replies":[{"embeddable":true,"href":"https:\/\/sites.ipleiria.pt\/1enda2018\/wp-json\/wp\/v2\/comments?post=5"}],"version-history":[{"count":22,"href":"https:\/\/sites.ipleiria.pt\/1enda2018\/wp-json\/wp\/v2\/pages\/5\/revisions"}],"predecessor-version":[{"id":414,"href":"https:\/\/sites.ipleiria.pt\/1enda2018\/wp-json\/wp\/v2\/pages\/5\/revisions\/414"}],"wp:attachment":[{"href":"https:\/\/sites.ipleiria.pt\/1enda2018\/wp-json\/wp\/v2\/media?parent=5"}],"curies":[{"name":"wp","href":"https:\/\/api.w.org\/{rel}","templated":true}]}}