{"id":7,"date":"2018-03-07T16:17:04","date_gmt":"2018-03-07T16:17:04","guid":{"rendered":"http:\/\/sites.ipleiria.pt\/1enda2018\/?page_id=7"},"modified":"2018-07-18T09:32:53","modified_gmt":"2018-07-18T09:32:53","slug":"submissao-de-propostas","status":"publish","type":"page","link":"https:\/\/sites.ipleiria.pt\/1enda2018\/submissao-de-propostas\/","title":{"rendered":"Submiss\u00e3o de propostas"},"content":{"rendered":"<p><span style=\"font-weight: 400\">As propostas de comunica\u00e7\u00e3o devem ser submetidas sob a forma de resumos, dando conta de objetivos, quadro te\u00f3rico, metodologia e resultados alcan\u00e7ados ou esperados. Os resumos devem ter entre 400 e 600 palavras (incluindo as refer\u00eancias bibliogr\u00e1ficas) e estar enquadrados por tr\u00eas a cinco palavras-chave. <\/span><\/p>\n<p><span style=\"font-weight: 400\">As comunica\u00e7\u00f5es ter\u00e3o a dura\u00e7\u00e3o de 20 minutos, seguidos de 10 minutos de debate.<\/span><\/p>\n<p><span style=\"font-weight: 400\">Ser\u00e1 dada prefer\u00eancia a propostas que apresentem pesquisa desenvolvida por um grupo de investiga\u00e7\u00e3o, ou a t\u00edtulo individual, desde que inserida numa linha de trabalho coletiva. <\/span><\/p>\n<p><span style=\"font-weight: 400\">A submiss\u00e3o dever\u00e1 ser feita atrav\u00e9s da plataforma <a href=\"https:\/\/easychair.org\/conferences\/?conf=2018enda\" target=\"_blank\" rel=\"noopener\">EasyChair<\/a> at\u00e9 ao <\/span><span style=\"font-weight: 400\">dia <del>15 de maio de 2018<\/del><\/span><span style=\"font-weight: 400\">. <span style=\"color: #ff0000\">Novo prazo: 31 de maio de 2018.<\/span><\/span><\/p>\n<hr \/>\n<p><img loading=\"lazy\" decoding=\"async\" class=\"alignnone wp-image-356 size-large\" src=\"http:\/\/sites.ipleiria.pt\/1enda2018\/files\/2018\/07\/logotipos-site-enda-1-1024x221.jpg\" alt=\"\" width=\"604\" height=\"130\" srcset=\"https:\/\/sites.ipleiria.pt\/1enda2018\/files\/2018\/07\/logotipos-site-enda-1-1024x221.jpg 1024w, https:\/\/sites.ipleiria.pt\/1enda2018\/files\/2018\/07\/logotipos-site-enda-1-300x65.jpg 300w, https:\/\/sites.ipleiria.pt\/1enda2018\/files\/2018\/07\/logotipos-site-enda-1-768x165.jpg 768w, https:\/\/sites.ipleiria.pt\/1enda2018\/files\/2018\/07\/logotipos-site-enda-1.jpg 1657w\" sizes=\"auto, (max-width: 604px) 100vw, 604px\" \/><\/p>\n<p>&nbsp;<\/p>\n<p>&nbsp;<\/p>\n<p>&nbsp;<\/p>\n","protected":false},"excerpt":{"rendered":"<p>As propostas de comunica\u00e7\u00e3o devem ser submetidas sob a forma de resumos, dando conta de objetivos, quadro te\u00f3rico, metodologia e resultados alcan\u00e7ados ou esperados. Os resumos devem ter entre 400 e 600 palavras (incluindo as refer\u00eancias bibliogr\u00e1ficas) e estar enquadrados por tr\u00eas a cinco palavras-chave. As comunica\u00e7\u00f5es ter\u00e3o a dura\u00e7\u00e3o de 20 minutos, seguidos de &hellip; <a href=\"https:\/\/sites.ipleiria.pt\/1enda2018\/submissao-de-propostas\/\" class=\"more-link\">Continuar a ler <span class=\"screen-reader-text\">Submiss\u00e3o de propostas<\/span> <span class=\"meta-nav\">&rarr;<\/span><\/a><\/p>\n","protected":false},"author":3483,"featured_media":0,"parent":0,"menu_order":0,"comment_status":"closed","ping_status":"closed","template":"","meta":{"footnotes":""},"class_list":["post-7","page","type-page","status-publish","hentry"],"_links":{"self":[{"href":"https:\/\/sites.ipleiria.pt\/1enda2018\/wp-json\/wp\/v2\/pages\/7","targetHints":{"allow":["GET"]}}],"collection":[{"href":"https:\/\/sites.ipleiria.pt\/1enda2018\/wp-json\/wp\/v2\/pages"}],"about":[{"href":"https:\/\/sites.ipleiria.pt\/1enda2018\/wp-json\/wp\/v2\/types\/page"}],"author":[{"embeddable":true,"href":"https:\/\/sites.ipleiria.pt\/1enda2018\/wp-json\/wp\/v2\/users\/3483"}],"replies":[{"embeddable":true,"href":"https:\/\/sites.ipleiria.pt\/1enda2018\/wp-json\/wp\/v2\/comments?post=7"}],"version-history":[{"count":11,"href":"https:\/\/sites.ipleiria.pt\/1enda2018\/wp-json\/wp\/v2\/pages\/7\/revisions"}],"predecessor-version":[{"id":361,"href":"https:\/\/sites.ipleiria.pt\/1enda2018\/wp-json\/wp\/v2\/pages\/7\/revisions\/361"}],"wp:attachment":[{"href":"https:\/\/sites.ipleiria.pt\/1enda2018\/wp-json\/wp\/v2\/media?parent=7"}],"curies":[{"name":"wp","href":"https:\/\/api.w.org\/{rel}","templated":true}]}}