{"id":10,"date":"2020-01-08T16:08:49","date_gmt":"2020-01-08T16:08:49","guid":{"rendered":"http:\/\/sites.ipleiria.pt\/2enda2020\/?page_id=10"},"modified":"2021-09-06T09:47:54","modified_gmt":"2021-09-06T09:47:54","slug":"datas-importantes","status":"publish","type":"page","link":"https:\/\/sites.ipleiria.pt\/2enda2021\/datas-importantes\/","title":{"rendered":"Datas importantes"},"content":{"rendered":"\n<p><strong>Limite para a submiss\u00e3o de resumos: <\/strong><s>1 de junho de 2021<\/s> <span class=\"has-inline-color has-vivid-red-color\"><strong>15 de junho de 2021 (NOVO PRAZO)<\/strong><\/span><\/p>\n\n\n\n<p><strong>Notifica\u00e7\u00e3o aos autores: <\/strong>30 de junho de 2021<\/p>\n\n\n\n<p><strong>Inscri\u00e7\u00f5es: <\/strong>a partir de 20 de julho de 2021<\/p>\n\n\n\n<p><strong>Submiss\u00e3o de textos<\/strong>: at\u00e9 31 de dezembro de 2021<\/p>\n\n\n\n<p><\/p>\n","protected":false},"excerpt":{"rendered":"<p>Limite para a submiss\u00e3o de resumos: 1 de junho de 2021 15 de junho de 2021 (NOVO PRAZO) Notifica\u00e7\u00e3o aos autores: 30 de junho de 2021 Inscri\u00e7\u00f5es: a partir de 20 de julho de 2021 Submiss\u00e3o de textos: at\u00e9 31&hellip;  <\/p>\n<p class=\"more-link\"><a href=\"https:\/\/sites.ipleiria.pt\/2enda2021\/datas-importantes\/\">Continue reading <span class=\"meta-nav\">&rarr;<\/span><\/a><\/p>\n","protected":false},"author":102,"featured_media":0,"parent":0,"menu_order":0,"comment_status":"closed","ping_status":"closed","template":"","meta":{"footnotes":""},"class_list":["post-10","page","type-page","status-publish","hentry"],"_links":{"self":[{"href":"https:\/\/sites.ipleiria.pt\/2enda2021\/wp-json\/wp\/v2\/pages\/10","targetHints":{"allow":["GET"]}}],"collection":[{"href":"https:\/\/sites.ipleiria.pt\/2enda2021\/wp-json\/wp\/v2\/pages"}],"about":[{"href":"https:\/\/sites.ipleiria.pt\/2enda2021\/wp-json\/wp\/v2\/types\/page"}],"author":[{"embeddable":true,"href":"https:\/\/sites.ipleiria.pt\/2enda2021\/wp-json\/wp\/v2\/users\/102"}],"replies":[{"embeddable":true,"href":"https:\/\/sites.ipleiria.pt\/2enda2021\/wp-json\/wp\/v2\/comments?post=10"}],"version-history":[{"count":11,"href":"https:\/\/sites.ipleiria.pt\/2enda2021\/wp-json\/wp\/v2\/pages\/10\/revisions"}],"predecessor-version":[{"id":405,"href":"https:\/\/sites.ipleiria.pt\/2enda2021\/wp-json\/wp\/v2\/pages\/10\/revisions\/405"}],"wp:attachment":[{"href":"https:\/\/sites.ipleiria.pt\/2enda2021\/wp-json\/wp\/v2\/media?parent=10"}],"curies":[{"name":"wp","href":"https:\/\/api.w.org\/{rel}","templated":true}]}}