{"id":14,"date":"2020-01-08T16:09:25","date_gmt":"2020-01-08T16:09:25","guid":{"rendered":"http:\/\/sites.ipleiria.pt\/2enda2020\/?page_id=14"},"modified":"2021-07-20T16:19:47","modified_gmt":"2021-07-20T16:19:47","slug":"inscricoes","status":"publish","type":"page","link":"https:\/\/sites.ipleiria.pt\/2enda2021\/inscricoes\/","title":{"rendered":"Inscri\u00e7\u00f5es"},"content":{"rendered":"\n<h4 class=\"wp-block-heading\"><strong><a rel=\"noreferrer noopener\" href=\"https:\/\/docs.google.com\/forms\/d\/e\/1FAIpQLScbHwZqiOvplyofp7SagXrgSy8jUiJRaOuTKEtt9kZHbh53Lw\/viewform?usp=sf_link\" data-type=\"URL\" data-id=\"https:\/\/docs.google.com\/forms\/d\/e\/1FAIpQLScbHwZqiOvplyofp7SagXrgSy8jUiJRaOuTKEtt9kZHbh53Lw\/viewform?usp=sf_link\" target=\"_blank\"><span class=\"has-inline-color has-vivid-red-color\">CLIQUE AQUI<\/span><\/a> <span class=\"has-inline-color has-black-color\">para aceder ao formul\u00e1rio de inscri\u00e7\u00e3o do ENDA 2.<\/span><\/strong><\/h4>\n\n\n\n<p>A inscri\u00e7\u00e3o \u00e9 gratuita, mas necess\u00e1ria para salvaguardar a participa\u00e7\u00e3o no evento. <\/p>\n\n\n\n<p>Agradecemos que formalize a sua inscri\u00e7\u00e3o at\u00e9 ao dia 03-09-2021.<\/p>\n","protected":false},"excerpt":{"rendered":"<p>CLIQUE AQUI para aceder ao formul\u00e1rio de inscri\u00e7\u00e3o do ENDA 2. A inscri\u00e7\u00e3o \u00e9 gratuita, mas necess\u00e1ria para salvaguardar a participa\u00e7\u00e3o no evento. Agradecemos que formalize a sua inscri\u00e7\u00e3o at\u00e9 ao dia 03-09-2021.<\/p>\n","protected":false},"author":102,"featured_media":0,"parent":0,"menu_order":0,"comment_status":"closed","ping_status":"closed","template":"","meta":{"footnotes":""},"class_list":["post-14","page","type-page","status-publish","hentry"],"_links":{"self":[{"href":"https:\/\/sites.ipleiria.pt\/2enda2021\/wp-json\/wp\/v2\/pages\/14","targetHints":{"allow":["GET"]}}],"collection":[{"href":"https:\/\/sites.ipleiria.pt\/2enda2021\/wp-json\/wp\/v2\/pages"}],"about":[{"href":"https:\/\/sites.ipleiria.pt\/2enda2021\/wp-json\/wp\/v2\/types\/page"}],"author":[{"embeddable":true,"href":"https:\/\/sites.ipleiria.pt\/2enda2021\/wp-json\/wp\/v2\/users\/102"}],"replies":[{"embeddable":true,"href":"https:\/\/sites.ipleiria.pt\/2enda2021\/wp-json\/wp\/v2\/comments?post=14"}],"version-history":[{"count":16,"href":"https:\/\/sites.ipleiria.pt\/2enda2021\/wp-json\/wp\/v2\/pages\/14\/revisions"}],"predecessor-version":[{"id":339,"href":"https:\/\/sites.ipleiria.pt\/2enda2021\/wp-json\/wp\/v2\/pages\/14\/revisions\/339"}],"wp:attachment":[{"href":"https:\/\/sites.ipleiria.pt\/2enda2021\/wp-json\/wp\/v2\/media?parent=14"}],"curies":[{"name":"wp","href":"https:\/\/api.w.org\/{rel}","templated":true}]}}