{"id":16,"date":"2020-01-08T16:09:46","date_gmt":"2020-01-08T16:09:46","guid":{"rendered":"http:\/\/sites.ipleiria.pt\/2enda2020\/?page_id=16"},"modified":"2021-04-20T10:48:06","modified_gmt":"2021-04-20T10:48:06","slug":"contactos","status":"publish","type":"page","link":"https:\/\/sites.ipleiria.pt\/2enda2021\/contactos\/","title":{"rendered":"Contactos"},"content":{"rendered":"\n<p>Quaisquer quest\u00f5es relativas \u00e0 submiss\u00e3o de propostas ou pedidos de informa\u00e7\u00e3o sobre o ENDA 2 dever\u00e3o ser remetidos para o endere\u00e7o:\u00a0<a href=\"mailto:enda2021@gmail.com\">enda2.2021@gmail.com<\/a>.<\/p>\n","protected":false},"excerpt":{"rendered":"<p>Quaisquer quest\u00f5es relativas \u00e0 submiss\u00e3o de propostas ou pedidos de informa\u00e7\u00e3o sobre o ENDA 2 dever\u00e3o ser remetidos para o endere\u00e7o:\u00a0enda2.2021@gmail.com.<\/p>\n","protected":false},"author":102,"featured_media":0,"parent":0,"menu_order":0,"comment_status":"closed","ping_status":"closed","template":"","meta":{"footnotes":""},"class_list":["post-16","page","type-page","status-publish","hentry"],"_links":{"self":[{"href":"https:\/\/sites.ipleiria.pt\/2enda2021\/wp-json\/wp\/v2\/pages\/16","targetHints":{"allow":["GET"]}}],"collection":[{"href":"https:\/\/sites.ipleiria.pt\/2enda2021\/wp-json\/wp\/v2\/pages"}],"about":[{"href":"https:\/\/sites.ipleiria.pt\/2enda2021\/wp-json\/wp\/v2\/types\/page"}],"author":[{"embeddable":true,"href":"https:\/\/sites.ipleiria.pt\/2enda2021\/wp-json\/wp\/v2\/users\/102"}],"replies":[{"embeddable":true,"href":"https:\/\/sites.ipleiria.pt\/2enda2021\/wp-json\/wp\/v2\/comments?post=16"}],"version-history":[{"count":10,"href":"https:\/\/sites.ipleiria.pt\/2enda2021\/wp-json\/wp\/v2\/pages\/16\/revisions"}],"predecessor-version":[{"id":275,"href":"https:\/\/sites.ipleiria.pt\/2enda2021\/wp-json\/wp\/v2\/pages\/16\/revisions\/275"}],"wp:attachment":[{"href":"https:\/\/sites.ipleiria.pt\/2enda2021\/wp-json\/wp\/v2\/media?parent=16"}],"curies":[{"name":"wp","href":"https:\/\/api.w.org\/{rel}","templated":true}]}}