{"id":2,"date":"2020-01-08T16:01:45","date_gmt":"2020-01-08T16:01:45","guid":{"rendered":"http:\/\/2enda2020.sites.ipleiria.pt\/?page_id=2"},"modified":"2023-02-25T14:37:48","modified_gmt":"2023-02-25T14:37:48","slug":"pagina-exemplo","status":"publish","type":"page","link":"https:\/\/sites.ipleiria.pt\/2enda2021\/","title":{"rendered":"Apresenta\u00e7\u00e3o"},"content":{"rendered":"\n<blockquote class=\"wp-block-quote has-text-align-center is-layout-flow wp-block-quote-is-layout-flow\"><p><strong>ENDA 2<\/strong> \u2014 <strong>Encontro Nacional sobre Discurso Acad\u00e9mico: <\/strong><\/p><p><strong><em>Conhecimento Disciplinar e Apropria\u00e7\u00e3o Did\u00e1tica<\/em><\/strong><\/p><\/blockquote>\n\n\n\n<p class=\"has-text-align-center has-very-dark-gray-color has-very-light-gray-background-color has-text-color has-background\"><em><strong><span class=\"has-inline-color has-luminous-vivid-orange-color\">Evento online de acesso livre &#8211; 9 e 10 de setembro de 202<\/span><\/strong><\/em><strong><em><span class=\"has-inline-color has-luminous-vivid-orange-color\">1<\/span><\/em><\/strong><\/p>\n\n\n\n<p><\/p>\n\n\n\n<figure class=\"wp-block-pullquote\"><blockquote><p><mark class=\"has-inline-color has-vivid-red-color\">Inscri\u00e7\u00f5es: at\u00e9 03-09-2021<\/mark><\/p><\/blockquote><\/figure>\n\n\n\n<p class=\"has-text-align-left\">Na sequ\u00eancia da realiza\u00e7\u00e3o do ENDA 1, em 2018, o <a aria-label=\" (abre num novo separador)\" href=\"http:\/\/celga.iltec.pt\/\" target=\"_blank\" rel=\"noreferrer noopener\">CELGA-ILTEC<\/a> e o <a aria-label=\" (abre num novo separador)\" href=\"https:\/\/clup.pt\/\" target=\"_blank\" rel=\"noreferrer noopener\">CLUP <\/a>organizam o <strong>2.\u00ba<\/strong> &nbsp;<strong>Encontro Nacional sobre Discurso Acad\u00e9mico<\/strong>, subordinado ao tema <em><strong>Conhecimento Disciplinar e Apropria\u00e7\u00e3o Did\u00e1tica<\/strong><\/em>.<\/p>\n\n\n\n<p>O ENDA 2 tem como objetivos:<\/p>\n\n\n\n<ul class=\"wp-block-list\"><li>consolidar a \u00e1rea disciplinar do discurso acad\u00e9mico enquanto campo de pesquisa e desenvolver o trabalho sobre \/ para a literacia acad\u00e9mica; <\/li><li> refor\u00e7ar os la\u00e7os da rede de investigadore\/as e docentes que, pertencendo a quadros te\u00f3ricos m\u00faltiplos, t\u00eam como foco da sua atividade as pr\u00e1ticas do discurso acad\u00e9mico;<\/li><li>partilhar pr\u00e1ticas inovadoras para o ensino-aprendizagem da comunica\u00e7\u00e3o em espa\u00e7o acad\u00e9mico, entendido aqui de forma lata como espa\u00e7o de desenvolvimento da literacia, independentemente das modalidades de express\u00e3o, dos n\u00edveis e das \u00e1reas de ensino.<\/li><\/ul>\n\n\n\n<p>Ser\u00e3o aceites contributos de investigadore\/as e grupos de\ninvestiga\u00e7\u00e3o que, centrando-se no uso do portugu\u00eas ou de outros idiomas como\nl\u00ednguas de escolariza\u00e7\u00e3o e conhecimento, abordem, entre outros, os seguintes\naspetos:<\/p>\n\n\n\n<ul class=\"wp-block-list\"><li>g\u00e9neros e tipologias textuais nas diferentes disciplinas;<\/li><li>instrumentos de an\u00e1lise e didatiza\u00e7\u00e3o do discurso acad\u00e9mico, seja em contexto presencial, seja \u00e0 dist\u00e2ncia;<\/li><li>escrita e leitura;<\/li><li>produ\u00e7\u00e3o, compreens\u00e3o e intera\u00e7\u00e3o oral;<\/li><li>desenvolvimento\/ontogenia da escrita.<\/li><\/ul>\n\n\n\n<p class=\"has-small-font-size\"><\/p>\n","protected":false},"excerpt":{"rendered":"<p>ENDA 2 \u2014 Encontro Nacional sobre Discurso Acad\u00e9mico: Conhecimento Disciplinar e Apropria\u00e7\u00e3o Did\u00e1tica Evento online de acesso livre &#8211; 9 e 10 de setembro de 2021 Inscri\u00e7\u00f5es: at\u00e9 03-09-2021 Na sequ\u00eancia da realiza\u00e7\u00e3o do ENDA 1, em 2018, o CELGA-ILTEC&hellip;  <\/p>\n<p class=\"more-link\"><a href=\"https:\/\/sites.ipleiria.pt\/2enda2021\/\">Continue reading <span class=\"meta-nav\">&rarr;<\/span><\/a><\/p>\n","protected":false},"author":102,"featured_media":0,"parent":0,"menu_order":0,"comment_status":"closed","ping_status":"closed","template":"","meta":{"footnotes":""},"class_list":["post-2","page","type-page","status-publish","hentry"],"_links":{"self":[{"href":"https:\/\/sites.ipleiria.pt\/2enda2021\/wp-json\/wp\/v2\/pages\/2","targetHints":{"allow":["GET"]}}],"collection":[{"href":"https:\/\/sites.ipleiria.pt\/2enda2021\/wp-json\/wp\/v2\/pages"}],"about":[{"href":"https:\/\/sites.ipleiria.pt\/2enda2021\/wp-json\/wp\/v2\/types\/page"}],"author":[{"embeddable":true,"href":"https:\/\/sites.ipleiria.pt\/2enda2021\/wp-json\/wp\/v2\/users\/102"}],"replies":[{"embeddable":true,"href":"https:\/\/sites.ipleiria.pt\/2enda2021\/wp-json\/wp\/v2\/comments?post=2"}],"version-history":[{"count":58,"href":"https:\/\/sites.ipleiria.pt\/2enda2021\/wp-json\/wp\/v2\/pages\/2\/revisions"}],"predecessor-version":[{"id":429,"href":"https:\/\/sites.ipleiria.pt\/2enda2021\/wp-json\/wp\/v2\/pages\/2\/revisions\/429"}],"wp:attachment":[{"href":"https:\/\/sites.ipleiria.pt\/2enda2021\/wp-json\/wp\/v2\/media?parent=2"}],"curies":[{"name":"wp","href":"https:\/\/api.w.org\/{rel}","templated":true}]}}