{"id":29,"date":"2020-01-08T16:14:10","date_gmt":"2020-01-08T16:14:10","guid":{"rendered":"http:\/\/sites.ipleiria.pt\/2enda2020\/?page_id=29"},"modified":"2021-06-05T12:27:20","modified_gmt":"2021-06-05T12:27:20","slug":"comissao-cientifica","status":"publish","type":"page","link":"https:\/\/sites.ipleiria.pt\/2enda2021\/comissao-cientifica\/","title":{"rendered":"Comiss\u00e3o Cient\u00edfica"},"content":{"rendered":"\n<ul class=\"wp-block-list\"><li>Alexandra Guedes Pinto<\/li><li>Ant\u00f3nia Coutinho <\/li><li>Carla Marques<\/li><li>Carla Teixeira <\/li><li>Carlos A. M. Gouveia <\/li><li>C\u00e9lia Barbeiro <\/li><li>Clara Keating<\/li><li>Fausto Caels <\/li><li>Fernanda Botelho<\/li><li>Goreti Freire Silva<\/li><li>Isabel Margarida Duarte <\/li><li>Iris Susana Pires Pereira<\/li><li>Joana Vieira Santos <\/li><li>Jos\u00e9 Ant\u00f3nio Brand\u00e3o <\/li><li>Lu\u00eds Filipe Barbeiro <\/li><li>Lu\u00edsa \u00c1lvares Pereira<\/li><li>Mafalda Mendes <\/li><li>Maria Aldina Marques <\/li><li>Maria Ant\u00f3nia Coutinho<\/li><li>Marta Filipe Alexandre <\/li><li>Matilde Gon\u00e7alves<\/li><li>No\u00e9mia Jorge<\/li><li>Osvaldo Faquir<\/li><li>Paulo Nunes da Silva <\/li><li>Rui Ramos <\/li><li>Rute Rosa<\/li><li>S\u00f3nia Valente Rodrigues<\/li><li>Tanara Zingano Kuhn<\/li><\/ul>\n","protected":false},"excerpt":{"rendered":"<p>Alexandra Guedes Pinto Ant\u00f3nia Coutinho Carla Marques Carla Teixeira Carlos A. M. Gouveia C\u00e9lia Barbeiro Clara Keating Fausto Caels Fernanda Botelho Goreti Freire Silva Isabel Margarida Duarte Iris Susana Pires Pereira Joana Vieira Santos Jos\u00e9 Ant\u00f3nio Brand\u00e3o Lu\u00eds Filipe Barbeiro&hellip;  <\/p>\n<p class=\"more-link\"><a href=\"https:\/\/sites.ipleiria.pt\/2enda2021\/comissao-cientifica\/\">Continue reading <span class=\"meta-nav\">&rarr;<\/span><\/a><\/p>\n","protected":false},"author":102,"featured_media":0,"parent":0,"menu_order":0,"comment_status":"closed","ping_status":"closed","template":"","meta":{"footnotes":""},"class_list":["post-29","page","type-page","status-publish","hentry"],"_links":{"self":[{"href":"https:\/\/sites.ipleiria.pt\/2enda2021\/wp-json\/wp\/v2\/pages\/29","targetHints":{"allow":["GET"]}}],"collection":[{"href":"https:\/\/sites.ipleiria.pt\/2enda2021\/wp-json\/wp\/v2\/pages"}],"about":[{"href":"https:\/\/sites.ipleiria.pt\/2enda2021\/wp-json\/wp\/v2\/types\/page"}],"author":[{"embeddable":true,"href":"https:\/\/sites.ipleiria.pt\/2enda2021\/wp-json\/wp\/v2\/users\/102"}],"replies":[{"embeddable":true,"href":"https:\/\/sites.ipleiria.pt\/2enda2021\/wp-json\/wp\/v2\/comments?post=29"}],"version-history":[{"count":19,"href":"https:\/\/sites.ipleiria.pt\/2enda2021\/wp-json\/wp\/v2\/pages\/29\/revisions"}],"predecessor-version":[{"id":319,"href":"https:\/\/sites.ipleiria.pt\/2enda2021\/wp-json\/wp\/v2\/pages\/29\/revisions\/319"}],"wp:attachment":[{"href":"https:\/\/sites.ipleiria.pt\/2enda2021\/wp-json\/wp\/v2\/media?parent=29"}],"curies":[{"name":"wp","href":"https:\/\/api.w.org\/{rel}","templated":true}]}}