{"id":8,"date":"2020-01-08T16:08:27","date_gmt":"2020-01-08T16:08:27","guid":{"rendered":"http:\/\/sites.ipleiria.pt\/2enda2020\/?page_id=8"},"modified":"2021-04-24T14:32:14","modified_gmt":"2021-04-24T14:32:14","slug":"submissao-de-propostas","status":"publish","type":"page","link":"https:\/\/sites.ipleiria.pt\/2enda2021\/submissao-de-propostas\/","title":{"rendered":"Submiss\u00e3o de propostas"},"content":{"rendered":"\n<p>O ENDA 2 tem como tema geral: <b><i>Conhecimento Disciplinar e Apropria\u00e7\u00e3o Did\u00e1tica<\/i><\/b>.<\/p>\n\n\n\n<p>Entre os subtemas para a apresenta\u00e7\u00e3o de comunica\u00e7\u00f5es, encontram-se:<\/p>\n\n\n\n<ul class=\"wp-block-list\"><li>g\u00e9neros e tipologias textuais nas diferentes disciplinas;<\/li><li>instrumentos de an\u00e1lise e didatiza\u00e7\u00e3o do discurso acad\u00e9mico em portugu\u00eas, seja em contexto presencial, seja \u00e0 dist\u00e2ncia;<\/li><li>escrita e leitura;<\/li><li>produ\u00e7\u00e3o, compreens\u00e3o e intera\u00e7\u00e3o orais;<\/li><li>desenvolvimento\/ontogenia da escrita.<br><\/li><\/ul>\n\n\n\n<blockquote class=\"wp-block-quote is-layout-flow wp-block-quote-is-layout-flow\"><p><strong><em>Orienta\u00e7\u00f5es para submiss\u00e3o de propostas<\/em><\/strong><\/p><\/blockquote>\n\n\n\n<p>As propostas de comunica\u00e7\u00e3o devem ser\nsubmetidas sob a forma de resumos, dando conta de objetivos, quadro te\u00f3rico,\nmetodologia e resultados alcan\u00e7ados ou esperados. Os resumos devem ter entre\n400 e 600 palavras (incluindo as refer\u00eancias bibliogr\u00e1ficas) e estar\nenquadrados por tr\u00eas a cinco palavras-chave.<\/p>\n\n\n\n<p>As comunica\u00e7\u00f5es ser\u00e3o feitas de forma s\u00edncrona. T\u00eam a dura\u00e7\u00e3o de 20 minutos, seguidos de 10 minutos de debate.<\/p>\n\n\n\n<p>\u00c9 dada prefer\u00eancia a propostas que apresentem pesquisa desenvolvida por um grupo de investiga\u00e7\u00e3o, ou a t\u00edtulo individual, desde que inserida numa linha de trabalho coletiva. A submiss\u00e3o ser\u00e1 feita atrav\u00e9s da plataforma EasyChair (<a href=\"https:\/\/easychair.org\/conferences\/?conf=enda2\">https:\/\/easychair.org\/conferences\/?conf=enda2<\/a>). <\/p>\n","protected":false},"excerpt":{"rendered":"<p>O ENDA 2 tem como tema geral: Conhecimento Disciplinar e Apropria\u00e7\u00e3o Did\u00e1tica. Entre os subtemas para a apresenta\u00e7\u00e3o de comunica\u00e7\u00f5es, encontram-se: g\u00e9neros e tipologias textuais nas diferentes disciplinas; instrumentos de an\u00e1lise e didatiza\u00e7\u00e3o do discurso acad\u00e9mico em portugu\u00eas, seja em&hellip;  <\/p>\n<p class=\"more-link\"><a href=\"https:\/\/sites.ipleiria.pt\/2enda2021\/submissao-de-propostas\/\">Continue reading <span class=\"meta-nav\">&rarr;<\/span><\/a><\/p>\n","protected":false},"author":102,"featured_media":0,"parent":0,"menu_order":0,"comment_status":"closed","ping_status":"closed","template":"","meta":{"footnotes":""},"class_list":["post-8","page","type-page","status-publish","hentry"],"_links":{"self":[{"href":"https:\/\/sites.ipleiria.pt\/2enda2021\/wp-json\/wp\/v2\/pages\/8","targetHints":{"allow":["GET"]}}],"collection":[{"href":"https:\/\/sites.ipleiria.pt\/2enda2021\/wp-json\/wp\/v2\/pages"}],"about":[{"href":"https:\/\/sites.ipleiria.pt\/2enda2021\/wp-json\/wp\/v2\/types\/page"}],"author":[{"embeddable":true,"href":"https:\/\/sites.ipleiria.pt\/2enda2021\/wp-json\/wp\/v2\/users\/102"}],"replies":[{"embeddable":true,"href":"https:\/\/sites.ipleiria.pt\/2enda2021\/wp-json\/wp\/v2\/comments?post=8"}],"version-history":[{"count":13,"href":"https:\/\/sites.ipleiria.pt\/2enda2021\/wp-json\/wp\/v2\/pages\/8\/revisions"}],"predecessor-version":[{"id":280,"href":"https:\/\/sites.ipleiria.pt\/2enda2021\/wp-json\/wp\/v2\/pages\/8\/revisions\/280"}],"wp:attachment":[{"href":"https:\/\/sites.ipleiria.pt\/2enda2021\/wp-json\/wp\/v2\/media?parent=8"}],"curies":[{"name":"wp","href":"https:\/\/api.w.org\/{rel}","templated":true}]}}