{"id":12,"date":"2019-12-12T11:51:11","date_gmt":"2019-12-12T11:51:11","guid":{"rendered":"https:\/\/sites.ipleiria.pt\/4ciead\/?page_id=12"},"modified":"2024-11-22T17:30:12","modified_gmt":"2024-11-22T17:30:12","slug":"organization","status":"publish","type":"page","link":"https:\/\/sites.ipleiria.pt\/2jornadasinternacionaispeps\/organization\/","title":{"rendered":"Organization"},"content":{"rendered":"\n<p><strong>Organization Committee<\/strong><br>Rog\u00e9rio Salvador (ESECS\/CIDESD\/CIEQV)<br>Diogo Monteiro (ESECS\/CIDESD)<br>Filipe Rodrigues (ESECS\/CIDESD)<br>Raul Antunes (ESECS\/CIDESD)<br>Jo\u00e3o Cruz (ESECS\/CIEQV)<br>Pedro Morou\u00e7o (ESECS\/CIDESD)<br>Rui Matos (ESECS\/CIDESD)<br>Nuno Amaro (ESECS\/CIDESD)<br>Diana Santos (ESECS\/CIDESD)<br>Miguel Jacinto (ESECS\/CIDESD)<br>Ricardo Rebelo-Gon\u00e7alves (CIDAF)<\/p>\n\n\n\n<p><\/p>\n\n\n\n<p><strong>Scientific Committee<\/strong><br>Rog\u00e9rio Salvador &#8211; Escola Superior de Educa\u00e7\u00e3o e Ci\u00eancias Sociais \u2013 CIDESD\/CIEQV<br>Diogo Monteiro &#8211; Escola Superior de Educa\u00e7\u00e3o e Ci\u00eancias Sociais &#8211; CIDESD<br>Filipe Rodrigues &#8211; Escola Superior de Educa\u00e7\u00e3o e Ci\u00eancias Sociais &#8211; CIDESD<br>Raul Antunes &#8211; Escola Superior de Educa\u00e7\u00e3o e Ci\u00eancias Sociais &#8211; CIDESD<br>Jo\u00e3o Cruz &#8211; Escola Superior de Educa\u00e7\u00e3o e Ci\u00eancias Sociais \u2013 CIEQV<br>Ricardo Rebelo-Gon\u00e7alves &#8211; CIDAF<br>Pedro Morou\u00e7o &#8211; Escola Superior de Educa\u00e7\u00e3o e Ci\u00eancias Sociais &#8211; CIDESD<br>Rui Matos &#8211; Escola Superior de Educa\u00e7\u00e3o e Ci\u00eancias Sociais &#8211; CIDESD<br>Nuno Amaro &#8211; Escola Superior de Educa\u00e7\u00e3o e Ci\u00eancias Sociais &#8211; CIDESD<br>Diana Santos &#8211; Escola Superior de Educa\u00e7\u00e3o e Ci\u00eancias Sociais &#8211; CIDESD<br>Miguel Jacinto &#8211; Escola Superior de Educa\u00e7\u00e3o e Ci\u00eancias Sociais &#8211; CIDESD<\/p>\n\n\n\n<p><strong>Honor Committee<\/strong><br>Prof. Dr. Carlos Rabad\u00e3o \u2013Presidente do Instituto Polit\u00e9cnico de Leiria<br>Dr. Gon\u00e7alo Lopes \u2013 Presidente da C\u00e2mara Municipal de Leiria<br>Presidente do Conselho Diretivo da Administra\u00e7\u00e3o Regional de Sa\u00fade do Centro, I.P<br>Dr. Lic\u00ednio Oliveira de Carvalho &#8211; Presidente do Conselho de Administra\u00e7\u00e3o do Centro Hospitalar de Leiria<br>Dra. Catarina Afonso \u2013 Coordenadora da UCC Dr. Arnaldo Sampaio\u00a0<br>Prof. Dr. Pedro Morou\u00e7o &#8211; Diretor da ESECS<br>Prof. Dr. Rui Manuel Neto e Matos &#8211; Coordenador do CIDESD P\u00f3lo de Leiria<br>Dr. Salvato Feij\u00f3 &#8211; Diretor cl\u00ednico do Centro Hospitalar de Leiria<br>Prof. Dr. Rui Fonseca-Pinto &#8211; Diretor ESSLEI<br>Dr. Jos\u00e9 Castro &#8211; AGAP Portugal Ativo<br>Prof. Dra. Maria Guarino \u2013 Coordenadora do CITECHCARE<br>Prof. Dr. Rui Mendes \u2013 Presidente da Dire\u00e7\u00e3o da REDESPP<\/p>\n\n\n\n<p><strong>Organizing Institution<\/strong><br>Master&#8217;s in Exercise Prescription and Health Promotion<br>Higher School of Education and Social Sciences &#8211; Polytechnic of Leiria<\/p>\n\n\n\n<p><strong>Backing<\/strong><br>C\u00e2mara Municipal de Leiria<br>REDESPP<\/p>\n\n\n\n<p><strong>Partners<\/strong><br>CIEQV<br>CITECHCARE<br>CIDESD<br>Postgraduation in Adapted Sports and Physical Activity<br>Degree in Sport and Wellness<\/p>\n","protected":false},"excerpt":{"rendered":"<p>Organization CommitteeRog\u00e9rio Salvador (ESECS\/CIDESD\/CIEQV)Diogo Monteiro (ESECS\/CIDESD)Filipe Rodrigues (ESECS\/CIDESD)Raul Antunes (ESECS\/CIDESD)Jo\u00e3o Cruz (ESECS\/CIEQV)Pedro Morou\u00e7o (ESECS\/CIDESD)Rui Matos (ESECS\/CIDESD)Nuno Amaro (ESECS\/CIDESD)Diana Santos (ESECS\/CIDESD)Miguel Jacinto (ESECS\/CIDESD)Ricardo Rebelo-Gon\u00e7alves (CIDAF) Scientific CommitteeRog\u00e9rio Salvador &#8211; Escola Superior de Educa\u00e7\u00e3o e Ci\u00eancias Sociais \u2013 CIDESD\/CIEQVDiogo Monteiro &#8211; Escola&hellip;  <\/p>\n<p class=\"more-link\"><a href=\"https:\/\/sites.ipleiria.pt\/2jornadasinternacionaispeps\/organization\/\">Continue reading <span class=\"meta-nav\">&rarr;<\/span><\/a><\/p>\n","protected":false},"author":102,"featured_media":0,"parent":0,"menu_order":0,"comment_status":"closed","ping_status":"closed","template":"","meta":{"footnotes":""},"class_list":["post-12","page","type-page","status-publish","hentry"],"_links":{"self":[{"href":"https:\/\/sites.ipleiria.pt\/2jornadasinternacionaispeps\/wp-json\/wp\/v2\/pages\/12","targetHints":{"allow":["GET"]}}],"collection":[{"href":"https:\/\/sites.ipleiria.pt\/2jornadasinternacionaispeps\/wp-json\/wp\/v2\/pages"}],"about":[{"href":"https:\/\/sites.ipleiria.pt\/2jornadasinternacionaispeps\/wp-json\/wp\/v2\/types\/page"}],"author":[{"embeddable":true,"href":"https:\/\/sites.ipleiria.pt\/2jornadasinternacionaispeps\/wp-json\/wp\/v2\/users\/102"}],"replies":[{"embeddable":true,"href":"https:\/\/sites.ipleiria.pt\/2jornadasinternacionaispeps\/wp-json\/wp\/v2\/comments?post=12"}],"version-history":[{"count":15,"href":"https:\/\/sites.ipleiria.pt\/2jornadasinternacionaispeps\/wp-json\/wp\/v2\/pages\/12\/revisions"}],"predecessor-version":[{"id":968,"href":"https:\/\/sites.ipleiria.pt\/2jornadasinternacionaispeps\/wp-json\/wp\/v2\/pages\/12\/revisions\/968"}],"wp:attachment":[{"href":"https:\/\/sites.ipleiria.pt\/2jornadasinternacionaispeps\/wp-json\/wp\/v2\/media?parent=12"}],"curies":[{"name":"wp","href":"https:\/\/api.w.org\/{rel}","templated":true}]}}