{"id":18,"date":"2019-12-12T11:52:30","date_gmt":"2019-12-12T11:52:30","guid":{"rendered":"https:\/\/sites.ipleiria.pt\/4ciead\/?page_id=18"},"modified":"2022-11-16T16:49:27","modified_gmt":"2022-11-16T16:49:27","slug":"datas-importantes","status":"publish","type":"page","link":"https:\/\/sites.ipleiria.pt\/2jornadasinternacionaispeps\/pt\/datas-importantes\/","title":{"rendered":"Datas + Programa"},"content":{"rendered":"\n<p><strong>.<\/strong> Limite para a submiss\u00e3o de resumos : <strong>1 de novembro de 2022;<\/strong><br><strong>.<\/strong> Notifica\u00e7\u00e3o dos autores: <strong>14 de novembro de 2022<\/strong>;<br><strong>.<\/strong> Inscri\u00e7\u00f5es no congresso: <strong>at\u00e9 11 de novembro de 2022<\/strong>;<br><strong>.<\/strong> Datas do congresso: <strong>18 a 19 de novembro de 2022<\/strong>.<\/p>\n\n\n\n<hr class=\"wp-block-separator has-text-color has-background has-white-background-color has-white-color\"\/>\n\n\n\n<p>Descarregue o programa geral <a href=\"http:\/\/sites.ipleiria.pt\/2jornadasinternacionaispeps\/files\/2022\/11\/Programa-PEPS_final_low_compressed.pdf\">AQUI!<\/a><\/p>\n\n\n\n<h2 class=\"wp-block-heading\">DIA 18 DE NOVEMBRO<\/h2>\n\n\n\n<p><strong>09:30 \u2013 Sess\u00e3o de Abertura<\/strong><\/p>\n\n\n\n<p>Prof. Dra. Carolina Henriques\u2013 Pro presidente do Instituto Polit\u00e9cnico de Leiria<\/p>\n\n\n\n<p>Prof. Dr. Pedro Morou\u00e7o \u2013 Diretor da ESECS<\/p>\n\n\n\n<p>Prof. Dr. Rui Manuel Neto e Matos \u2013 Coordenador do CIEQV<\/p>\n\n\n\n<p>Prof. Dra.&nbsp;Dulce Gomes&nbsp;\u2013 Subdiretora da ESSLEI<\/p>\n\n\n\n<p><strong>Moderador:<\/strong>&nbsp;Rog\u00e9rio Salvador<\/p>\n\n\n\n<p><strong>10:30 \u2013 Confer\u00eancia 1 | DIOGO SANTOS TEXEIRA<\/strong><br><strong>Universidade de Lus\u00f3fona de Humanidades e Tecnologias (ULHT)<\/strong><\/p>\n\n\n\n<p><strong>Tema:&nbsp;<\/strong>Afetivismo e exerc\u00edcio f\u00edsico: contributos para a melhoria da ades\u00e3o individual \u00e0 pr\u00e1tica<\/p>\n\n\n\n<p><strong>Moderador:<\/strong>&nbsp;Diogo Monteiro<\/p>\n\n\n\n<p><strong>11:30 \u2013 Comunica\u00e7\u00f5es Orais 1<\/strong><\/p>\n\n\n\n<p><strong>Local:<\/strong>&nbsp;Audit\u00f3rio 1<\/p>\n\n\n\n<p><strong>Moderador:&nbsp;<\/strong>Filipe Rodrigues&nbsp;<\/p>\n\n\n\n<ol class=\"wp-block-list\" type=\"1\"><li><strong>The importance of physical exercise in mental health and quality of life for the elderly: A project for the community<\/strong><br><em>Emanuel Silva, Diana Domingues, Ra\u00fal Antunes, Roberta Frontini<\/em><\/li><li><strong>Exploring grip strength as a predictor of depression in middle-aged and older adults<\/strong><br><em>Diogo Veiga, Priscila Marconcin, Gerson Ferrari, \u00c9lvio Gouveia, Miguel Peralta, Adilson Marques<\/em><\/li><li><strong>O efeito de um programa de exerc\u00edcio f\u00edsico com recurso a materiais de baixo custo na aptid\u00e3o f\u00edsica de idosos: um estudo piloto<\/strong><br><em>Diogo Mendes, Nuno Amaro, Rui Matos, Diogo Monteiro, Pedro Morou\u00e7o, Filipe Rodrigues<\/em><\/li><li><strong>Consulta de prescri\u00e7\u00e3o de exerc\u00edcio cl\u00ednico<\/strong><br><em>Ana Antunes, Ad\u00e9lia Miragaia, Rog\u00e9rio Salvador, Ricardo Rebelo-Gon\u00e7alves<\/em><\/li><\/ol>\n\n\n\n<p><strong>15:00 \u2013 Comunica\u00e7\u00f5es Orais 2<\/strong><\/p>\n\n\n\n<p><strong>Local:<\/strong>&nbsp;Audit\u00f3rio 1<\/p>\n\n\n\n<p><strong>Moderador:&nbsp;<\/strong>Nuno Amaro<\/p>\n\n\n\n<ul class=\"wp-block-list\"><li><strong>FIT \u2014 An\u00e1lise da pr\u00e1tica informal de Fitness por pessoas com defici\u00eancia em Portugal<\/strong><br><em>Sofia Ata\u00edde, Carlota Cunha, Hugo Silva<\/em><\/li><li><strong>&nbsp;A perce\u00e7\u00e3o contextual dos profissionais na inclus\u00e3o das pessoas com pessoas com defici\u00eancia (PcD) no mercado do Fitness em Portugal<\/strong><br><em>Marta Nogueira, Rog\u00e9rio Salvador<\/em><\/li><li><strong>&nbsp;ENKI: Uma corrida de obst\u00e1culos inclusiva para a promo\u00e7\u00e3o da participa\u00e7\u00e3o social<\/strong><\/li><\/ul>\n\n\n\n<p><em>Thais Pousada, Sara Gonz\u00e1lez, Jessica Mart\u00edn<\/em><\/p>\n\n\n\n<ul class=\"wp-block-list\"><li><strong>&nbsp;<\/strong><strong>Physical exercise and mental health: a pilot project for children and adolescents<\/strong><br><em>Diana Domingues, Emanuel Silva, Roberta Frontini, Ra\u00fal Antunes<\/em><\/li><li><strong>&nbsp;<em>RespirArFundo<\/em>: A program to promote the physical exercise for teachers and employees in school context &#8211; Quantitative and qualitative study<\/strong><br><em>Sara de Brito, Marlene Silva, Ra\u00fal Antunes<\/em><\/li><\/ul>\n\n\n\n<p><strong>16:30 \u2013&nbsp;Confer\u00eancia&nbsp;2 | PROF. DR. RUTH JIM\u00c9NEZ<\/strong><br><strong>Universidade&nbsp;da Extremadura (UNEX)<\/strong><\/p>\n\n\n\n<p><strong>Tema:&nbsp;<\/strong>Estrategias motivacionales para fomentar un estilo de vida activo<\/p>\n\n\n\n<p><strong>Moderador:<\/strong>&nbsp;Rog\u00e9rio Salvador<strong><\/strong><\/p>\n\n\n\n<h2 class=\"wp-block-heading\">DIA 19 DE NOVEMBRO<\/h2>\n\n\n\n<p><strong>10:00 \u2013 Comunica\u00e7\u00f5es Orais 3<\/strong><\/p>\n\n\n\n<p><strong>Local:<\/strong>&nbsp;Audit\u00f3rio 1<\/p>\n\n\n\n<p><strong>Moderador:&nbsp;<\/strong>Lu\u00eds Coelho&nbsp;<\/p>\n\n\n\n<ol class=\"wp-block-list\" type=\"1\"><li><strong>&nbsp;<\/strong><strong>Testing the validity of the Neighborhood Environment Walkability Scale &#8211; Abbreviated (NEWS-A) in a sample of college students<\/strong><br><em>Nuno Figueiredo, Diogo Monteiro, Filipe Rodrigues<\/em><\/li><li><strong>&nbsp;<\/strong><strong>Projeto comunit\u00e1rio para promo\u00e7\u00e3o do exerc\u00edcio f\u00edsico e estilo de vida saud\u00e1vel para pessoas com cancro da mama<\/strong><br><em>C\u00e2ndida Bairrada, Pedro Morou\u00e7o, Rita Santos Rocha<\/em><\/li><li><strong>&nbsp;Heart rate variability in musculoskeletal injuries<\/strong><br><em>Gon\u00e7alo Flores, Diogo Monteiro, Fernanda Silva, Pedro Duarte-Mendes<\/em><\/li><li><strong>&nbsp;Robustez mental e resili\u00eancia na performance de atletas de&nbsp;<em>trail<\/em><\/strong><br><em>Nuno Gameiro, Diogo Monteiro<\/em><\/li><li><strong>&nbsp;O t\u00e9cnico do exerc\u00edcio f\u00edsico como aliado na promo\u00e7\u00e3o de atividade f\u00edsica nos cuidados de sa\u00fade prim\u00e1rios<\/strong><br><em>Jo\u00e3o Piloto, Ricardo Rebelo-Gon\u00e7alves<\/em><\/li><\/ol>\n\n\n\n<p><strong>11:00 \u2013 Confer\u00eancia 3 | PROF. DR. THEMUDO BARATA<\/strong><br><strong>Universidade da Beira Interior (UBI)<\/strong><\/p>\n\n\n\n<p><strong>Tema:&nbsp;<\/strong>O profissional de Exerc\u00edcio e Sa\u00fade: profissional de Exerc\u00edcio ou Profissional de Sa\u00fade?<\/p>\n\n\n\n<p><strong>Moderador:<\/strong>&nbsp;Rui Matos<\/p>\n\n\n\n<p><strong>11:45 \u2013 Mesa Redonda<\/strong><\/p>\n\n\n\n<p>Exerc\u00edcio e Sa\u00fade: tend\u00eancias para o futuro<\/p>\n\n\n\n<p><strong>12:30 \u2013 Cerim\u00f3nia de Fecho<\/strong><\/p>\n","protected":false},"excerpt":{"rendered":"<p>. Limite para a submiss\u00e3o de resumos : 1 de novembro de 2022;. Notifica\u00e7\u00e3o dos autores: 14 de novembro de 2022;. Inscri\u00e7\u00f5es no congresso: at\u00e9 11 de novembro de 2022;. Datas do congresso: 18 a 19 de novembro de 2022.&hellip;  <\/p>\n<p class=\"more-link\"><a href=\"https:\/\/sites.ipleiria.pt\/2jornadasinternacionaispeps\/pt\/datas-importantes\/\">Continue reading <span class=\"meta-nav\">&rarr;<\/span><\/a><\/p>\n","protected":false},"author":102,"featured_media":0,"parent":0,"menu_order":0,"comment_status":"closed","ping_status":"closed","template":"","meta":{"footnotes":""},"class_list":["post-18","page","type-page","status-publish","hentry"],"_links":{"self":[{"href":"https:\/\/sites.ipleiria.pt\/2jornadasinternacionaispeps\/wp-json\/wp\/v2\/pages\/18","targetHints":{"allow":["GET"]}}],"collection":[{"href":"https:\/\/sites.ipleiria.pt\/2jornadasinternacionaispeps\/wp-json\/wp\/v2\/pages"}],"about":[{"href":"https:\/\/sites.ipleiria.pt\/2jornadasinternacionaispeps\/wp-json\/wp\/v2\/types\/page"}],"author":[{"embeddable":true,"href":"https:\/\/sites.ipleiria.pt\/2jornadasinternacionaispeps\/wp-json\/wp\/v2\/users\/102"}],"replies":[{"embeddable":true,"href":"https:\/\/sites.ipleiria.pt\/2jornadasinternacionaispeps\/wp-json\/wp\/v2\/comments?post=18"}],"version-history":[{"count":19,"href":"https:\/\/sites.ipleiria.pt\/2jornadasinternacionaispeps\/wp-json\/wp\/v2\/pages\/18\/revisions"}],"predecessor-version":[{"id":933,"href":"https:\/\/sites.ipleiria.pt\/2jornadasinternacionaispeps\/wp-json\/wp\/v2\/pages\/18\/revisions\/933"}],"wp:attachment":[{"href":"https:\/\/sites.ipleiria.pt\/2jornadasinternacionaispeps\/wp-json\/wp\/v2\/media?parent=18"}],"curies":[{"name":"wp","href":"https:\/\/api.w.org\/{rel}","templated":true}]}}