{"id":20,"date":"2019-12-12T11:52:43","date_gmt":"2019-12-12T11:52:43","guid":{"rendered":"https:\/\/sites.ipleiria.pt\/4ciead\/?page_id=20"},"modified":"2022-11-09T10:56:21","modified_gmt":"2022-11-09T10:56:21","slug":"key-dates","status":"publish","type":"page","link":"https:\/\/sites.ipleiria.pt\/2jornadasinternacionaispeps\/key-dates\/","title":{"rendered":"Program + Dates"},"content":{"rendered":"\n<p><strong>.<\/strong> Submissions limit: <strong>november 1, 2022<\/strong><br><strong>.<\/strong> Authors notification: <strong><strong>november 14, 2022<\/strong><\/strong>;<br><strong>.<\/strong> Congress registration: <strong>until november 11, 2022<\/strong>;<br><strong>.<\/strong> Congress dates: <strong>november 18 to 19, 2022<\/strong><\/p>\n\n\n\n<p><\/p>\n\n\n\n<p style=\"font-size:16px\"><strong>friday, november 18<\/strong><\/p>\n\n\n\n<p class=\"has-small-font-size\"><strong>09h30<\/strong><br>Secretariat opening<\/p>\n\n\n\n<p class=\"has-small-font-size\"><strong>10h00<\/strong><br>Opening session<\/p>\n\n\n\n<p class=\"has-small-font-size\">1<strong>0h30<\/strong><br>Comunication <br>Prof. Dr. Diogo Teixeira- Universidade de Lus\u00f3fona de Humanidades e Tecnologias (ULHT) &#8211; <em>Afetivismo e exerc\u00edcio f\u00edsico: contributos para a melhoria da ades\u00e3o individual \u00e0 pr\u00e1tica<\/em><\/p>\n\n\n\n<p class=\"has-small-font-size\">&#8211; coffee break &#8211; &nbsp;<\/p>\n\n\n\n<p class=\"has-small-font-size\"><strong>11h30<\/strong><br>Free Comunication<\/p>\n\n\n\n<p class=\"has-small-font-size\">&#8211; Lunch &#8211;&nbsp;<\/p>\n\n\n\n<p class=\"has-small-font-size\"><strong>15h00<\/strong><br>Free Comunication&nbsp;<\/p>\n\n\n\n<p class=\"has-small-font-size\">-coffee break-&nbsp;<\/p>\n\n\n\n<p class=\"has-small-font-size\"><strong>16h30<\/strong><br>Comunication <br>Prof. Dra Ruth Jim\u00e9nez -Universdidad de Extremadura (UNEX) &#8211;<em>ESTRATEGIAS MOTIVACIONALES PARA FOMENTAR UN ESTILO DE VIDA<\/em><\/p>\n\n\n\n<p><\/p>\n\n\n\n<p style=\"font-size:16px\"><strong>Saturday, november 19 <\/strong><\/p>\n\n\n\n<p class=\"has-small-font-size\"><strong>10h00<\/strong> <br>Free Comunication<\/p>\n\n\n\n<p class=\"has-small-font-size\"><strong>10h45 <\/strong><br>Coffee break<\/p>\n\n\n\n<p class=\"has-small-font-size\"><strong>11h00 <\/strong><br>Comunication Prof. Dr. Themudo Barata &#8211; Universidade da Beira Interior&nbsp;&#8211; <em>O profissional de Exerc\u00edcio e Sa\u00fade: profissional de Exerc\u00edcio ou <\/em><\/p>\n\n\n\n<p class=\"has-small-font-size\">1<strong>1h45 <\/strong><br>Round table &#8211; <em>Exercise &amp; Health trends for the future<\/em><\/p>\n\n\n\n<p class=\"has-small-font-size\"><strong>12h30 <\/strong><br>Closing ceremony<\/p>\n","protected":false},"excerpt":{"rendered":"<p>. Submissions limit: november 1, 2022. Authors notification: november 14, 2022;. Congress registration: until november 11, 2022;. Congress dates: november 18 to 19, 2022 friday, november 18 09h30Secretariat opening 10h00Opening session 10h30Comunication Prof. Dr. Diogo Teixeira- Universidade de Lus\u00f3fona de&hellip;  <\/p>\n<p class=\"more-link\"><a href=\"https:\/\/sites.ipleiria.pt\/2jornadasinternacionaispeps\/key-dates\/\">Continue reading <span class=\"meta-nav\">&rarr;<\/span><\/a><\/p>\n","protected":false},"author":102,"featured_media":0,"parent":0,"menu_order":0,"comment_status":"closed","ping_status":"closed","template":"","meta":{"footnotes":""},"class_list":["post-20","page","type-page","status-publish","hentry"],"_links":{"self":[{"href":"https:\/\/sites.ipleiria.pt\/2jornadasinternacionaispeps\/wp-json\/wp\/v2\/pages\/20","targetHints":{"allow":["GET"]}}],"collection":[{"href":"https:\/\/sites.ipleiria.pt\/2jornadasinternacionaispeps\/wp-json\/wp\/v2\/pages"}],"about":[{"href":"https:\/\/sites.ipleiria.pt\/2jornadasinternacionaispeps\/wp-json\/wp\/v2\/types\/page"}],"author":[{"embeddable":true,"href":"https:\/\/sites.ipleiria.pt\/2jornadasinternacionaispeps\/wp-json\/wp\/v2\/users\/102"}],"replies":[{"embeddable":true,"href":"https:\/\/sites.ipleiria.pt\/2jornadasinternacionaispeps\/wp-json\/wp\/v2\/comments?post=20"}],"version-history":[{"count":10,"href":"https:\/\/sites.ipleiria.pt\/2jornadasinternacionaispeps\/wp-json\/wp\/v2\/pages\/20\/revisions"}],"predecessor-version":[{"id":922,"href":"https:\/\/sites.ipleiria.pt\/2jornadasinternacionaispeps\/wp-json\/wp\/v2\/pages\/20\/revisions\/922"}],"wp:attachment":[{"href":"https:\/\/sites.ipleiria.pt\/2jornadasinternacionaispeps\/wp-json\/wp\/v2\/media?parent=20"}],"curies":[{"name":"wp","href":"https:\/\/api.w.org\/{rel}","templated":true}]}}