{"id":26,"date":"2019-12-12T11:54:14","date_gmt":"2019-12-12T11:54:14","guid":{"rendered":"https:\/\/sites.ipleiria.pt\/4ciead\/?page_id=26"},"modified":"2022-10-04T15:15:55","modified_gmt":"2022-10-04T15:15:55","slug":"inscricao","status":"publish","type":"page","link":"https:\/\/sites.ipleiria.pt\/2jornadasinternacionaispeps\/pt\/inscricao\/","title":{"rendered":"Inscri\u00e7\u00e3o"},"content":{"rendered":"\n<figure class=\"wp-block-table\"><table class=\"has-fixed-layout\"><tbody><tr><td><h5 class=\"p2\">Estudantes e alumni do Polit\u00e9cnico de Leiria<\/h5><\/td><td> <h5 class=\"p2\"><b>15\u20ac<\/b><\/h5><\/td><\/tr><tr><td><h5 class=\"p3\">Profissionais e t\u00e9cnicos da plataforma Litoral da AGAP e da Portugal Ativo*&nbsp;<\/h5><\/td><td> <h5 class=\"p2\">25\u20ac<\/h5> <\/td><\/tr><tr><td><h5 class=\"p3\">Participantes em geral<\/h5><\/td><td> <h5 class=\"p2\">35\u20ac<\/h5> <\/td><\/tr><\/tbody><\/table><\/figure>\n\n\n\n<p style=\"font-size:10px\">*Enviar comprovativos para&nbsp;forma\u00e7ao.continua.esecs@ipleiria.pt<\/p>\n\n\n\n<hr class=\"wp-block-separator has-text-color has-background has-white-background-color has-white-color\"\/>\n\n\n\n<hr class=\"wp-block-separator has-text-color has-background has-white-background-color has-white-color\"\/>\n\n\n\n<figure class=\"wp-block-table\" style=\"font-size:12px\"><table><tbody><tr><td class=\"has-text-align-center\" data-align=\"center\"><br><strong>As Jornadas encontram-se acreditadas para professores de Educa\u00e7\u00e3o F\u00edsica, como 2 a\u00e7\u00f5es de curta dura\u00e7\u00e3o<\/strong><\/td><\/tr><\/tbody><\/table><\/figure>\n\n\n\n<figure class=\"wp-block-table\"><table class=\"has-fixed-layout\"><tbody><tr><td><h5 class=\"p3\">6 horas no dia 18-11-2022<\/h5><\/td><td> <h5 class=\"p2\">20\u20ac<\/h5> <\/td><\/tr><tr><td><h5 class=\"p3\">4 horas no dia 19-11-2022<\/h5><\/td><td> <h5 class=\"p2\">15\u20ac<\/h5> <\/td><\/tr><\/tbody><\/table><\/figure>\n\n\n\n<p><strong>Inscri\u00e7\u00e3o (<a href=\"https:\/\/eventos.ipleiria.pt\/portal\/eventos?p_id=27273\">aqu\u00ed<\/a>)<\/strong><\/p>\n\n\n\n<div class=\"wp-block-buttons is-layout-flex wp-block-buttons-is-layout-flex\"><\/div>\n\n\n\n<p><strong>Para mais informa\u00e7\u00f5es<\/strong><br>Helena Rebelo<br>Email:&nbsp;<a href=\"mailto:formacao.continua.esecs@ipleiria.pt\">formacao.continua.esecs@ipleiria.pt<\/a><br>Telefone: <a href=\"http:\/\/244 829 400\">(+351) 244 829 400 | Ext. 100 156<\/a><\/p>\n\n\n\n<p><strong>Termos e Condi\u00e7\u00f5es<\/strong><br>A taxa de inscri\u00e7\u00e3o inclui a assist\u00eancia \u00e0 confer\u00eancia, acesso ao material informativo e aos\u00a0<em>coffee breaks<\/em>.<br>Em caso de desist\u00eancia, s\u00f3 haver\u00e1 devolu\u00e7\u00e3o de pagamento, se a mesma for solicitada at\u00e9 ao dia 11 de novembro 2022, para o endere\u00e7o\u00a0<a href=\"mailto:formacao.continua.esecs@ipleiria.pt\">formacao.continua.esecs@ipleiria.pt<\/a>.<\/p>\n","protected":false},"excerpt":{"rendered":"<p>Estudantes e alumni do Polit\u00e9cnico de Leiria 15\u20ac Profissionais e t\u00e9cnicos da plataforma Litoral da AGAP e da Portugal Ativo*&nbsp; 25\u20ac Participantes em geral 35\u20ac *Enviar comprovativos para&nbsp;forma\u00e7ao.continua.esecs@ipleiria.pt As Jornadas encontram-se acreditadas para professores de Educa\u00e7\u00e3o F\u00edsica, como 2 a\u00e7\u00f5es&hellip;  <\/p>\n<p class=\"more-link\"><a href=\"https:\/\/sites.ipleiria.pt\/2jornadasinternacionaispeps\/pt\/inscricao\/\">Continue reading <span class=\"meta-nav\">&rarr;<\/span><\/a><\/p>\n","protected":false},"author":102,"featured_media":0,"parent":0,"menu_order":0,"comment_status":"closed","ping_status":"closed","template":"","meta":{"footnotes":""},"class_list":["post-26","page","type-page","status-publish","hentry"],"_links":{"self":[{"href":"https:\/\/sites.ipleiria.pt\/2jornadasinternacionaispeps\/wp-json\/wp\/v2\/pages\/26","targetHints":{"allow":["GET"]}}],"collection":[{"href":"https:\/\/sites.ipleiria.pt\/2jornadasinternacionaispeps\/wp-json\/wp\/v2\/pages"}],"about":[{"href":"https:\/\/sites.ipleiria.pt\/2jornadasinternacionaispeps\/wp-json\/wp\/v2\/types\/page"}],"author":[{"embeddable":true,"href":"https:\/\/sites.ipleiria.pt\/2jornadasinternacionaispeps\/wp-json\/wp\/v2\/users\/102"}],"replies":[{"embeddable":true,"href":"https:\/\/sites.ipleiria.pt\/2jornadasinternacionaispeps\/wp-json\/wp\/v2\/comments?post=26"}],"version-history":[{"count":11,"href":"https:\/\/sites.ipleiria.pt\/2jornadasinternacionaispeps\/wp-json\/wp\/v2\/pages\/26\/revisions"}],"predecessor-version":[{"id":784,"href":"https:\/\/sites.ipleiria.pt\/2jornadasinternacionaispeps\/wp-json\/wp\/v2\/pages\/26\/revisions\/784"}],"wp:attachment":[{"href":"https:\/\/sites.ipleiria.pt\/2jornadasinternacionaispeps\/wp-json\/wp\/v2\/media?parent=26"}],"curies":[{"name":"wp","href":"https:\/\/api.w.org\/{rel}","templated":true}]}}