{"id":30,"date":"2019-12-12T11:54:59","date_gmt":"2019-12-12T11:54:59","guid":{"rendered":"https:\/\/sites.ipleiria.pt\/4ciead\/?page_id=30"},"modified":"2022-10-07T14:33:23","modified_gmt":"2022-10-07T14:33:23","slug":"contactos","status":"publish","type":"page","link":"https:\/\/sites.ipleiria.pt\/2jornadasinternacionaispeps\/pt\/contactos\/","title":{"rendered":"Contactos"},"content":{"rendered":"\n<p><strong>Comiss\u00e3o Organizadora e Comiss\u00e3o Cient\u00edfica das <strong><strong><strong>II Jornadas Internacionais em Prescri\u00e7\u00e3o do Exerc\u00edcio e Promo\u00e7\u00e3o da Sa\u00fade<\/strong><\/strong><\/strong><\/strong><br>Email:\u00a0<a href=\"jornadasmpeps@gmail.com\" data-type=\"URL\" data-id=\"jornadasmpeps@gmail.com\"><\/a><a href=\"mailto:jornadasmpeps@gmail.com\">jornadasmpeps@gmail.com<\/a><\/p>\n\n\n\n<p><strong>Secretariado<\/strong><br>Helena Rebelo<br>Email:&nbsp;<a href=\"mailto:formacao.continua.esecs@ipleiria.pt\">formacao.continua.esecs@ipleiria.pt<\/a><br>Telefone: <a href=\"http:\/\/244 829 400\">(+351) 244 829 400 | Ext. 100 156<\/a><\/p>\n\n\n\n<p><\/p>\n\n\n\n<hr class=\"wp-block-separator has-text-color has-background has-white-background-color has-white-color\"\/>\n\n\n\n<hr class=\"wp-block-separator\"\/>\n\n\n\n<p><strong>Como chegar \u00e0s <strong>II Jornadas Internacionais em Prescri\u00e7\u00e3o do Exerc\u00edcio e Promo\u00e7\u00e3o da Sa\u00fade<\/strong><\/strong><\/p>\n\n\n<p><iframe loading=\"lazy\" style=\"border: 0;\" src=\"https:\/\/www.google.com\/maps\/embed?pb=!1m14!1m8!1m3!1d12271.979851798726!2d-8.811366!3d39.739764!3m2!1i1024!2i768!4f13.1!3m3!1m2!1s0x0%3A0xdec23e871edb415f!2sPolit%C3%A9cnico%20de%20Leiria%20%2F%20Escola%20Superior%20de%20Educa%C3%A7%C3%A3o%20e%20Ci%C3%AAncias%20Sociais%20(ESECS)!5e0!3m2!1spt-PT!2spt!4v1664883160885!5m2!1spt-PT!2spt\" width=\"600\" height=\"450\" allowfullscreen=\"allowfullscreen\"><\/iframe><\/p>\n\n\n<hr class=\"wp-block-separator has-text-color has-background has-white-background-color has-white-color\"\/>\n\n\n\n<hr class=\"wp-block-separator\"\/>\n\n\n\n<p><strong>Transporte<\/strong><br>A cidade de Leiria possui liga\u00e7\u00f5es r\u00e1pidas e frequentes a Lisboa e Porto, atrav\u00e9s da Rede Nacional de Expressos (consulte&nbsp;<a href=\"http:\/\/www.rede-expressos.pt\/\">http:\/\/www.rede-expressos.pt\/<\/a>).<br>A Escola Superior de Educa\u00e7\u00e3o e Ci\u00eancias Sociais (ESECS), onde decorrem <strong><strong><strong>II Jornadas Internacionais em Prescri\u00e7\u00e3o do Exerc\u00edcio e Promo\u00e7\u00e3o da Sa\u00fade<\/strong><\/strong><\/strong>, fica pr\u00f3xima da esta\u00e7\u00e3o da rodovi\u00e1ria (10 minutos a p\u00e9).<\/p>\n\n\n<p><iframe loading=\"lazy\" style=\"border: 0;\" src=\"https:\/\/www.google.com\/maps\/embed?pb=!1m14!1m8!1m3!1d12271.979851798726!2d-8.811366!3d39.739764!3m2!1i1024!2i768!4f13.1!3m3!1m2!1s0x0%3A0xdec23e871edb415f!2sPolit%C3%A9cnico%20de%20Leiria%20%2F%20Escola%20Superior%20de%20Educa%C3%A7%C3%A3o%20e%20Ci%C3%AAncias%20Sociais%20(ESECS)!5e0!3m2!1spt-PT!2spt!4v1664883160885!5m2!1spt-PT!2spt\" width=\"600\" height=\"450\" allowfullscreen=\"allowfullscreen\"><\/iframe>&nbsp;<\/p>\n\n\n<hr class=\"wp-block-separator has-text-color has-background has-white-background-color has-white-color\"\/>\n\n\n\n<hr class=\"wp-block-separator\"\/>\n\n\n\n<p><strong>Alojamento<\/strong><br>Leiria possui uma diversificada gama de hot\u00e9is e hostels, localizados pr\u00f3ximo da ESECS \u2013 onde decorrem as <strong><strong><strong>II Jornadas Internacionais em Prescri\u00e7\u00e3o do Exerc\u00edcio e Promo\u00e7\u00e3o da Sa\u00fade<\/strong><\/strong><\/strong> \u2013 e do centro da cidade.<\/p>\n\n\n\n<p><\/p>\n\n\n<p><a href=\"https:\/\/www.google.com\/maps\/search\/alojamento\/@39.7444509,-8.8085517,16.06z\/data=!4m6!2m5!5m3!5m2!4m1!1i1!6e3\">VER ALOJAMENTO<\/a><\/p>","protected":false},"excerpt":{"rendered":"<p>Comiss\u00e3o Organizadora e Comiss\u00e3o Cient\u00edfica das II Jornadas Internacionais em Prescri\u00e7\u00e3o do Exerc\u00edcio e Promo\u00e7\u00e3o da Sa\u00fadeEmail:\u00a0jornadasmpeps@gmail.com SecretariadoHelena RebeloEmail:&nbsp;formacao.continua.esecs@ipleiria.ptTelefone: (+351) 244 829 400 | Ext. 100 156 Como chegar \u00e0s II Jornadas Internacionais em Prescri\u00e7\u00e3o do Exerc\u00edcio e Promo\u00e7\u00e3o da&hellip;  <\/p>\n<p class=\"more-link\"><a href=\"https:\/\/sites.ipleiria.pt\/2jornadasinternacionaispeps\/pt\/contactos\/\">Continue reading <span class=\"meta-nav\">&rarr;<\/span><\/a><\/p>\n","protected":false},"author":102,"featured_media":0,"parent":0,"menu_order":0,"comment_status":"closed","ping_status":"closed","template":"","meta":{"footnotes":""},"class_list":["post-30","page","type-page","status-publish","hentry"],"_links":{"self":[{"href":"https:\/\/sites.ipleiria.pt\/2jornadasinternacionaispeps\/wp-json\/wp\/v2\/pages\/30","targetHints":{"allow":["GET"]}}],"collection":[{"href":"https:\/\/sites.ipleiria.pt\/2jornadasinternacionaispeps\/wp-json\/wp\/v2\/pages"}],"about":[{"href":"https:\/\/sites.ipleiria.pt\/2jornadasinternacionaispeps\/wp-json\/wp\/v2\/types\/page"}],"author":[{"embeddable":true,"href":"https:\/\/sites.ipleiria.pt\/2jornadasinternacionaispeps\/wp-json\/wp\/v2\/users\/102"}],"replies":[{"embeddable":true,"href":"https:\/\/sites.ipleiria.pt\/2jornadasinternacionaispeps\/wp-json\/wp\/v2\/comments?post=30"}],"version-history":[{"count":16,"href":"https:\/\/sites.ipleiria.pt\/2jornadasinternacionaispeps\/wp-json\/wp\/v2\/pages\/30\/revisions"}],"predecessor-version":[{"id":815,"href":"https:\/\/sites.ipleiria.pt\/2jornadasinternacionaispeps\/wp-json\/wp\/v2\/pages\/30\/revisions\/815"}],"wp:attachment":[{"href":"https:\/\/sites.ipleiria.pt\/2jornadasinternacionaispeps\/wp-json\/wp\/v2\/media?parent=30"}],"curies":[{"name":"wp","href":"https:\/\/api.w.org\/{rel}","templated":true}]}}