{"id":330,"date":"2019-12-09T14:37:56","date_gmt":"2019-12-09T14:37:56","guid":{"rendered":"http:\/\/4ciead.sites.ipleiria.pt\/?page_id=2"},"modified":"2024-07-12T11:38:43","modified_gmt":"2024-07-12T11:38:43","slug":"apresentacao","status":"publish","type":"page","link":"https:\/\/sites.ipleiria.pt\/2jornadasinternacionaispeps\/pt\/apresentacao\/","title":{"rendered":"Apresenta\u00e7\u00e3o"},"content":{"rendered":"\n<p>As sociedades contempor\u00e2neas, os modelos de desenvolvimento em curso e os problemas deles A atividade f\u00edsica, o exerc\u00edcio, o desporto, a sa\u00fade e a qualidade de vida s\u00e3o conceitos interligados entre si, que t\u00eam merecido uma aten\u00e7\u00e3o e discuss\u00e3o crescentes. A urg\u00eancia de implementa\u00e7\u00e3o de tais conceitos nas sociedades contempor\u00e2neas \u00e9 alvo de peri\u00f3dicas recomenda\u00e7\u00f5es por parte de diversas entidades, como a OMS, UNESCO ou ONU. Assim, in\u00fameras pol\u00edticas de interven\u00e7\u00e3o t\u00eam sido fomentadas por institui\u00e7\u00f5es governamentais na senda da promo\u00e7\u00e3o de altera\u00e7\u00f5es nos h\u00e1bitos e estilos de vida sociais, fazendo face \u00e0 epidemia comportamental atual, como por exemplo, o sedentarismo, inatividade f\u00edsica, excesso de peso e obesidade, diabetes tipo II e hipertens\u00e3o arterial.<br><br><strong>Objetivos principais:<\/strong><\/p>\n\n\n\n<p>\u2022 Permitir um espa\u00e7o de reflex\u00e3o entre os diversos profissionais que atuam no campo do exerc\u00edcio e da sa\u00fade.<br>\u2022 Abordar estrat\u00e9gias de interven\u00e7\u00e3o no dom\u00ednio da prescri\u00e7\u00e3o do exerc\u00edcio para a sa\u00fade.&nbsp;<br>\u2022 Criar sinergias entre diferentes dom\u00ednios de atua\u00e7\u00e3o em prol da melhoria do bem-estar e da sa\u00fade.&nbsp;<\/p>\n\n\n\n<p><br><strong><strong>As <strong><strong>II Jornadas Internacionais em Prescri\u00e7\u00e3o do Exerc\u00edcio e Promo\u00e7\u00e3o da Sa\u00fade<\/strong><\/strong><\/strong> decorrer\u00e3o em regime presencial na Escola Superior de Educa\u00e7\u00e3o e Ci\u00eancias Sociais do Instituto Polit\u00e9cnico de Leiria nos dias 18 e 19 de novembro de 2022. <\/strong><\/p>\n\n\n\n<p><\/p>\n\n\n\n<p><br><strong>Participantes<\/strong><br>Investigadores, Profissionais de sa\u00fade, Professores de educa\u00e7\u00e3o fisica, Profissionais do exerc\u00edcio f\u00edsico , T\u00e9cnicos superiores de desporto, Estudantes do ensino superior, Publico em geral<\/p>\n\n\n\n<p><\/p>\n\n\n\n<p><strong>Subtemas<\/strong><br>Estrat\u00e9gias de interven\u00e7\u00e3o para a prescri\u00e7\u00e3o do exerc\u00edcio f\u00edsico para a sa\u00fade<br>Inova\u00e7\u00e3o e tecnologia na atividade f\u00edsica e na sa\u00fade<\/p>\n\n\n\n<p><strong>Keynote Speakers<\/strong><\/p>\n\n\n\n<div class=\"wp-block-columns is-layout-flex wp-container-core-columns-is-layout-1 wp-block-columns-is-layout-flex\">\n<div class=\"wp-block-column is-vertically-aligned-center is-layout-flow wp-block-column-is-layout-flow\" style=\"flex-basis:33.33%\">\n<figure class=\"wp-block-image size-full is-resized\"><img decoding=\"async\" src=\"https:\/\/sites.ipleiria.pt\/2jornadasinternacionaispeps\/files\/2022\/10\/Diogo-2-edited.jpg\" alt=\"\" class=\"wp-image-874\" width=\"289\" srcset=\"https:\/\/sites.ipleiria.pt\/2jornadasinternacionaispeps\/files\/2022\/10\/Diogo-2-edited.jpg 536w, https:\/\/sites.ipleiria.pt\/2jornadasinternacionaispeps\/files\/2022\/10\/Diogo-2-edited-225x300.jpg 225w\" sizes=\"(max-width: 536px) 100vw, 536px\" \/><\/figure>\n<\/div>\n\n\n\n<div class=\"wp-block-column is-layout-flow wp-block-column-is-layout-flow\" style=\"flex-basis:66.66%\">\n<p class=\"has-small-font-size\"><strong>Diogo Santos Teixeira<\/strong> \u00e9 Doutorado em Atividade F\u00edsica e Sa\u00fade, Mestre em Exerc\u00edcio e Bem-Estar, P\u00f3s-Graduado em Sa\u00fade, Nutri\u00e7\u00e3o e Exerc\u00edcio, e Licenciado em Educa\u00e7\u00e3o F\u00edsica e Desporto. Atualmente desenvolve a sua leciona\u00e7\u00e3o e investiga\u00e7\u00e3o na FEFD-ULHT e no CIDEFES. A sua investiga\u00e7\u00e3o est\u00e1 centrada nas quest\u00f5es comportamentais em v\u00e1rios contextos de pr\u00e1tica de atividade f\u00edsica, com particular enfoque no exerc\u00edcio f\u00edsico praticado em gin\u00e1sios e health clubs. Atualmente possui cerca de 100 artigos publicados em revistas com revis\u00e3o por pares, foi editor do manual do t\u00e9cnico de exerc\u00edcio f\u00edsico, e autor de v\u00e1rios cap\u00edtulos em dois livros t\u00e9cnicos.<br><a href=\"https:\/\/sites.ipleiria.pt\/2jornadasinternacionaispeps\/2022\/11\/03\/afetivismo-e-exercicio-fisico-contributos-para-a-melhoria-da-adesao-individual-a-pratica\/\" data-type=\"post\" data-id=\"912\"><strong>Ver abstract da comunica\u00e7\u00e3o do Prof. Dr. Diogo Teixeira<\/strong><\/a><\/p>\n<\/div>\n<\/div>\n\n\n\n<hr class=\"wp-block-separator has-text-color has-background has-black-background-color has-black-color\"\/>\n\n\n\n<div class=\"wp-block-columns is-layout-flex wp-container-core-columns-is-layout-2 wp-block-columns-is-layout-flex\">\n<div class=\"wp-block-column is-layout-flow wp-block-column-is-layout-flow\" style=\"flex-basis:33.33%\">\n<figure class=\"wp-block-image size-full is-resized\"><img loading=\"lazy\" decoding=\"async\" src=\"https:\/\/sites.ipleiria.pt\/2jornadasinternacionaispeps\/files\/2022\/10\/Imagem1.jpg\" alt=\"\" class=\"wp-image-873\" width=\"291\" height=\"434\" srcset=\"https:\/\/sites.ipleiria.pt\/2jornadasinternacionaispeps\/files\/2022\/10\/Imagem1.jpg 479w, https:\/\/sites.ipleiria.pt\/2jornadasinternacionaispeps\/files\/2022\/10\/Imagem1-201x300.jpg 201w\" sizes=\"auto, (max-width: 291px) 100vw, 291px\" \/><\/figure>\n<\/div>\n\n\n\n<div class=\"wp-block-column is-layout-flow wp-block-column-is-layout-flow\" style=\"flex-basis:66.66%\">\n<p class=\"has-small-font-size\"><strong>Professor Doutor Jos\u00e9 Luis Ribeiro Themudo Barata<\/strong>, nascido a 21 de Junho de 1955<br>Professor com agrega\u00e7\u00e3o da Universidade da Beira Interior (UBI), lecionando nos&nbsp;&nbsp;seguintes Mestrados Integrados (MIs) Medicina&nbsp;&nbsp;&#8211; Neste MI criou a primeira unidade curricular obrigat\u00f3ria, a n\u00edvel europeu, anual, designada de Nutri\u00e7\u00e3o e Actividade F\u00edsica em Medicina, que lhe mereceu uma men\u00e7\u00e3o da Organiza\u00e7\u00e3o Mundial<br>de Sa\u00fade como exemplo de boas pr\u00e1ticas: Ci\u00eancias Farmac\u00eauticas | Exerc\u00edcio e Sa\u00fade.<br>M\u00e9dico especialista em Medicina Desportiva desde 1995;<br>M\u00e9dico especialista em Medicina Interna desde 1988 com grau de consultor desde 1997;<br>Colabora como docente em outras institui\u00e7\u00f5es universit\u00e1rias, destacando a Nova Medical School da Universidade Nova de<\/p>\n<\/div>\n<\/div>\n\n\n\n<p class=\"has-small-font-size\">Lisboa e a Faculdade de Ci\u00eancias da Sa\u00fade da Universidade Cat\u00f3lica Portuguesa;<br>Criou o servi\u00e7o de Nutri\u00e7\u00e3o e Atividade F\u00edsica do Centro Hospitalar da Cova da Beira, no qual se inclui a consulta de obesidade e controlo de peso;<br>Cl\u00ednica privada em Lisboa, nas \u00e1reas da Medicina da Atividade F\u00edsica e Prescri\u00e7\u00e3o de Exerc\u00edcio Desportiva e na \u00c1rea da Obesidade e Controle de Peso.<br>Autor de diversos trabalhos cient\u00edficos, muitos deles em revistas indexadas por pares, bem como autor \u00fanico, editor ou coeditor de 5 livros sobre temas ligados \u00e0 Medicina e\/ou \u00e0 atividade f\u00edsica.<br><strong><a href=\"https:\/\/sites.ipleiria.pt\/2jornadasinternacionaispeps\/pt\/2022\/10\/21\/estrategias-motivacionales-para-fomentar-un-estilo-de-vida-activo\/\">Ver abstract da comunica\u00e7\u00e3o do Prof. Theumundo Barata<\/a><\/strong><\/p>\n\n\n\n<hr class=\"wp-block-separator has-text-color has-background has-black-background-color has-black-color\"\/>\n\n\n\n<div class=\"wp-block-columns is-layout-flex wp-container-core-columns-is-layout-3 wp-block-columns-is-layout-flex\">\n<div class=\"wp-block-column is-layout-flow wp-block-column-is-layout-flow\" style=\"flex-basis:33.33%\">\n<figure class=\"wp-block-image size-full\"><img loading=\"lazy\" decoding=\"async\" width=\"398\" height=\"531\" src=\"https:\/\/sites.ipleiria.pt\/2jornadasinternacionaispeps\/files\/2022\/10\/Imagem2-edited.jpg\" alt=\"\" class=\"wp-image-876\" srcset=\"https:\/\/sites.ipleiria.pt\/2jornadasinternacionaispeps\/files\/2022\/10\/Imagem2-edited.jpg 398w, https:\/\/sites.ipleiria.pt\/2jornadasinternacionaispeps\/files\/2022\/10\/Imagem2-edited-225x300.jpg 225w\" sizes=\"auto, (max-width: 398px) 100vw, 398px\" \/><\/figure>\n<\/div>\n\n\n\n<div class=\"wp-block-column is-layout-flow wp-block-column-is-layout-flow\" style=\"flex-basis:66.66%\">\n<p class=\"has-small-font-size\"><strong>Ruth Jim\u00e9nez Castuera<\/strong>. Licenciada en Ciencias de la Actividad F\u00edsica y el Deporte. Profesora Catedr\u00e1tica en la Facultad de Ciencias del Deporte de la Universidad de Extremadura. Premio Extraordinario de Doctorado. M\u00e1ster en Alto Rendimiento Deportivo del COE y UAM. Actualmente ejerce el cargo de Vicedecana de Ordenaci\u00f3n Acad\u00e9mica e Innovaci\u00f3n Docente y de Coordinadora del Programa de Movilidad, adem\u00e1s de ser la Secretaria de la Asociaci\u00f3n Espa\u00f1ola de Ciencias del Deporte (AECD).<\/p>\n\n\n\n<p class=\"has-small-font-size\"><strong><a href=\"https:\/\/sites.ipleiria.pt\/2jornadasinternacionaispeps\/pt\/2022\/10\/21\/estrategias-motivacionales-para-fomentar-un-estilo-de-vida-activo\/\">Ver abstract da comunica\u00e7\u00e3o da Prof. Ruth Jimen\u00e9z Casturera<\/a><\/strong><\/p>\n<\/div>\n<\/div>\n\n\n\n<p><strong>L\u00ednguas de trabalho<\/strong><br>Portugu\u00eas, ingl\u00eas e castelhano<\/p>\n\n\n\n<p><\/p>\n\n\n\n<p><strong>Forma\u00e7\u00e3o Acreditada <\/strong><em>(s\u00f3 para Portugal)<\/em><strong><br><\/strong><br>As <strong><strong><strong>II Jornadas Internacionais em Prescri\u00e7\u00e3o do Exerc\u00edcio e Promo\u00e7\u00e3o da Sa\u00fade<\/strong><\/strong>&nbsp;<\/strong> encontram-se acreditadas como:<br><br>\u2022 A\u00e7\u00e3o creditada pelo IPDJ para revalida\u00e7\u00e3o do t\u00edtulo profissional de T\u00e9cnico de Exerc\u00edcio F\u00edsico e Diretor T\u00e9cnico \u2013&nbsp;<strong>11 horas \u2013 2.2 UC.<\/strong><br><br>\u2022 2 A\u00e7\u00f5es de curta dura\u00e7\u00e3o (6h+4h) nos termos do Art\u00ba. 5\u00ba do despacho n\u00ba 5741\/2015, no \u00e2mbito da forma\u00e7\u00e3o cont\u00ednua, para efeitos da progress\u00e3o na carreira, dos docentes de Educa\u00e7\u00e3o F\u00edsica (Art. 8.\u00ba do RJFC).<\/p>\n\n\n\n<p><\/p>\n\n\n\n<p>Descarregue aqui o cartaz das II Jornadas Internacionais de Avalia\u00e7\u00e3o e Prescri\u00e7\u00e3o em Exerc\u00edcio para a Sa\u00fade<\/p>\n\n\n\n<p><a href=\"http:\/\/sites.ipleiria.pt\/2jornadasinternacionaispeps\/files\/2022\/10\/CONFERENCIA-PEPS_Cartaz-1.png\" target=\"_blank\" rel=\"noreferrer noopener\">PNG<\/a><a href=\"http:\/\/sites.ipleiria.pt\/2jornadasinternacionaispeps\/files\/2022\/07\/V_CIEAD_2022_Cartaz.png\"> <\/a>| <a href=\"http:\/\/sites.ipleiria.pt\/2jornadasinternacionaispeps\/files\/2022\/10\/CONFERENCIA-PEPS_Cartaz.pdf\" target=\"_blank\" rel=\"noreferrer noopener\">PDF<\/a><\/p>\n","protected":false},"excerpt":{"rendered":"<p>As sociedades contempor\u00e2neas, os modelos de desenvolvimento em curso e os problemas deles A atividade f\u00edsica, o exerc\u00edcio, o desporto, a sa\u00fade e a qualidade de vida s\u00e3o conceitos interligados entre si, que t\u00eam merecido uma aten\u00e7\u00e3o e discuss\u00e3o crescentes.&hellip;  <\/p>\n<p class=\"more-link\"><a href=\"https:\/\/sites.ipleiria.pt\/2jornadasinternacionaispeps\/pt\/apresentacao\/\">Continue reading <span class=\"meta-nav\">&rarr;<\/span><\/a><\/p>\n","protected":false},"author":102,"featured_media":0,"parent":0,"menu_order":0,"comment_status":"closed","ping_status":"closed","template":"","meta":{"footnotes":""},"class_list":["post-330","page","type-page","status-publish","hentry"],"_links":{"self":[{"href":"https:\/\/sites.ipleiria.pt\/2jornadasinternacionaispeps\/wp-json\/wp\/v2\/pages\/330","targetHints":{"allow":["GET"]}}],"collection":[{"href":"https:\/\/sites.ipleiria.pt\/2jornadasinternacionaispeps\/wp-json\/wp\/v2\/pages"}],"about":[{"href":"https:\/\/sites.ipleiria.pt\/2jornadasinternacionaispeps\/wp-json\/wp\/v2\/types\/page"}],"author":[{"embeddable":true,"href":"https:\/\/sites.ipleiria.pt\/2jornadasinternacionaispeps\/wp-json\/wp\/v2\/users\/102"}],"replies":[{"embeddable":true,"href":"https:\/\/sites.ipleiria.pt\/2jornadasinternacionaispeps\/wp-json\/wp\/v2\/comments?post=330"}],"version-history":[{"count":15,"href":"https:\/\/sites.ipleiria.pt\/2jornadasinternacionaispeps\/wp-json\/wp\/v2\/pages\/330\/revisions"}],"predecessor-version":[{"id":954,"href":"https:\/\/sites.ipleiria.pt\/2jornadasinternacionaispeps\/wp-json\/wp\/v2\/pages\/330\/revisions\/954"}],"wp:attachment":[{"href":"https:\/\/sites.ipleiria.pt\/2jornadasinternacionaispeps\/wp-json\/wp\/v2\/media?parent=330"}],"curies":[{"name":"wp","href":"https:\/\/api.w.org\/{rel}","templated":true}]}}