{"id":12,"date":"2018-10-17T14:17:47","date_gmt":"2018-10-17T13:17:47","guid":{"rendered":"http:\/\/sites.ipleiria.pt\/15historias\/?page_id=12"},"modified":"2025-11-02T13:12:28","modified_gmt":"2025-11-02T13:12:28","slug":"ficha-tecnica","status":"publish","type":"page","link":"https:\/\/sites.ipleiria.pt\/2riul\/ficha-tecnica\/","title":{"rendered":"Comiss\u00f5es"},"content":{"rendered":"\n<p class=\"has-text-align-left has-text-color has-link-color wp-elements-dd1804a084c7b8e7ab0ba544d9a02495\" style=\"color:#000000ad;font-size:18px\"><strong>Comiss\u00e3o Organizadora:<\/strong><\/p>\n\n\n\n<p class=\"has-text-align-left has-text-color has-link-color wp-elements-cc8598e029e09247b951ce1ab5cd0ced\" style=\"color:#000000ad;font-size:16px\">Barbeiro, Lu\u00eds (Instituto Polit\u00e9cnico de Leiria)<\/p>\n\n\n\n<p class=\"has-text-color has-link-color wp-elements-cfa54edfb1ccb72c60ae78a8e1c841de\" style=\"color:#000000ad;font-size:16px\">Campos Fern\u00e1ndez-F\u00edgares, Mar (Universidad de Almer\u00eda)<\/p>\n\n\n\n<p class=\"has-text-align-left has-text-color has-link-color wp-elements-331be9fadfe7e83292bdcd0fb736e2e9\" style=\"color:#000000ad;font-size:16px\">Esperan\u00e7a Pina, Margarida (IELT- Universidade Nova de Lisboa)<\/p>\n\n\n\n<p class=\"has-text-align-left has-text-color has-link-color wp-elements-a0403fe16333ba8368661fb315b3015a\" style=\"color:#000000ad;font-size:16px\">Gamboa, Maria Jos\u00e9 (CI&amp;DEI &#8211; Instituto Polit\u00e9cnico de Leiria)<\/p>\n\n\n\n<p class=\"has-text-align-left has-text-color has-link-color wp-elements-48c94fc777e1a4db3a5224bd20c6ad29\" style=\"color:#000000ad;font-size:16px\">Martos Nu\u00f1ez, Eloy (Universidad de Extremadura)<\/p>\n\n\n\n<p class=\"has-text-align-left has-text-color has-link-color wp-elements-ca2f4f3f1dfb519e58ce4d2a09c0a5a3\" style=\"color:#000000ad;font-size:16px\">Menezes, Catarina (CI&amp;DEI &#8211; Instituto Polit\u00e9cnico de Leiria)<\/p>\n\n\n\n<p style=\"font-size:16px\">Pedro, Maria do Sameiro (Instituto Polit\u00e9cnico de Beja)<\/p>\n\n\n\n<p class=\"has-text-align-left has-text-color has-link-color wp-elements-d398189242ada2c37cbae632c2142be1\" style=\"color:#000000ad;font-size:16px\">Pires, Maria da Natividade (IELT-Instituto Polit\u00e9cnico de Castelo Branco)<br><br><\/p>\n\n\n\n<p class=\"has-text-align-left has-text-color has-link-color wp-elements-6f747240e324408cdece5d2a28b52ded\" style=\"color:#000000ad;font-size:18px\"><br><strong>Comiss\u00e3o Cient\u00edfica:<\/strong><\/p>\n\n\n\n<p class=\"has-text-align-left has-text-color has-link-color wp-elements-3b5d1babaec2b694e727aee37e6cc4d5\" style=\"color:#000000ad;font-size:16px\">Ara\u00fajo, Teresa (IELT- Universidade Nova de Lisboa)<\/p>\n\n\n\n<p class=\"has-text-align-left has-text-color has-link-color wp-elements-65d18304f4df9c8ca4a315b984d245d0\" style=\"color:#000000ad;font-size:16px\">Balaus Cust\u00f3dio, Pedro (Instituto Polit\u00e9cnico de Coimbra)<\/p>\n\n\n\n<p class=\"has-text-align-left has-text-color has-link-color wp-elements-47f080bc7e278c615488402290cebb97\" style=\"color:#000000ad;font-size:16px\">Bal\u00e7a, \u00c2ngela (Universidade de \u00c9vora)<\/p>\n\n\n\n<p class=\"has-text-align-left has-text-color has-link-color wp-elements-d0de556304e6f6a797a565aa0aae7484\" style=\"color:#000000ad;font-size:16px\">Ballester Roca, Josep (Universidade de Valencia)<\/p>\n\n\n\n<p class=\"has-text-align-left has-text-color has-link-color wp-elements-cc8598e029e09247b951ce1ab5cd0ced\" style=\"color:#000000ad;font-size:16px\">Barbeiro, Lu\u00eds (Instituto Polit\u00e9cnico de Leiria)<\/p>\n\n\n\n<p style=\"font-size:16px\">Campos Fern\u00e1ndez-F\u00edgares, Mar (Universidad de Almer\u00eda)<\/p>\n\n\n\n<p class=\"has-text-align-left has-text-color has-link-color wp-elements-7b0fd1060027271c57b34981ba02ed5d\" style=\"color:#000000ad;font-size:16px\">Costa, Paulo (Universidade de \u00c9vora)<\/p>\n\n\n\n<p class=\"has-text-align-left has-text-color has-link-color wp-elements-f983c13bce9322e1980a1cd18ab264a1\" style=\"color:#000000ad;font-size:16px\">D\u00edez Mediavilla, Antonio (Universidad de Alicante)&nbsp;<\/p>\n\n\n\n<p class=\"has-text-color has-link-color wp-elements-4e7a40dba2097e00cbbe4db777aeb65e\" style=\"color:#000000ad;font-size:16px\">Dion\u00edsio, Maria de Lourdes (Universidade do Minho)<\/p>\n\n\n\n<p style=\"font-size:16px\">Esperan\u00e7a Pina, Margarida (IELT- Universidade Nova de Lisboa)<\/p>\n\n\n\n<p style=\"font-size:16px\">Gamboa, Maria Jos\u00e9 (Instituto Polit\u00e9cnico de Leiria)<\/p>\n\n\n\n<p class=\"has-text-color has-link-color wp-elements-334ccf2b7ab8950cf3e0f83d908c0586\" style=\"color:#000000ad;font-size:16px\">Garcia Rivera, Gloria (Universidad de Extremadura)<\/p>\n\n\n\n<p class=\"has-text-align-left has-text-color has-link-color wp-elements-1aafadd197743e72fd9b57f39ded0305\" style=\"color:#000000ad;font-size:16px\">G\u00f3mez, Garcia-Luis Vicente (Instituto Polit\u00e9cnico de Castelo Branco)<\/p>\n\n\n\n<p class=\"has-text-color has-link-color wp-elements-af503a66e2fbe3f178c9a6502ad1fa2a\" style=\"color:#000000ad;font-size:16px\">Gon\u00e7alves, Teresa (Instituto Polit\u00e9cnico de Castelo Branco)<\/p>\n\n\n\n<p style=\"font-size:16px\">Ibarra, No\u00e9lia&nbsp;(Universidad de Valencia)<\/p>\n\n\n\n<p style=\"font-size:16px\">Leal Rivas, Natasha (Universit\u00e0 di Napoli Frederico II)<\/p>\n\n\n\n<p class=\"has-text-color has-link-color wp-elements-5197728ac28b674d48005b85d7ecdea5\" style=\"color:#000000ad;font-size:16px\">Machado, Ana Maria (Universidade de Coimbra)<\/p>\n\n\n\n<p style=\"font-size:16px\">Mart\u00ednez Ezquerro, Aurora (Univerdidad de la Rioja| Logro\u00f1o)<\/p>\n\n\n\n<p style=\"font-size:16px\">Martos N\u00fanez, Eloy (Universidad de Extremadura) <\/p>\n\n\n\n<p style=\"font-size:16px\">Mendes, Teresa (Instituto Polit\u00e9cnico de Portalegre)<\/p>\n\n\n\n<p class=\"has-text-color has-link-color wp-elements-4f96aaf481ec4f442b414e7ace936449\" style=\"color:#000000ad;font-size:16px\">Menezes, Catarina (Instituto Polit\u00e9cnico de Leiria)<\/p>\n\n\n\n<p style=\"font-size:16px\">Morales, Maria Isabel (Universidad de C\u00e1diz)<\/p>\n\n\n\n<p class=\"has-text-color has-link-color wp-elements-16c21e331b9ca8f56c084b33d55ebd3a\" style=\"color:#000000ad;font-size:16px\">Nobre, Cristina (Instituto Polit\u00e9cnico de Leiria)<\/p>\n\n\n\n<p style=\"font-size:16px\">Pais, Ant\u00f3nio (Instituto Polit\u00e9cnico de Castelo Branco)<\/p>\n\n\n\n<p style=\"font-size:16px\">Pedro, Maria do Sameiro&nbsp;(Instituto Polit\u00e9cnico de Beja) <\/p>\n\n\n\n<p style=\"font-size:16px\">Pereira, \u00cdris (Universidade do Minho)<\/p>\n\n\n\n<p style=\"font-size:16px\">P\u00e9rez Collados, Jos\u00e9 Mar\u00eda (Universidad de Girona)<\/p>\n\n\n\n<p style=\"font-size:16px\">Pires, Maria da Natividade (IELT-Instituto Polit\u00e9cnico de Castelo Branco) <\/p>\n\n\n\n<p style=\"font-size:16px\">Quiles Cabrera, Mar\u00eda del Carmen (Universidad de Almer\u00eda) <\/p>\n\n\n\n<p style=\"font-size:16px\">Robles \u00c1vila, Sara (Universidad de M\u00e1laga) <\/p>\n\n\n\n<p style=\"font-size:16px\">S\u00e1nchez Garc\u00eda, Remedios (Universidad de Granada)<\/p>\n\n\n\n<p style=\"font-size:16px\">Teixeira, Madalena (Universidade de Aveiro) <\/p>\n\n\n\n<p style=\"font-size:16px\">Viana, Fernanda (Universidade do Minho)<\/p>\n\n\n\n<p style=\"font-size:16px\">Yubero Jimenez, Santiago (Universidad de Castilla La Mancha)<\/p>\n","protected":false},"excerpt":{"rendered":"<p>Comiss\u00e3o Organizadora: Barbeiro, Lu\u00eds (Instituto Polit\u00e9cnico de Leiria) Campos Fern\u00e1ndez-F\u00edgares, Mar (Universidad de Almer\u00eda) Esperan\u00e7a Pina, Margarida (IELT- Universidade Nova de Lisboa) Gamboa, Maria Jos\u00e9 (CI&amp;DEI &#8211; Instituto Polit\u00e9cnico de Leiria) Martos Nu\u00f1ez, Eloy (Universidad de Extremadura) Menezes, Catarina (CI&amp;DEI &#8211; Instituto Polit\u00e9cnico de Leiria) Pedro, Maria do Sameiro (Instituto Polit\u00e9cnico de Beja) Pires, Maria [&hellip;]<\/p>\n","protected":false},"author":102,"featured_media":0,"parent":0,"menu_order":1,"comment_status":"closed","ping_status":"closed","template":"","meta":{"_et_pb_use_builder":"off","_et_pb_old_content":"<!-- wp:paragraph -->\n<p><strong>Comiss\u00e3o Organizadora:<\/strong><br><br>Esperan\u00e7a Pina, Margarida (IELT- Universidade Nova de Lisboa)<br>Dias, Sandra Guerreiro (Instituto Polit\u00e9cnico de Beja)<br>Duarte, Regina dos Santos (Plano Nacional de Leitura)<br>Dur\u00e1n Gonz\u00e1lez, Beatriz (Universidad de Extremadura)<br>Gamboa, Maria Jos\u00e9 (Instituto Polit\u00e9cnico de Leiria)<br>Garc\u00eda G\u00f3mez, Luis (Instituto Polit\u00e9cnico de Castelo Branco)<br>Martos Nu\u00f1ez, Eloy (Universidad de Extremadura)<br>Pais, Ant\u00f3nio (Instituto Polit\u00e9cnico de Castelo Branco)&nbsp;<br>Pedro, Maria do Sameiro (Instituto Polit\u00e9cnico de Beja)<br>Pires, Maria da Natividade (IELT-Instituto Polit\u00e9cnico de Castelo Branco)<br>Santos, Cristina (Instituto Polit\u00e9cnico de Beja)<br>Sarmento, Cristina (Plano Nacional de Leitura)<\/p>\n<!-- \/wp:paragraph -->\n\n<!-- wp:paragraph -->\n<p><strong>Comiss\u00e3o Cient\u00edfica:<\/strong><br><br>Ara\u00fajo, Teresa (IELT- Universidade Nova de Lisboa)<br>Azevedo, Fernando (Universidade do Minho)<br>Balaus Cust\u00f3dio, Pedro (Instituto Polit\u00e9cnico de Coimbra)<br>Bal\u00e7a, \u00c2ngela (Universidade de \u00c9vora)<br>Ballester Roca, Josep (Universidade de Valencia)<br>Barbeiro, Lu\u00eds (Instituto Polit\u00e9cnico de Leiria)<br>Costa, Paulo (Universidade de \u00c9vora)<br>Debus, Eliane (Universidade Federal de Santa Catarina)<br>Dias, Sandra Guerreiro (Instituto Polit\u00e9cnico de Beja)<br>D\u00edez Mediavilla, Antonio (Universidad de Alicante)&nbsp;<br>Gamboa, Maria Jos\u00e9 (Instituto Polit\u00e9cnico de Leiria)<br>Garcia Rivera, Gloria (Universidad de Extremadura)<br>Gon\u00e7alves, Teresa (Instituto Polit\u00e9cnico de Castelo Branco)<br>Jos\u00e9 Justino, Luc\u00edlia (Instituto Polit\u00e9cnico de Lisboa)<br>Leal Abad, Elena (Universidad de Sevilla)<br>Leal Rivas, Natasha (Universit\u00e0 di Napoli Frederico II)<br>Mendes, Teresa (Instituto Polit\u00e9cnico de Portalegre)<br>Menezes, Catarina (Instituto Polit\u00e9cnico de Leiria)<br>P\u00e9rez Collados, Jos\u00e9 Mar\u00eda (Universidad de Girona)<br>Pires, Maria da Natividade (IELT-Instituto Polit\u00e9cnico de Castelo Branco)<br>Quiles Cabrera, Maria Carmen (Universidad de Almer\u00eda)<br>Robles \u00c1vila, Sara (Universidad de M\u00e1laga)<br>Romero Oliva, Manuel Francisco (Universidad de C\u00e1diz)<br>S\u00e1nchez Garc\u00eda, Remedios (Universidad de Granada)<\/p>\n<!-- \/wp:paragraph -->","_et_gb_content_width":"","footnotes":""},"class_list":["post-12","page","type-page","status-publish","hentry"],"_links":{"self":[{"href":"https:\/\/sites.ipleiria.pt\/2riul\/wp-json\/wp\/v2\/pages\/12","targetHints":{"allow":["GET"]}}],"collection":[{"href":"https:\/\/sites.ipleiria.pt\/2riul\/wp-json\/wp\/v2\/pages"}],"about":[{"href":"https:\/\/sites.ipleiria.pt\/2riul\/wp-json\/wp\/v2\/types\/page"}],"author":[{"embeddable":true,"href":"https:\/\/sites.ipleiria.pt\/2riul\/wp-json\/wp\/v2\/users\/102"}],"replies":[{"embeddable":true,"href":"https:\/\/sites.ipleiria.pt\/2riul\/wp-json\/wp\/v2\/comments?post=12"}],"version-history":[{"count":26,"href":"https:\/\/sites.ipleiria.pt\/2riul\/wp-json\/wp\/v2\/pages\/12\/revisions"}],"predecessor-version":[{"id":1301,"href":"https:\/\/sites.ipleiria.pt\/2riul\/wp-json\/wp\/v2\/pages\/12\/revisions\/1301"}],"wp:attachment":[{"href":"https:\/\/sites.ipleiria.pt\/2riul\/wp-json\/wp\/v2\/media?parent=12"}],"curies":[{"name":"wp","href":"https:\/\/api.w.org\/{rel}","templated":true}]}}