{"id":24,"date":"2018-10-17T14:58:18","date_gmt":"2018-10-17T13:58:18","guid":{"rendered":"http:\/\/sites.ipleiria.pt\/15historias\/?page_id=24"},"modified":"2025-07-18T13:11:07","modified_gmt":"2025-07-18T13:11:07","slug":"indice","status":"publish","type":"page","link":"https:\/\/sites.ipleiria.pt\/2riul\/indice\/","title":{"rendered":"Inscri\u00e7\u00f5es"},"content":{"rendered":"\n<p style=\"font-size:16px\"><strong>A Inscri\u00e7\u00e3o \u00e9 obrigat\u00f3ria<\/strong>\u00a0e dever\u00e1 ser feita at\u00e9 <strong>15 de novembro<\/strong> atrav\u00e9s do link: <a href=\"https:\/\/hello.last2ticket.com\/event\/6478\/\">https:\/\/hello.last2ticket.com\/event\/6478\/<\/a><\/p>\n\n\n\n<p class=\"has-text-color has-link-color wp-elements-363b2a6fa7ee95aa1130327e518dd4b1\" style=\"color:#000000ad;font-size:16px\"><br><strong>Participa\u00e7\u00e3o com comunica\u00e7\u00e3o:<\/strong><br>Geral: 50\u20ac<br>Membros da RIUL: 40\u20ac<\/p>\n\n\n\n<p class=\"has-text-color has-link-color wp-elements-09001591d316850e2512b04532d1c412\" style=\"color:#000000ad;font-size:16px\"><strong>Participa\u00e7\u00e3o sem comunica\u00e7\u00e3o:<\/strong><br>Geral: 30\u20ac<br>Estudantes: 10\u20ac<br>Estudantes do Polit\u00e9cnico de Leiria: gratuito<\/p>\n\n\n\n<p><\/p>\n\n\n\n<p style=\"font-size:16px\"><strong>Inscri\u00e7\u00e3o em a\u00e7\u00e3o de forma\u00e7\u00e3o de curta dura\u00e7\u00e3o para professores<\/strong>:<\/p>\n\n\n\n<p style=\"font-size:16px\">Nos termos do despacho n\u00ba 5741\/2015, no \u00e2mbito da forma\u00e7\u00e3o cont\u00ednua para efeitos da progress\u00e3o na carreira de Educadores de Inf\u00e2ncia, Professores do Ensino B\u00e1sico e Ensino Secund\u00e1rio. (Art. 8.\u00ba do RJFC): Inscri\u00e7\u00e3o em 6 horas presenciais, das 09h-18h, dia 04 dezembro de 2025 no seguinte link: <a href=\"https:\/\/hello.last2ticket.com\/event\/6473\/\">https:\/\/hello.last2ticket.com\/event\/6473\/<\/a>, com um custo de 30 euros para os educadores e professores em geral.<\/p>\n\n\n\n<p class=\"has-text-color has-link-color wp-elements-21eddcb21f612ef813220bdf4c10fbe6\" style=\"color:#000000ad;font-size:16px\"><br><\/p>\n\n\n\n<p><\/p>\n\n\n\n<p><\/p>\n","protected":false},"excerpt":{"rendered":"<p>A Inscri\u00e7\u00e3o \u00e9 obrigat\u00f3ria\u00a0e dever\u00e1 ser feita at\u00e9 15 de novembro atrav\u00e9s do link: https:\/\/hello.last2ticket.com\/event\/6478\/ Participa\u00e7\u00e3o com comunica\u00e7\u00e3o:Geral: 50\u20acMembros da RIUL: 40\u20ac Participa\u00e7\u00e3o sem comunica\u00e7\u00e3o:Geral: 30\u20acEstudantes: 10\u20acEstudantes do Polit\u00e9cnico de Leiria: gratuito Inscri\u00e7\u00e3o em a\u00e7\u00e3o de forma\u00e7\u00e3o de curta dura\u00e7\u00e3o para professores: Nos termos do despacho n\u00ba 5741\/2015, no \u00e2mbito da forma\u00e7\u00e3o cont\u00ednua para efeitos [&hellip;]<\/p>\n","protected":false},"author":102,"featured_media":0,"parent":0,"menu_order":1,"comment_status":"closed","ping_status":"closed","template":"","meta":{"_et_pb_use_builder":"","_et_pb_old_content":"","_et_gb_content_width":"","footnotes":""},"class_list":["post-24","page","type-page","status-publish","hentry"],"_links":{"self":[{"href":"https:\/\/sites.ipleiria.pt\/2riul\/wp-json\/wp\/v2\/pages\/24","targetHints":{"allow":["GET"]}}],"collection":[{"href":"https:\/\/sites.ipleiria.pt\/2riul\/wp-json\/wp\/v2\/pages"}],"about":[{"href":"https:\/\/sites.ipleiria.pt\/2riul\/wp-json\/wp\/v2\/types\/page"}],"author":[{"embeddable":true,"href":"https:\/\/sites.ipleiria.pt\/2riul\/wp-json\/wp\/v2\/users\/102"}],"replies":[{"embeddable":true,"href":"https:\/\/sites.ipleiria.pt\/2riul\/wp-json\/wp\/v2\/comments?post=24"}],"version-history":[{"count":18,"href":"https:\/\/sites.ipleiria.pt\/2riul\/wp-json\/wp\/v2\/pages\/24\/revisions"}],"predecessor-version":[{"id":1220,"href":"https:\/\/sites.ipleiria.pt\/2riul\/wp-json\/wp\/v2\/pages\/24\/revisions\/1220"}],"wp:attachment":[{"href":"https:\/\/sites.ipleiria.pt\/2riul\/wp-json\/wp\/v2\/media?parent=24"}],"curies":[{"name":"wp","href":"https:\/\/api.w.org\/{rel}","templated":true}]}}