{"id":836,"date":"2025-04-05T15:22:31","date_gmt":"2025-04-05T15:22:31","guid":{"rendered":"https:\/\/sites.ipleiria.pt\/2riul\/apresentacao-espanol\/"},"modified":"2025-10-03T13:29:03","modified_gmt":"2025-10-03T13:29:03","slug":"apresentacao-espanol","status":"publish","type":"page","link":"https:\/\/sites.ipleiria.pt\/2riul\/es\/apresentacao-espanol\/","title":{"rendered":"Presentaci\u00f3n"},"content":{"rendered":"\n<p><\/p>\n\n\n\n<p>La&nbsp;<strong>RIUL (Red Internacional de Universidades Lectoras)&nbsp;<\/strong>fue creada en 2007 por la Universidad de Extremadura (Espa\u00f1a) e incluye miembros de instituciones de educaci\u00f3n superior de Espa\u00f1a, Portugal y pa\u00edses iberoamericanos.<\/p>\n\n\n\n<p>Las instituciones de educaci\u00f3n superior portuguesas que actualmente forman parte de la RIUL son el Instituto Polit\u00e9cnico de Castelo Branco, el Instituto Polit\u00e9cnico de Beja, la Universidade Nova de Lisboa (IELT) y el Instituto Polit\u00e9cnico de Leiria.<\/p>\n\n\n\n<p>Tras los prestigiosos foros de la Red Internacional de Universidades de la Lectura celebrados en Portugal, las instituciones del pa\u00eds actualmente asociadas a la RIUL organizan el&nbsp;<strong>II Simposio RIUL Portugal 2025: Horizontes de la Lectura en un Mundo Digital<\/strong>, que tendr\u00e1 lugar en la&nbsp;<strong>Facultad de Educaci\u00f3n y Ciencias Sociales de Leiria (Instituto Polit\u00e9cnico de Leiria)<\/strong>.<\/p>\n\n\n\n<p>El Simposio pretende promover una nueva reflexi\u00f3n cr\u00edtica sobre la&nbsp;<strong>relevancia social de la formaci\u00f3n lectora y la socializaci\u00f3n de la lectura&nbsp;<\/strong>en el mundo actual<em>,<\/em>&nbsp;en el marco de una transici\u00f3n entre paradigmas lectores; problematizando y se\u00f1alando respuestas a los desaf\u00edos que plantean las sociedades digitales, inclusivas, innovadoras y reflexivas del siglo XXI.<\/p>\n\n\n\n<p>Para ello, y en consonancia tanto con la perspectiva transdisciplinar como con el alcance de la RIUL, el Comit\u00e9 Organizador invita a acad\u00e9micos de diferentes \u00e1reas del conocimiento a participar en este espacio de comunicaci\u00f3n y debate, que prioriza las siguientes&nbsp;<strong>l\u00edneas tem\u00e1ticas<\/strong>:<\/p>\n\n\n\n<p>1. Aproximaciones (inter)disciplinares a la lectura socializada entre paradigmas anal\u00f3gicos y digitales.<\/p>\n\n\n\n<p>2. Medios digitales y en red: Atraer y desarrollar nuevos lectores en internet (Estudios de pr\u00e1cticas de lectura, clubes de lectura\/comunidades de lectura en l\u00ednea, <em>podcasts<\/em>, <em>blogs<\/em>, <em>booktubers<\/em>, <em>booktrailers<\/em>)<\/p>\n\n\n\n<p>3. Nuevos agentes, mediadores de lectura y la construcci\u00f3n de un canon de lectura (canon curricular y canon de lectura personal, basado en nuevos agentes y espacios para la difusi\u00f3n de la literatura en un contexto digital: <em>booktubers<\/em>, plataformas y sus implicaciones en el contexto escolar).<\/p>\n\n\n\n<p>4. Nuevos territorios de pr\u00e1cticas, experiencias y proyectos de lectura y escritura, como pr\u00e1cticas sociales y culturales, y compromiso pedag\u00f3gico y social (clubes de lectura y escritura, encuentros literarios, lecturas p\u00fablicas en voz alta, rutas literarias, ciudades y pueblos literarios).<\/p>\n\n\n\n<p>5. Los retos de los ecosistemas de lectura y del libro para la formaci\u00f3n inicial y permanente de educadores y docentes.<\/p>\n\n\n\n<p><strong>Las propuestas de comunicaci\u00f3n (consistentes en res\u00famenes de entre 250 y 350 palabras) deber\u00e1n enviarse al Comit\u00e9 Organizador antes del 15 de septiembre de 2025<\/strong>, mediante correo electr\u00f3nico:\u00a0<a href=\"mailto:horizontes.riul.esecs@ipleiria.pt\">horizontes.riul.esecs@ipleiria.pt<\/a> &#8211; &#8211; PLAZO AMPLIADO HASTA EL 20 DE OCTUBRE<\/p>\n\n\n\n<p>La aceptaci\u00f3n de las propuestas se comunicar\u00e1 por correo electr\u00f3nico antes del 15 de octubre de 2025 &#8211; NOTIFICACI\u00d3N DE ACEPTACI\u00d3N DE NUEVAS PROPUESTAS ANTES DEL 30 DE OCTUBRE.<\/p>\n","protected":false},"excerpt":{"rendered":"<p>La&nbsp;RIUL (Red Internacional de Universidades Lectoras)&nbsp;fue creada en 2007 por la Universidad de Extremadura (Espa\u00f1a) e incluye miembros de instituciones de educaci\u00f3n superior de Espa\u00f1a, Portugal y pa\u00edses iberoamericanos. Las instituciones de educaci\u00f3n superior portuguesas que actualmente forman parte de la RIUL son el Instituto Polit\u00e9cnico de Castelo Branco, el Instituto Polit\u00e9cnico de Beja, la [&hellip;]<\/p>\n","protected":false},"author":102,"featured_media":0,"parent":0,"menu_order":0,"comment_status":"closed","ping_status":"closed","template":"","meta":{"_et_pb_use_builder":"off","_et_pb_old_content":"<!-- wp:paragraph -->\n<p>La RIUL \u2013&nbsp;<em>Red Internacional de Universidades Lectorales<\/em>&nbsp;\u2013 fue creada en 2007 por la Universidad de Extremadura, e incluye miembros de instituciones de educaci\u00f3n superior espa\u00f1olas, portuguesas y americanas, a las que se sumaron, posteriormente, universidades de Italia y Rusia en las que se ense\u00f1a espa\u00f1ol y\/o portugu\u00e9s.<\/p>\n<!-- \/wp:paragraph -->\n\n<!-- wp:paragraph -->\n<p>Las instituciones de educaci\u00f3n superior portuguesas que actualmente componen la RIUL son el Instituto Polit\u00e9cnico de Castelo Branco, el Instituto Polit\u00e9cnico de Beja, la Universidade Nova de Lisboa \u2013&nbsp;<em>IELT<\/em>(Instituto de Estudios de Literatura y Tradici\u00f3n), el Instituto Polit\u00e9cnico de Leiria, as\u00ed como el PNL \u2013 Plan Nacional de Lectura.<\/p>\n<!-- \/wp:paragraph -->\n\n<!-- wp:paragraph -->\n<p>Tras los prestigiosos simposios internacionales de la Red Internacional de Universidades Lectoras celebrados en Portugal, las instituciones del pa\u00eds que en la actualidad forman parte de la RIUL organizan, coordinadas por el Instituto de Estudios de Literatura y Tradici\u00f3n de la Universidade Nova de Lisboa,&nbsp;<strong>el I Simposio RIUL Portugal 2022<\/strong>, que tendr\u00e1 lugar en el colegio Almada Negreiros, del Campus de<em>&nbsp;Campolide&nbsp;<\/em>de la Universidad Nova de Lisboa.<\/p>\n<!-- \/wp:paragraph -->\n\n<!-- wp:paragraph -->\n<p><strong>El I Simposio RIUL Portugal 2022 pretende&nbsp;<\/strong>fomentar nuevas reflexiones cr\u00edticas acerca de uno de los temas centrales de la RIUL:&nbsp; la literatura en su relaci\u00f3n con la ecolog\u00eda y su relevancia en el mundo actual, en especial en el \u00e1mbito de los objetivos de desarrollo sostenible de la agenda 2030 de la ONU.<\/p>\n<!-- \/wp:paragraph -->\n\n<!-- wp:paragraph -->\n<p>Por ello, y de acuerdo con el enfoque transdisciplinar que viene adoptando la RIUL, la comisi\u00f3n organizadora invita a investigadores de diversas \u00e1reas del saber a participar en este espacio de comunicaci\u00f3n, reflexi\u00f3n y debate, en el que se destacan las siguientes l\u00edneas tem\u00e1ticas:<\/p>\n<!-- \/wp:paragraph -->\n\n<!-- wp:paragraph -->\n<p>1. Abordajes (inter) disciplinares de la ecolectura: desde las ciencias sociales y las humanidades a las ciencias exactas y los estudios art\u00edsticos (ecocr\u00edtica, geograf\u00eda y urbanismo, bio\u00e9tica, ecoturismos, etc.\u2026)<\/p>\n<!-- \/wp:paragraph -->\n\n<!-- wp:paragraph -->\n<p>2. Nuevos territorios de pr\u00e1cticas, experiencias y proyectos sobre la ecolog\u00eda de la lectura y la escritura.<\/p>\n<!-- \/wp:paragraph -->\n\n<!-- wp:paragraph -->\n<p>3. Los soportes digitales y en red: potencialidades y formaci\u00f3n de nuevos lectores<\/p>\n<!-- \/wp:paragraph -->\n\n<!-- wp:paragraph -->\n<p>4. Los desaf\u00edos de los ecosistemas de lectura para la formaci\u00f3n inicial y para el aprendizaje a lo largo de la vida de educadores y profesores.&nbsp;<\/p>\n<!-- \/wp:paragraph -->\n\n<!-- wp:paragraph -->\n<p><strong>Las propuestas de comunicaci\u00f3n (res\u00famenes entre 250 y 350 palabras) deben ser enviadas al Comit\u00e9 Organizador hasta el 10 de Septiembre de 2022<\/strong>, a trav\u00e9s del&nbsp;<em>e-mail<\/em>:&nbsp;<a href=\"mailto:ielt.ecoleituras.riul@fcsh.unl.pt\">ielt.ecoleituras.riul@fcsh.unl.pt<\/a>. &nbsp;<\/p>\n<!-- \/wp:paragraph -->\n\n<!-- wp:paragraph -->\n<p>La aceptaci\u00f3n de propuestas se comunicar\u00e1 al autor o autores por correo electr\u00f3nico hasta el 30 de septiembre de 2022.<\/p>\n<!-- \/wp:paragraph -->","_et_gb_content_width":"","footnotes":""},"class_list":["post-836","page","type-page","status-publish","hentry"],"_links":{"self":[{"href":"https:\/\/sites.ipleiria.pt\/2riul\/wp-json\/wp\/v2\/pages\/836","targetHints":{"allow":["GET"]}}],"collection":[{"href":"https:\/\/sites.ipleiria.pt\/2riul\/wp-json\/wp\/v2\/pages"}],"about":[{"href":"https:\/\/sites.ipleiria.pt\/2riul\/wp-json\/wp\/v2\/types\/page"}],"author":[{"embeddable":true,"href":"https:\/\/sites.ipleiria.pt\/2riul\/wp-json\/wp\/v2\/users\/102"}],"replies":[{"embeddable":true,"href":"https:\/\/sites.ipleiria.pt\/2riul\/wp-json\/wp\/v2\/comments?post=836"}],"version-history":[{"count":12,"href":"https:\/\/sites.ipleiria.pt\/2riul\/wp-json\/wp\/v2\/pages\/836\/revisions"}],"predecessor-version":[{"id":1263,"href":"https:\/\/sites.ipleiria.pt\/2riul\/wp-json\/wp\/v2\/pages\/836\/revisions\/1263"}],"wp:attachment":[{"href":"https:\/\/sites.ipleiria.pt\/2riul\/wp-json\/wp\/v2\/media?parent=836"}],"curies":[{"name":"wp","href":"https:\/\/api.w.org\/{rel}","templated":true}]}}