{"id":842,"date":"2025-04-07T08:42:48","date_gmt":"2025-04-07T08:42:48","guid":{"rendered":"https:\/\/sites.ipleiria.pt\/2riul\/?page_id=842"},"modified":"2025-11-26T13:27:20","modified_gmt":"2025-11-26T13:27:20","slug":"ponentes","status":"publish","type":"page","link":"https:\/\/sites.ipleiria.pt\/2riul\/es\/ponentes\/","title":{"rendered":"Programa"},"content":{"rendered":"\n<p style=\"font-size:16px\"><strong>4 DE DICIEMBRE<\/strong> &#8211; Audit\u00f3rio 2 da Escola Superior de Educa\u00e7\u00e3o e Ci\u00eancias Sociais, Instituto Polit\u00e9cnico de Leiria<\/p>\n\n\n\n<p class=\"has-text-align-left has-text-color has-link-color wp-elements-9a1568cc954c5e2f6cb17940f7aae1f5\" style=\"color:#000000d9;font-size:16px;font-style:normal;font-weight:400\">9:00 Apertura de la Secretar\u00eda<\/p>\n\n\n\n<p class=\"has-text-align-left has-text-color has-link-color wp-elements-ebcec3045c30cd41de3b123951600d5a\" style=\"color:#000000d9;font-size:16px;font-style:normal;font-weight:400\">9:30 APERTURA DEL SIMPOSIO<\/p>\n\n\n\n<p class=\"has-text-align-left has-text-color has-link-color wp-elements-d4d970ca4cc3c9bc393a447d3f5958e9\" style=\"color:#000000d9;font-size:16px;font-style:normal;font-weight:400\"><strong>10:00 CONFERENCIA DE APERTURA<\/strong> <strong><em>Alguns desafios globais dos sistemas educativos: humanismo em tempos de IA e disrup\u00e7\u00e3o.&nbsp;<\/em>Jo\u00e3o Costa (Faculdade de Ci\u00eancias Sociais e Humanas \u2013 Universidade Nova de Lisboa)<\/strong><\/p>\n\n\n\n<p class=\"has-text-align-left has-text-color has-link-color wp-elements-0bec06ed19c94ef27f6aa141e56c31d3\" style=\"color:#000000d9;font-size:16px;font-style:normal;font-weight:400\"><strong>11:00 Sesi\u00f3n 1 \u2013 Enfoques (inter)disciplinares de la lectura: entre paradigmas anal\u00f3gicos y digitales<\/strong><\/p>\n\n\n\n<p>Eduardo Encabo&nbsp;(online)&nbsp;&#8211;&nbsp;<em>Sobre la alfabetizaci\u00f3n medi\u00e1tica y el posible canon h\u00edbrido. <\/em><em>\u00bfPueden contribuir a la lectocracia?<\/em> <\/p>\n\n\n\n<p>\u00cdris Pereira&nbsp;&#8211;&nbsp;<em>Para a socializa\u00e7\u00e3o da leitura multimodal nos n\u00edveis educativos iniciais: pr\u00e1ticas mediadas por&nbsp;story apps&nbsp;digitais multiculturais<\/em><\/p>\n\n\n\n<p>Fernanda Viana&nbsp;&#8211;&nbsp;<em>O ensino da leitura na era digital: do \u00abestranhar\u00bb ao \u00abentranhar\u00bb<\/em><\/p>\n\n\n\n<p class=\"has-text-align-left has-text-color has-link-color wp-elements-16d86df4bcb10b91148b93cc5aa77cf8\" style=\"color:#000000d9;font-size:16px;font-style:normal;font-weight:400\">11:45 \u2013 Coffee break<\/p>\n\n\n\n<p class=\"has-text-align-left has-text-color has-link-color wp-elements-9c243ee5e6463c2366a0d41a1064d205\" style=\"color:#000000d9;font-size:16px;font-style:normal;font-weight:400\"><strong>12:00 Sesi\u00f3n 2 \u2013 Medios digitales y en red: del canon a la formaci\u00f3n de nuevos lectores<\/strong><\/p>\n\n\n\n<p class=\"has-text-align-left\">Carlos Carreto \u2013&nbsp;<em>Do leitor fragmentado ao leitor expandido: o c\u00e2none liter\u00e1rio face \u00e0s muta\u00e7\u00f5es da leitura em contexto digital<\/em><\/p>\n\n\n\n<p>No\u00e9lia Ibarra&nbsp;(online)&nbsp;&#8211;&nbsp;<em>La formaci\u00f3n de lectores cr\u00edticos multimodales y la ampliaci\u00f3n del canon de aula a trav\u00e9s de la educaci\u00f3n literaria<\/em><\/p>\n\n\n\n<p>M.\u00aa Isabel Morales (online) <strong>&#8211;&nbsp;<\/strong><em>Leer en digital: implementaci\u00f3n de textos literarios digitales para la competencia lectora<\/em><\/p>\n\n\n\n<p class=\"has-text-align-left has-text-color has-link-color wp-elements-0c477c38bec3974fcc7ae220855feb38\" style=\"color:#000000d9;font-size:16px;font-style:normal;font-weight:400\">13:00. Almuerzo<\/p>\n\n\n\n<p class=\"has-text-align-left has-text-color has-link-color wp-elements-9c9c2dcb4019007ffd1484c84ee856cd\" style=\"color:#000000d9;font-size:16px;font-style:normal;font-weight:400\"><strong>14:30 Sesi\u00f3n 3 \u2013 Clubes de lectura: pr\u00e1cticas, experiencias y proyectos<\/strong><\/p>\n\n\n\n<p>Servi\u00e7os Documentais do Polit\u00e9cnico de Leiria &#8211; Vera Miguel &#8211; <em>P\u00e1gina 1: o Clube de Leitura com m\u00faltiplas&nbsp;\u201cp\u00e1ginas\u201d<\/em><\/p>\n\n\n\n<p>ESECS \u2013 Maria Jos\u00e9 Gamboa e Catarina Menezes &#8211; <em>Da primeira \u00e0 \u00faltima p\u00e1gina: leituras e leitores em&nbsp;constru\u00e7\u00e3o<\/em><\/p>\n\n\n\n<p>ESTM \u2013 Ana Lu\u00edsa Pires e Paula Cardoso&nbsp;<em>&#8211;&nbsp;Ler para pertencer: o clube de leitura como espa\u00e7o de encontro e transforma\u00e7\u00e3o<\/em><\/p>\n\n\n\n<p>ESAD \u2013&nbsp;Maria Margarida Pereira &#8211; <em>A voz que l\u00ea e o corpo que ressoa: a leitura numa licenciatura em Teatro<\/em><\/p>\n\n\n\n<p>Clube de leitura S\u00e9nior IPCB &#8211; Margarida Morgado &#8211; <em>Clubes de leitura: leitura partilhada, v\u00ednculos sociais e constru\u00e7\u00e3o de comunidade<\/em><\/p>\n\n\n\n<p class=\"has-text-align-left has-text-color has-link-color wp-elements-2c2ef95a677c9f55000d6e9dba562e1b\" style=\"color:#000000d9;font-size:16px;font-style:normal;font-weight:400\">16:15 &#8211; Coffee break<\/p>\n\n\n\n<p class=\"has-text-align-left has-text-color has-link-color wp-elements-99cd935e320c3321091b25b0bbad4a69\" style=\"color:#000000d9;font-size:16px;font-style:normal;font-weight:400\"><strong>16:30 CONFERENCIA <em>Cartograf\u00edas lectoras: visibilizaci\u00f3n de las pr\u00e1cticas de lectura en los entornos.&nbsp;<\/em>Mar Campos Fern\u00e1ndez-F\u00edgares (Universidad de Almer\u00eda)<\/strong><\/p>\n\n\n\n<p class=\"has-text-align-left has-text-color has-link-color wp-elements-0e1b90d89974b4f69444f0d81e4654cd\" style=\"color:#000000d9;font-size:16px;font-style:normal;font-weight:400\"><strong>17:30 \u2013 Sesiones paralelas<\/strong><\/p>\n\n\n\n<p>Sesi\u00f3n A \u2013 Audit\u00f3rio 2 <\/p>\n\n\n\n<ul class=\"wp-block-list\">\n<li><em>Hist\u00f3rias Aninhadas em Bichinhos de Contos<\/em><strong>&nbsp;<\/strong>&#8211; Maria da Luz Estevens e Carmo Gama, B\u00e1rbara Esparteiro e Maria do Sameiro Pedro<\/li>\n\n\n\n<li><em>Nuevos territorios de lectura. La gu\u00eda digital de Todo bajo el sol de Ana Penyas para entender la destrucci\u00f3n del paisaje<\/em>&nbsp;&#8211; Neus Lagunas y Beatriz Moriano<\/li>\n\n\n\n<li><em>Dise\u00f1o de festival como aprendizaje-servicio y evento literario con diferentes espacios letrados<\/em> \u2013 S\u00e9rgio Ramirez<\/li>\n\n\n\n<li><em>El compromiso pedag\u00f3gico en la gu\u00eda digital de lectura de la novela gr\u00e1fica&nbsp;Psiconautas&nbsp;de Alberto V\u00e1zque<\/em>z&nbsp;&#8211;&nbsp;Beatriz Moriano y Neus Lagunas<\/li>\n<\/ul>\n\n\n\n<p>Sesi\u00f3n B \u2013 Sala B.1.36&nbsp;<\/p>\n\n\n\n<ul class=\"wp-block-list\">\n<li><em>Literatura Infantil e Educa\u00e7\u00e3o Liter\u00e1ria: entre o voo e o labirinto<\/em> &#8211; Teresa Mendes<\/li>\n\n\n\n<li><em>O Texto e o leitor: a literatura como pot\u00eancia na forma\u00e7\u00e3o de mediadores de leitura<\/em> &#8211; D\u00falcima SangallieFl\u00e1via Brocchetto Ramos<\/li>\n\n\n\n<li><em>La lectura literaria como actividad cooperativa y pr\u00e1ctica social din\u00e1mica &#8211; Aportes para la investigaci\u00f3n did\u00e1ctica &#8211; <\/em>Gabriela Carnevale<\/li>\n\n\n\n<li><em>Leitura, Tecnologia e Pr\u00e1tica Pedag\u00f3gica: reflex\u00e3o sobre as op\u00e7\u00f5es de uma docente em forma\u00e7\u00e3o<\/em> &#8211; Daniela Francisco e Catarina Mangas<\/li>\n\n\n\n<li><em>Pr\u00e1cticas de lectura literaria y tecnologia &#8211; <\/em>Gabriela Carnevale<\/li>\n<\/ul>\n\n\n\n<p>Sesi\u00f3n C \u2013 Sala B.1.41<\/p>\n\n\n\n<ul class=\"wp-block-list\">\n<li><em>Que estranho! Gostam de ler, mas n\u00e3o leem!? Estudo de caso sobre os h\u00e1bitos de leitura de jovens<\/em> &#8211;&nbsp;Paula Cristina Ferreira, Sara Lopes, Filipe Santos, Catarina Mangas e Marta Fonseca<\/li>\n\n\n\n<li><em>Como \u00e9 que estudantes do ensino secund\u00e1rio conciliam o c\u00e2none escolar (ex.: Cam\u00f5es, E\u00e7a, Saramago) com leituras impulsionadas por influenciadores digitais?<\/em>&nbsp;\u2013 S\u00f3nia Maria de Matos Faria<\/li>\n\n\n\n<li><em>Dos bastidores da m\u00fasica aos bastidores da leitura: invisibilidade, media\u00e7\u00e3o e poder na forma\u00e7\u00e3o de c\u00e2nones culturais<\/em> &#8211; Pedro Ferreira<\/li>\n\n\n\n<li><em>Revista pedag\u00f3gica: propostas de media\u00e7\u00e3o leitora com o Clube de Leitura dos&nbsp;ODS<\/em> &#8211; Naiane Carolina Menta Tres e Ana Carolina Teixeira Pinto<\/li>\n<\/ul>\n\n\n\n<p><\/p>\n\n\n\n<p class=\"has-text-color has-link-color wp-elements-2be485ddcfe272a495a168b84db45e39\" style=\"color:#000000d9;font-size:16px;font-style:normal;font-weight:400\"><strong>5 DE DICIEMBRE<\/strong> &#8211; Audit\u00f3rio do MIMO &#8211; Museu da Imagem em Movimento<\/p>\n\n\n\n<p class=\"has-text-color has-link-color wp-elements-fd1d7ccf5c4b26c9c0f1bcd68d67c115\" style=\"color:#000000d9;font-size:16px;font-style:normal;font-weight:400\"><strong>09:00 CONFERENCIA<\/strong> <strong><em>La lectura como estrategia docente frente a los conflictos<\/em>. Santiago Yubero Jimenez&nbsp;(Universidad de Castilla La Mancha)<\/strong><\/p>\n\n\n\n<p class=\"has-text-color has-link-color wp-elements-e63a3f8432b97a4d89f51040d1a04077\" style=\"color:#000000d9;font-size:16px;font-style:normal;font-weight:400\"><strong>10:00 Sesi\u00f3n 4 &#8211; Ciudades de lectura: nuevos territorios de lectura y escritura<\/strong><\/p>\n\n\n\n<p>Joana Gaspar &#8211; <em>\u00d3bidos, Vila Liter\u00e1ria<\/em><\/p>\n\n\n\n<p>Cristina Nobre \u2013 <em>S. Pedro de Moel como lugar liter\u00e1rio: peregrina\u00e7\u00f5es \u00e0\/na Casa-Museu Afonso Lopes Vieira<\/em><\/p>\n\n\n\n<p>Luc\u00edlia Santos \u2013&nbsp;Rede Interconcelhia de Bibliotecas de Leiria &#8211; <em>Bibliotecas escolares e socializa\u00e7\u00e3o da leitura<\/em><\/p>\n\n\n\n<p>\u00c2ngela Pereira &#8211; Clubes Biblioteca Afonso Lopes Vieira &#8211;<em> Sociedade das Raposas ou cativar pela leitura: descobrimos os outros e o mundo na partilha daquilo que lemos e ouvimos<\/em><\/p>\n\n\n\n<p class=\"has-text-color has-link-color wp-elements-339795771e3551cd0a2a10bda3c7a649\" style=\"color:#000000d9;font-size:16px;font-style:normal;font-weight:400\">11:30 Coffee Break<\/p>\n\n\n\n<p class=\"has-text-color has-link-color wp-elements-e5dec47423ddfee6b026b406bff883a4\" style=\"color:#000000d9;font-size:16px;font-style:normal;font-weight:400\"><strong>12:00 CONFERENCIA DE CLAUSURA R<em>etos y demandas de la lectura acad\u00e9mica para el s.XXI<\/em>. Eloy Martos N\u00fa\u00f1ez e Estibaliz Barriga Galeano<\/strong><\/p>\n\n\n\n<p style=\"font-size:16px\">12:30 Clausura del Simposio<\/p>\n","protected":false},"excerpt":{"rendered":"<p>4 DE DICIEMBRE &#8211; Audit\u00f3rio 2 da Escola Superior de Educa\u00e7\u00e3o e Ci\u00eancias Sociais, Instituto Polit\u00e9cnico de Leiria 9:00 Apertura de la Secretar\u00eda 9:30 APERTURA DEL SIMPOSIO 10:00 CONFERENCIA DE APERTURA Alguns desafios globais dos sistemas educativos: humanismo em tempos de IA e disrup\u00e7\u00e3o.&nbsp;Jo\u00e3o Costa (Faculdade de Ci\u00eancias Sociais e Humanas \u2013 Universidade Nova de [&hellip;]<\/p>\n","protected":false},"author":102,"featured_media":0,"parent":0,"menu_order":1,"comment_status":"closed","ping_status":"closed","template":"","meta":{"_et_pb_use_builder":"","_et_pb_old_content":"","_et_gb_content_width":"","footnotes":""},"class_list":["post-842","page","type-page","status-publish","hentry"],"_links":{"self":[{"href":"https:\/\/sites.ipleiria.pt\/2riul\/wp-json\/wp\/v2\/pages\/842","targetHints":{"allow":["GET"]}}],"collection":[{"href":"https:\/\/sites.ipleiria.pt\/2riul\/wp-json\/wp\/v2\/pages"}],"about":[{"href":"https:\/\/sites.ipleiria.pt\/2riul\/wp-json\/wp\/v2\/types\/page"}],"author":[{"embeddable":true,"href":"https:\/\/sites.ipleiria.pt\/2riul\/wp-json\/wp\/v2\/users\/102"}],"replies":[{"embeddable":true,"href":"https:\/\/sites.ipleiria.pt\/2riul\/wp-json\/wp\/v2\/comments?post=842"}],"version-history":[{"count":41,"href":"https:\/\/sites.ipleiria.pt\/2riul\/wp-json\/wp\/v2\/pages\/842\/revisions"}],"predecessor-version":[{"id":1351,"href":"https:\/\/sites.ipleiria.pt\/2riul\/wp-json\/wp\/v2\/pages\/842\/revisions\/1351"}],"wp:attachment":[{"href":"https:\/\/sites.ipleiria.pt\/2riul\/wp-json\/wp\/v2\/media?parent=842"}],"curies":[{"name":"wp","href":"https:\/\/api.w.org\/{rel}","templated":true}]}}