{"id":878,"date":"2025-04-10T21:00:29","date_gmt":"2025-04-10T21:00:29","guid":{"rendered":"https:\/\/sites.ipleiria.pt\/2riul\/?page_id=878"},"modified":"2025-11-02T13:15:30","modified_gmt":"2025-11-02T13:15:30","slug":"comissiones","status":"publish","type":"page","link":"https:\/\/sites.ipleiria.pt\/2riul\/es\/comissiones\/","title":{"rendered":"Comisiones"},"content":{"rendered":"\n<p style=\"font-size:18px\"><strong>Comit\u00e9 Organizador:<\/strong><\/p>\n\n\n\n<p style=\"font-size:16px\">Barbeiro, Lu\u00eds (Instituto Polit\u00e9cnico de Leiria)<\/p>\n\n\n\n<p style=\"font-size:16px\">Campos Fern\u00e1ndez-F\u00edgares, Mar (Universidad de Almer\u00eda)<\/p>\n\n\n\n<p style=\"font-size:16px\">Esperan\u00e7a Pina, Margarida (IELT- Universidade Nova de Lisboa)<\/p>\n\n\n\n<p style=\"font-size:16px\">Gamboa, Maria Jos\u00e9 (CI&amp;DEI \u2013 Instituto Polit\u00e9cnico de Leiria)<\/p>\n\n\n\n<p style=\"font-size:16px\">Martos Nu\u00f1ez, Eloy (Universidad de Extremadura)<\/p>\n\n\n\n<p style=\"font-size:16px\">Menezes, Catarina (CI&amp;DEI \u2013 Instituto Polit\u00e9cnico de Leiria)<\/p>\n\n\n\n<p style=\"font-size:16px\">Pedro, Maria do Sameiro (Instituto Polit\u00e9cnico de Beja)<\/p>\n\n\n\n<p style=\"font-size:16px\">Pires, Maria da Natividade (IELT-Instituto Polit\u00e9cnico de Castelo Branco)<\/p>\n\n\n\n<p><\/p>\n\n\n\n<p><\/p>\n\n\n\n<p style=\"font-size:18px\"><strong>Comit\u00e9 Cient\u00edfico:<\/strong><\/p>\n\n\n\n<p style=\"font-size:16px\">Ara\u00fajo, Teresa (IELT- Universidade Nova de Lisboa)<\/p>\n\n\n\n<p style=\"font-size:16px\">Balaus Cust\u00f3dio, Pedro (Instituto Polit\u00e9cnico de Coimbra)<\/p>\n\n\n\n<p style=\"font-size:16px\">Bal\u00e7a, \u00c2ngela (Universidade de \u00c9vora)<\/p>\n\n\n\n<p style=\"font-size:16px\">Ballester Roca, Josep (Universidade de Valencia)<\/p>\n\n\n\n<p style=\"font-size:16px\">Barbeiro, Lu\u00eds (Instituto Polit\u00e9cnico de Leiria)<\/p>\n\n\n\n<p style=\"font-size:16px\">Campos Fern\u00e1ndez-F\u00edgares, Mar (Universidad de Almer\u00eda)<\/p>\n\n\n\n<p style=\"font-size:16px\">Costa, Paulo (Universidade de \u00c9vora)<\/p>\n\n\n\n<p style=\"font-size:16px\">D\u00edez Mediavilla, Antonio (Universidad de Alicante)&nbsp;<\/p>\n\n\n\n<p style=\"font-size:16px\">Dion\u00edsio, Maria de Lourdes (Universidade do Minho)<\/p>\n\n\n\n<p style=\"font-size:16px\">Esperan\u00e7a Pina, Margarida (IELT- Universidade Nova de Lisboa)<\/p>\n\n\n\n<p style=\"font-size:16px\">Gamboa, Maria Jos\u00e9 (Instituto Polit\u00e9cnico de Leiria)<\/p>\n\n\n\n<p style=\"font-size:16px\">Garcia Rivera, Gloria (Universidad de Extremadura)<\/p>\n\n\n\n<p style=\"font-size:16px\">G\u00f3mez, Garcia-Luis Vicente (Instituto Polit\u00e9cnico de Castelo Branco)<\/p>\n\n\n\n<p style=\"font-size:16px\">Gon\u00e7alves, Teresa (Instituto Polit\u00e9cnico de Castelo Branco)<\/p>\n\n\n\n<p style=\"font-size:16px\">Ibarra, No\u00e9lia&nbsp;(Universidad de Valencia)<\/p>\n\n\n\n<p style=\"font-size:16px\">Leal Rivas, Natasha (Universit\u00e0 di Napoli Frederico II)<\/p>\n\n\n\n<p style=\"font-size:16px\">Machado, Ana Maria (Universidade de Coimbra)<\/p>\n\n\n\n<p style=\"font-size:16px\">Mart\u00ednez Ezquerro, Aurora (Univerdidad de la Rioja| Logro\u00f1o)<\/p>\n\n\n\n<p style=\"font-size:16px\">Martos N\u00fanez, Eloy (Universidad de Extremadura)<\/p>\n\n\n\n<p style=\"font-size:16px\">Mendes, Teresa (Instituto Polit\u00e9cnico de Portalegre)<\/p>\n\n\n\n<p style=\"font-size:16px\">Menezes, Catarina (Instituto Polit\u00e9cnico de Leiria)<\/p>\n\n\n\n<p style=\"font-size:16px\">Morales, Maria Isabel (Universidad de C\u00e1diz)<\/p>\n\n\n\n<p style=\"font-size:16px\">Nobre, Cristina (Instituto Polit\u00e9cnico de Leiria)<\/p>\n\n\n\n<p style=\"font-size:16px\">Pais, Ant\u00f3nio (Instituto Polit\u00e9cnico de Castelo Branco)<\/p>\n\n\n\n<p style=\"font-size:16px\">Pedro, Maria do Sameiro&nbsp;(Instituto Polit\u00e9cnico de Beja)<\/p>\n\n\n\n<p style=\"font-size:16px\">Pereira, \u00cdris (Universidade do Minho)<\/p>\n\n\n\n<p style=\"font-size:16px\">P\u00e9rez Collados, Jos\u00e9 Mar\u00eda (Universidad de Girona)<\/p>\n\n\n\n<p style=\"font-size:16px\">Pires, Maria da Natividade (IELT-Instituto Polit\u00e9cnico de Castelo Branco)<\/p>\n\n\n\n<p style=\"font-size:16px\">Quiles Cabrera, Mar\u00eda del Carmen (Universidad de Almer\u00eda)<\/p>\n\n\n\n<p style=\"font-size:16px\">Robles \u00c1vila, Sara (Universidad de M\u00e1laga)<\/p>\n\n\n\n<p style=\"font-size:16px\">S\u00e1nchez Garc\u00eda, Remedios (Universidad de Granada)<\/p>\n\n\n\n<p style=\"font-size:16px\">Teixeira, Madalena (Universidade de Aveiro)<\/p>\n\n\n\n<p style=\"font-size:16px\">Viana, Fernanda (Universidade do Minho)<\/p>\n\n\n\n<p style=\"font-size:16px\">Yubero Jimenez, Santiago (Universidad de Castilla La Mancha)<\/p>\n","protected":false},"excerpt":{"rendered":"<p>Comit\u00e9 Organizador: Barbeiro, Lu\u00eds (Instituto Polit\u00e9cnico de Leiria) Campos Fern\u00e1ndez-F\u00edgares, Mar (Universidad de Almer\u00eda) Esperan\u00e7a Pina, Margarida (IELT- Universidade Nova de Lisboa) Gamboa, Maria Jos\u00e9 (CI&amp;DEI \u2013 Instituto Polit\u00e9cnico de Leiria) Martos Nu\u00f1ez, Eloy (Universidad de Extremadura) Menezes, Catarina (CI&amp;DEI \u2013 Instituto Polit\u00e9cnico de Leiria) Pedro, Maria do Sameiro (Instituto Polit\u00e9cnico de Beja) Pires, Maria [&hellip;]<\/p>\n","protected":false},"author":102,"featured_media":0,"parent":0,"menu_order":1,"comment_status":"closed","ping_status":"closed","template":"","meta":{"_et_pb_use_builder":"","_et_pb_old_content":"","_et_gb_content_width":"","footnotes":""},"class_list":["post-878","page","type-page","status-publish","hentry"],"_links":{"self":[{"href":"https:\/\/sites.ipleiria.pt\/2riul\/wp-json\/wp\/v2\/pages\/878","targetHints":{"allow":["GET"]}}],"collection":[{"href":"https:\/\/sites.ipleiria.pt\/2riul\/wp-json\/wp\/v2\/pages"}],"about":[{"href":"https:\/\/sites.ipleiria.pt\/2riul\/wp-json\/wp\/v2\/types\/page"}],"author":[{"embeddable":true,"href":"https:\/\/sites.ipleiria.pt\/2riul\/wp-json\/wp\/v2\/users\/102"}],"replies":[{"embeddable":true,"href":"https:\/\/sites.ipleiria.pt\/2riul\/wp-json\/wp\/v2\/comments?post=878"}],"version-history":[{"count":20,"href":"https:\/\/sites.ipleiria.pt\/2riul\/wp-json\/wp\/v2\/pages\/878\/revisions"}],"predecessor-version":[{"id":1303,"href":"https:\/\/sites.ipleiria.pt\/2riul\/wp-json\/wp\/v2\/pages\/878\/revisions\/1303"}],"wp:attachment":[{"href":"https:\/\/sites.ipleiria.pt\/2riul\/wp-json\/wp\/v2\/media?parent=878"}],"curies":[{"name":"wp","href":"https:\/\/api.w.org\/{rel}","templated":true}]}}