{"id":10,"date":"2020-01-08T16:08:49","date_gmt":"2020-01-08T16:08:49","guid":{"rendered":"http:\/\/sites.ipleiria.pt\/2enda2020\/?page_id=10"},"modified":"2023-04-19T06:50:44","modified_gmt":"2023-04-19T06:50:44","slug":"datas-importantes","status":"publish","type":"page","link":"https:\/\/sites.ipleiria.pt\/3enda2023\/datas-importantes\/","title":{"rendered":"Datas importantes"},"content":{"rendered":"\n<p><strong>Limite para a submiss\u00e3o de resumos: <\/strong><s>15 de abril de 2023<\/s> 7 de maio de 2023<\/p>\n\n\n\n<p><strong>Notifica\u00e7\u00e3o aos autores: <\/strong>15 de junho de 2023<\/p>\n\n\n\n<p><strong>Inscri\u00e7\u00f5es: <\/strong>at\u00e9 3 de setembro de 2023<\/p>\n\n\n\n<p><\/p>\n\n\n\n<p><\/p>\n","protected":false},"excerpt":{"rendered":"<p>Limite para a submiss\u00e3o de resumos: 15 de abril de 2023 7 de maio de 2023 Notifica\u00e7\u00e3o aos autores: 15 de junho de 2023 Inscri\u00e7\u00f5es: at\u00e9 3 de setembro de 2023<\/p>\n","protected":false},"author":102,"featured_media":0,"parent":0,"menu_order":0,"comment_status":"closed","ping_status":"closed","template":"","meta":{"footnotes":""},"class_list":["post-10","page","type-page","status-publish","hentry"],"_links":{"self":[{"href":"https:\/\/sites.ipleiria.pt\/3enda2023\/wp-json\/wp\/v2\/pages\/10","targetHints":{"allow":["GET"]}}],"collection":[{"href":"https:\/\/sites.ipleiria.pt\/3enda2023\/wp-json\/wp\/v2\/pages"}],"about":[{"href":"https:\/\/sites.ipleiria.pt\/3enda2023\/wp-json\/wp\/v2\/types\/page"}],"author":[{"embeddable":true,"href":"https:\/\/sites.ipleiria.pt\/3enda2023\/wp-json\/wp\/v2\/users\/102"}],"replies":[{"embeddable":true,"href":"https:\/\/sites.ipleiria.pt\/3enda2023\/wp-json\/wp\/v2\/comments?post=10"}],"version-history":[{"count":5,"href":"https:\/\/sites.ipleiria.pt\/3enda2023\/wp-json\/wp\/v2\/pages\/10\/revisions"}],"predecessor-version":[{"id":630,"href":"https:\/\/sites.ipleiria.pt\/3enda2023\/wp-json\/wp\/v2\/pages\/10\/revisions\/630"}],"wp:attachment":[{"href":"https:\/\/sites.ipleiria.pt\/3enda2023\/wp-json\/wp\/v2\/media?parent=10"}],"curies":[{"name":"wp","href":"https:\/\/api.w.org\/{rel}","templated":true}]}}