{"id":14,"date":"2020-01-08T16:09:25","date_gmt":"2020-01-08T16:09:25","guid":{"rendered":"http:\/\/sites.ipleiria.pt\/2enda2020\/?page_id=14"},"modified":"2023-06-22T17:06:21","modified_gmt":"2023-06-22T17:06:21","slug":"inscricoes","status":"publish","type":"page","link":"https:\/\/sites.ipleiria.pt\/3enda2023\/inscricoes\/","title":{"rendered":"Inscri\u00e7\u00f5es"},"content":{"rendered":"\n<p class=\"has-white-color has-text-color has-background\" style=\"background-color:#6b0339;font-size:16px\"><strong>Por favor, preencha o formul\u00e1rio dispon\u00edvel\u00a0<a href=\"https:\/\/docs.google.com\/forms\/d\/e\/1FAIpQLSdDsMUPI-5Mc27R13YxQivoiSbpM-SDJGzEp3JIvCwQJzmVKQ\/viewform\"><strong>aqui<\/strong>\u00a0<\/a>e reenvie-o, com o respetivo\u00a0comprovativo de pagamento, para o seguinte endere\u00e7o:\u00a0<strong><a href=\"mailto:enda2023@fcsh.unl.pt\">enda2023@fcsh.unl.pt<\/a><\/strong><\/strong><\/p>\n\n\n\n<p><\/p>\n\n\n\n<p><\/p>\n\n\n\n<p><\/p>\n\n\n\n<p><strong>Valores da inscri\u00e7\u00e3o:<\/strong><\/p>\n\n\n\n<figure class=\"wp-block-table is-style-stripes\"><table><tbody><tr><td><strong>Docente ou investigador com comunica\u00e7\u00e3o<\/strong><\/td><td>50 euros (de 1 de julho a 4 de agosto)<\/td><\/tr><tr><td><strong>Estudante com comunica\u00e7\u00e3o ou participante sem comunica\u00e7\u00e3o<\/strong><\/td><td>30 euros (de 1 de julho a 4 de agosto)<\/td><\/tr><tr><td><strong>&nbsp;<\/strong><\/td><td>&nbsp;<\/td><\/tr><tr><td><strong><strong>Docente ou investigador com comunica\u00e7\u00e3o<\/strong><\/strong><\/td><td>70 euros (a partir de 5 de agosto)<\/td><\/tr><tr><td><strong><strong>Estudante com comunica\u00e7\u00e3o ou participante sem comunica\u00e7\u00e3o<\/strong><\/strong><\/td><td>50 euros (a partir de 5 de agosto)<\/td><\/tr><\/tbody><\/table><\/figure>\n\n\n<p><strong>Pagamento<\/strong><\/p>\n<p>O pagamento pode ser efetuado atrav\u00e9s de uma das seguintes formas:<\/p>\n<p>\u00a0<\/p>\n<p><strong>Op\u00e7\u00e3o 1 \u2013 Transfer\u00eancia banc\u00e1ria: <\/strong><\/p>\n<p><span style=\"color: #000000\">IBAN\u200b: \u200bPT50 0018 000321419114020 13 <\/span><\/p>\n<p><span style=\"color: #000000\">Banco Santander Totta S.A. <\/span><\/p>\n<p><span style=\"color: #000000\">BIC\/SWIFT: TOTAPTPL Titular: FCSH \u2013 Univ. Nova de Lisboa <\/span><\/p>\n<p><span style=\"color: #000000\">CIF \/ VAT number: 501559094 <\/span><\/p>\n<p><span style=\"color: #000000\">Morada: Av. Berna 26 C, Lisboa 1069-061 <\/span><\/p>\n<p><span style=\"color: #000000\">Seguidamente, por favor, remeta o comprovativo do pagamento para o seguinte endere\u00e7o: <a href=\"mailto:enda2023@fcsh.unl.pt\">enda2023@fcsh.unl.pt<\/a><\/span><\/p>\n<p>\u00a0<\/p>\n<p><span style=\"color: #000000\"><strong>Op\u00e7\u00e3o 2 \u2013 Paypal: <\/strong><\/span><\/p>\n<p>Enviar pagamento para a conta: dgfc@fcsh.unl.pt<\/p>\n<p>Nos detalhes de pagamento, indicar \u201cENDA 3 \u2013 NOVA CLUNL\u201d.<\/p>\n<p>\u00a0<\/p>\n\n\n<p><\/p>\n\n\n\n<p><\/p>\n\n\n\n<p><\/p>\n\n\n\n<div class=\"wp-block-group\"><div class=\"wp-block-group__inner-container is-layout-flow wp-block-group-is-layout-flow\">\n<p><\/p>\n<\/div><\/div>\n\n\n\n<p><\/p>\n\n\n\n<p><\/p>\n\n\n\n<p><\/p>\n\n\n\n<p><strong>Outras informa\u00e7\u00f5es:<\/strong><\/p>\n\n\n\n<ul class=\"wp-block-list\"><li>\u00c9 requisito para admiss\u00e3o do trabalho que o seu autor ou um dos coautores esteja inscrito no encontro.<\/li><li>Ser\u00e1 exigida a presen\u00e7a de, no m\u00ednimo, um dos autores do trabalho para a sua apresenta\u00e7\u00e3o.<\/li><li>S\u00f3 ser\u00e3o emitidos certificados a participantes com inscri\u00e7\u00e3o regularizada.<\/li><\/ul>\n","protected":false},"excerpt":{"rendered":"<p>Por favor, preencha o formul\u00e1rio dispon\u00edvel\u00a0aqui\u00a0e reenvie-o, com o respetivo\u00a0comprovativo de pagamento, para o seguinte endere\u00e7o:\u00a0enda2023@fcsh.unl.pt Valores da inscri\u00e7\u00e3o: Docente ou investigador com comunica\u00e7\u00e3o 50 euros (de 1 de julho a 4 de agosto) Estudante com comunica\u00e7\u00e3o ou participante sem&hellip;  <\/p>\n<p class=\"more-link\"><a href=\"https:\/\/sites.ipleiria.pt\/3enda2023\/inscricoes\/\">Continue reading <span class=\"meta-nav\">&rarr;<\/span><\/a><\/p>\n","protected":false},"author":102,"featured_media":0,"parent":0,"menu_order":0,"comment_status":"closed","ping_status":"closed","template":"","meta":{"footnotes":""},"class_list":["post-14","page","type-page","status-publish","hentry"],"_links":{"self":[{"href":"https:\/\/sites.ipleiria.pt\/3enda2023\/wp-json\/wp\/v2\/pages\/14","targetHints":{"allow":["GET"]}}],"collection":[{"href":"https:\/\/sites.ipleiria.pt\/3enda2023\/wp-json\/wp\/v2\/pages"}],"about":[{"href":"https:\/\/sites.ipleiria.pt\/3enda2023\/wp-json\/wp\/v2\/types\/page"}],"author":[{"embeddable":true,"href":"https:\/\/sites.ipleiria.pt\/3enda2023\/wp-json\/wp\/v2\/users\/102"}],"replies":[{"embeddable":true,"href":"https:\/\/sites.ipleiria.pt\/3enda2023\/wp-json\/wp\/v2\/comments?post=14"}],"version-history":[{"count":45,"href":"https:\/\/sites.ipleiria.pt\/3enda2023\/wp-json\/wp\/v2\/pages\/14\/revisions"}],"predecessor-version":[{"id":675,"href":"https:\/\/sites.ipleiria.pt\/3enda2023\/wp-json\/wp\/v2\/pages\/14\/revisions\/675"}],"wp:attachment":[{"href":"https:\/\/sites.ipleiria.pt\/3enda2023\/wp-json\/wp\/v2\/media?parent=14"}],"curies":[{"name":"wp","href":"https:\/\/api.w.org\/{rel}","templated":true}]}}