{"id":16,"date":"2020-01-08T16:09:46","date_gmt":"2020-01-08T16:09:46","guid":{"rendered":"http:\/\/sites.ipleiria.pt\/2enda2020\/?page_id=16"},"modified":"2023-03-06T09:57:13","modified_gmt":"2023-03-06T09:57:13","slug":"contactos","status":"publish","type":"page","link":"https:\/\/sites.ipleiria.pt\/3enda2023\/contactos\/","title":{"rendered":"Contactos"},"content":{"rendered":"\n<p>Quaisquer quest\u00f5es relativas \u00e0 submiss\u00e3o de propostas ou pedidos de informa\u00e7\u00e3o sobre o ENDA 3 dever\u00e3o ser remetidos para o seguinte endere\u00e7o:<\/p>\n\n\n\n<p><a href=\"mailto:enda3.2023@gmail.com\" target=\"_blank\" rel=\"noreferrer noopener\">enda3.2023@gmail.com<\/a> <\/p>\n","protected":false},"excerpt":{"rendered":"<p>Quaisquer quest\u00f5es relativas \u00e0 submiss\u00e3o de propostas ou pedidos de informa\u00e7\u00e3o sobre o ENDA 3 dever\u00e3o ser remetidos para o seguinte endere\u00e7o: enda3.2023@gmail.com<\/p>\n","protected":false},"author":102,"featured_media":0,"parent":0,"menu_order":0,"comment_status":"closed","ping_status":"closed","template":"","meta":{"footnotes":""},"class_list":["post-16","page","type-page","status-publish","hentry"],"_links":{"self":[{"href":"https:\/\/sites.ipleiria.pt\/3enda2023\/wp-json\/wp\/v2\/pages\/16","targetHints":{"allow":["GET"]}}],"collection":[{"href":"https:\/\/sites.ipleiria.pt\/3enda2023\/wp-json\/wp\/v2\/pages"}],"about":[{"href":"https:\/\/sites.ipleiria.pt\/3enda2023\/wp-json\/wp\/v2\/types\/page"}],"author":[{"embeddable":true,"href":"https:\/\/sites.ipleiria.pt\/3enda2023\/wp-json\/wp\/v2\/users\/102"}],"replies":[{"embeddable":true,"href":"https:\/\/sites.ipleiria.pt\/3enda2023\/wp-json\/wp\/v2\/comments?post=16"}],"version-history":[{"count":8,"href":"https:\/\/sites.ipleiria.pt\/3enda2023\/wp-json\/wp\/v2\/pages\/16\/revisions"}],"predecessor-version":[{"id":599,"href":"https:\/\/sites.ipleiria.pt\/3enda2023\/wp-json\/wp\/v2\/pages\/16\/revisions\/599"}],"wp:attachment":[{"href":"https:\/\/sites.ipleiria.pt\/3enda2023\/wp-json\/wp\/v2\/media?parent=16"}],"curies":[{"name":"wp","href":"https:\/\/api.w.org\/{rel}","templated":true}]}}