{"id":29,"date":"2020-01-08T16:14:10","date_gmt":"2020-01-08T16:14:10","guid":{"rendered":"http:\/\/sites.ipleiria.pt\/2enda2020\/?page_id=29"},"modified":"2023-03-04T09:13:45","modified_gmt":"2023-03-04T09:13:45","slug":"comissao-cientifica-2","status":"publish","type":"page","link":"https:\/\/sites.ipleiria.pt\/3enda2023\/comissao-cientifica-2\/","title":{"rendered":"Comiss\u00e3o Cient\u00edfica"},"content":{"rendered":"\n<ul class=\"wp-block-list\"><li>Alexandra Guedes Pinto<\/li><li>Audria Leal<\/li><li>Carla Teixeira<\/li><li>Carlos A. M. Gouveia<\/li><li>C\u00e9lia Barbeiro<\/li><li>Clara Keating<\/li><li>F\u00e1tima Silva<\/li><li>Fausto Caels<\/li><li>Fernanda Botelho<\/li><li>Goreti Freire Silva<\/li><li>In\u00eas Cardoso<\/li><li>\u00cdris Susana Pires Pereira<\/li><li>Isabel Margarida Duarte<\/li><li>Isabel Sebasti\u00e3o<\/li><li>Joana Vieira Santos<\/li><li>Jos\u00e9 Ant\u00f3nio Brand\u00e3o<\/li><li>Lu\u00eds Filipe Barbeiro<\/li><li>Lu\u00edsa \u00c1lvares Pereira<\/li><li>Mafalda Mendes<\/li><li>Maria Aldina Marques<\/li><li>Marta Filipe Alexandre<\/li><li>Osvaldo Faquir<\/li><li>Paula Cristina Ferreira<\/li><li>Paulo Feytor Pinto<\/li><li>Rui Ramos<\/li><li>Rute Rosa<\/li><li>S\u00f3nia Valente Rodrigues<\/li><li>Tanara Zingano Kuhn<\/li><\/ul>\n\n\n\n<p class=\"has-large-font-size\"><\/p>\n\n\n\n<p><\/p>\n","protected":false},"excerpt":{"rendered":"<p>Alexandra Guedes Pinto Audria Leal Carla Teixeira Carlos A. M. Gouveia C\u00e9lia Barbeiro Clara Keating F\u00e1tima Silva Fausto Caels Fernanda Botelho Goreti Freire Silva In\u00eas Cardoso \u00cdris Susana Pires Pereira Isabel Margarida Duarte Isabel Sebasti\u00e3o Joana Vieira Santos Jos\u00e9 Ant\u00f3nio&hellip;  <\/p>\n<p class=\"more-link\"><a href=\"https:\/\/sites.ipleiria.pt\/3enda2023\/comissao-cientifica-2\/\">Continue reading <span class=\"meta-nav\">&rarr;<\/span><\/a><\/p>\n","protected":false},"author":102,"featured_media":0,"parent":0,"menu_order":0,"comment_status":"closed","ping_status":"closed","template":"","meta":{"footnotes":""},"class_list":["post-29","page","type-page","status-publish","hentry"],"_links":{"self":[{"href":"https:\/\/sites.ipleiria.pt\/3enda2023\/wp-json\/wp\/v2\/pages\/29","targetHints":{"allow":["GET"]}}],"collection":[{"href":"https:\/\/sites.ipleiria.pt\/3enda2023\/wp-json\/wp\/v2\/pages"}],"about":[{"href":"https:\/\/sites.ipleiria.pt\/3enda2023\/wp-json\/wp\/v2\/types\/page"}],"author":[{"embeddable":true,"href":"https:\/\/sites.ipleiria.pt\/3enda2023\/wp-json\/wp\/v2\/users\/102"}],"replies":[{"embeddable":true,"href":"https:\/\/sites.ipleiria.pt\/3enda2023\/wp-json\/wp\/v2\/comments?post=29"}],"version-history":[{"count":9,"href":"https:\/\/sites.ipleiria.pt\/3enda2023\/wp-json\/wp\/v2\/pages\/29\/revisions"}],"predecessor-version":[{"id":562,"href":"https:\/\/sites.ipleiria.pt\/3enda2023\/wp-json\/wp\/v2\/pages\/29\/revisions\/562"}],"wp:attachment":[{"href":"https:\/\/sites.ipleiria.pt\/3enda2023\/wp-json\/wp\/v2\/media?parent=29"}],"curies":[{"name":"wp","href":"https:\/\/api.w.org\/{rel}","templated":true}]}}