{"id":424,"date":"2020-01-08T16:01:45","date_gmt":"2020-01-08T16:01:45","guid":{"rendered":"http:\/\/2enda2020.sites.ipleiria.pt\/?page_id=2"},"modified":"2023-09-05T08:27:51","modified_gmt":"2023-09-05T08:27:51","slug":"pagina-exemplo-2","status":"publish","type":"page","link":"https:\/\/sites.ipleiria.pt\/3enda2023\/","title":{"rendered":"Apresenta\u00e7\u00e3o"},"content":{"rendered":"\n<p class=\"has-text-align-center has-medium-font-size\"><strong><em>Faculdade de Ci\u00eancias Sociais e Humanas<\/em><\/strong><\/p>\n\n\n\n<p class=\"has-text-align-center has-medium-font-size\"><strong><em>da Universidade Nova de Lisboa<\/em><\/strong><\/p>\n\n\n\n<p class=\"has-text-align-center\"><em><strong>(Campus Av. de Berna)<\/strong><\/em><\/p>\n\n\n\n<p class=\"has-text-align-center\"><strong><em>7 e 8 de setembro de 2023<\/em><\/strong><\/p>\n\n\n\n<p><\/p>\n\n\n\n<div class=\"wp-block-media-text alignwide has-media-on-the-right is-stacked-on-mobile is-vertically-aligned-center has-background\" style=\"background-color:#f0b890\"><figure class=\"wp-block-media-text__media\"><img loading=\"lazy\" decoding=\"async\" width=\"1024\" height=\"239\" src=\"http:\/\/sites.ipleiria.pt\/3enda2023\/files\/2023\/03\/Bannes-coiso2.png\" alt=\"\" class=\"wp-image-437 size-full\" srcset=\"https:\/\/sites.ipleiria.pt\/3enda2023\/files\/2023\/03\/Bannes-coiso2.png 1024w, https:\/\/sites.ipleiria.pt\/3enda2023\/files\/2023\/03\/Bannes-coiso2-300x70.png 300w, https:\/\/sites.ipleiria.pt\/3enda2023\/files\/2023\/03\/Bannes-coiso2-768x179.png 768w\" sizes=\"auto, (max-width: 1024px) 100vw, 1024px\" \/><\/figure><div class=\"wp-block-media-text__content\">\n<div class=\"wp-block-group\" style=\"padding-top:2em;padding-right:2em;padding-bottom:2em;padding-left:2em\"><div class=\"wp-block-group__inner-container is-layout-flow wp-block-group-is-layout-flow\">\n<p class=\"has-text-align-center has-text-color\" style=\"color:#830d0d;font-size:36px;line-height:1.2\"><strong>ENDA 3<\/strong><\/p>\n\n\n\n<div class=\"wp-block-group\"><div class=\"wp-block-group__inner-container is-layout-flow wp-block-group-is-layout-flow\">\n<p class=\"has-text-align-center has-medium-font-size\"><a href=\"https:\/\/sites.ipleiria.pt\/3enda2023\/programa\/\"><strong>Programa<\/strong> <\/a><\/p>\n\n\n\n<p class=\"has-text-align-center has-small-font-size\">(vers\u00e3o atualizada)<\/p>\n\n\n\n<p class=\"has-text-align-center has-medium-font-size\"><strong>e <\/strong><\/p>\n\n\n\n<p class=\"has-text-align-center has-medium-font-size\"><a href=\"http:\/\/sites.ipleiria.pt\/3enda2023\/files\/2023\/09\/ENDA3_Livro_de_resumos.pdf\"><strong>Livro de Resumos<\/strong> <\/a><\/p>\n\n\n\n<p class=\"has-text-align-center has-medium-font-size\"><strong>dispon\u00edveis<\/strong><\/p>\n<\/div><\/div>\n<\/div><\/div>\n<\/div><\/div>\n\n\n\n<div style=\"height:56px\" aria-hidden=\"true\" class=\"wp-block-spacer\"><\/div>\n\n\n\n<p class=\"has-text-align-center has-white-color has-text-color has-background\" style=\"background-color:#e7b28c;font-size:15px\"><strong><a href=\"https:\/\/sites.ipleiria.pt\/3enda2023\/inscricoes\/\">INSCRI\u00c7\u00d5ES <\/a><\/strong><\/p>\n\n\n\n<figure class=\"wp-block-table has-small-font-size\"><table class=\"has-background\" style=\"background-color:#e8c0a4\"><tbody><tr><td><strong>De 1 de julho a 4 de agosto<br><\/strong>   Docente ou investigador<br>   Estudante com comunica\u00e7\u00e3o ou participante sem comunica\u00e7\u00e3o<\/td><td><br>50 euros                         <br>30 euros<\/td><\/tr><tr><td><strong>A partir de 5 de agosto<br><\/strong>   Docente ou investigador<br>   Estudante com comunica\u00e7\u00e3o ou participante sem comunica\u00e7\u00e3o<\/td><td><br>70 euros<br>50 euros<\/td><\/tr><\/tbody><\/table><\/figure>\n\n\n\n<div class=\"wp-block-image\"><figure class=\"aligncenter size-large is-resized\"><a href=\"http:\/\/sites.ipleiria.pt\/3enda2023\/files\/2023\/07\/IIIENDA_Cartaz-2.png\"><img loading=\"lazy\" decoding=\"async\" src=\"http:\/\/sites.ipleiria.pt\/3enda2023\/files\/2023\/07\/IIIENDA_Cartaz-2-724x1024.png\" alt=\"\" class=\"wp-image-695\" width=\"625\" height=\"884\" srcset=\"https:\/\/sites.ipleiria.pt\/3enda2023\/files\/2023\/07\/IIIENDA_Cartaz-2-724x1024.png 724w, https:\/\/sites.ipleiria.pt\/3enda2023\/files\/2023\/07\/IIIENDA_Cartaz-2-212x300.png 212w, https:\/\/sites.ipleiria.pt\/3enda2023\/files\/2023\/07\/IIIENDA_Cartaz-2-768x1086.png 768w, https:\/\/sites.ipleiria.pt\/3enda2023\/files\/2023\/07\/IIIENDA_Cartaz-2-1086x1536.png 1086w, https:\/\/sites.ipleiria.pt\/3enda2023\/files\/2023\/07\/IIIENDA_Cartaz-2-1448x2048.png 1448w\" sizes=\"auto, (max-width: 625px) 100vw, 625px\" \/><\/a><\/figure><\/div>\n\n\n\n<h1 class=\"has-text-align-center wp-block-heading\"><\/h1>\n\n\n\n<p>Na sequ\u00eancia da realiza\u00e7\u00e3o do <strong>ENDA 1<\/strong>, em 2018, e do <strong>ENDA 2<\/strong>, em 2021, o CELGA-ILTEC&nbsp;e o CLUNL organizam o&nbsp;<strong>3.\u00ba<\/strong> <strong>Encontro Nacional sobre Discurso Acad\u00e9mico<\/strong>, subordinado ao tema&nbsp;<strong><em>Discurso Acad\u00e9mico: Complexidade te\u00f3rica e diversidade did\u00e1tica<\/em><\/strong> (evento em formato presencial).<\/p>\n\n\n\n<p>O<strong> ENDA 3<\/strong> tem como objetivos:<\/p>\n\n\n\n<ul class=\"wp-block-list\"><li>consolidar a \u00e1rea disciplinar do discurso acad\u00e9mico em Portugal enquanto campo de pesquisa<\/li><li>desenvolver o trabalho sobre \/ para a literacia acad\u00e9mica;<\/li><li>aprofundar as an\u00e1lises relacionadas com a complexidade do objeto de estudo no plano te\u00f3rico-did\u00e1tico;<\/li><li>partilhar pr\u00e1ticas inovadoras para o ensino-aprendizagem da comunica\u00e7\u00e3o em espa\u00e7o acad\u00e9mico, no qual se promove o desenvolvimento da literacia, nas mais diversas modalidades de express\u00e3o, n\u00edveis e \u00e1reas de ensino;<\/li><li>refor\u00e7ar os la\u00e7os da rede de investigadore\/as e docentes que, pertencendo a quadros te\u00f3ricos m\u00faltiplos, t\u00eam como foco da sua atividade as pr\u00e1ticas do discurso acad\u00e9mico.<\/li><\/ul>\n\n\n\n<p class=\"has-small-font-size\">Ser\u00e3o aceites contributos de investigadore\/as e grupos de investiga\u00e7\u00e3o que, centrando-se no uso do portugu\u00eas ou de outros idiomas como l\u00ednguas de escolariza\u00e7\u00e3o e conhecimento, abordem, entre outros, os seguintes aspetos:<\/p>\n\n\n\n<p><\/p>\n\n\n\n<ul class=\"has-small-font-size wp-block-list\"><li>g\u00e9neros e tipologias textuais nas diferentes disciplinas;<\/li><li>instrumentos de an\u00e1lise do discurso acad\u00e9mico;<\/li><li>propostas de didatiza\u00e7\u00e3o do discurso acad\u00e9mico;<\/li><li>escrita e leitura;<\/li><li>produ\u00e7\u00e3o, compreens\u00e3o e intera\u00e7\u00e3o oral;<\/li><li>desenvolvimento\/ontogenia da escrita.<\/li><\/ul>\n\n\n\n<p class=\"has-small-font-size\">Al\u00e9m das comunica\u00e7\u00f5es, est\u00e1 prevista uma sess\u00e3o de posters que inclua trabalhos relativos a pesquisas de doutoramento em curso, assim como a disserta\u00e7\u00f5es de mestrado e relat\u00f3rios de est\u00e1gio supervisionado j\u00e1 conclu\u00eddos.<\/p>\n\n\n\n<p class=\"has-small-font-size\">Ap\u00f3s o encontro, prev\u00ea-se a publica\u00e7\u00e3o de textos selecionados (com avalia\u00e7\u00e3o an\u00f3nima por pares).<\/p>\n\n\n\n<div class=\"wp-block-columns is-layout-flex wp-container-core-columns-is-layout-1 wp-block-columns-is-layout-flex\">\n<div class=\"wp-block-column is-layout-flow wp-block-column-is-layout-flow\"><\/div>\n<\/div>\n\n\n\n<div class=\"wp-block-columns is-layout-flex wp-container-core-columns-is-layout-2 wp-block-columns-is-layout-flex\">\n<div class=\"wp-block-column is-layout-flow wp-block-column-is-layout-flow\"><\/div>\n\n\n\n<div class=\"wp-block-column is-layout-flow wp-block-column-is-layout-flow\"><\/div>\n<\/div>\n\n\n\n<p><\/p>\n","protected":false},"excerpt":{"rendered":"<p>Faculdade de Ci\u00eancias Sociais e Humanas da Universidade Nova de Lisboa (Campus Av. de Berna) 7 e 8 de setembro de 2023 INSCRI\u00c7\u00d5ES De 1 de julho a 4 de agosto Docente ou investigador Estudante com comunica\u00e7\u00e3o ou participante sem&hellip;  <\/p>\n<p class=\"more-link\"><a href=\"https:\/\/sites.ipleiria.pt\/3enda2023\/\">Continue reading <span class=\"meta-nav\">&rarr;<\/span><\/a><\/p>\n","protected":false},"author":102,"featured_media":0,"parent":0,"menu_order":0,"comment_status":"closed","ping_status":"closed","template":"","meta":{"footnotes":""},"class_list":["post-424","page","type-page","status-publish","hentry"],"_links":{"self":[{"href":"https:\/\/sites.ipleiria.pt\/3enda2023\/wp-json\/wp\/v2\/pages\/424","targetHints":{"allow":["GET"]}}],"collection":[{"href":"https:\/\/sites.ipleiria.pt\/3enda2023\/wp-json\/wp\/v2\/pages"}],"about":[{"href":"https:\/\/sites.ipleiria.pt\/3enda2023\/wp-json\/wp\/v2\/types\/page"}],"author":[{"embeddable":true,"href":"https:\/\/sites.ipleiria.pt\/3enda2023\/wp-json\/wp\/v2\/users\/102"}],"replies":[{"embeddable":true,"href":"https:\/\/sites.ipleiria.pt\/3enda2023\/wp-json\/wp\/v2\/comments?post=424"}],"version-history":[{"count":50,"href":"https:\/\/sites.ipleiria.pt\/3enda2023\/wp-json\/wp\/v2\/pages\/424\/revisions"}],"predecessor-version":[{"id":736,"href":"https:\/\/sites.ipleiria.pt\/3enda2023\/wp-json\/wp\/v2\/pages\/424\/revisions\/736"}],"wp:attachment":[{"href":"https:\/\/sites.ipleiria.pt\/3enda2023\/wp-json\/wp\/v2\/media?parent=424"}],"curies":[{"name":"wp","href":"https:\/\/api.w.org\/{rel}","templated":true}]}}