{"id":8,"date":"2020-01-08T16:08:27","date_gmt":"2020-01-08T16:08:27","guid":{"rendered":"http:\/\/sites.ipleiria.pt\/2enda2020\/?page_id=8"},"modified":"2023-05-31T17:47:38","modified_gmt":"2023-05-31T17:47:38","slug":"submissao-de-propostas","status":"publish","type":"page","link":"https:\/\/sites.ipleiria.pt\/3enda2023\/submissao-de-propostas\/","title":{"rendered":"Submiss\u00e3o de propostas"},"content":{"rendered":"\n<p>O ENDA 3 tem como tema geral:&nbsp;<strong><em>Discurso Acad\u00e9mico: Complexidade te\u00f3rica e diversidade did\u00e1tica<\/em><\/strong>.<\/p>\n\n\n\n<p>Entre os subtemas para a apresenta\u00e7\u00e3o de comunica\u00e7\u00f5es, encontram-se os seguintes:<\/p>\n\n\n\n<ul class=\"wp-block-list\"><li>g\u00e9neros e tipologias textuais nas diferentes disciplinas;<\/li><li>instrumentos de an\u00e1lise do discurso acad\u00e9mico;<\/li><li>propostas de didatiza\u00e7\u00e3o do discurso acad\u00e9mico;<\/li><li>escrita e leitura;<\/li><li>produ\u00e7\u00e3o, compreens\u00e3o e intera\u00e7\u00e3o oral;<\/li><li>desenvolvimento\/ontogenia da escrita.<\/li><\/ul>\n\n\n\n<p><\/p>\n\n\n\n<p><\/p>\n\n\n\n<p><\/p>\n\n\n\n<p class=\"has-medium-font-size\"><strong><mark style=\"background-color:#f7f7f7;color:#4d0303\" class=\"has-inline-color\">Orienta\u00e7\u00f5es para submiss\u00e3o de propostas<\/mark><\/strong><\/p>\n\n\n\n<p>As propostas de comunica\u00e7\u00e3o devem ser submetidas sob a forma de resumos, dando conta de objetivos, quadro te\u00f3rico, metodologia e resultados alcan\u00e7ados ou esperados. Os resumos devem ter entre 400 e 600 palavras (incluindo refer\u00eancias bibliogr\u00e1ficas de acordo com a <a rel=\"noreferrer noopener\" href=\"https:\/\/www.ipvc.pt\/ese\/wp-content\/uploads\/sites\/4\/2021\/03\/APA7th_Guia_BibliotecasIPVC.pdf\" target=\"_blank\">7.\u00aa edi\u00e7\u00e3o das normas APA<\/a> e tr\u00eas a cinco palavras-chave).<\/p>\n\n\n\n<p>As comunica\u00e7\u00f5es ter\u00e3o a dura\u00e7\u00e3o de 20 minutos, seguidos de 10 minutos de debate.<\/p>\n\n\n\n<p>\u00c9 dada prefer\u00eancia a propostas que apresentem pesquisa desenvolvida por um grupo de investiga\u00e7\u00e3o, ou a t\u00edtulo individual, desde que inserida numa linha de trabalho coletiva.<\/p>\n\n\n\n<p>A submiss\u00e3o dever\u00e1 ser feita atrav\u00e9s da plataforma EasyChair (por meio da seguinte hiperliga\u00e7\u00e3o: <a rel=\"noreferrer noopener\" href=\"https:\/\/easychair.org\/conferences\/?conf=enda3\" target=\"_blank\">https:\/\/easychair.org\/my\/conference?conf=enda3<\/a>), at\u00e9<mark style=\"background-color:#ffffff\" class=\"has-inline-color has-vivid-red-color\"> <strong>15 de maio de 2023<\/strong><\/mark>.<\/p>\n\n\n\n<p>A notifica\u00e7\u00e3o aos autores ser\u00e1 feita at\u00e9<mark style=\"background-color:#ffffff\" class=\"has-inline-color has-luminous-vivid-orange-color\"> <\/mark><strong><mark style=\"background-color:#ffffff\" class=\"has-inline-color has-vivid-red-color\">15 de junho de 2023.<\/mark><\/strong><\/p>\n\n\n\n<p><\/p>\n\n\n\n<p><\/p>\n\n\n\n<blockquote class=\"wp-block-quote is-style-plain has-medium-font-size is-layout-flow wp-block-quote-is-layout-flow\" style=\"font-style:normal;font-weight:100\"><p><\/p><p><\/p><p><\/p><\/blockquote>\n\n\n\n<p><\/p>\n","protected":false},"excerpt":{"rendered":"<p>O ENDA 3 tem como tema geral:&nbsp;Discurso Acad\u00e9mico: Complexidade te\u00f3rica e diversidade did\u00e1tica. Entre os subtemas para a apresenta\u00e7\u00e3o de comunica\u00e7\u00f5es, encontram-se os seguintes: g\u00e9neros e tipologias textuais nas diferentes disciplinas; instrumentos de an\u00e1lise do discurso acad\u00e9mico; propostas de didatiza\u00e7\u00e3o&hellip;  <\/p>\n<p class=\"more-link\"><a href=\"https:\/\/sites.ipleiria.pt\/3enda2023\/submissao-de-propostas\/\">Continue reading <span class=\"meta-nav\">&rarr;<\/span><\/a><\/p>\n","protected":false},"author":102,"featured_media":0,"parent":0,"menu_order":0,"comment_status":"closed","ping_status":"closed","template":"","meta":{"footnotes":""},"class_list":["post-8","page","type-page","status-publish","hentry"],"_links":{"self":[{"href":"https:\/\/sites.ipleiria.pt\/3enda2023\/wp-json\/wp\/v2\/pages\/8","targetHints":{"allow":["GET"]}}],"collection":[{"href":"https:\/\/sites.ipleiria.pt\/3enda2023\/wp-json\/wp\/v2\/pages"}],"about":[{"href":"https:\/\/sites.ipleiria.pt\/3enda2023\/wp-json\/wp\/v2\/types\/page"}],"author":[{"embeddable":true,"href":"https:\/\/sites.ipleiria.pt\/3enda2023\/wp-json\/wp\/v2\/users\/102"}],"replies":[{"embeddable":true,"href":"https:\/\/sites.ipleiria.pt\/3enda2023\/wp-json\/wp\/v2\/comments?post=8"}],"version-history":[{"count":31,"href":"https:\/\/sites.ipleiria.pt\/3enda2023\/wp-json\/wp\/v2\/pages\/8\/revisions"}],"predecessor-version":[{"id":636,"href":"https:\/\/sites.ipleiria.pt\/3enda2023\/wp-json\/wp\/v2\/pages\/8\/revisions\/636"}],"wp:attachment":[{"href":"https:\/\/sites.ipleiria.pt\/3enda2023\/wp-json\/wp\/v2\/media?parent=8"}],"curies":[{"name":"wp","href":"https:\/\/api.w.org\/{rel}","templated":true}]}}