{"id":20,"date":"2013-10-02T15:55:18","date_gmt":"2013-10-02T15:55:18","guid":{"rendered":"http:\/\/sites.ipleiria.pt\/3jornadaseconomiasocial\/?page_id=20"},"modified":"2014-09-23T14:40:29","modified_gmt":"2014-09-23T14:40:29","slug":"programa","status":"publish","type":"page","link":"https:\/\/sites.ipleiria.pt\/3jornadaseconomiasocial\/programa\/","title":{"rendered":"Programa"},"content":{"rendered":"<p><strong>9h00<\/strong> | Acolhimento dos\/as participantes<\/p>\n<p><strong>9h30<\/strong> | <strong>Sess\u00e3o de Boas-vindas<\/strong><\/p>\n<p><span style=\"color: #336666\"><i>Rui Matos<\/i><\/span> |\u00a0Diretor da ESECS &#8211; IPL<br \/>\n<i style=\"color: #336666\">Maria Fernanda Matos<\/i>\u00a0|\u00a0Coordenadora do N\u00facleo Distrital de Leiria da EAPN Portugal<\/p>\n<p><strong>9h45<\/strong> | <strong>Confer\u00eancia inaugural: Economia Social: os principais desafios no atual contexto econ\u00f3mico, social e pol\u00edtico<\/strong><br \/>\n<span style=\"color: #336666\"><i><strong>Moderadora:<\/strong>\u00a0T\u00e2nia Santos<\/i><\/span>\u00a0|\u00a0Docente na ESECS &#8211; IPL<br \/>\n<span style=\"color: #336666\"><i>Maria do Carmo Marques Pinto<\/i><\/span> | Diretora do Departamento de Empreendedorismo e Economia Social | Presidente do Conselho Operacional do Banco de Inova\u00e7\u00e3o Social<br \/>\n<span style=\"color: #336666\"><i>Maria Lencastre<\/i><\/span> | Coordenadora da ESLIDER Portugal &#8211; Rede Nacional de Empreendedores Sociais e L\u00edderes da Sociedade Civil<\/p>\n<p><strong>10h30<\/strong> | Pausa para caf\u00e9<\/p>\n<p><strong>10h45<\/strong> | <strong>Mesa Redonda: Marketing, Criatividade e Humor nas Organiza\u00e7\u00f5es de Economia Social<\/strong><br \/>\n<span style=\"color: #336666\"><i><strong>Moderadora:<\/strong> Rita Louro<\/i><\/span> | Dir.\u00aa de Marketing e Angaria\u00e7\u00e3o de Fundos da Funda\u00e7\u00e3o do Gil<br \/>\n<span style=\"color: #336666\"><i>Rui Martins<\/i><\/span> | Diretor de comunica\u00e7\u00e3o da Dianova Portugal<br \/>\n<span style=\"color: #336666\"><i>Paulo Vieira de Castro<\/i><\/span> | Escritor, docente e consultor nas \u00e1reas da Gest\u00e3o e do Marketing<br \/>\n<span style=\"color: #336666\"><i>Katja Tschimmel<\/i><\/span> | Professora, Investigadora e Coordenadora da P\u00f3s-Gradua\u00e7\u00e3o em Design Thinking na ESAD de Matosinhos<br \/>\n<span style=\"color: #336666\"><i>Paulo Oliveira<\/i><\/span> | Produtor, Comediante, Guionista e Formador de Humor e Stand Up Comedy. Fundador da Bang Produ\u00e7\u00f5es<\/p>\n<p><strong>12h30<\/strong> | Debate<\/p>\n<p><strong>13h00<\/strong> | Almo\u00e7o livre<\/p>\n<p><strong>14h30<\/strong> | <strong>I Painel: Economia, Gest\u00e3o e Felicidade \u2013 o que nos motiva a a\u00e7\u00e3o<\/strong><br \/>\n<span style=\"color: #336666\"><i><strong>Moderadora:<\/strong> Marlene Sousa<\/i><\/span> | Docente na ESECS &#8211; IPL<br \/>\n<span style=\"color: #336666\"><i>Gabriel Leite Mota<\/i><\/span> | Docente e investigador Universit\u00e1rio<br \/>\n<span style=\"color: #336666\"><i>Catarina Rivero<\/i><\/span> | Psic\u00f3loga e Formadora da APEIPP &#8211; Associa\u00e7\u00e3o Portuguesa de Estudos e Interven\u00e7\u00e3o em Psicologia Positiva<br \/>\n<span style=\"color: #336666\"><i>Maria Manuel Vairinho<\/i><\/span> | Docente no Instituto Polit\u00e9cnico de Santar\u00e9m<\/p>\n<p><strong>15h30<\/strong> | Debate<\/p>\n<p><strong>15h45<\/strong> | Pausa para caf\u00e9<\/p>\n<p><strong>16h00<\/strong> | <strong>II Painel: Novas formas de interven\u00e7\u00e3o social criativas e inclusivas: apresenta\u00e7\u00e3o de experi\u00eancias<\/strong><br \/>\n<span style=\"color: #336666\"><i><strong>Moderadora:<\/strong> Jenny Sousa<\/i><\/span> | Docente na ESECS &#8211; IPL<br \/>\n<span style=\"color: #336666\"><i>Am\u00e9rico Pe\u00e7as<\/i><\/span> | Coordenador art\u00edstico do Projeto Mala M\u00e1gica &#8211; Artes Circenses para a Cidadania, promovido pelo Chapit\u00f4<br \/>\n<span style=\"color: #336666\"><i>Liliana Carvalho<\/i><\/span> | Coordenadora do Projeto Daqui P\u2019ra C\u00e1 e Vice-Presidente da Dire\u00e7\u00e3o da InPulsar &#8211; Associa\u00e7\u00e3o para o desenvolvimento comunit\u00e1rio<br \/>\n<span style=\"color: #336666\"><i>Jo\u00e3o Ara\u00fajo<\/i><\/span> | Formador e Consultor na Metodologia de Cuidados Humanitude e<br \/>\n<span style=\"color: #336666\"><i>Alexandra Silva<\/i><\/span> | Diretora T\u00e9cnica do Lar Porto de Abrigo de S\u00e3o Jo\u00e3o de Ver | Experi\u00eancia da aplica\u00e7\u00e3o da Metodologia de Cuidados Humanitude com pessoas idosas<br \/>\n<span style=\"color: #336666\"><i>C\u00e9lia Sousa<\/i><\/span> | Coord.\u00aa do Centro de Recursos para a Inclus\u00e3o Digital (CRID) \u2013 ESECS \u2013 IPL<\/p>\n<p><strong>17h30<\/strong> | Debate<\/p>\n<p><strong>17h45<\/strong> | Encerramento<\/p>\n<p>&nbsp;<\/p>\n","protected":false},"excerpt":{"rendered":"<p>9h00 | Acolhimento dos\/as participantes 9h30 | Sess\u00e3o de Boas-vindas Rui Matos |\u00a0Diretor da ESECS &#8211; IPL Maria Fernanda Matos\u00a0|\u00a0Coordenadora do N\u00facleo Distrital de Leiria da EAPN Portugal 9h45 | Confer\u00eancia inaugural: Economia Social: os principais desafios no atual contexto econ\u00f3mico, social e pol\u00edtico Moderadora:\u00a0T\u00e2nia Santos\u00a0|\u00a0Docente na ESECS &#8211; IPL Maria do Carmo Marques Pinto [&hellip;]<\/p>\n","protected":false},"author":102,"featured_media":0,"parent":0,"menu_order":1,"comment_status":"closed","ping_status":"closed","template":"","meta":{"footnotes":""},"class_list":["post-20","page","type-page","status-publish","hentry"],"_links":{"self":[{"href":"https:\/\/sites.ipleiria.pt\/3jornadaseconomiasocial\/wp-json\/wp\/v2\/pages\/20","targetHints":{"allow":["GET"]}}],"collection":[{"href":"https:\/\/sites.ipleiria.pt\/3jornadaseconomiasocial\/wp-json\/wp\/v2\/pages"}],"about":[{"href":"https:\/\/sites.ipleiria.pt\/3jornadaseconomiasocial\/wp-json\/wp\/v2\/types\/page"}],"author":[{"embeddable":true,"href":"https:\/\/sites.ipleiria.pt\/3jornadaseconomiasocial\/wp-json\/wp\/v2\/users\/102"}],"replies":[{"embeddable":true,"href":"https:\/\/sites.ipleiria.pt\/3jornadaseconomiasocial\/wp-json\/wp\/v2\/comments?post=20"}],"version-history":[{"count":97,"href":"https:\/\/sites.ipleiria.pt\/3jornadaseconomiasocial\/wp-json\/wp\/v2\/pages\/20\/revisions"}],"predecessor-version":[{"id":358,"href":"https:\/\/sites.ipleiria.pt\/3jornadaseconomiasocial\/wp-json\/wp\/v2\/pages\/20\/revisions\/358"}],"wp:attachment":[{"href":"https:\/\/sites.ipleiria.pt\/3jornadaseconomiasocial\/wp-json\/wp\/v2\/media?parent=20"}],"curies":[{"name":"wp","href":"https:\/\/api.w.org\/{rel}","templated":true}]}}