{"id":85,"date":"2013-10-03T16:28:30","date_gmt":"2013-10-03T16:28:30","guid":{"rendered":"http:\/\/sites.ipleiria.pt\/3jornadaseconomiasocial\/?page_id=85"},"modified":"2014-09-04T13:44:20","modified_gmt":"2014-09-04T13:44:20","slug":"organizadores","status":"publish","type":"page","link":"https:\/\/sites.ipleiria.pt\/3jornadaseconomiasocial\/organizadores\/","title":{"rendered":"Organizadores"},"content":{"rendered":"<table style=\"width:800px\">\n<tr valign=\"top\">\n<td width=\"50px;\" valign=\"top\"><img loading=\"lazy\" decoding=\"async\" src=\"http:\/\/sites.ipleiria.pt\/3jornadaseconomiasocial\/files\/2013\/10\/Logo_ACSM.jpg\" alt=\"Logo_ACSM\" width=\"100\" height=\"100\" class=\"alignnone size-full wp-image-279\" \/><\/td>\n<td width=\"700px;\"><strong>Academia Cultural e Social da Maceira<\/strong><br \/>\nRua da Academia n\u00ba10<br \/>\n2405-018 Maceira<br \/>\n<em>Telefone:<\/em> 244 772 639<br \/>\n<em>E-mail:<\/em> <a href=\"mailto:academiasocial@academiademaceira.com\"\/>academiasocial@academiademaceira.com<\/a><br \/>\n<em>Site:<\/em> <a href=\"http:\/\/www.academiademaceira.com\"\/>www.academiademaceira.com<\/a><\/td>\n<\/tr>\n<tr valign=\"top\">\n<td width=\"50px;\" valign=\"top\"><img loading=\"lazy\" decoding=\"async\" src=\"http:\/\/sites.ipleiria.pt\/3jornadaseconomiasocial\/files\/2013\/10\/foto_adesba.jpg\" alt=\"foto_adesba\" width=\"100\" height=\"100\" class=\"alignnone size-full wp-image-285\" \/><\/td>\n<td width=\"700px;\"><strong>ADESBA &#8211; Associa\u00e7\u00e3o de Desenvolvimento e Bem Estar Social da Freguesia da Barreira<\/strong><br \/>\nRua Sant\u00edssimo Salvador, 450 Barreira<br \/>\n2410-023 Leiria<br \/>\n<em>Telefone:<\/em> 244 829 192<br \/>\n<em>Fax:<\/em> 244 829 193<br \/>\n<em>E-mail:<\/em> <a href=\"mailto:adesba@sapo.pt\"\/>adesba@sapo.pt<\/a><br \/>\n<em>Site:<\/em> <a href=\"http:\/\/www.adesba.pt\"\/>www.adesba.pt<\/a><\/td>\n<\/tr>\n<tr valign=\"top\">\n<td width=\"50px;\" valign=\"top\"><img loading=\"lazy\" decoding=\"async\" src=\"http:\/\/sites.ipleiria.pt\/3jornadaseconomiasocial\/files\/2013\/10\/foto_apepi.jpg\" alt=\"foto_apepi\" width=\"100\" height=\"100\" class=\"alignnone size-full wp-image-288\" \/><\/td>\n<td width=\"700px;\"><strong>APEPI \/ Associa\u00e7\u00e3o de Pais e Educadores para a Inf\u00e2ncia<\/strong><br \/>\nLargo do Arnado<br \/>\n3100-548 Pombal<br \/>\n<em>Telefone:<\/em> 236 213 268<br \/>\n<em>Fax:<\/em> 236 211 373<br \/>\n<em>E-mail:<\/em> <a href=\"mailto:apepi-ipss@iol.pt\"\/>apepi-ipss@iol.pt<\/a><\/td>\n<\/tr>\n<tr valign=\"top\">\n<td width=\"50px;\" valign=\"top\"><img loading=\"lazy\" decoding=\"async\" src=\"http:\/\/sites.ipleiria.pt\/3jornadaseconomiasocial\/files\/2013\/10\/foto_assfa.jpg\" alt=\"foto_assfa\" width=\"100\" height=\"100\" class=\"alignnone size-full wp-image-291\" \/><\/td>\n<td width=\"700px;\"><strong>Associa\u00e7\u00e3o de Desenvolvimento Social da Freguesia de A-dos-Negros<\/strong><br \/>\nEstrada da Fonte Santa, n.\u00ba 2<br \/>\n2510-321 A-dos-Negros<br \/>\n<em>Telefone:<\/em> 262958799 | <em>Telem\u00f3vel:<\/em> 910689434<br \/>\n<em>E-mail:<\/em> <a href=\"mailto:adsfan@sapo.pt\"\/>adsfan@sapo.pt<\/a><\/td>\n<\/tr>\n<tr valign=\"top\">\n<td width=\"50px;\" valign=\"top\"><img loading=\"lazy\" decoding=\"async\" src=\"http:\/\/sites.ipleiria.pt\/3jornadaseconomiasocial\/files\/2013\/10\/logo-adsfan1.jpg\" alt=\"logo adsfan\" width=\"100\" height=\"100\" class=\"alignnone size-full wp-image-295\"\/><\/td>\n<td width=\"700px;\"><strong>Associa\u00e7\u00e3o de Solidariedade Social de Foz do Arelho<\/strong><br \/>\nRua do Vale da Ponte, 7<br \/>\n2500-507 Foz do Arelho<br \/>\n<em>Telefone:<\/em> 262 978 617<br \/>\n<em>Fax:<\/em> 262 978 275<br \/>\n<em>E-mail:<\/em> <a href=\"mailto:solidariedade.social@fozdoarelho.pt\"\/>solidariedade.social@fozdoarelho.pt<\/a><\/td>\n<\/tr>\n<tr valign=\"top\">\n<td width=\"50px;\" valign=\"top\"><img loading=\"lazy\" decoding=\"async\" src=\"http:\/\/sites.ipleiria.pt\/3jornadaseconomiasocial\/files\/2013\/10\/foto_landal.jpg\" alt=\"foto_landal\" width=\"100\" height=\"100\" class=\"alignnone size-full wp-image-318\" \/><\/td>\n<td width=\"700px;\"><strong>Centro Comunit\u00e1rio do Landal<\/strong><br \/>\nEstrada da Fontinha, n.\u00ba 1, Rostos<br \/>\n2500-540 Landal<br \/>\n<em>Telefone:<\/em> 262949300<br \/>\n<em>Fax:<\/em> 262949975<br \/>\n<em>E-mail:<\/em> <a href=\"mailto:geral@centrolandal.com\"\/>geral@centrolandal.com<\/a><\/td>\n<\/tr>\n<tr valign=\"top\">\n<td width=\"50px;\" valign=\"top\"><img loading=\"lazy\" decoding=\"async\" src=\"http:\/\/sites.ipleiria.pt\/3jornadaseconomiasocial\/files\/2013\/10\/foto_eapn.jpg\" alt=\"foto_eapn\" width=\"100\" height=\"100\" class=\"alignnone size-full wp-image-319\" \/><\/td>\n<td width=\"700px;\"><strong>EAPN \u2013 Rede Europeia Anti-Pobreza\/Portugal<\/strong><br \/>\nN\u00facleo Distrital de Leiria<br \/>\nRua Miguel Franco, lote 8, n.\u00ba 102, Loja 1 e 2<br \/>\n2400-191 Leiria<br \/>\n<em>Telefone:<\/em> 244 837 228<br \/>\n<em>Fax:<\/em> 244 837 229<br \/>\n<em>E-mail:<\/em> <a href=\"mailto:leiria@eapn.pt\"\/>leiria@eapn.pt<\/a><br \/>\n<em>Site:<\/em> <a href=\"http:\/\/www.eapn.pt\"\/>www.eapn.pt<\/a><\/td>\n<\/tr>\n<tr valign=\"top\">\n<td width=\"50px;\" valign=\"top\"><img loading=\"lazy\" decoding=\"async\" src=\"http:\/\/sites.ipleiria.pt\/3jornadaseconomiasocial\/files\/2013\/10\/foto_pulsar.jpg\" alt=\"foto_pulsar\" width=\"100\" height=\"100\" class=\"alignnone size-full wp-image-299\" \/><\/td>\n<td width=\"700px;\"><strong>InPulsar &#8211; Associa\u00e7\u00e3o para o Desenvolvimento Comunit\u00e1rio<\/strong><br \/>\nRua Machado dos Santos n\u00ba 43 &#8211; 1\u00ba Esq.<br \/>\n2410-128 Leiria<br \/>\n<em>Telefone:<\/em> 244028052<br \/>\n<em>Telem\u00f3vel:<\/em> 910829160<br \/>\n<em>E-mail:<\/em> <a href=\"mailto:geral@inpulsar.pt\"\/>geral@inpulsar.pt<\/a><br \/>\n<em>Site:<\/em> <a href=\"http:\/\/www.inpulsar.pt\"\/>www.inpulsar.pt<\/a><\/td>\n<\/tr>\n<tr valign=\"top\">\n<td width=\"50px;\" valign=\"top\"><img loading=\"lazy\" decoding=\"async\" src=\"http:\/\/sites.ipleiria.pt\/3jornadaseconomiasocial\/files\/2013\/10\/foto_lis.jpg\" alt=\"foto_lis\" width=\"100\" height=\"100\" class=\"alignnone size-full wp-image-301\" \/><\/td>\n<td width=\"700px;\">\n<strong>Liga Social e Cultural Campos do Lis<\/strong><br \/>\nRua Professor Jos\u00e9 Pires da Fonseca, n.\u00ba 5<br \/>\nG\u00e2ndara dos Olivais<br \/>\n2415-335 Leiria<br \/>\n<em>Telefone:<\/em> 244 838 440<br \/>\n<em>Fax:<\/em> 244 838 442<br \/>\n<em>E-mail:<\/em> <a href=\"mailto:geral@ligacamposdolis.com\"\/>geral@ligacamposdolis.com<\/a><\/td>\n<\/tr>\n<tr valign=\"top\">\n<td width=\"50px;\" valign=\"top\"><img loading=\"lazy\" decoding=\"async\" src=\"http:\/\/sites.ipleiria.pt\/3jornadaseconomiasocial\/files\/2013\/10\/foto_novo_olhar.jpg\" alt=\"foto_novo_olhar\" width=\"100\" height=\"100\" class=\"alignnone size-full wp-image-304\" \/><\/td>\n<td width=\"700px;\"><strong>Novo Olhar II<\/strong><br \/>\n<em>Delega\u00e7\u00e3o da Marinha Grande<\/em> &#8211; Av.1\u00ba Maio n\u00ba108 Traseiras<br \/>\n2430-210 Marinha Grande<\/p>\n<p><em>Delega\u00e7\u00e3o de Leiria<\/em> &#8211; Rua A &#8211; Quinta da Gordalina n\u00ba10 r\/c dto<br \/>\n2415-802 Leiria<br \/>\n<em>Telefone e Fax:<\/em> 244 567 117<br \/>\n<em>Telem\u00f3vel:<\/em> 926582880 | 913475218<br \/>\n<em>E-mail:<\/em> <a href=\"mailto:novoolhar2@hotmail.com\"\/>novoolhar2@hotmail.com<\/a><br \/>\n<a href=\"http:\/\/www.facebook.com\/novoolhar2\"\/>http:\/\/www.facebook.com\/novoolhar2<\/a>\n<\/td>\n<\/tr>\n<tr valign=\"top\">\n<td width=\"50px;\" valign=\"top\"><img loading=\"lazy\" decoding=\"async\" src=\"http:\/\/sites.ipleiria.pt\/3jornadaseconomiasocial\/files\/2013\/10\/foto_vida_plena.jpg\" alt=\"foto_vida_plena\" width=\"100\" height=\"100\" class=\"alignnone size-full wp-image-307\"\/><\/td>\n<td width=\"700px;\"><strong>Vida Plena \/ Associa\u00e7\u00e3o de Solidariedade Social<\/strong><br \/>\nRua Cardal N\u00ba 222, Touria \u2013 Pousos<br \/>\n2410-497 Leiria<br \/>\n<em>Telefone:<\/em> 244 837 458<br \/>\n<em>E-mail:<\/em> <a href=\"mailto:vidaplena.ipss@gmail.com\"\/>vidaplena.ipss@gmail.com<\/a>\n<\/td>\n<\/tr>\n<\/table>\n","protected":false},"excerpt":{"rendered":"<p>Academia Cultural e Social da Maceira Rua da Academia n\u00ba10 2405-018 Maceira Telefone: 244 772 639 E-mail: academiasocial@academiademaceira.com Site: www.academiademaceira.com ADESBA &#8211; Associa\u00e7\u00e3o de Desenvolvimento e Bem Estar Social da Freguesia da Barreira Rua Sant\u00edssimo Salvador, 450 Barreira 2410-023 Leiria Telefone: 244 829 192 Fax: 244 829 193 E-mail: adesba@sapo.pt Site: www.adesba.pt APEPI \/ Associa\u00e7\u00e3o [&hellip;]<\/p>\n","protected":false},"author":102,"featured_media":0,"parent":0,"menu_order":4,"comment_status":"closed","ping_status":"open","template":"","meta":{"footnotes":""},"class_list":["post-85","page","type-page","status-publish","hentry"],"_links":{"self":[{"href":"https:\/\/sites.ipleiria.pt\/3jornadaseconomiasocial\/wp-json\/wp\/v2\/pages\/85","targetHints":{"allow":["GET"]}}],"collection":[{"href":"https:\/\/sites.ipleiria.pt\/3jornadaseconomiasocial\/wp-json\/wp\/v2\/pages"}],"about":[{"href":"https:\/\/sites.ipleiria.pt\/3jornadaseconomiasocial\/wp-json\/wp\/v2\/types\/page"}],"author":[{"embeddable":true,"href":"https:\/\/sites.ipleiria.pt\/3jornadaseconomiasocial\/wp-json\/wp\/v2\/users\/102"}],"replies":[{"embeddable":true,"href":"https:\/\/sites.ipleiria.pt\/3jornadaseconomiasocial\/wp-json\/wp\/v2\/comments?post=85"}],"version-history":[{"count":55,"href":"https:\/\/sites.ipleiria.pt\/3jornadaseconomiasocial\/wp-json\/wp\/v2\/pages\/85\/revisions"}],"predecessor-version":[{"id":323,"href":"https:\/\/sites.ipleiria.pt\/3jornadaseconomiasocial\/wp-json\/wp\/v2\/pages\/85\/revisions\/323"}],"wp:attachment":[{"href":"https:\/\/sites.ipleiria.pt\/3jornadaseconomiasocial\/wp-json\/wp\/v2\/media?parent=85"}],"curies":[{"name":"wp","href":"https:\/\/api.w.org\/{rel}","templated":true}]}}