{"id":87,"date":"2013-10-03T16:28:45","date_gmt":"2013-10-03T16:28:45","guid":{"rendered":"http:\/\/sites.ipleiria.pt\/3jornadaseconomiasocial\/?page_id=87"},"modified":"2014-09-04T13:24:42","modified_gmt":"2014-09-04T13:24:42","slug":"parceria","status":"publish","type":"page","link":"https:\/\/sites.ipleiria.pt\/3jornadaseconomiasocial\/parceria\/","title":{"rendered":"Parceiro"},"content":{"rendered":"<table style=\"width:800px\">\n<tr valign=\"top\">\n<td width=\"50px;\" valign=\"top\"><img loading=\"lazy\" decoding=\"async\" src=\"http:\/\/sites.ipleiria.pt\/3jornadaseconomiasocial\/files\/2013\/10\/esecs.jpg\" alt=\"esecs\" width=\"128\" height=\"159\" class=\"alignnone size-full wp-image-311\" \/><\/td>\n<td width=\"700px;\"><strong>ESECS \u2013 Escola Superior de Educa\u00e7\u00e3o e Ci\u00eancias Sociais<\/strong> (Leiria)<br \/>\n<strong><em>Contactos:<\/em><\/strong><br \/>\n<em>Telefone:<\/em>244 829400<br \/>\n<em>Fax:<\/em>244 829499<br \/>\n<em>E.mail:<\/em><a href=\"mailto:esecs@ipleiria.pt\"\/>esecs@ipleiria.pt<\/a><br \/>\n<em>Site:<\/em> <a href=\"http:\/\/www.esecs.ipleiria.pt\/\" target=\"_blank\"\/>www.esecs.ipleiria.pt\/<\/a><\/p>\n<p><strong>Localiza\u00e7\u00e3o<\/strong><em><br \/>\n<em>Morada:<\/em>Campus 1<br \/>\nRua Dr. Jo\u00e3o Soares<br \/>\nApartado 4045<br \/>\n2411-901 Leiria &#8211; Portugal<\/p>\n<p><strong>Coordenadas GPS da ESECS \/ IPL:<\/strong><br \/>\n<strong>N<\/strong><em> 39.739448 LATITUDE<br \/>\n<strong>W<\/strong><\/em> 8.811279 LONGITUDE\n<\/td>\n<\/tr>\n<\/table>\n","protected":false},"excerpt":{"rendered":"<p>ESECS \u2013 Escola Superior de Educa\u00e7\u00e3o e Ci\u00eancias Sociais (Leiria) Contactos: Telefone:244 829400 Fax:244 829499 E.mail:esecs@ipleiria.pt Site: www.esecs.ipleiria.pt\/ Localiza\u00e7\u00e3o Morada:Campus 1 Rua Dr. Jo\u00e3o Soares Apartado 4045 2411-901 Leiria &#8211; Portugal Coordenadas GPS da ESECS \/ IPL: N 39.739448 LATITUDE W 8.811279 LONGITUDE<\/p>\n","protected":false},"author":102,"featured_media":0,"parent":0,"menu_order":5,"comment_status":"closed","ping_status":"closed","template":"","meta":{"footnotes":""},"class_list":["post-87","page","type-page","status-publish","hentry"],"_links":{"self":[{"href":"https:\/\/sites.ipleiria.pt\/3jornadaseconomiasocial\/wp-json\/wp\/v2\/pages\/87","targetHints":{"allow":["GET"]}}],"collection":[{"href":"https:\/\/sites.ipleiria.pt\/3jornadaseconomiasocial\/wp-json\/wp\/v2\/pages"}],"about":[{"href":"https:\/\/sites.ipleiria.pt\/3jornadaseconomiasocial\/wp-json\/wp\/v2\/types\/page"}],"author":[{"embeddable":true,"href":"https:\/\/sites.ipleiria.pt\/3jornadaseconomiasocial\/wp-json\/wp\/v2\/users\/102"}],"replies":[{"embeddable":true,"href":"https:\/\/sites.ipleiria.pt\/3jornadaseconomiasocial\/wp-json\/wp\/v2\/comments?post=87"}],"version-history":[{"count":17,"href":"https:\/\/sites.ipleiria.pt\/3jornadaseconomiasocial\/wp-json\/wp\/v2\/pages\/87\/revisions"}],"predecessor-version":[{"id":316,"href":"https:\/\/sites.ipleiria.pt\/3jornadaseconomiasocial\/wp-json\/wp\/v2\/pages\/87\/revisions\/316"}],"wp:attachment":[{"href":"https:\/\/sites.ipleiria.pt\/3jornadaseconomiasocial\/wp-json\/wp\/v2\/media?parent=87"}],"curies":[{"name":"wp","href":"https:\/\/api.w.org\/{rel}","templated":true}]}}