{"id":316,"date":"2019-10-16T12:00:36","date_gmt":"2019-10-16T12:00:36","guid":{"rendered":"http:\/\/sites.ipleiria.pt\/40anos\/?page_id=316"},"modified":"2019-10-16T12:15:00","modified_gmt":"2019-10-16T12:15:00","slug":"ficha-tecnica","status":"publish","type":"page","link":"https:\/\/sites.ipleiria.pt\/40anos\/ficha-tecnica\/","title":{"rendered":"Ficha t\u00e9cnica"},"content":{"rendered":"\n<p style=\"font-size:18px\"><small>Coordena\u00e7\u00e3o<\/small><br>Alda Mour\u00e3o<br>Catarina Menezes<br><br><small>Recolha e Digitaliza\u00e7\u00e3o de Imprensa<br><\/small>S\u00f3nia Matos<br><br><small>Produ\u00e7\u00e3o<\/small><br>Marta Oliveira<br><br><small>Design Gr\u00e1fico<\/small><br>Leonel Brites<br><br><small>Fundo Documental<\/small><br>Arquivo Distrital de Leiria<br><br><small>Ilustra\u00e7\u00e3o<\/small><br>Matheus Dias<br><br><small>Fotografia<\/small><br>Arquivo ESECS<\/p>\n","protected":false},"excerpt":{"rendered":"<p>Coordena\u00e7\u00e3oAlda Mour\u00e3oCatarina Menezes Recolha e Digitaliza\u00e7\u00e3o de ImprensaS\u00f3nia Matos Produ\u00e7\u00e3oMarta Oliveira Design Gr\u00e1ficoLeonel Brites Fundo DocumentalArquivo Distrital de Leiria Ilustra\u00e7\u00e3oMatheus Dias FotografiaArquivo ESECS<\/p>\n","protected":false},"author":65,"featured_media":0,"parent":0,"menu_order":0,"comment_status":"closed","ping_status":"closed","template":"","meta":{"footnotes":""},"class_list":["post-316","page","type-page","status-publish","hentry"],"yoast_head":"<!-- This site is optimized with the Yoast SEO plugin v26.8 - https:\/\/yoast.com\/product\/yoast-seo-wordpress\/ -->\n<title>Ficha t\u00e9cnica - 40 anos<\/title>\n<meta name=\"robots\" content=\"index, follow, max-snippet:-1, max-image-preview:large, max-video-preview:-1\" \/>\n<link rel=\"canonical\" href=\"https:\/\/sites.ipleiria.pt\/40anos\/ficha-tecnica\/\" \/>\n<meta property=\"og:locale\" content=\"pt_PT\" \/>\n<meta property=\"og:type\" content=\"article\" \/>\n<meta property=\"og:title\" content=\"Ficha t\u00e9cnica - 40 anos\" \/>\n<meta property=\"og:description\" content=\"Coordena\u00e7\u00e3oAlda Mour\u00e3oCatarina Menezes Recolha e Digitaliza\u00e7\u00e3o de ImprensaS\u00f3nia Matos Produ\u00e7\u00e3oMarta Oliveira Design Gr\u00e1ficoLeonel Brites Fundo DocumentalArquivo Distrital de Leiria Ilustra\u00e7\u00e3oMatheus Dias FotografiaArquivo ESECS\" \/>\n<meta property=\"og:url\" content=\"https:\/\/sites.ipleiria.pt\/40anos\/ficha-tecnica\/\" \/>\n<meta property=\"og:site_name\" content=\"40 anos\" \/>\n<meta property=\"article:modified_time\" content=\"2019-10-16T12:15:00+00:00\" \/>\n<meta name=\"twitter:card\" content=\"summary_large_image\" \/>\n<script type=\"application\/ld+json\" class=\"yoast-schema-graph\">{\"@context\":\"https:\/\/schema.org\",\"@graph\":[{\"@type\":\"WebPage\",\"@id\":\"https:\/\/sites.ipleiria.pt\/40anos\/ficha-tecnica\/\",\"url\":\"https:\/\/sites.ipleiria.pt\/40anos\/ficha-tecnica\/\",\"name\":\"Ficha t\u00e9cnica - 40 anos\",\"isPartOf\":{\"@id\":\"https:\/\/sites.ipleiria.pt\/40anos\/#website\"},\"datePublished\":\"2019-10-16T12:00:36+00:00\",\"dateModified\":\"2019-10-16T12:15:00+00:00\",\"breadcrumb\":{\"@id\":\"https:\/\/sites.ipleiria.pt\/40anos\/ficha-tecnica\/#breadcrumb\"},\"inLanguage\":\"pt-PT\",\"potentialAction\":[{\"@type\":\"ReadAction\",\"target\":[\"https:\/\/sites.ipleiria.pt\/40anos\/ficha-tecnica\/\"]}]},{\"@type\":\"BreadcrumbList\",\"@id\":\"https:\/\/sites.ipleiria.pt\/40anos\/ficha-tecnica\/#breadcrumb\",\"itemListElement\":[{\"@type\":\"ListItem\",\"position\":1,\"name\":\"In\u00edcio\",\"item\":\"https:\/\/sites.ipleiria.pt\/40anos\/\"},{\"@type\":\"ListItem\",\"position\":2,\"name\":\"Ficha t\u00e9cnica\"}]},{\"@type\":\"WebSite\",\"@id\":\"https:\/\/sites.ipleiria.pt\/40anos\/#website\",\"url\":\"https:\/\/sites.ipleiria.pt\/40anos\/\",\"name\":\"40 anos\",\"description\":\"Assim nasce uma Escola\",\"potentialAction\":[{\"@type\":\"SearchAction\",\"target\":{\"@type\":\"EntryPoint\",\"urlTemplate\":\"https:\/\/sites.ipleiria.pt\/40anos\/?s={search_term_string}\"},\"query-input\":{\"@type\":\"PropertyValueSpecification\",\"valueRequired\":true,\"valueName\":\"search_term_string\"}}],\"inLanguage\":\"pt-PT\"}]}<\/script>\n<!-- \/ Yoast SEO plugin. -->","yoast_head_json":{"title":"Ficha t\u00e9cnica - 40 anos","robots":{"index":"index","follow":"follow","max-snippet":"max-snippet:-1","max-image-preview":"max-image-preview:large","max-video-preview":"max-video-preview:-1"},"canonical":"https:\/\/sites.ipleiria.pt\/40anos\/ficha-tecnica\/","og_locale":"pt_PT","og_type":"article","og_title":"Ficha t\u00e9cnica - 40 anos","og_description":"Coordena\u00e7\u00e3oAlda Mour\u00e3oCatarina Menezes Recolha e Digitaliza\u00e7\u00e3o de ImprensaS\u00f3nia Matos Produ\u00e7\u00e3oMarta Oliveira Design Gr\u00e1ficoLeonel Brites Fundo DocumentalArquivo Distrital de Leiria Ilustra\u00e7\u00e3oMatheus Dias FotografiaArquivo ESECS","og_url":"https:\/\/sites.ipleiria.pt\/40anos\/ficha-tecnica\/","og_site_name":"40 anos","article_modified_time":"2019-10-16T12:15:00+00:00","twitter_card":"summary_large_image","schema":{"@context":"https:\/\/schema.org","@graph":[{"@type":"WebPage","@id":"https:\/\/sites.ipleiria.pt\/40anos\/ficha-tecnica\/","url":"https:\/\/sites.ipleiria.pt\/40anos\/ficha-tecnica\/","name":"Ficha t\u00e9cnica - 40 anos","isPartOf":{"@id":"https:\/\/sites.ipleiria.pt\/40anos\/#website"},"datePublished":"2019-10-16T12:00:36+00:00","dateModified":"2019-10-16T12:15:00+00:00","breadcrumb":{"@id":"https:\/\/sites.ipleiria.pt\/40anos\/ficha-tecnica\/#breadcrumb"},"inLanguage":"pt-PT","potentialAction":[{"@type":"ReadAction","target":["https:\/\/sites.ipleiria.pt\/40anos\/ficha-tecnica\/"]}]},{"@type":"BreadcrumbList","@id":"https:\/\/sites.ipleiria.pt\/40anos\/ficha-tecnica\/#breadcrumb","itemListElement":[{"@type":"ListItem","position":1,"name":"In\u00edcio","item":"https:\/\/sites.ipleiria.pt\/40anos\/"},{"@type":"ListItem","position":2,"name":"Ficha t\u00e9cnica"}]},{"@type":"WebSite","@id":"https:\/\/sites.ipleiria.pt\/40anos\/#website","url":"https:\/\/sites.ipleiria.pt\/40anos\/","name":"40 anos","description":"Assim nasce uma Escola","potentialAction":[{"@type":"SearchAction","target":{"@type":"EntryPoint","urlTemplate":"https:\/\/sites.ipleiria.pt\/40anos\/?s={search_term_string}"},"query-input":{"@type":"PropertyValueSpecification","valueRequired":true,"valueName":"search_term_string"}}],"inLanguage":"pt-PT"}]}},"_links":{"self":[{"href":"https:\/\/sites.ipleiria.pt\/40anos\/wp-json\/wp\/v2\/pages\/316","targetHints":{"allow":["GET"]}}],"collection":[{"href":"https:\/\/sites.ipleiria.pt\/40anos\/wp-json\/wp\/v2\/pages"}],"about":[{"href":"https:\/\/sites.ipleiria.pt\/40anos\/wp-json\/wp\/v2\/types\/page"}],"author":[{"embeddable":true,"href":"https:\/\/sites.ipleiria.pt\/40anos\/wp-json\/wp\/v2\/users\/65"}],"replies":[{"embeddable":true,"href":"https:\/\/sites.ipleiria.pt\/40anos\/wp-json\/wp\/v2\/comments?post=316"}],"version-history":[{"count":15,"href":"https:\/\/sites.ipleiria.pt\/40anos\/wp-json\/wp\/v2\/pages\/316\/revisions"}],"predecessor-version":[{"id":332,"href":"https:\/\/sites.ipleiria.pt\/40anos\/wp-json\/wp\/v2\/pages\/316\/revisions\/332"}],"wp:attachment":[{"href":"https:\/\/sites.ipleiria.pt\/40anos\/wp-json\/wp\/v2\/media?parent=316"}],"curies":[{"name":"wp","href":"https:\/\/api.w.org\/{rel}","templated":true}]}}