{"id":11,"date":"2020-01-16T14:55:37","date_gmt":"2020-01-16T14:55:37","guid":{"rendered":"http:\/\/4eihm.sites.ipleiria.pt\/?page_id=11"},"modified":"2023-02-08T12:00:15","modified_gmt":"2023-02-08T12:00:15","slug":"inscricoes","status":"publish","type":"page","link":"https:\/\/sites.ipleiria.pt\/4eihm\/inscricoes\/","title":{"rendered":"Inscri\u00e7\u00f5es"},"content":{"rendered":"\t\t<div data-elementor-type=\"wp-page\" data-elementor-id=\"11\" class=\"elementor elementor-11\">\n\t\t\t\t\t\t<section class=\"has_eae_slider elementor-section elementor-top-section elementor-element elementor-element-3c6331e elementor-section-boxed elementor-section-height-default elementor-section-height-default\" data-eae-slider=\"45529\" data-id=\"3c6331e\" data-element_type=\"section\">\n\t\t\t\t\t\t<div class=\"elementor-container elementor-column-gap-default\">\n\t\t\t\t\t<div class=\"has_eae_slider aux-parallax-section elementor-column elementor-col-100 elementor-top-column elementor-element elementor-element-7600d0f\" data-eae-slider=\"20924\" data-id=\"7600d0f\" data-element_type=\"column\">\n\t\t\t<div class=\"elementor-widget-wrap elementor-element-populated\">\n\t\t\t\t\t\t<div class=\"elementor-element elementor-element-949a31b elementor-widget elementor-widget-heading\" data-id=\"949a31b\" data-element_type=\"widget\" data-widget_type=\"heading.default\">\n\t\t\t\t<div class=\"elementor-widget-container\">\n\t\t\t\t\t<h2 class=\"elementor-heading-title elementor-size-default\">Inscri\u00e7\u00f5es<\/h2>\t\t\t\t<\/div>\n\t\t\t\t<\/div>\n\t\t\t\t<div class=\"elementor-element elementor-element-f1e0742 elementor-widget-divider--view-line elementor-widget elementor-widget-divider\" data-id=\"f1e0742\" data-element_type=\"widget\" data-widget_type=\"divider.default\">\n\t\t\t\t<div class=\"elementor-widget-container\">\n\t\t\t\t\t\t\t<div class=\"elementor-divider\">\n\t\t\t<span class=\"elementor-divider-separator\">\n\t\t\t\t\t\t<\/span>\n\t\t<\/div>\n\t\t\t\t\t\t<\/div>\n\t\t\t\t<\/div>\n\t\t\t\t\t<\/div>\n\t\t<\/div>\n\t\t\t\t\t<\/div>\n\t\t<\/section>\n\t\t\t\t<section class=\"has_eae_slider elementor-section elementor-top-section elementor-element elementor-element-426f98e elementor-section-boxed elementor-section-height-default elementor-section-height-default\" data-eae-slider=\"46307\" data-id=\"426f98e\" data-element_type=\"section\">\n\t\t\t\t\t\t<div class=\"elementor-container elementor-column-gap-default\">\n\t\t\t\t\t<div class=\"has_eae_slider aux-parallax-section elementor-column elementor-col-100 elementor-top-column elementor-element elementor-element-91a4350\" data-eae-slider=\"41998\" data-id=\"91a4350\" data-element_type=\"column\">\n\t\t\t<div class=\"elementor-widget-wrap elementor-element-populated\">\n\t\t\t\t\t\t<div class=\"elementor-element elementor-element-6477356 elementor-widget elementor-widget-text-editor\" data-id=\"6477356\" data-element_type=\"widget\" data-widget_type=\"text-editor.default\">\n\t\t\t\t<div class=\"elementor-widget-container\">\n\t\t\t\t\t\t\t\t\t<h4><strong>Valor de inscri\u00e7\u00e3o:<\/strong><\/h4><ul><li><b>S\u00f3cios e\/ou membros da SPM, RSME, APM, SPE, SPF e SPQ, SEHCYT, Solofici, membros do Grupo de Historia de las Matem\u00e1ticas da RSME e das sociedades do CEMAT e do Comit\u00e9 Espanhol da IUHPS\/DHST<\/b>: 35\u20ac\u00a0 (45\u20ac depois de 31 de maio)<\/li><li><b>P\u00fablico em Geral<\/b> (normal): 50\u20ac\u00a0 (60\u20ac depois de 31 de maio)<\/li><li><b>Estudantes <\/b>(licenciatura, mestrado ou doutoramento):\u00a0 25\u20ac (35\u20ac depois de 31 de maio)<\/li><\/ul><p><b>Os participantes que pretendam beneficiar de pre\u00e7o reduzido devem enviar comprovativo da sua condi\u00e7\u00e3o no ato de inscri\u00e7\u00e3o<\/b><strong>.<\/strong><strong>\u00a0<\/strong><\/p><h4>\u00a0<\/h4><h4><strong>Informa\u00e7\u00e3o sobre o pagamento da Inscri\u00e7\u00e3o:<\/strong><\/h4><p>As inscri\u00e7\u00f5es dever\u00e3o ser pagas por transfer\u00eancia banc\u00e1ria para a conta da SPM:<\/p><p><strong>NIB<\/strong>: 0035.0127.00051934.930.69<br \/><strong>IBAN<\/strong>: PT50 0035 0127 00051934930 69<br \/><strong>BIC SWIFT<\/strong>: CGDIPTPL<\/p><p>Os participantes, nomeadamente quando o pagamento for realizado fora de Portugal, poder\u00e3o efetuar o pagamento diretamente \u00e0 SPM por PayPal, utilizando o seguinte e-mail da SPM: spmloja@spm.pt<\/p><p>Qualquer d\u00favida quanto \u00e0s inscri\u00e7\u00f5es, por favor, contactar a SPM (<a href=\"mailto:spm@spm.pt\">spm@spm.pt<\/a>)<\/p>\t\t\t\t\t\t\t\t<\/div>\n\t\t\t\t<\/div>\n\t\t\t\t\t<\/div>\n\t\t<\/div>\n\t\t\t\t\t<\/div>\n\t\t<\/section>\n\t\t\t\t<section class=\"has_eae_slider elementor-section elementor-top-section elementor-element elementor-element-23e8b70 elementor-section-boxed elementor-section-height-default elementor-section-height-default\" data-eae-slider=\"88119\" data-id=\"23e8b70\" data-element_type=\"section\">\n\t\t\t\t\t\t<div class=\"elementor-container elementor-column-gap-default\">\n\t\t\t\t\t<div class=\"has_eae_slider aux-parallax-section elementor-column elementor-col-100 elementor-top-column elementor-element elementor-element-e1375d9\" data-eae-slider=\"1655\" data-id=\"e1375d9\" data-element_type=\"column\">\n\t\t\t<div class=\"elementor-widget-wrap elementor-element-populated\">\n\t\t\t\t\t\t<div class=\"elementor-element elementor-element-d97317f elementor-align-center elementor-widget elementor-widget-button\" data-id=\"d97317f\" data-element_type=\"widget\" data-widget_type=\"button.default\">\n\t\t\t\t<div class=\"elementor-widget-container\">\n\t\t\t\t\t\t\t\t\t<div class=\"elementor-button-wrapper\">\n\t\t\t\t\t<a class=\"elementor-button elementor-button-link elementor-size-lg\" href=\"https:\/\/forms.gle\/N18tGADtdjVe3CqN8\" target=\"_blank\">\n\t\t\t\t\t\t<span class=\"elementor-button-content-wrapper\">\n\t\t\t\t\t\t\t\t\t<span class=\"elementor-button-text\">Ficha de inscri\u00e7\u00e3o (a preencher ap\u00f3s pagamento da inscri\u00e7\u00e3o)<\/span>\n\t\t\t\t\t<\/span>\n\t\t\t\t\t<\/a>\n\t\t\t\t<\/div>\n\t\t\t\t\t\t\t\t<\/div>\n\t\t\t\t<\/div>\n\t\t\t\t\t<\/div>\n\t\t<\/div>\n\t\t\t\t\t<\/div>\n\t\t<\/section>\n\t\t\t\t<\/div>\n\t\t","protected":false},"excerpt":{"rendered":"<p>Inscri\u00e7\u00f5es Valor de inscri\u00e7\u00e3o: S\u00f3cios e\/ou membros da SPM, RSME, APM, SPE, SPF e SPQ, SEHCYT, Solofici, membros do Grupo de Historia de las Matem\u00e1ticas da RSME e das sociedades do CEMAT e do Comit\u00e9 Espanhol da IUHPS\/DHST: 35\u20ac\u00a0 (45\u20ac depois de 31 de maio) P\u00fablico em Geral (normal): 50\u20ac\u00a0 (60\u20ac depois de 31 de [&hellip;]<\/p>\n","protected":false},"author":1962,"featured_media":0,"parent":0,"menu_order":0,"comment_status":"closed","ping_status":"closed","template":"","meta":{"footnotes":""},"class_list":["post-11","page","type-page","status-publish","hentry"],"_links":{"self":[{"href":"https:\/\/sites.ipleiria.pt\/4eihm\/wp-json\/wp\/v2\/pages\/11","targetHints":{"allow":["GET"]}}],"collection":[{"href":"https:\/\/sites.ipleiria.pt\/4eihm\/wp-json\/wp\/v2\/pages"}],"about":[{"href":"https:\/\/sites.ipleiria.pt\/4eihm\/wp-json\/wp\/v2\/types\/page"}],"author":[{"embeddable":true,"href":"https:\/\/sites.ipleiria.pt\/4eihm\/wp-json\/wp\/v2\/users\/1962"}],"replies":[{"embeddable":true,"href":"https:\/\/sites.ipleiria.pt\/4eihm\/wp-json\/wp\/v2\/comments?post=11"}],"version-history":[{"count":105,"href":"https:\/\/sites.ipleiria.pt\/4eihm\/wp-json\/wp\/v2\/pages\/11\/revisions"}],"predecessor-version":[{"id":852,"href":"https:\/\/sites.ipleiria.pt\/4eihm\/wp-json\/wp\/v2\/pages\/11\/revisions\/852"}],"wp:attachment":[{"href":"https:\/\/sites.ipleiria.pt\/4eihm\/wp-json\/wp\/v2\/media?parent=11"}],"curies":[{"name":"wp","href":"https:\/\/api.w.org\/{rel}","templated":true}]}}