{"id":13,"date":"2020-01-16T14:55:50","date_gmt":"2020-01-16T14:55:50","guid":{"rendered":"http:\/\/4eihm.sites.ipleiria.pt\/?page_id=13"},"modified":"2023-06-17T09:15:24","modified_gmt":"2023-06-17T09:15:24","slug":"programa","status":"publish","type":"page","link":"https:\/\/sites.ipleiria.pt\/4eihm\/programa\/","title":{"rendered":"Programa"},"content":{"rendered":"\t\t<div data-elementor-type=\"wp-page\" data-elementor-id=\"13\" class=\"elementor elementor-13\">\n\t\t\t\t\t\t<section class=\"has_eae_slider elementor-section elementor-top-section elementor-element elementor-element-b325721 elementor-section-boxed elementor-section-height-default elementor-section-height-default\" data-eae-slider=\"73925\" data-id=\"b325721\" data-element_type=\"section\">\n\t\t\t\t\t\t<div class=\"elementor-container elementor-column-gap-default\">\n\t\t\t\t\t<div class=\"has_eae_slider aux-parallax-section elementor-column elementor-col-100 elementor-top-column elementor-element elementor-element-5868ddb\" data-eae-slider=\"30858\" data-id=\"5868ddb\" data-element_type=\"column\">\n\t\t\t<div class=\"elementor-widget-wrap elementor-element-populated\">\n\t\t\t\t\t\t<div class=\"elementor-element elementor-element-09d9d92 elementor-widget elementor-widget-heading\" data-id=\"09d9d92\" data-element_type=\"widget\" data-widget_type=\"heading.default\">\n\t\t\t\t<div class=\"elementor-widget-container\">\n\t\t\t\t\t<h2 class=\"elementor-heading-title elementor-size-default\">programa<\/h2>\t\t\t\t<\/div>\n\t\t\t\t<\/div>\n\t\t\t\t<div class=\"elementor-element elementor-element-d8cc306 elementor-widget-divider--view-line elementor-widget elementor-widget-divider\" data-id=\"d8cc306\" data-element_type=\"widget\" data-widget_type=\"divider.default\">\n\t\t\t\t<div class=\"elementor-widget-container\">\n\t\t\t\t\t\t\t<div class=\"elementor-divider\">\n\t\t\t<span class=\"elementor-divider-separator\">\n\t\t\t\t\t\t<\/span>\n\t\t<\/div>\n\t\t\t\t\t\t<\/div>\n\t\t\t\t<\/div>\n\t\t\t\t\t<\/div>\n\t\t<\/div>\n\t\t\t\t\t<\/div>\n\t\t<\/section>\n\t\t\t\t<section class=\"has_eae_slider elementor-section elementor-top-section elementor-element elementor-element-eac38a1 elementor-section-boxed elementor-section-height-default elementor-section-height-default\" data-eae-slider=\"11908\" data-id=\"eac38a1\" data-element_type=\"section\">\n\t\t\t\t\t\t<div class=\"elementor-container elementor-column-gap-default\">\n\t\t\t\t\t<div class=\"has_eae_slider aux-parallax-section elementor-column elementor-col-100 elementor-top-column elementor-element elementor-element-7601854\" data-eae-slider=\"11335\" data-id=\"7601854\" data-element_type=\"column\">\n\t\t\t<div class=\"elementor-widget-wrap elementor-element-populated\">\n\t\t\t\t\t\t<div class=\"elementor-element elementor-element-5a8c0b7 elementor-widget elementor-widget-text-editor\" data-id=\"5a8c0b7\" data-element_type=\"widget\" data-widget_type=\"text-editor.default\">\n\t\t\t\t<div class=\"elementor-widget-container\">\n\t\t\t\t\t\t\t\t\t<h1 style=\"letter-spacing: normal;font-size: 30px;text-align: center\"><a href=\"https:\/\/www.visiteleiria.pt\/pontos-de-interesse\/museus\/museu-de-leiria\/\" target=\"_blank\" rel=\"noopener\">Museu de Leiria<\/a><\/h1><h2 style=\"letter-spacing: normal;font-size: 30px\">\u00a0<\/h2><h2 style=\"letter-spacing: normal;font-size: 30px\">Quinta-FEIRA, 22 DE junho de 2023<\/h2><p style=\"color: #7a7a7a;font-family: Roboto, sans-serif;font-size: 16px\">09.00-09.30 \u2013 Entrega de material<\/p><p style=\"color: #7a7a7a;font-family: Roboto, sans-serif;font-size: 16px\">09.30-10.00 \u2013\u00a0Abertura<\/p><p style=\"color: #7a7a7a;font-family: Roboto, sans-serif;font-size: 16px\">10.00-11.00 \u2013\u00a0Ana Sim\u00f5es \u2013 <em>As m\u00faltiplas faces das previs\u00f5es cient\u00edficas. Objectivos das expedi\u00e7\u00f5es astron\u00f3micas organizadas na d\u00e9cada de 1910 para testar a deflex\u00e3o da luz\u00a0<\/em><\/p><h4 style=\"color: #7a7a7a;font-family: Roboto, sans-serif;font-size: 16px\"><span style=\"color: #00269a;font-family: 'Source Sans Pro';font-size: 18px;font-weight: bold;text-transform: uppercase\">11.00-11.30\u00a0\u2013 Coffee break<\/span><\/h4><p style=\"color: #7a7a7a;font-family: Roboto, sans-serif;font-size: 16px\">11.30-12.00 \u2013\u00a0Daniel Pinto \u2013 <em>Vitelo e a \u00d3ptica de Euclides<\/em>\u00a0<\/p><p style=\"color: #7a7a7a;font-family: Roboto, sans-serif;font-size: 16px\">12.00-12.30 \u2013\u00a0Samuel Gessner \u2013 <em>Aferir o peso do conhecimento: a cultura matem\u00e1tica dos almotac\u00e9s no s\u00e9culo 16<\/em>\u00a0<\/p><p style=\"color: #7a7a7a;font-family: Roboto, sans-serif;font-size: 16px\">12.30-13.00 \u2013\u00a0Angel Requena Fraile \u2013 <em>Tipolog\u00eda de matem\u00e1ticos ib\u00e9ricos transfronterizos (1492\u20131718): Zacuto, Nunes, Lavanha, Stafford, Torres, &#8230;\u00a0<\/em><\/p><h4 style=\"letter-spacing: normal\">13.00-15.00\u00a0\u2013 INTERVALO PARA\u00a0ALMO\u00c7O<\/h4><p style=\"color: #7a7a7a;font-family: Roboto, sans-serif;font-size: 16px\">15.00-15.30 \u2013\u00a0Antonio Mellado, Maria Rosa Massa \u2013 <em>Medir y construir en los Elementos de Euclides del Curso matem\u00e1tico de H\u00e9rigone<\/em><\/p><p style=\"color: #7a7a7a;font-family: Roboto, sans-serif;font-size: 16px\">15.30-16.00 \u2013\u00a0Carlota Sim\u00f5es \u2013 <em>O grande cometa de 1680 observado em Goa por Antoine Thomas<\/em><\/p><p style=\"color: #7a7a7a;font-family: Roboto, sans-serif;font-size: 16px\">16.00-16.30 \u2013\u00a0Antonio Linero Bas, Pedro J. Herrero \u2013 <em>Jacques Ozanam (1640\u20131718), maestro en la difusi\u00f3n y algebrizaci\u00f3n de las matem\u00e1ticas<\/em><\/p><h4 style=\"color: #7a7a7a;font-family: Roboto, sans-serif;font-size: 16px\"><span style=\"color: #00269a;font-family: 'Source Sans Pro';font-size: 18px;font-weight: bold;text-transform: uppercase\">16.30-17.00 \u2013 COFFEE BREAK<\/span><\/h4><p style=\"color: #7a7a7a;font-family: Roboto, sans-serif;font-size: 16px\">17.00-17.30 \u2013\u00a0Jo\u00e3o Caramalho Domingues \u2013 <em>Que matem\u00e1tica para os engenheiros militares? Da Aula de Fortifica\u00e7\u00e3o \u00e0 Academia Militar de Lisboa\u00a0<\/em><\/p><p style=\"color: #7a7a7a;font-family: Roboto, sans-serif;font-size: 16px\">17.30-18.00 \u2013\u00a0Juan Navarro Loidi \u2013 <em>Juan Andr\u00e9s y la Historia de las Matem\u00e1ticas\u00a0<\/em><\/p><p style=\"color: #7a7a7a;font-family: Roboto, sans-serif;font-size: 16px\">18.00-18.30 \u2013\u00a0Ant\u00f3nio Leal Duarte \u2013 <em>\u00c9 de D\u2019Alembert a frase \u201cAllez en avant, et la foi vous viendra\u201d?<\/em><\/p><p style=\"color: #7a7a7a;font-family: Roboto, sans-serif;font-size: 16px\"><span style=\"color: #00269a;font-family: 'Source Sans Pro';font-size: 18px;font-weight: bold;text-transform: uppercase\">\u00a0\u00a0<\/span><\/p><h2 style=\"letter-spacing: normal;font-size: 30px\">Sexta-FEIRA, 23 DE junho DE 2023<\/h2><p><span style=\"color: #7a7a7a;font-family: Roboto, sans-serif;font-size: 16px\">09.00-09.30 \u2013\u00a0<\/span><span style=\"color: #7a7a7a;font-family: Roboto, sans-serif\"><span style=\"font-size: 16px\">Fernando B. Figueiredo \u2013 <em>Estudando e aprendendo: a \u2018Bibliotheca Mathematica e Filosofica\u2019 da Universidade de Coimbra em finais do s\u00e9culo XVIII\u00a0<\/em><\/span><\/span><\/p><p style=\"color: #7a7a7a;font-family: Roboto, sans-serif;font-size: 16px\">09.30-10.00 \u2013\u00a0Ana L. Correia \u2013 <em>A import\u00e2ncia da trigonometria esf\u00e9rica na astronomia de posi\u00e7\u00e3o: digress\u00e3o por alguns manuais usados no ensino superior militar em Portugal na 2.\u00aa metade do s\u00e9culo XIX e 1.\u00aa metade do s\u00e9culo XX<\/em><\/p><p style=\"color: #7a7a7a;font-family: Roboto, sans-serif;font-size: 16px\">10.00-10.30 \u2013\u00a0Cecilia Neve \u2013 <em>Las memorias de Lagrange sobre teor\u00eda de n\u00fameros: una exploraci\u00f3n de algunos elementos influyentes en el desarrollo de esta disciplina<\/em><\/p><h4 style=\"color: #7a7a7a;font-family: Roboto, sans-serif;font-size: 16px\"><span style=\"color: #00269a;font-family: 'Source Sans Pro';font-size: 18px;font-weight: bold;text-transform: uppercase\">10.30-11.00\u00a0\u2013 COFFEE BREAK<\/span><\/h4><p style=\"color: #7a7a7a;font-family: Roboto, sans-serif;font-size: 16px\">11.00-12.00 \u2013\u00a0Jos\u00e9 Ferreir\u00f3s \u2013 <em>Los n\u00fameros reales en transici\u00f3n: una panor\u00e1mica entre el XVIII y el XIX\u00a0<\/em><\/p><p style=\"color: #7a7a7a;font-family: Roboto, sans-serif;font-size: 16px\">12.00-12.30 \u2013\u00a0Teresa Sousa \u2013 <em>O c\u00e1lculo da Latitude por duas Alturas do Sol<\/em><\/p><p style=\"color: #7a7a7a;font-family: Roboto, sans-serif;font-size: 16px\">12.30-13.00 \u2013\u00a0Jorge Losada \u2013 <em>Riemann, Cauchy, Lakatos y Dieudonn\u00e9\u00a0<\/em><\/p><h4 style=\"letter-spacing: normal\">13.00-15.00\u00a0\u2013 INTERVALO PARA\u00a0ALMO\u00c7O<\/h4><p><span style=\"color: #7a7a7a;font-family: Roboto, sans-serif;font-size: 16px\">15.00-15.30 \u2013\u00a0<\/span><span style=\"color: #7a7a7a;font-family: Roboto, sans-serif\"><span style=\"font-size: 16px\">Rui Santos \u2013 <em>\u201cTeoremas de Jacob Bernoulli e lei dos desvios\u201d em Pacheco d\u2019Amorim (1914)\u00a0<\/em><\/span><\/span><\/p><p><span style=\"color: #7a7a7a;font-family: Roboto, sans-serif;font-size: 16px\">15.30-16.00 \u2013\u00a0<\/span><span style=\"color: #7a7a7a;font-family: Roboto, sans-serif\"><span style=\"font-size: 16px\">Ana Patr\u00edcia Martins \u2013 <em>\u201cVerdadeiros actu\u00e1rios\u201d \u2013 sobre a regulamenta\u00e7\u00e3o da actividade de actu\u00e1rio na primeira metade do s\u00e9culo XX\u00a0<\/em><\/span><\/span><\/p><p style=\"color: #7a7a7a;font-family: Roboto, sans-serif;font-size: 16px\">16.00-16.30 \u2013\u00a0Helmuth R. Malonek \u2013\u00a0<em>On the rise of Mathematics in the 1919 founded University of Yerevan: Arshak Tonyan (1888\u20131942)\u00a0<\/em><\/p><h4 style=\"color: #7a7a7a;font-family: Roboto, sans-serif;font-size: 16px\"><span style=\"color: #00269a;font-family: 'Source Sans Pro';font-size: 18px;font-weight: bold;text-transform: uppercase\">16.30-17.00\u00a0\u2013 COFFEE BREAK<\/span><\/h4><div><h4 style=\"font-family: Roboto, sans-serif;letter-spacing: normal;font-size: 16px;color: #7a7a7a\"><span style=\"color: #00269a;font-family: 'Source Sans Pro';font-size: 18px\">17.00-19.30\u00a0\u2013 TARDE SOCIAL<\/span><\/h4><\/div><h3 style=\"color: #7a7a7a;font-family: Roboto, sans-serif;font-size: 16px\"><span style=\"color: #00269a;font-family: 'Source Sans Pro';font-size: 18px;font-weight: bold;text-transform: uppercase\">20.00\u00a0\u2013 Jantar da confer\u00eancia<\/span><\/h3><h2 style=\"letter-spacing: normal;font-size: 30px\">\u00a0<\/h2><h2 style=\"letter-spacing: normal;font-size: 30px\">S\u00c1BADO, 24 DE junho DE 2023<\/h2><p style=\"color: #7a7a7a;font-family: Roboto, sans-serif;font-size: 16px\">09.30-10.00 \u2013\u00a0Francisco Gonz\u00e1lez Redondo \u2013 <em>En los or\u00edgenes de esta historia. Prehistoria de la Matem\u00e1tica y Matem\u00e1tica en la Prehistoria\u00a0<\/em><\/p><p style=\"color: #7a7a7a;font-family: Roboto, sans-serif;font-size: 16px\">10.00-10.30 \u2013\u00a0Rui Candeias \u2013\u00a0<em>A teoria dos conjuntos no ensino prim\u00e1rio: entre os programas oficiais e os manuais escolares (1968\u20131990)\u00a0<\/em><\/p><p><span style=\"color: #7a7a7a;font-family: Roboto, sans-serif;font-size: 16px\">10.30-11.00 \u2013\u00a0<\/span><span style=\"color: #7a7a7a;font-family: Roboto, sans-serif\"><span style=\"font-size: 16px\">Luis Espa\u00f1ol \u2013 <em>La matem\u00e1tica espa\u00f1ola durante la ausencia de Julio Rey Pastor en torno a 1923\u00a0<\/em><\/span><\/span><\/p><p style=\"color: #7a7a7a;font-family: Roboto, sans-serif;font-size: 16px\">11.00-11.30 \u2013\u00a0Lu\u00eds Saraiva \u2013 <em>Eduardo Ortiz, um historiador da matem\u00e1tica no ex\u00edlio\u00a0<\/em><\/p><h4 style=\"font-size: 16px;font-family: Roboto, sans-serif;color: #7a7a7a\"><span style=\"color: #00269a;font-family: 'Source Sans Pro';font-size: 18px;font-weight: bold;text-transform: uppercase\">11.30-12.00 \u2013 ENCERRAMENTO DO ENCONTRO<\/span><\/h4><p>\u00a0<\/p><h3><strong><a href=\"http:\/\/sites.ipleiria.pt\/4eihm\/files\/2023\/05\/Programa_4o-Iberico.pdf\" target=\"_blank\" rel=\"noopener\">Programa do 4.\u00ba EIHM em PDF<\/a><\/strong><\/h3>\t\t\t\t\t\t\t\t<\/div>\n\t\t\t\t<\/div>\n\t\t\t\t\t<\/div>\n\t\t<\/div>\n\t\t\t\t\t<\/div>\n\t\t<\/section>\n\t\t\t\t<\/div>\n\t\t","protected":false},"excerpt":{"rendered":"<p>programa Museu de Leiria \u00a0 Quinta-FEIRA, 22 DE junho de 2023 09.00-09.30 \u2013 Entrega de material 09.30-10.00 \u2013\u00a0Abertura 10.00-11.00 \u2013\u00a0Ana Sim\u00f5es \u2013 As m\u00faltiplas faces das previs\u00f5es cient\u00edficas. Objectivos das expedi\u00e7\u00f5es astron\u00f3micas organizadas na d\u00e9cada de 1910 para testar a deflex\u00e3o da luz\u00a0 11.00-11.30\u00a0\u2013 Coffee break 11.30-12.00 \u2013\u00a0Daniel Pinto \u2013 Vitelo e a \u00d3ptica de [&hellip;]<\/p>\n","protected":false},"author":1962,"featured_media":0,"parent":0,"menu_order":0,"comment_status":"closed","ping_status":"closed","template":"","meta":{"footnotes":""},"class_list":["post-13","page","type-page","status-publish","hentry"],"_links":{"self":[{"href":"https:\/\/sites.ipleiria.pt\/4eihm\/wp-json\/wp\/v2\/pages\/13","targetHints":{"allow":["GET"]}}],"collection":[{"href":"https:\/\/sites.ipleiria.pt\/4eihm\/wp-json\/wp\/v2\/pages"}],"about":[{"href":"https:\/\/sites.ipleiria.pt\/4eihm\/wp-json\/wp\/v2\/types\/page"}],"author":[{"embeddable":true,"href":"https:\/\/sites.ipleiria.pt\/4eihm\/wp-json\/wp\/v2\/users\/1962"}],"replies":[{"embeddable":true,"href":"https:\/\/sites.ipleiria.pt\/4eihm\/wp-json\/wp\/v2\/comments?post=13"}],"version-history":[{"count":120,"href":"https:\/\/sites.ipleiria.pt\/4eihm\/wp-json\/wp\/v2\/pages\/13\/revisions"}],"predecessor-version":[{"id":924,"href":"https:\/\/sites.ipleiria.pt\/4eihm\/wp-json\/wp\/v2\/pages\/13\/revisions\/924"}],"wp:attachment":[{"href":"https:\/\/sites.ipleiria.pt\/4eihm\/wp-json\/wp\/v2\/media?parent=13"}],"curies":[{"name":"wp","href":"https:\/\/api.w.org\/{rel}","templated":true}]}}