{"id":664,"date":"2022-11-21T12:08:21","date_gmt":"2022-11-21T12:08:21","guid":{"rendered":"https:\/\/sites.ipleiria.pt\/4eihm\/?page_id=664"},"modified":"2023-04-21T09:33:19","modified_gmt":"2023-04-21T09:33:19","slug":"informacoes","status":"publish","type":"page","link":"https:\/\/sites.ipleiria.pt\/4eihm\/informacoes\/","title":{"rendered":"Informa\u00e7\u00f5es"},"content":{"rendered":"\t\t<div data-elementor-type=\"wp-page\" data-elementor-id=\"664\" class=\"elementor elementor-664\">\n\t\t\t\t\t\t<section class=\"has_eae_slider elementor-section elementor-top-section elementor-element elementor-element-835d75c elementor-section-boxed elementor-section-height-default elementor-section-height-default\" data-eae-slider=\"59971\" data-id=\"835d75c\" data-element_type=\"section\">\n\t\t\t\t\t\t<div class=\"elementor-container elementor-column-gap-default\">\n\t\t\t\t\t<div class=\"has_eae_slider aux-parallax-section elementor-column elementor-col-100 elementor-top-column elementor-element elementor-element-8d21b2a\" data-eae-slider=\"88159\" data-id=\"8d21b2a\" data-element_type=\"column\">\n\t\t\t<div class=\"elementor-widget-wrap elementor-element-populated\">\n\t\t\t\t\t\t<div class=\"elementor-element elementor-element-e5477bd elementor-widget elementor-widget-heading\" data-id=\"e5477bd\" data-element_type=\"widget\" data-widget_type=\"heading.default\">\n\t\t\t\t<div class=\"elementor-widget-container\">\n\t\t\t\t\t<h2 class=\"elementor-heading-title elementor-size-default\">informa\u00e7\u00f5es<\/h2>\t\t\t\t<\/div>\n\t\t\t\t<\/div>\n\t\t\t\t<div class=\"elementor-element elementor-element-5cc6a86 elementor-widget-divider--view-line elementor-widget elementor-widget-divider\" data-id=\"5cc6a86\" data-element_type=\"widget\" data-widget_type=\"divider.default\">\n\t\t\t\t<div class=\"elementor-widget-container\">\n\t\t\t\t\t\t\t<div class=\"elementor-divider\">\n\t\t\t<span class=\"elementor-divider-separator\">\n\t\t\t\t\t\t<\/span>\n\t\t<\/div>\n\t\t\t\t\t\t<\/div>\n\t\t\t\t<\/div>\n\t\t\t\t\t<\/div>\n\t\t<\/div>\n\t\t\t\t\t<\/div>\n\t\t<\/section>\n\t\t\t\t<section class=\"has_eae_slider elementor-section elementor-top-section elementor-element elementor-element-8618f69 elementor-section-boxed elementor-section-height-default elementor-section-height-default\" data-eae-slider=\"64757\" data-id=\"8618f69\" data-element_type=\"section\">\n\t\t\t\t\t\t<div class=\"elementor-container elementor-column-gap-default\">\n\t\t\t\t\t<div class=\"has_eae_slider aux-parallax-section elementor-column elementor-col-100 elementor-top-column elementor-element elementor-element-0b957fa\" data-eae-slider=\"29008\" data-id=\"0b957fa\" data-element_type=\"column\">\n\t\t\t<div class=\"elementor-widget-wrap elementor-element-populated\">\n\t\t\t\t\t\t<div class=\"elementor-element elementor-element-5fe4f9b elementor-widget elementor-widget-text-editor\" data-id=\"5fe4f9b\" data-element_type=\"widget\" data-widget_type=\"text-editor.default\">\n\t\t\t\t<div class=\"elementor-widget-container\">\n\t\t\t\t\t\t\t\t\t<h4><strong><br \/>Algumas propostas de alojamento:<\/strong><\/h4><p>Para qualquer reserva nos hot\u00e9is sugeridos, indicar que a mesma \u00e9 feita no \u00e2mbito do <em>4.\u00ba Encontro Ib\u00e9rico de Hist\u00f3ria da Matem\u00e1tica<\/em>, evento organizado em parceria com o Polit\u00e9cnico de Leiria (IPL). As tarifas indicadas s\u00e3o v\u00e1lidas apenas para reservas diretas com os hot\u00e9is e n\u00e3o por meio de outras plataformas.<\/p><ul><li><strong>Hotel S\u00e3o Luis***<\/strong><br \/><a href=\"https:\/\/www.saoluishotel.com\/\">https:\/\/www.saoluishotel.com\/<\/a><br \/>+351 244 848 370 | <a href=\"mailto:hotelsluis@gmail.com\">hotelsluis@gmail.com<\/a><br \/>\u00a0 \u00a0 \u00a0Quarto single: 45\u20ac\/noite<br \/>\u00a0 \u00a0 \u00a0Quarto duplo (cama de casal ou duas camas individuais): 60\u20ac\/noite<br \/>\u00a0 \u00a0 \u00a0Pre\u00e7os incluem pequeno almo\u00e7o<br \/>Informar na reserva que \u00e9 para evento organizado pelo IPL<br \/>Fica a 350 metros do Museu de Leiria<br \/>\u00a0<\/li><\/ul><ul><li><strong>Eurosol Leiria &amp; Jardim***<\/strong><br \/><a href=\"https:\/\/www.eurosol.pt\/pt\/hotel\/eurosol-leiria-jardim-2\">https:\/\/www.eurosol.pt\/pt\/hotel\/eurosol-leiria-jardim-2<\/a><br \/>+351 244 849 849 | <a href=\"mailto:leiria@eurosol.pt\">leiria@eurosol.pt<\/a><br \/>Em reservas diretas no site <a href=\"http:\/\/www.eurosol.pt\">www.eurosol.pt<\/a> utilizar o c\u00f3digo HMAT4 <br \/>\u00a0 \u00a0 \u00a0Single: 56,00\u20ac\/noite<br \/>\u00a0 \u00a0 \u00a0Twin: 66,00\u20ac\/noite<br \/>\u00a0 \u00a0 \u00a0Duplo: 76,00\u20ac\/noite<br \/>\u00a0 \u00a0 \u00a0Pre\u00e7os incluem pequeno almo\u00e7o buffet.<br \/>Fica a 800 metros do Museu de Leiria<br \/>\u00a0 \u00a0 \u00a0 \u00a0 \u00a0 \u00a0 \u00a0 \u00a0 \u00a0 \u00a0 \u00a0 \u00a0 \u00a0 \u00a0 \u00a0 \u00a0 \u00a0 \u00a0 \u00a0 \u00a0 \u00a0 \u00a0 \u00a0 \u00a0\u00a0\u00a0\u00a0 \u00a0 \u00a0 \u00a0 \u00a0 \u00a0 \u00a0 \u00a0 \u00a0 \u00a0 \u00a0 \u00a0 \u00a0 \u00a0 \u00a0 \u00a0 \u00a0 \u00a0 \u00a0 \u00a0 \u00a0 \u00a0 \u00a0 \u00a0<\/li><li><strong>Eurosol Residence Hotel Apartamento****<\/strong><br \/><a href=\"https:\/\/www.eurosol.pt\/pt\/hotel\/eurosol-residence-hotel-apartamento-13\">https:\/\/www.eurosol.pt\/pt\/hotel\/eurosol-residence-hotel-apartamento-13<\/a><br \/>+351 244 860 460 | <a href=\"mailto:residence@eurosol.pt\">residence@eurosol.pt<\/a><br \/>Em reservas diretas no site <a href=\"http:\/\/www.eurosol.pt\">www.eurosol.pt<\/a> utilizar o c\u00f3digo HMAT4 <br \/>\u00a0 \u00a0 \u00a0Single: 66\u20ac\/noite<br \/>\u00a0 \u00a0 \u00a0Duplo: 76\u20ac\/noite<br \/>\u00a0 \u00a0 \u00a0Pre\u00e7os incluem pequeno almo\u00e7o buffet.<br \/>Fica a 800 metros do Museu de Leiria<br \/>\u00a0 \u00a0 \u00a0 \u00a0 \u00a0 \u00a0 \u00a0 \u00a0 \u00a0 \u00a0 \u00a0 \u00a0 \u00a0 \u00a0 \u00a0 \u00a0 \u00a0 \u00a0 \u00a0 \u00a0 \u00a0 \u00a0 \u00a0 \u00a0\u00a0\u00a0\u00a0\u00a0 \u00a0 \u00a0 \u00a0 \u00a0 \u00a0 \u00a0 \u00a0 \u00a0 \u00a0 \u00a0 \u00a0 \u00a0 \u00a0 \u00a0 \u00a0 \u00a0 \u00a0 \u00a0 \u00a0 \u00a0 \u00a0 \u00a0 \u00a0<\/li><li><strong>Hotel D. Dinis**<\/strong><br \/><a href=\"https:\/\/www.hotelddinis.pt\/\">https:\/\/www.hotelddinis.pt\/<\/a><br \/>+351 244 815 342 | <a href=\"mailto:info@hotelddinis.pt\">info@hotelddinis.pt<\/a> <br \/>\u00a0 \u00a0 \u00a0Quarto Single: 45\u20ac\/noite<br \/>\u00a0 \u00a0 \u00a0Quarto Duplo: 55\u20ac\/noite<br \/>\u00a0 \u00a0 \u00a0Quarto Triplo: 70\u20ac\/noite<br \/>\u00a0 \u00a0 \u00a0Pre\u00e7os incluem pequeno almo\u00e7o, Internet WIFI e\u00a0 estacionamento na garagem do Hotel<br \/>Fica a 350 metros do Museu de Leiria\u00a0<br \/>\u00a0 \u00a0 \u00a0 \u00a0 \u00a0 \u00a0 \u00a0 \u00a0 \u00a0 \u00a0 \u00a0 \u00a0 \u00a0 \u00a0 \u00a0 \u00a0 \u00a0 \u00a0 \u00a0 \u00a0 \u00a0 \u00a0 \u00a0\u00a0\u00a0\u00a0\u00a0 \u00a0 \u00a0 \u00a0 \u00a0 \u00a0 \u00a0 \u00a0 \u00a0 \u00a0 \u00a0 \u00a0 \u00a0 \u00a0 \u00a0 \u00a0 \u00a0 \u00a0 \u00a0 \u00a0 \u00a0 \u00a0 \u00a0 \u00a0<\/li><li><strong>IBIS Leiria**<\/strong><br \/>+351 244 816 700 | <a href=\"mailto:h3340@accor.com\">h3340@accor.com<\/a><br \/>\u00a0 \u00a0 \u00a0Quarto single: 47\u20ac\/noite <br \/>\u00a0 \u00a0 \u00a0Quarto duplo (cama de casal ou duas camas individuais): 50\u20ac\/noite<br \/>\u00a0 \u00a0 \u00a0Pequeno almo\u00e7o: 7,50\u20ac por pessoa.<br \/>Fica a 800 metros do Museu de Leiria \u00a0 \u00a0<br \/>\u00a0 \u00a0 \u00a0 \u00a0 \u00a0 \u00a0 \u00a0 \u00a0 \u00a0 \u00a0 \u00a0 \u00a0 \u00a0 \u00a0 \u00a0 \u00a0 \u00a0 \u00a0 \u00a0 \u00a0 \u00a0 \u00a0\u00a0\u00a0\u00a0 \u00a0 \u00a0 \u00a0 \u00a0 \u00a0 \u00a0 \u00a0 \u00a0 \u00a0 \u00a0 \u00a0 \u00a0 \u00a0 \u00a0 \u00a0 \u00a0 \u00a0 \u00a0 \u00a0 \u00a0 \u00a0 \u00a0 \u00a0<\/li><li><strong>Hotel S\u00e3o Francisco**<\/strong><br \/>+351 244 823 110 | <a href=\"mailto:geral@hotelsfrancisco.net\">geral@hotelsfrancisco.net<\/a><br \/>\u00a0 \u00a0 \u00a0Quarto Single: 40\u20ac\/noite<br \/>\u00a0 \u00a0 \u00a0Quarto Duplo (cama de casal ou duas camas individuais): 50\u20ac\/noite<br \/>\u00a0 \u00a0 \u00a0Quarto Triplo (tr\u00eas camas individuais): 70\u20ac\/noite<br \/>\u00a0 \u00a0 \u00a0Pre\u00e7os incluem pequeno almo\u00e7o<br \/>Fica a 1000 metros do Museu de Leiria\u00a0\u00a0\u00a0 <br \/>\u00a0 \u00a0 \u00a0 \u00a0 \u00a0 \u00a0 \u00a0 \u00a0 \u00a0 \u00a0 \u00a0 \u00a0 \u00a0 \u00a0 \u00a0 \u00a0 \u00a0 \u00a0 \u00a0 \u00a0 \u00a0 \u00a0 \u00a0 \u00a0\u00a0\u00a0 \u00a0 \u00a0 \u00a0 \u00a0 \u00a0 \u00a0 \u00a0 \u00a0 \u00a0 \u00a0 \u00a0 \u00a0 \u00a0 \u00a0 \u00a0 \u00a0 \u00a0 \u00a0 \u00a0 \u00a0 \u00a0 \u00a0<\/li><\/ul>\t\t\t\t\t\t\t\t<\/div>\n\t\t\t\t<\/div>\n\t\t\t\t\t<\/div>\n\t\t<\/div>\n\t\t\t\t\t<\/div>\n\t\t<\/section>\n\t\t\t\t<section class=\"has_eae_slider elementor-section elementor-top-section elementor-element elementor-element-43a2b74 elementor-section-boxed elementor-section-height-default elementor-section-height-default\" data-eae-slider=\"4810\" data-id=\"43a2b74\" data-element_type=\"section\">\n\t\t\t\t\t\t<div class=\"elementor-container elementor-column-gap-default\">\n\t\t\t\t\t<div class=\"has_eae_slider aux-parallax-section elementor-column elementor-col-100 elementor-top-column elementor-element elementor-element-44d8c88\" data-eae-slider=\"25677\" data-id=\"44d8c88\" data-element_type=\"column\">\n\t\t\t<div class=\"elementor-widget-wrap elementor-element-populated\">\n\t\t\t\t\t\t<div class=\"elementor-element elementor-element-0e236fb elementor-widget-divider--view-line elementor-widget elementor-widget-divider\" data-id=\"0e236fb\" data-element_type=\"widget\" data-widget_type=\"divider.default\">\n\t\t\t\t<div class=\"elementor-widget-container\">\n\t\t\t\t\t\t\t<div class=\"elementor-divider\">\n\t\t\t<span class=\"elementor-divider-separator\">\n\t\t\t\t\t\t<\/span>\n\t\t<\/div>\n\t\t\t\t\t\t<\/div>\n\t\t\t\t<\/div>\n\t\t\t\t\t<\/div>\n\t\t<\/div>\n\t\t\t\t\t<\/div>\n\t\t<\/section>\n\t\t\t\t<section class=\"has_eae_slider elementor-section elementor-top-section elementor-element elementor-element-e458ade elementor-section-boxed elementor-section-height-default elementor-section-height-default\" data-eae-slider=\"2436\" data-id=\"e458ade\" data-element_type=\"section\">\n\t\t\t\t\t\t<div class=\"elementor-container elementor-column-gap-default\">\n\t\t\t\t\t<div class=\"has_eae_slider aux-parallax-section elementor-column elementor-col-100 elementor-top-column elementor-element elementor-element-fe08d7b\" data-eae-slider=\"9705\" data-id=\"fe08d7b\" data-element_type=\"column\">\n\t\t\t<div class=\"elementor-widget-wrap elementor-element-populated\">\n\t\t\t\t\t\t<div class=\"elementor-element elementor-element-361a405 elementor-widget elementor-widget-text-editor\" data-id=\"361a405\" data-element_type=\"widget\" data-widget_type=\"text-editor.default\">\n\t\t\t\t<div class=\"elementor-widget-container\">\n\t\t\t\t\t\t\t\t\t<h4><strong><br \/>Algumas propostas de restaurantes (por ordem crescente de dist\u00e2ncia ao Museu de Leiria):<\/strong><\/h4><ul><li><strong>Sanremo Pizza &amp; Pasta Tradizionale<\/strong> [50 metros] <a href=\"https:\/\/sanremoleiria.eatbu.com\/\">https:\/\/sanremoleiria.eatbu.com<\/a><\/li><li><strong>Vista Bistr\u00f4 &amp; Restaurante<\/strong> [200 metros] <a href=\"https:\/\/vistarestaurante.eatbu.com\/\">https:\/\/vistarestaurante.eatbu.com<\/a><\/li><li><strong>Restaurante Chin\u00eas Kuo Cang<\/strong> [200 metros] <a href=\"https:\/\/restaurante-chines-kuo-cang.negocio.site\/\">https:\/\/restaurante-chines-kuo-cang.negocio.site<\/a><\/li><li><strong>Tamari<\/strong> (Restaurante Vegetariano) [250 metros] <a href=\"https:\/\/tamari.eatbu.com\/\">https:\/\/tamari.eatbu.com<\/a><\/li><li><strong>Montecarlo Salvador<\/strong> [500 metros]<\/li><li><strong>A Toca<\/strong> [500 metros]<\/li><li><strong>O Manel da Quiteria<\/strong> [500 metros]<\/li><li><strong>Taverna do Alberto<\/strong> [500 metros]<a href=\"https:\/\/tavernadoalberto.com\"> https:\/\/tavernadoalberto.com<\/a><\/li><li><strong>Cervejaria Lizbar<\/strong> [500 metros] <a href=\"https:\/\/www.facebook.com\/CervejariaLizbar\">https:\/\/www.facebook.com\/CervejariaLizbar<\/a><\/li><li><strong>Mata Bicho &#8211; Real Taverna<\/strong> [550 metros] <a href=\"https:\/\/www.matabicho.com\">https:\/\/www.matabicho.com<\/a><\/li><li><strong>Taberna da Pra\u00e7a<\/strong> [550 metros] <a href=\"https:\/\/www.facebook.com\/tabernadpraca\">https:\/\/www.facebook.com\/tabernadpraca<\/a><\/li><li><strong>Wok Sant&#8217;ana<\/strong> [550 metros] <a href=\"https:\/\/woksantana.eatbu.com\/\">https:\/\/woksantana.eatbu.com<\/a><\/li><li><strong>Porta 7<\/strong> [600 metros] <a href=\"https:\/\/portasete.pt\">https:\/\/portasete.pt<\/a><\/li><li><strong>Porto Artur<\/strong> [700 metros] <a href=\"https:\/\/portoartur.eatbu.com\/\">https:\/\/portoartur.eatbu.com<\/a><\/li><li><strong>Cardamomo<\/strong> [700 metros] <a href=\"https:\/\/cardamomoleiria.eatbu.com\/\">https:\/\/cardamomoleiria.eatbu.com<\/a><\/li><li><strong>Atlas<\/strong> [750 metros] <a href=\"https:\/\/www.facebook.com\/atlasleiria\">https:\/\/www.facebook.com\/atlasleiria<\/a><\/li><li><strong>Bottega das Tapas<\/strong> [750 metros] <a href=\"http:\/\/www.bottegatapas.pt\">http:\/\/www.bottegatapas.pt <\/a><\/li><\/ul>\t\t\t\t\t\t\t\t<\/div>\n\t\t\t\t<\/div>\n\t\t\t\t\t<\/div>\n\t\t<\/div>\n\t\t\t\t\t<\/div>\n\t\t<\/section>\n\t\t\t\t<\/div>\n\t\t","protected":false},"excerpt":{"rendered":"<p>informa\u00e7\u00f5es Algumas propostas de alojamento: Para qualquer reserva nos hot\u00e9is sugeridos, indicar que a mesma \u00e9 feita no \u00e2mbito do 4.\u00ba Encontro Ib\u00e9rico de Hist\u00f3ria da Matem\u00e1tica, evento organizado em parceria com o Polit\u00e9cnico de Leiria (IPL). As tarifas indicadas s\u00e3o v\u00e1lidas apenas para reservas diretas com os hot\u00e9is e n\u00e3o por meio de outras [&hellip;]<\/p>\n","protected":false},"author":1962,"featured_media":0,"parent":0,"menu_order":0,"comment_status":"closed","ping_status":"closed","template":"","meta":{"footnotes":""},"class_list":["post-664","page","type-page","status-publish","hentry"],"_links":{"self":[{"href":"https:\/\/sites.ipleiria.pt\/4eihm\/wp-json\/wp\/v2\/pages\/664","targetHints":{"allow":["GET"]}}],"collection":[{"href":"https:\/\/sites.ipleiria.pt\/4eihm\/wp-json\/wp\/v2\/pages"}],"about":[{"href":"https:\/\/sites.ipleiria.pt\/4eihm\/wp-json\/wp\/v2\/types\/page"}],"author":[{"embeddable":true,"href":"https:\/\/sites.ipleiria.pt\/4eihm\/wp-json\/wp\/v2\/users\/1962"}],"replies":[{"embeddable":true,"href":"https:\/\/sites.ipleiria.pt\/4eihm\/wp-json\/wp\/v2\/comments?post=664"}],"version-history":[{"count":25,"href":"https:\/\/sites.ipleiria.pt\/4eihm\/wp-json\/wp\/v2\/pages\/664\/revisions"}],"predecessor-version":[{"id":877,"href":"https:\/\/sites.ipleiria.pt\/4eihm\/wp-json\/wp\/v2\/pages\/664\/revisions\/877"}],"wp:attachment":[{"href":"https:\/\/sites.ipleiria.pt\/4eihm\/wp-json\/wp\/v2\/media?parent=664"}],"curies":[{"name":"wp","href":"https:\/\/api.w.org\/{rel}","templated":true}]}}