{"id":9,"date":"2020-01-16T14:55:23","date_gmt":"2020-01-16T14:55:23","guid":{"rendered":"http:\/\/4eihm.sites.ipleiria.pt\/?page_id=9"},"modified":"2023-03-10T00:17:55","modified_gmt":"2023-03-10T00:17:55","slug":"submissoes","status":"publish","type":"page","link":"https:\/\/sites.ipleiria.pt\/4eihm\/submissoes\/","title":{"rendered":"Submiss\u00f5es"},"content":{"rendered":"\t\t<div data-elementor-type=\"wp-page\" data-elementor-id=\"9\" class=\"elementor elementor-9\">\n\t\t\t\t\t\t<section class=\"has_eae_slider elementor-section elementor-top-section elementor-element elementor-element-1c1ef78 elementor-section-boxed elementor-section-height-default elementor-section-height-default\" data-eae-slider=\"95422\" data-id=\"1c1ef78\" data-element_type=\"section\">\n\t\t\t\t\t\t<div class=\"elementor-container elementor-column-gap-default\">\n\t\t\t\t\t<div class=\"has_eae_slider aux-parallax-section elementor-column elementor-col-100 elementor-top-column elementor-element elementor-element-019f748\" data-eae-slider=\"74114\" data-id=\"019f748\" data-element_type=\"column\">\n\t\t\t<div class=\"elementor-widget-wrap elementor-element-populated\">\n\t\t\t\t\t\t<div class=\"elementor-element elementor-element-e3e4a9f elementor-widget elementor-widget-heading\" data-id=\"e3e4a9f\" data-element_type=\"widget\" data-widget_type=\"heading.default\">\n\t\t\t\t<div class=\"elementor-widget-container\">\n\t\t\t\t\t<h2 class=\"elementor-heading-title elementor-size-default\">submiss\u00f5es<\/h2>\t\t\t\t<\/div>\n\t\t\t\t<\/div>\n\t\t\t\t<div class=\"elementor-element elementor-element-b478c6a elementor-widget-divider--view-line elementor-widget elementor-widget-divider\" data-id=\"b478c6a\" data-element_type=\"widget\" data-widget_type=\"divider.default\">\n\t\t\t\t<div class=\"elementor-widget-container\">\n\t\t\t\t\t\t\t<div class=\"elementor-divider\">\n\t\t\t<span class=\"elementor-divider-separator\">\n\t\t\t\t\t\t<\/span>\n\t\t<\/div>\n\t\t\t\t\t\t<\/div>\n\t\t\t\t<\/div>\n\t\t\t\t\t<\/div>\n\t\t<\/div>\n\t\t\t\t\t<\/div>\n\t\t<\/section>\n\t\t\t\t<section class=\"has_eae_slider elementor-section elementor-top-section elementor-element elementor-element-661fee0 elementor-section-boxed elementor-section-height-default elementor-section-height-default\" data-eae-slider=\"30183\" data-id=\"661fee0\" data-element_type=\"section\">\n\t\t\t\t\t\t<div class=\"elementor-container elementor-column-gap-default\">\n\t\t\t\t\t<div class=\"has_eae_slider aux-parallax-section elementor-column elementor-col-25 elementor-top-column elementor-element elementor-element-969765c\" data-eae-slider=\"99730\" data-id=\"969765c\" data-element_type=\"column\">\n\t\t\t<div class=\"elementor-widget-wrap elementor-element-populated\">\n\t\t\t\t\t\t<div class=\"elementor-element elementor-element-57a6a15 elementor-widget elementor-widget-text-editor\" data-id=\"57a6a15\" data-element_type=\"widget\" data-widget_type=\"text-editor.default\">\n\t\t\t\t<div class=\"elementor-widget-container\">\n\t\t\t\t\t\t\t\t\t<div class=\"wp-block-columns has-2-columns\"><div class=\"wp-block-column\"><p>As comunica\u00e7\u00f5es podem ser apresentadas em portugu\u00eas ou em espanhol, e ter\u00e3o dura\u00e7\u00e3o aproximada de 30 minutos, incluindo 5 minutos para quest\u00f5es da assist\u00eancia.<\/p><p>A quem queira apresentar uma comunica\u00e7\u00e3o pede-se o envio de um t\u00edtulo e de um resumo entre 10 e 20 linhas, se poss\u00edvel com bibliografia, que n\u00e3o ocupe mais do que uma p\u00e1gina A4 em Times New Roman (tamanho 12).<\/p><p>As propostas de candidatos espanh\u00f3is devem ser endere\u00e7adas a Eduardo Dorrego (<a href=\"mailto:edorregolopez@gmail.com\">edorregolopez@gmail.com<\/a>) e as dos portugueses a Luis Saraiva (<a href=\"mailto:lmsaraiva@fc.ul.pt\">lmsaraiva@fc.ul.pt<\/a>). As pessoas de outras nacionalidades podem dirigir a sua proposta indistintamente a um dos organizadores: Luis Saraiva ou Jos\u00e9 Ferreir\u00f3s (<a href=\"mailto:josef@us.es\">josef@us.es<\/a>).<\/p><p>N\u00e3o ser\u00e3o aceites propostas de comunica\u00e7\u00e3o com mais de 2 autores (podendo excecionalmente ser admitidas comunica\u00e7\u00f5es com 2 autores).<\/p><\/div><\/div>\t\t\t\t\t\t\t\t<\/div>\n\t\t\t\t<\/div>\n\t\t\t\t\t<\/div>\n\t\t<\/div>\n\t\t\t\t<div class=\"has_eae_slider aux-parallax-section elementor-column elementor-col-25 elementor-top-column elementor-element elementor-element-eda8853\" data-eae-slider=\"36159\" data-id=\"eda8853\" data-element_type=\"column\">\n\t\t\t<div class=\"elementor-widget-wrap\">\n\t\t\t\t\t\t\t<\/div>\n\t\t<\/div>\n\t\t\t\t<div class=\"has_eae_slider aux-parallax-section elementor-column elementor-col-25 elementor-top-column elementor-element elementor-element-40fc120\" data-eae-slider=\"44784\" data-id=\"40fc120\" data-element_type=\"column\">\n\t\t\t<div class=\"elementor-widget-wrap elementor-element-populated\">\n\t\t\t\t\t\t<div class=\"elementor-element elementor-element-5e8790f elementor-view-default elementor-widget elementor-widget-icon\" data-id=\"5e8790f\" data-element_type=\"widget\" data-widget_type=\"icon.default\">\n\t\t\t\t<div class=\"elementor-widget-container\">\n\t\t\t\t\t\t\t<div class=\"elementor-icon-wrapper\">\n\t\t\t<div class=\"elementor-icon\">\n\t\t\t<i aria-hidden=\"true\" class=\"auxicon2 auxicon2-arrow-chevron-small-right\"><\/i>\t\t\t<\/div>\n\t\t<\/div>\n\t\t\t\t\t\t<\/div>\n\t\t\t\t<\/div>\n\t\t\t\t\t<\/div>\n\t\t<\/div>\n\t\t\t\t<div class=\"has_eae_slider aux-parallax-section elementor-column elementor-col-25 elementor-top-column elementor-element elementor-element-cebf879\" data-eae-slider=\"54511\" data-id=\"cebf879\" data-element_type=\"column\">\n\t\t\t<div class=\"elementor-widget-wrap elementor-element-populated\">\n\t\t\t\t\t\t<div class=\"elementor-element elementor-element-0dac40c elementor-widget elementor-widget-text-editor\" data-id=\"0dac40c\" data-element_type=\"widget\" data-widget_type=\"text-editor.default\">\n\t\t\t\t<div class=\"elementor-widget-container\">\n\t\t\t\t\t\t\t\t\t<p><span><strong>Prazo de submiss\u00e3o<\/strong>: 31<\/span><span>&nbsp;de mar\u00e7o de 2023.<\/span><\/p>\t\t\t\t\t\t\t\t<\/div>\n\t\t\t\t<\/div>\n\t\t\t\t<div class=\"elementor-element elementor-element-b6476d1 elementor-widget elementor-widget-text-editor\" data-id=\"b6476d1\" data-element_type=\"widget\" data-widget_type=\"text-editor.default\">\n\t\t\t\t<div class=\"elementor-widget-container\">\n\t\t\t\t\t\t\t\t\t<p><span>Uma comiss\u00e3o cient\u00edfica binacional analisar\u00e1 as propostas e pronunciar-se-\u00e1 sobre a sua admissibilidade at\u00e9 ao dia <strong>20 de abril de 2023.<\/strong><\/span><\/p>\t\t\t\t\t\t\t\t<\/div>\n\t\t\t\t<\/div>\n\t\t\t\t\t<\/div>\n\t\t<\/div>\n\t\t\t\t\t<\/div>\n\t\t<\/section>\n\t\t\t\t<\/div>\n\t\t","protected":false},"excerpt":{"rendered":"<p>submiss\u00f5es As comunica\u00e7\u00f5es podem ser apresentadas em portugu\u00eas ou em espanhol, e ter\u00e3o dura\u00e7\u00e3o aproximada de 30 minutos, incluindo 5 minutos para quest\u00f5es da assist\u00eancia. A quem queira apresentar uma comunica\u00e7\u00e3o pede-se o envio de um t\u00edtulo e de um resumo entre 10 e 20 linhas, se poss\u00edvel com bibliografia, que n\u00e3o ocupe mais do [&hellip;]<\/p>\n","protected":false},"author":1962,"featured_media":0,"parent":0,"menu_order":0,"comment_status":"closed","ping_status":"closed","template":"","meta":{"footnotes":""},"class_list":["post-9","page","type-page","status-publish","hentry"],"_links":{"self":[{"href":"https:\/\/sites.ipleiria.pt\/4eihm\/wp-json\/wp\/v2\/pages\/9","targetHints":{"allow":["GET"]}}],"collection":[{"href":"https:\/\/sites.ipleiria.pt\/4eihm\/wp-json\/wp\/v2\/pages"}],"about":[{"href":"https:\/\/sites.ipleiria.pt\/4eihm\/wp-json\/wp\/v2\/types\/page"}],"author":[{"embeddable":true,"href":"https:\/\/sites.ipleiria.pt\/4eihm\/wp-json\/wp\/v2\/users\/1962"}],"replies":[{"embeddable":true,"href":"https:\/\/sites.ipleiria.pt\/4eihm\/wp-json\/wp\/v2\/comments?post=9"}],"version-history":[{"count":68,"href":"https:\/\/sites.ipleiria.pt\/4eihm\/wp-json\/wp\/v2\/pages\/9\/revisions"}],"predecessor-version":[{"id":858,"href":"https:\/\/sites.ipleiria.pt\/4eihm\/wp-json\/wp\/v2\/pages\/9\/revisions\/858"}],"wp:attachment":[{"href":"https:\/\/sites.ipleiria.pt\/4eihm\/wp-json\/wp\/v2\/media?parent=9"}],"curies":[{"name":"wp","href":"https:\/\/api.w.org\/{rel}","templated":true}]}}