{"id":10,"date":"2020-01-08T16:08:49","date_gmt":"2020-01-08T16:08:49","guid":{"rendered":"http:\/\/sites.ipleiria.pt\/2enda2020\/?page_id=10"},"modified":"2025-05-13T07:33:17","modified_gmt":"2025-05-13T07:33:17","slug":"datas-importantes","status":"publish","type":"page","link":"https:\/\/sites.ipleiria.pt\/4enda2025\/datas-importantes\/","title":{"rendered":"Cronograma"},"content":{"rendered":"\n<ul class=\"wp-block-list\">\n<li><strong>1.\u00aa chamada para propostas<\/strong>: 21 de mar\u00e7o de 2025<\/li>\n\n\n\n<li><strong>2.\u00aa chamada para propostas<\/strong>: 15 de abril de 2025<\/li>\n\n\n\n<li><strong>Per\u00edodo de submiss\u00e3o de propostas<\/strong>: 15 de abril &#8211; <s>15 de maio de 2025<\/s> 31 de maio de 2025<\/li>\n\n\n\n<li><strong>Per\u00edodo de avalia\u00e7\u00e3o das propostas<\/strong>: 16 de maio &#8211; 15 de julho de 2025<\/li>\n\n\n\n<li><strong>Notifica\u00e7\u00e3o final dos autores<\/strong>: 16 de julho de 2025<\/li>\n\n\n\n<li><strong>1.\u00ba per\u00edodo de inscri\u00e7\u00f5es (valor reduzido)<\/strong>: 16 de julho &#8211; 14 de setembro de 2025<\/li>\n\n\n\n<li><strong>2.\u00ba per\u00edodo de inscri\u00e7\u00f5es (valor normal)<\/strong>: 15 de setembro &#8211; 1 de outubro de 2025<\/li>\n\n\n\n<li><strong>ENDA 4<\/strong>: 17 e 18 de outubro de 2025<\/li>\n\n\n\n<li><strong>Submiss\u00e3o de textos referentes \u00e0s comunica\u00e7\u00f5es<\/strong>: 15 de janeiro de 2026<\/li>\n<\/ul>\n","protected":false},"excerpt":{"rendered":"","protected":false},"author":102,"featured_media":0,"parent":0,"menu_order":0,"comment_status":"closed","ping_status":"closed","template":"","meta":{"footnotes":""},"class_list":["post-10","page","type-page","status-publish","hentry"],"_links":{"self":[{"href":"https:\/\/sites.ipleiria.pt\/4enda2025\/wp-json\/wp\/v2\/pages\/10","targetHints":{"allow":["GET"]}}],"collection":[{"href":"https:\/\/sites.ipleiria.pt\/4enda2025\/wp-json\/wp\/v2\/pages"}],"about":[{"href":"https:\/\/sites.ipleiria.pt\/4enda2025\/wp-json\/wp\/v2\/types\/page"}],"author":[{"embeddable":true,"href":"https:\/\/sites.ipleiria.pt\/4enda2025\/wp-json\/wp\/v2\/users\/102"}],"replies":[{"embeddable":true,"href":"https:\/\/sites.ipleiria.pt\/4enda2025\/wp-json\/wp\/v2\/comments?post=10"}],"version-history":[{"count":7,"href":"https:\/\/sites.ipleiria.pt\/4enda2025\/wp-json\/wp\/v2\/pages\/10\/revisions"}],"predecessor-version":[{"id":948,"href":"https:\/\/sites.ipleiria.pt\/4enda2025\/wp-json\/wp\/v2\/pages\/10\/revisions\/948"}],"wp:attachment":[{"href":"https:\/\/sites.ipleiria.pt\/4enda2025\/wp-json\/wp\/v2\/media?parent=10"}],"curies":[{"name":"wp","href":"https:\/\/api.w.org\/{rel}","templated":true}]}}