{"id":14,"date":"2020-01-08T16:09:25","date_gmt":"2020-01-08T16:09:25","guid":{"rendered":"http:\/\/sites.ipleiria.pt\/2enda2020\/?page_id=14"},"modified":"2025-09-04T08:00:48","modified_gmt":"2025-09-04T08:00:48","slug":"inscricoes","status":"publish","type":"page","link":"https:\/\/sites.ipleiria.pt\/4enda2025\/inscricoes\/","title":{"rendered":"Inscri\u00e7\u00e3o"},"content":{"rendered":"\n<p class=\"has-black-color has-text-color\" style=\"font-size:18px\"><strong>Modalidade 1: nos dois dias do ENDA 4 (evento cient\u00edfico e ACD)<\/strong><\/p>\n\n\n\n<p class=\"has-black-color has-text-color\" style=\"font-size:18px\"><strong>Modalidade 2: no segundo dia apenas (ACD)<\/strong><\/p>\n\n\n\n<p class=\"has-black-color has-text-color\" style=\"font-size:18px\">Para se inscrever na <strong>Modalidade 1<\/strong> <mark style=\"background-color:#ffffff\" class=\"has-inline-color has-vivid-red-color\">(evento cient\u00edfico e ACD)<\/mark>, por favor, preencha o formul\u00e1rio dispon\u00edvel <mark style=\"background-color:#fcb900\" class=\"has-inline-color\"><a href=\"https:\/\/forms.office.com\/e\/bUuRn56RjF\">AQUI<\/a><\/mark>.<\/p>\n\n\n\n<h3 class=\"wp-block-heading\"><strong>Valores da inscri\u00e7\u00e3o<\/strong><\/h3>\n\n\n\n<figure class=\"wp-block-table is-style-stripes\"><table><thead><tr><th><\/th><th class=\"has-text-align-center\" data-align=\"center\"><strong>16 de julho &#8211; 14 de setembro de 2025<\/strong><\/th><th class=\"has-text-align-center\" data-align=\"center\"><strong>15 de setembro &#8211; 1 de outubro de 2025<\/strong><\/th><\/tr><\/thead><tbody><tr><td><strong>Docente ou investigador com comunica\u00e7\u00e3o<\/strong><\/td><td class=\"has-text-align-center\" data-align=\"center\">55 euros <\/td><td class=\"has-text-align-center\" data-align=\"center\">75 euros<\/td><\/tr><tr><td><strong>Participante sem comunica\u00e7\u00e3o<\/strong><\/td><td class=\"has-text-align-center\" data-align=\"center\">35 euros <\/td><td class=\"has-text-align-center\" data-align=\"center\">55 euros<\/td><\/tr><tr><td><strong>Estudantes das institui\u00e7\u00f5es envolvidas no ENDA 4<\/strong><\/td><td class=\"has-text-align-center\" data-align=\"center\">Inscri\u00e7\u00e3o gratuita&nbsp;<\/td><td class=\"has-text-align-center\" data-align=\"center\">Inscri\u00e7\u00e3o gratuita<\/td><\/tr><\/tbody><tfoot><tr><td><\/td><td class=\"has-text-align-center\" data-align=\"center\"><\/td><td class=\"has-text-align-center\" data-align=\"center\"><\/td><\/tr><\/tfoot><\/table><\/figure>\n\n\n\n<p>Note bem:<\/p>\n\n\n\n<ul class=\"wp-block-list\">\n<li>\u00c9 requisito para admiss\u00e3o do trabalho que o seu autor ou um dos coautores esteja inscrito no encontro.<\/li>\n\n\n\n<li>Ser\u00e1 exigida a presen\u00e7a de, no m\u00ednimo, um dos autores do trabalho para a sua apresenta\u00e7\u00e3o.<\/li>\n\n\n\n<li>Ser\u00e3o emitidos certificados apenas aos participantes com inscri\u00e7\u00e3o regularizada.<\/li>\n<\/ul>\n\n\n\n<div style=\"height:25px\" aria-hidden=\"true\" class=\"wp-block-spacer\"><\/div>\n\n\n\n<hr class=\"wp-block-separator has-alpha-channel-opacity\" \/>\n\n\n\n<div style=\"height:19px\" aria-hidden=\"true\" class=\"wp-block-spacer\"><\/div>\n\n\n\n<p style=\"font-size:18px\"><strong>Modalidade 2<\/strong><\/p>\n\n\n\n<p style=\"font-size:18px\">Para se inscrever na <strong>Modalidade 2<\/strong> <mark style=\"background-color:#ffffff\" class=\"has-inline-color has-vivid-red-color\">(apenas ACD)<\/mark>, por favor, preencha o formul\u00e1rio dispon\u00edvel <span style=\"text-decoration: underline\"><a href=\"https:\/\/forms.office.com\/e\/9DHxYUCdU7\"><mark style=\"background-color:#fcb900\" class=\"has-inline-color\">AQUI<\/mark><\/a>.<\/span><\/p>\n\n\n\n<ul class=\"wp-block-list\">\n<li>Gratuita \u2013 para professores cooperantes da ESE|IPSantar\u00e9m<\/li>\n\n\n\n<li>20\u20ac &#8211; outros professores<\/li>\n<\/ul>\n\n\n\n<p><\/p>\n","protected":false},"excerpt":{"rendered":"<p>Modalidade 1: nos dois dias do ENDA 4 (evento cient\u00edfico e ACD) Modalidade 2: no segundo dia apenas (ACD) Para se inscrever na Modalidade 1 (evento cient\u00edfico e ACD), por favor, preencha o formul\u00e1rio dispon\u00edvel AQUI. Valores da inscri\u00e7\u00e3o 16&hellip;  <\/p>\n<p class=\"more-link\"><a href=\"https:\/\/sites.ipleiria.pt\/4enda2025\/inscricoes\/\">Continue reading <span class=\"meta-nav\">&rarr;<\/span><\/a><\/p>\n","protected":false},"author":102,"featured_media":0,"parent":0,"menu_order":0,"comment_status":"closed","ping_status":"closed","template":"","meta":{"footnotes":""},"class_list":["post-14","page","type-page","status-publish","hentry"],"_links":{"self":[{"href":"https:\/\/sites.ipleiria.pt\/4enda2025\/wp-json\/wp\/v2\/pages\/14","targetHints":{"allow":["GET"]}}],"collection":[{"href":"https:\/\/sites.ipleiria.pt\/4enda2025\/wp-json\/wp\/v2\/pages"}],"about":[{"href":"https:\/\/sites.ipleiria.pt\/4enda2025\/wp-json\/wp\/v2\/types\/page"}],"author":[{"embeddable":true,"href":"https:\/\/sites.ipleiria.pt\/4enda2025\/wp-json\/wp\/v2\/users\/102"}],"replies":[{"embeddable":true,"href":"https:\/\/sites.ipleiria.pt\/4enda2025\/wp-json\/wp\/v2\/comments?post=14"}],"version-history":[{"count":16,"href":"https:\/\/sites.ipleiria.pt\/4enda2025\/wp-json\/wp\/v2\/pages\/14\/revisions"}],"predecessor-version":[{"id":997,"href":"https:\/\/sites.ipleiria.pt\/4enda2025\/wp-json\/wp\/v2\/pages\/14\/revisions\/997"}],"wp:attachment":[{"href":"https:\/\/sites.ipleiria.pt\/4enda2025\/wp-json\/wp\/v2\/media?parent=14"}],"curies":[{"name":"wp","href":"https:\/\/api.w.org\/{rel}","templated":true}]}}