{"id":27,"date":"2020-01-08T16:13:49","date_gmt":"2020-01-08T16:13:49","guid":{"rendered":"http:\/\/sites.ipleiria.pt\/2enda2020\/?page_id=27"},"modified":"2025-03-20T08:12:50","modified_gmt":"2025-03-20T08:12:50","slug":"comissao-organizadora","status":"publish","type":"page","link":"https:\/\/sites.ipleiria.pt\/4enda2025\/comissao-organizadora\/","title":{"rendered":"Comiss\u00e3o Organizadora"},"content":{"rendered":"\n<div class=\"wp-block-columns is-layout-flex wp-container-core-columns-is-layout-1 wp-block-columns-is-layout-flex\">\n<div class=\"wp-block-column is-layout-flow wp-block-column-is-layout-flow\" style=\"flex-basis:33.33%\"><div class=\"wp-block-image is-style-rounded\">\n<figure class=\"aligncenter size-medium is-resized\"><img loading=\"lazy\" decoding=\"async\" width=\"224\" height=\"300\" src=\"https:\/\/sites.ipleiria.pt\/4enda2025\/files\/2025\/03\/IMG_1768-224x300.jpeg\" alt=\"\" class=\"wp-image-922\" style=\"aspect-ratio:1;object-fit:cover;width:145px;height:auto\" srcset=\"https:\/\/sites.ipleiria.pt\/4enda2025\/files\/2025\/03\/IMG_1768-224x300.jpeg 224w, https:\/\/sites.ipleiria.pt\/4enda2025\/files\/2025\/03\/IMG_1768-765x1024.jpeg 765w, https:\/\/sites.ipleiria.pt\/4enda2025\/files\/2025\/03\/IMG_1768-768x1028.jpeg 768w, https:\/\/sites.ipleiria.pt\/4enda2025\/files\/2025\/03\/IMG_1768.jpeg 785w\" sizes=\"auto, (max-width: 224px) 100vw, 224px\" \/><\/figure><\/div><\/div>\n\n\n\n<div class=\"wp-block-column is-vertically-aligned-center is-layout-flow wp-block-column-is-layout-flow\" style=\"flex-basis:66.66%\">\n<p><strong>Andr\u00e9 Rauber<\/strong> <br>(CIEQV, ESE | IPSantar\u00e9m)<\/p>\n<\/div>\n<\/div>\n\n\n\n<div class=\"wp-block-columns is-layout-flex wp-container-core-columns-is-layout-2 wp-block-columns-is-layout-flex\">\n<div class=\"wp-block-column is-layout-flow wp-block-column-is-layout-flow\" style=\"flex-basis:33.33%\"><div class=\"wp-block-image\">\n<figure class=\"aligncenter size-full is-resized\"><img loading=\"lazy\" decoding=\"async\" width=\"300\" height=\"300\" src=\"http:\/\/sites.ipleiria.pt\/4enda2025\/files\/2025\/03\/Fausto-Caels-3-1.png\" alt=\"\" class=\"wp-image-786\" style=\"width:163px;height:auto\" srcset=\"https:\/\/sites.ipleiria.pt\/4enda2025\/files\/2025\/03\/Fausto-Caels-3-1.png 300w, https:\/\/sites.ipleiria.pt\/4enda2025\/files\/2025\/03\/Fausto-Caels-3-1-150x150.png 150w\" sizes=\"auto, (max-width: 300px) 100vw, 300px\" \/><\/figure><\/div><\/div>\n\n\n\n<div class=\"wp-block-column is-vertically-aligned-center is-layout-flow wp-block-column-is-layout-flow\" style=\"flex-basis:66.66%\">\n<p><strong>Fausto Caels <\/strong><br>(ESECS | IPLeiria, CELGA-ILTEC | UCoimbra)<\/p>\n<\/div>\n<\/div>\n\n\n\n<div class=\"wp-block-columns is-layout-flex wp-container-core-columns-is-layout-3 wp-block-columns-is-layout-flex\">\n<div class=\"wp-block-column is-layout-flow wp-block-column-is-layout-flow\" style=\"flex-basis:33.33%\"><div class=\"wp-block-image is-style-rounded\">\n<figure class=\"aligncenter size-large is-resized\"><img loading=\"lazy\" decoding=\"async\" width=\"768\" height=\"1024\" src=\"https:\/\/sites.ipleiria.pt\/4enda2025\/files\/2025\/03\/IC27-1-768x1024.jpeg\" alt=\"In\u00eas Cardoso\" class=\"wp-image-776\" style=\"aspect-ratio:1;object-fit:cover;width:154px;height:auto\" srcset=\"https:\/\/sites.ipleiria.pt\/4enda2025\/files\/2025\/03\/IC27-1-768x1024.jpeg 768w, https:\/\/sites.ipleiria.pt\/4enda2025\/files\/2025\/03\/IC27-1-225x300.jpeg 225w, https:\/\/sites.ipleiria.pt\/4enda2025\/files\/2025\/03\/IC27-1-1152x1536.jpeg 1152w, https:\/\/sites.ipleiria.pt\/4enda2025\/files\/2025\/03\/IC27-1.jpeg 1536w\" sizes=\"auto, (max-width: 768px) 100vw, 768px\" \/><\/figure><\/div><\/div>\n\n\n\n<div class=\"wp-block-column is-vertically-aligned-center is-layout-flow wp-block-column-is-layout-flow\" style=\"flex-basis:66.66%\">\n<p><strong>In\u00eas Cardoso<\/strong><br>(CIEQV, ESE | IPSantar\u00e9m)<\/p>\n<\/div>\n<\/div>\n\n\n\n<div class=\"wp-block-columns is-layout-flex wp-container-core-columns-is-layout-4 wp-block-columns-is-layout-flex\">\n<div class=\"wp-block-column is-layout-flow wp-block-column-is-layout-flow\" style=\"flex-basis:33.33%\"><div class=\"wp-block-image\">\n<figure class=\"aligncenter size-large is-resized\"><img decoding=\"async\" src=\"http:\/\/sites.ipleiria.pt\/avancar-plnm\/files\/2025\/01\/Marta-Filipe-Alexandre.png\" alt=\"\" style=\"width:140px;height:auto\" \/><\/figure><\/div><\/div>\n\n\n\n<div class=\"wp-block-column is-vertically-aligned-center is-layout-flow wp-block-column-is-layout-flow\" style=\"flex-basis:66.66%\">\n<p><strong>Marta Filipe Alexandre<\/strong><br>(ESECS | IPLeiria, CELGA-ILTEC | UCoimbra)<\/p>\n<\/div>\n<\/div>\n\n\n\n<div class=\"wp-block-columns is-layout-flex wp-container-core-columns-is-layout-5 wp-block-columns-is-layout-flex\">\n<div class=\"wp-block-column is-layout-flow wp-block-column-is-layout-flow\" style=\"flex-basis:33.33%\"><div class=\"wp-block-image is-style-rounded\">\n<figure class=\"aligncenter size-large is-resized\"><img loading=\"lazy\" decoding=\"async\" width=\"768\" height=\"1024\" src=\"http:\/\/sites.ipleiria.pt\/4enda2025\/files\/2025\/03\/Foto2023-768x1024.jpeg\" alt=\"\" class=\"wp-image-857\" style=\"aspect-ratio:1;object-fit:cover;width:144px;height:auto\" srcset=\"https:\/\/sites.ipleiria.pt\/4enda2025\/files\/2025\/03\/Foto2023-768x1024.jpeg 768w, https:\/\/sites.ipleiria.pt\/4enda2025\/files\/2025\/03\/Foto2023-225x300.jpeg 225w, https:\/\/sites.ipleiria.pt\/4enda2025\/files\/2025\/03\/Foto2023-1152x1536.jpeg 1152w, https:\/\/sites.ipleiria.pt\/4enda2025\/files\/2025\/03\/Foto2023.jpeg 1500w\" sizes=\"auto, (max-width: 768px) 100vw, 768px\" \/><\/figure><\/div><\/div>\n\n\n\n<div class=\"wp-block-column is-vertically-aligned-center is-layout-flow wp-block-column-is-layout-flow\" style=\"flex-basis:66.66%\">\n<p><strong>Paula Cristina Ferreira<br><\/strong>(CI&amp;DEI, ESECS | IPLeiria, CELGA-ILTEC | UCoimbra)<\/p>\n<\/div>\n<\/div>\n\n\n\n<div class=\"wp-block-columns is-layout-flex wp-container-core-columns-is-layout-6 wp-block-columns-is-layout-flex\"><\/div>\n","protected":false},"excerpt":{"rendered":"<p>Andr\u00e9 Rauber (CIEQV, ESE | IPSantar\u00e9m) Fausto Caels (ESECS | IPLeiria, CELGA-ILTEC | UCoimbra) In\u00eas Cardoso(CIEQV, ESE | IPSantar\u00e9m) Marta Filipe Alexandre(ESECS | IPLeiria, CELGA-ILTEC | UCoimbra) Paula Cristina Ferreira(CI&amp;DEI, ESECS | IPLeiria, CELGA-ILTEC | UCoimbra)<\/p>\n","protected":false},"author":102,"featured_media":0,"parent":0,"menu_order":0,"comment_status":"closed","ping_status":"closed","template":"","meta":{"footnotes":""},"class_list":["post-27","page","type-page","status-publish","hentry"],"_links":{"self":[{"href":"https:\/\/sites.ipleiria.pt\/4enda2025\/wp-json\/wp\/v2\/pages\/27","targetHints":{"allow":["GET"]}}],"collection":[{"href":"https:\/\/sites.ipleiria.pt\/4enda2025\/wp-json\/wp\/v2\/pages"}],"about":[{"href":"https:\/\/sites.ipleiria.pt\/4enda2025\/wp-json\/wp\/v2\/types\/page"}],"author":[{"embeddable":true,"href":"https:\/\/sites.ipleiria.pt\/4enda2025\/wp-json\/wp\/v2\/users\/102"}],"replies":[{"embeddable":true,"href":"https:\/\/sites.ipleiria.pt\/4enda2025\/wp-json\/wp\/v2\/comments?post=27"}],"version-history":[{"count":17,"href":"https:\/\/sites.ipleiria.pt\/4enda2025\/wp-json\/wp\/v2\/pages\/27\/revisions"}],"predecessor-version":[{"id":923,"href":"https:\/\/sites.ipleiria.pt\/4enda2025\/wp-json\/wp\/v2\/pages\/27\/revisions\/923"}],"wp:attachment":[{"href":"https:\/\/sites.ipleiria.pt\/4enda2025\/wp-json\/wp\/v2\/media?parent=27"}],"curies":[{"name":"wp","href":"https:\/\/api.w.org\/{rel}","templated":true}]}}