{"id":424,"date":"2020-01-08T16:01:45","date_gmt":"2020-01-08T16:01:45","guid":{"rendered":"http:\/\/2enda2020.sites.ipleiria.pt\/?page_id=2"},"modified":"2025-03-20T09:03:05","modified_gmt":"2025-03-20T09:03:05","slug":"pagina-exemplo-2","status":"publish","type":"page","link":"https:\/\/sites.ipleiria.pt\/4enda2025\/","title":{"rendered":"Apresenta\u00e7\u00e3o"},"content":{"rendered":"\n<p>A 4.\u00aa edi\u00e7\u00e3o do <strong>Encontro Nacional sobre Discurso Acad\u00e9mico (ENDA 4)<\/strong> realiza-se na Escola Superior de Educa\u00e7\u00e3o do Instituto Polit\u00e9cnico de Santar\u00e9m nos dias <strong>17 e 18 de outubro de 2025<\/strong> e tem como tema <strong>Transversalidade da l\u00edngua: Descri\u00e7\u00e3o lingu\u00edstica e transposi\u00e7\u00e3o did\u00e1tica.<\/strong>\u00a0<\/p>\n\n\n\n<p>O <strong>ENDA 4 <\/strong>tem como objetivos:&nbsp;<\/p>\n\n\n\n<ul class=\"wp-block-list\">\n<li>Consubstanciar a \u00e1rea disciplinar do discurso escolar e acad\u00e9mico em Portugal enquanto campo de pesquisa;<\/li>\n\n\n\n<li>Refor\u00e7ar os la\u00e7os da rede de investigadores\/as e docentes que t\u00eam como foco da sua atividade as pr\u00e1ticas do discurso escolar e acad\u00e9mico;<\/li>\n\n\n\n<li>Aprofundar e dar visibilidade \u00e0 investiga\u00e7\u00e3o sobre a l\u00edngua como ve\u00edculo de conhecimentos transversal a diferentes \u00e1reas disciplinares;<\/li>\n\n\n\n<li>Promover a aplica\u00e7\u00e3o de din\u00e2micas colaborativas envolvendo diferentes participantes das comunidades escolares e acad\u00e9micas, visando abordagens pr\u00e1ticas \u00e0 transversalidade da l\u00edngua;<\/li>\n\n\n\n<li>Desenvolver o trabalho sobre e para a literacia escolar e acad\u00e9mica;<\/li>\n\n\n\n<li>Partilhar pr\u00e1ticas pedag\u00f3gicas inovadoras focadas na l\u00edngua como ve\u00edculo de conhecimento especializado, em diferentes contextos e n\u00edveis de ensino.<\/li>\n<\/ul>\n\n\n\n<p>O <strong>ENDA 4<\/strong> \u00e9 uma organiza\u00e7\u00e3o conjunta do <a href=\"https:\/\/celga-iltec.uc.pt\">Centro de Estudos de Lingu\u00edstica Geral e Aplicada (CELGA-ILTEC, Universidade de Coimbra)<\/a> e da <a href=\"https:\/\/www.ipsantarem.pt\/escola-superior-de-educacao-de-santarem\/\">Escola Superior de Educa\u00e7\u00e3o de Santar\u00e9m<\/a>.&nbsp;O evento conta tamb\u00e9m com o apoio do <a href=\"https:\/\/protextos.web.ua.pt\">Grupo interinstitucional ProTextos: Ensino e Aprendizagem da Escrita de Textos<\/a> e da <a href=\"https:\/\/www.ipleiria.pt\/esecs\/\">Escola Superior de Educa\u00e7\u00e3o e Ci\u00eancias Sociais do Polit\u00e9cnico de Leiria<\/a>.&nbsp;<\/p>\n","protected":false},"excerpt":{"rendered":"<p>A 4.\u00aa edi\u00e7\u00e3o do Encontro Nacional sobre Discurso Acad\u00e9mico (ENDA 4) realiza-se na Escola Superior de Educa\u00e7\u00e3o do Instituto Polit\u00e9cnico de Santar\u00e9m nos dias 17 e 18 de outubro de 2025 e tem como tema Transversalidade da l\u00edngua: Descri\u00e7\u00e3o lingu\u00edstica&hellip;  <\/p>\n<p class=\"more-link\"><a href=\"https:\/\/sites.ipleiria.pt\/4enda2025\/\">Continue reading <span class=\"meta-nav\">&rarr;<\/span><\/a><\/p>\n","protected":false},"author":102,"featured_media":0,"parent":0,"menu_order":0,"comment_status":"closed","ping_status":"closed","template":"","meta":{"footnotes":""},"class_list":["post-424","page","type-page","status-publish","hentry"],"_links":{"self":[{"href":"https:\/\/sites.ipleiria.pt\/4enda2025\/wp-json\/wp\/v2\/pages\/424","targetHints":{"allow":["GET"]}}],"collection":[{"href":"https:\/\/sites.ipleiria.pt\/4enda2025\/wp-json\/wp\/v2\/pages"}],"about":[{"href":"https:\/\/sites.ipleiria.pt\/4enda2025\/wp-json\/wp\/v2\/types\/page"}],"author":[{"embeddable":true,"href":"https:\/\/sites.ipleiria.pt\/4enda2025\/wp-json\/wp\/v2\/users\/102"}],"replies":[{"embeddable":true,"href":"https:\/\/sites.ipleiria.pt\/4enda2025\/wp-json\/wp\/v2\/comments?post=424"}],"version-history":[{"count":12,"href":"https:\/\/sites.ipleiria.pt\/4enda2025\/wp-json\/wp\/v2\/pages\/424\/revisions"}],"predecessor-version":[{"id":925,"href":"https:\/\/sites.ipleiria.pt\/4enda2025\/wp-json\/wp\/v2\/pages\/424\/revisions\/925"}],"wp:attachment":[{"href":"https:\/\/sites.ipleiria.pt\/4enda2025\/wp-json\/wp\/v2\/media?parent=424"}],"curies":[{"name":"wp","href":"https:\/\/api.w.org\/{rel}","templated":true}]}}