{"id":8,"date":"2020-01-08T16:08:27","date_gmt":"2020-01-08T16:08:27","guid":{"rendered":"http:\/\/sites.ipleiria.pt\/2enda2020\/?page_id=8"},"modified":"2025-04-24T11:30:41","modified_gmt":"2025-04-24T11:30:41","slug":"submissao-de-propostas","status":"publish","type":"page","link":"https:\/\/sites.ipleiria.pt\/4enda2025\/submissao-de-propostas\/","title":{"rendered":"Submiss\u00e3o de propostas"},"content":{"rendered":"\n<p>Convida-se \u00e0 apresenta\u00e7\u00e3o de propostas relativas a trabalhos de investiga\u00e7\u00e3o em curso ou j\u00e1 conclu\u00eddos sobre o discurso escolar e acad\u00e9mico que se encontrem em linha com <a href=\"https:\/\/sites.ipleiria.pt\/4enda2025\/\" data-type=\"page\" data-id=\"424\">os objetivos do ENDA 4<\/a>.&nbsp;As propostas podem enquadrar-se num dos seguintes formatos:&nbsp;<\/p>\n\n\n\n<ul class=\"wp-block-list\">\n<li><strong>Comunica\u00e7\u00f5es orais<\/strong> \u2013 20 minutos de apresenta\u00e7\u00e3o, seguidos de 10 minutos de discuss\u00e3o;<\/li>\n\n\n\n<li><strong>P\u00f3steres<\/strong> \u2013 mostra permanente durante os trabalhos do ENDA4.<\/li>\n<\/ul>\n\n\n\n<p>Todas as propostas devem ser redigidas em portugu\u00eas, a l\u00edngua de trabalho do evento. De forma a garantir a diversidade, cada autor\/a poder\u00e1 submeter no m\u00e1ximo duas propostas (individualmente ou em coautoria).&nbsp;<\/p>\n\n\n\n<p class=\"has-text-align-left has-white-color has-black-background-color has-text-color has-background has-link-color wp-elements-9e8f81abd56538cbc13676dd53be70c3\">A submiss\u00e3o dever\u00e1 ser feita atrav\u00e9s da plataforma <a href=\"https:\/\/cmt3.research.microsoft.com\/ENDA42025\/Submission\/Index\">Conference Manager Toolkit<\/a>, at\u00e9 15 de maio de 2025.<\/p>\n\n\n\n<div class=\"wp-block-buttons is-layout-flex wp-block-buttons-is-layout-flex\">\n<div class=\"wp-block-button\"><a class=\"wp-block-button__link has-white-color has-vivid-green-cyan-background-color has-text-color has-background has-link-color wp-element-button\" href=\"https:\/\/cmt3.research.microsoft.com\/ENDA42025\/Submission\/Index\" style=\"border-radius:0px\">SUBMETER AQUI<\/a><\/div>\n<\/div>\n\n\n\n<hr class=\"wp-block-separator has-text-color has-white-color has-alpha-channel-opacity has-white-background-color has-background\" \/>\n\n\n\n<p class=\"has-text-align-left has-white-color has-black-background-color has-text-color has-background has-link-color wp-elements-fffba9be073ff07225e95f4ca27add75\">A notifica\u00e7\u00e3o aos autores ser\u00e1 feita at\u00e9 16 de julho de 2025.<\/p>\n\n\n\n<h2 class=\"wp-block-heading\">Orienta\u00e7\u00f5es <\/h2>\n\n\n\n<p><strong>Comunica\u00e7\u00f5es orais<\/strong> &#8211; As propostas de comunica\u00e7\u00e3o oral devem ser apresentadas sob a forma de resumo alargado, com extens\u00e3o de 6000 a 9000 caracteres, e devem incluir:<\/p>\n\n\n\n<ul class=\"wp-block-list\">\n<li>T\u00edtulo<\/li>\n\n\n\n<li>Palavras-chave (m\u00e1ximo de 5)<\/li>\n\n\n\n<li>Resumo alargado com explicita\u00e7\u00e3o dos  objetivos, quadro te\u00f3rico, metodologia e resultados (observados ou previstos)<\/li>\n\n\n\n<li>Refer\u00eancias bibliogr\u00e1ficas (m\u00e1ximo de 10) &#8211; <a href=\"http:\/\/sites.ipleiria.pt\/4enda2025\/files\/2025\/03\/Guia_APA_7aEd._v1.pdf\">7.\u00aa edi\u00e7\u00e3o das normas APA<\/a><\/li>\n<\/ul>\n\n\n\n<p>\u00c9 dada prefer\u00eancia a propostas de comunica\u00e7\u00e3o oral que apresentem pesquisa desenvolvida por um grupo de investiga\u00e7\u00e3o, ou a t\u00edtulo individual, desde que inserida numa linha de trabalho coletiva.<\/p>\n\n\n\n<p><strong>P\u00f3steres<\/strong> &#8211; As propostas de p\u00f3ster devem ser submetidas como p\u00f3ster finalizado, sob a forma de ficheiro PDF de acordo com modelo <em><u><a href=\"http:\/\/sites.ipleiria.pt\/4enda2025\/files\/2025\/03\/4ENDA2025POSTER.pptx\" data-type=\"link\" data-id=\"http:\/\/sites.ipleiria.pt\/4enda2025\/files\/2025\/03\/4ENDA2025POSTER.pptx\">disponibilizado aqui<\/a><\/u><\/em>. <br>Os p\u00f3steres cient\u00edficos destinam-se preferencialmente a pesquisas de doutoramento em curso, assim como disserta\u00e7\u00f5es de mestrado e relat\u00f3rios de est\u00e1gio supervisionado j\u00e1 conclu\u00eddos.&nbsp;<\/p>\n\n\n\n<h2 class=\"wp-block-heading\">Avalia\u00e7\u00e3o <\/h2>\n\n\n\n<p>Todas as propostas ser\u00e3o avaliadas tendo em conta os seguintes crit\u00e9rios:<\/p>\n\n\n\n<ul class=\"wp-block-list\">\n<li>Alinhamento com os objetivos do ENDA 4;<\/li>\n\n\n\n<li>Conformidade \u00e0s normas de submiss\u00e3o;<\/li>\n\n\n\n<li>Originalidade e relev\u00e2ncia do trabalho;<\/li>\n\n\n\n<li>Adequa\u00e7\u00e3o entre os objetivos formulados e o trabalho desenvolvido;<\/li>\n\n\n\n<li>Adequa\u00e7\u00e3o das op\u00e7\u00f5es metodol\u00f3gicas;<\/li>\n\n\n\n<li>Consist\u00eancia da fundamenta\u00e7\u00e3o te\u00f3rica e atualiza\u00e7\u00e3o bibliogr\u00e1fica;<\/li>\n\n\n\n<li>Clareza e corre\u00e7\u00e3o formal da proposta.<\/li>\n<\/ul>\n","protected":false},"excerpt":{"rendered":"<p>Convida-se \u00e0 apresenta\u00e7\u00e3o de propostas relativas a trabalhos de investiga\u00e7\u00e3o em curso ou j\u00e1 conclu\u00eddos sobre o discurso escolar e acad\u00e9mico que se encontrem em linha com os objetivos do ENDA 4.&nbsp;As propostas podem enquadrar-se num dos seguintes formatos:&nbsp; Todas&hellip;  <\/p>\n<p class=\"more-link\"><a href=\"https:\/\/sites.ipleiria.pt\/4enda2025\/submissao-de-propostas\/\">Continue reading <span class=\"meta-nav\">&rarr;<\/span><\/a><\/p>\n","protected":false},"author":102,"featured_media":0,"parent":0,"menu_order":0,"comment_status":"closed","ping_status":"closed","template":"","meta":{"footnotes":""},"class_list":["post-8","page","type-page","status-publish","hentry"],"_links":{"self":[{"href":"https:\/\/sites.ipleiria.pt\/4enda2025\/wp-json\/wp\/v2\/pages\/8","targetHints":{"allow":["GET"]}}],"collection":[{"href":"https:\/\/sites.ipleiria.pt\/4enda2025\/wp-json\/wp\/v2\/pages"}],"about":[{"href":"https:\/\/sites.ipleiria.pt\/4enda2025\/wp-json\/wp\/v2\/types\/page"}],"author":[{"embeddable":true,"href":"https:\/\/sites.ipleiria.pt\/4enda2025\/wp-json\/wp\/v2\/users\/102"}],"replies":[{"embeddable":true,"href":"https:\/\/sites.ipleiria.pt\/4enda2025\/wp-json\/wp\/v2\/comments?post=8"}],"version-history":[{"count":21,"href":"https:\/\/sites.ipleiria.pt\/4enda2025\/wp-json\/wp\/v2\/pages\/8\/revisions"}],"predecessor-version":[{"id":943,"href":"https:\/\/sites.ipleiria.pt\/4enda2025\/wp-json\/wp\/v2\/pages\/8\/revisions\/943"}],"wp:attachment":[{"href":"https:\/\/sites.ipleiria.pt\/4enda2025\/wp-json\/wp\/v2\/media?parent=8"}],"curies":[{"name":"wp","href":"https:\/\/api.w.org\/{rel}","templated":true}]}}