{"id":801,"date":"2025-03-06T13:13:20","date_gmt":"2025-03-06T13:13:20","guid":{"rendered":"https:\/\/sites.ipleiria.pt\/4enda2025\/?page_id=801"},"modified":"2025-03-06T13:13:20","modified_gmt":"2025-03-06T13:13:20","slug":"contactos","status":"publish","type":"page","link":"https:\/\/sites.ipleiria.pt\/4enda2025\/contactos\/","title":{"rendered":"Contactos"},"content":{"rendered":"\n<p>Para quaisquer quest\u00f5es relativas \u00e0 submiss\u00e3o de propostas ou pedidos de informa\u00e7\u00e3o sobre o ENDA 4, contacte-nos pelo endere\u00e7o: <strong>enda2025@ese.ipsantarem.pt \u00a0<\/strong><\/p>\n","protected":false},"excerpt":{"rendered":"<p>Para quaisquer quest\u00f5es relativas \u00e0 submiss\u00e3o de propostas ou pedidos de informa\u00e7\u00e3o sobre o ENDA 4, contacte-nos pelo endere\u00e7o: enda2025@ese.ipsantarem.pt \u00a0<\/p>\n","protected":false},"author":3183,"featured_media":0,"parent":0,"menu_order":0,"comment_status":"closed","ping_status":"closed","template":"","meta":{"footnotes":""},"class_list":["post-801","page","type-page","status-publish","hentry"],"_links":{"self":[{"href":"https:\/\/sites.ipleiria.pt\/4enda2025\/wp-json\/wp\/v2\/pages\/801","targetHints":{"allow":["GET"]}}],"collection":[{"href":"https:\/\/sites.ipleiria.pt\/4enda2025\/wp-json\/wp\/v2\/pages"}],"about":[{"href":"https:\/\/sites.ipleiria.pt\/4enda2025\/wp-json\/wp\/v2\/types\/page"}],"author":[{"embeddable":true,"href":"https:\/\/sites.ipleiria.pt\/4enda2025\/wp-json\/wp\/v2\/users\/3183"}],"replies":[{"embeddable":true,"href":"https:\/\/sites.ipleiria.pt\/4enda2025\/wp-json\/wp\/v2\/comments?post=801"}],"version-history":[{"count":1,"href":"https:\/\/sites.ipleiria.pt\/4enda2025\/wp-json\/wp\/v2\/pages\/801\/revisions"}],"predecessor-version":[{"id":802,"href":"https:\/\/sites.ipleiria.pt\/4enda2025\/wp-json\/wp\/v2\/pages\/801\/revisions\/802"}],"wp:attachment":[{"href":"https:\/\/sites.ipleiria.pt\/4enda2025\/wp-json\/wp\/v2\/media?parent=801"}],"curies":[{"name":"wp","href":"https:\/\/api.w.org\/{rel}","templated":true}]}}