{"id":842,"date":"2025-03-07T11:29:24","date_gmt":"2025-03-07T11:29:24","guid":{"rendered":"https:\/\/sites.ipleiria.pt\/4enda2025\/?page_id=842"},"modified":"2025-09-29T16:30:34","modified_gmt":"2025-09-29T16:30:34","slug":"formacao-para-professores-acd","status":"publish","type":"page","link":"https:\/\/sites.ipleiria.pt\/4enda2025\/formacao-para-professores-acd\/","title":{"rendered":"A\u00e7\u00e3o de curta dura\u00e7\u00e3o para professores (ACD)"},"content":{"rendered":"\n<p><strong>18 de outubro de 2025, 9h30-12h30<\/strong><\/p>\n\n\n\n<p><strong>Escola Superior de Educa\u00e7\u00e3o do Instituto Polit\u00e9cnico de Santar\u00e9m (ESE|IPSantar\u00e9m) \u2013 presencial <\/strong><\/p>\n\n\n\n<figure class=\"wp-block-table\"><table class=\"has-fixed-layout\"><tbody><tr><td><strong>4 Oficinas para sele\u00e7\u00e3o de uma (ordem de prefer\u00eancia no formul\u00e1rio de inscri\u00e7\u00e3o)<\/strong><\/td><\/tr><tr><td><strong>Oficina 1<\/strong> &#8211; Sala E.1.07<br><em>Capturar o instante, libertar a est\u00f3ria: A fotografia como est\u00edmulo para a produ\u00e7\u00e3o escrita de microrrelatos\u00a0<\/em><br>S\u00f3nia Dias Mendes (ESE Paula Frassinetti, The Yellow Sandbox &#8211; Laborat\u00f3rio Docente, ProTextos)\u00a0<\/td><\/tr><tr><td><strong>Oficina 2<\/strong> &#8211; Sala E.0.10<br><em>Sequ\u00eancia de ensino da escrita argumentativa no Ensino Secund\u00e1rio: estrat\u00e9gias para o desenvolvimento da reflex\u00e3o metalingu\u00edstica na produ\u00e7\u00e3o de um texto de opini\u00e3o\u00a0<\/em><br>Tatiana Pereira (UA, CLLC, ProTextos)In\u00eas Cardoso (ESE-IPSantar\u00e9m, CIEQV, CIDTFF, ProTextos)\u00a0<\/td><\/tr><tr><td><strong>Oficina 3<\/strong> &#8211; Sala  E.1.01<br><em>Oficina de Fic\u00e7\u00e3o Hipertextual \u2014 escrever com colchetes e mapas\u00a0<\/em><br>Jos\u00e9 Carlos Dias (Universidade de Vars\u00f3via \/ Cam\u00f5es I.P.; ProTextos)\u00a0<\/td><\/tr><tr><td><strong>Oficina 4<\/strong> &#8211; Sala  E.1.03\u00a0<br><em>Ensino integrado de l\u00edngua e conte\u00fados para alunos de PLNM\u00a0<\/em><br>Fausto Caels (ESECS; CELGA-ILTEC, Universidade de Coimbra)\u00a0<\/td><\/tr><\/tbody><\/table><\/figure>\n\n\n\n<p>Consulte<mark style=\"background-color:#fcb900\" class=\"has-inline-color\"> <a href=\"http:\/\/sites.ipleiria.pt\/4enda2025\/files\/2025\/09\/Oficinas_ENDA-03-09.pdf\">AQUI<\/a> <\/mark>o resumo das oficinas.<\/p>\n\n\n\n<figure class=\"wp-block-image size-medium\"><a href=\"http:\/\/sites.ipleiria.pt\/4enda2025\/files\/2025\/09\/Oficinas_ENDA-03-09.pdf\"><img loading=\"lazy\" decoding=\"async\" width=\"300\" height=\"212\" src=\"https:\/\/sites.ipleiria.pt\/4enda2025\/files\/2025\/08\/ENDA-4_oficinas-300x212.png\" alt=\"\" class=\"wp-image-977\" srcset=\"https:\/\/sites.ipleiria.pt\/4enda2025\/files\/2025\/08\/ENDA-4_oficinas-300x212.png 300w, https:\/\/sites.ipleiria.pt\/4enda2025\/files\/2025\/08\/ENDA-4_oficinas-1024x723.png 1024w, https:\/\/sites.ipleiria.pt\/4enda2025\/files\/2025\/08\/ENDA-4_oficinas-768x542.png 768w, https:\/\/sites.ipleiria.pt\/4enda2025\/files\/2025\/08\/ENDA-4_oficinas-1536x1085.png 1536w, https:\/\/sites.ipleiria.pt\/4enda2025\/files\/2025\/08\/ENDA-4_oficinas.png 1988w\" sizes=\"auto, (max-width: 300px) 100vw, 300px\" \/><\/a><\/figure>\n\n\n\n<div style=\"height:56px\" aria-hidden=\"true\" class=\"wp-block-spacer\"><\/div>\n\n\n\n<p class=\"has-medium-font-size\">INSCRI\u00c7\u00c3O:&nbsp;<mark style=\"background-color:#7bdcb5\" class=\"has-inline-color\"><a href=\"https:\/\/forms.office.com\/e\/9DHxYUCdU7\">AQUI<\/a>.<\/mark><\/p>\n\n\n\n<ul class=\"wp-block-list\">\n<li>Gratuita \u2013 para professores cooperantes da ESE|IPSantar\u00e9m<\/li>\n\n\n\n<li>20\u20ac \u2013 outros professores<\/li>\n<\/ul>\n","protected":false},"excerpt":{"rendered":"<p>18 de outubro de 2025, 9h30-12h30 Escola Superior de Educa\u00e7\u00e3o do Instituto Polit\u00e9cnico de Santar\u00e9m (ESE|IPSantar\u00e9m) \u2013 presencial 4 Oficinas para sele\u00e7\u00e3o de uma (ordem de prefer\u00eancia no formul\u00e1rio de inscri\u00e7\u00e3o) Oficina 1 &#8211; Sala E.1.07Capturar o instante, libertar a&hellip;  <\/p>\n<p class=\"more-link\"><a href=\"https:\/\/sites.ipleiria.pt\/4enda2025\/formacao-para-professores-acd\/\">Continue reading <span class=\"meta-nav\">&rarr;<\/span><\/a><\/p>\n","protected":false},"author":3183,"featured_media":0,"parent":0,"menu_order":0,"comment_status":"closed","ping_status":"closed","template":"","meta":{"footnotes":""},"class_list":["post-842","page","type-page","status-publish","hentry"],"_links":{"self":[{"href":"https:\/\/sites.ipleiria.pt\/4enda2025\/wp-json\/wp\/v2\/pages\/842","targetHints":{"allow":["GET"]}}],"collection":[{"href":"https:\/\/sites.ipleiria.pt\/4enda2025\/wp-json\/wp\/v2\/pages"}],"about":[{"href":"https:\/\/sites.ipleiria.pt\/4enda2025\/wp-json\/wp\/v2\/types\/page"}],"author":[{"embeddable":true,"href":"https:\/\/sites.ipleiria.pt\/4enda2025\/wp-json\/wp\/v2\/users\/3183"}],"replies":[{"embeddable":true,"href":"https:\/\/sites.ipleiria.pt\/4enda2025\/wp-json\/wp\/v2\/comments?post=842"}],"version-history":[{"count":18,"href":"https:\/\/sites.ipleiria.pt\/4enda2025\/wp-json\/wp\/v2\/pages\/842\/revisions"}],"predecessor-version":[{"id":1017,"href":"https:\/\/sites.ipleiria.pt\/4enda2025\/wp-json\/wp\/v2\/pages\/842\/revisions\/1017"}],"wp:attachment":[{"href":"https:\/\/sites.ipleiria.pt\/4enda2025\/wp-json\/wp\/v2\/media?parent=842"}],"curies":[{"name":"wp","href":"https:\/\/api.w.org\/{rel}","templated":true}]}}