{"id":874,"date":"2025-03-10T19:03:37","date_gmt":"2025-03-10T19:03:37","guid":{"rendered":"https:\/\/sites.ipleiria.pt\/4enda2025\/?page_id=874"},"modified":"2025-03-14T18:40:10","modified_gmt":"2025-03-14T18:40:10","slug":"informacoes-uteis","status":"publish","type":"page","link":"https:\/\/sites.ipleiria.pt\/4enda2025\/informacoes-uteis\/","title":{"rendered":"Informa\u00e7\u00f5es \u00fateis"},"content":{"rendered":"\n<h3 class=\"wp-block-heading\">H\u00f3teis<\/h3>\n\n\n\n<p><strong>Hotel Umu<\/strong>&nbsp;&#8211;&nbsp;<a href=\"https:\/\/eur02.safelinks.protection.outlook.com\/?url=https%3A%2F%2Fwww.enfis.pt%2Fumu%2F&amp;data=05%7C02%7Cmarta.alexandre%40ipleiria.pt%7Ce5626231bcad415e88f808dd617a7a8f%7C536b85ada4484186a9afe3ccad3302c5%7C0%7C0%7C638773901459616174%7CUnknown%7CTWFpbGZsb3d8eyJFbXB0eU1hcGkiOnRydWUsIlYiOiIwLjAuMDAwMCIsIlAiOiJXaW4zMiIsIkFOIjoiTWFpbCIsIldUIjoyfQ%3D%3D%7C0%7C%7C%7C&amp;sdata=Y6ffnAokHTRkHZuVdLgaey%2F9J0Hwj2%2BL79hvt8pA6EA%3D&amp;reserved=0\" target=\"_blank\" rel=\"noreferrer noopener\">https:\/\/www.enfis.pt\/umu\/<\/a><br>Pre\u00e7o m\u00e9dio, n\u00e3o t\u00e3o perto do local do evento.<\/p>\n\n\n\n<p><strong>Hotel Vit\u00f3ria<\/strong>&nbsp;&#8211; <a href=\"https:\/\/eur02.safelinks.protection.outlook.com\/?url=https%3A%2F%2Fwww.tripadvisor.pt%2FHotel_Review-g659913-d793221-Reviews-Hotel_Vitoria-Santarem_Santarem_District_Central_Portugal.html&amp;data=05%7C02%7Cmarta.alexandre%40ipleiria.pt%7Ce5626231bcad415e88f808dd617a7a8f%7C536b85ada4484186a9afe3ccad3302c5%7C0%7C0%7C638773901459603869%7CUnknown%7CTWFpbGZsb3d8eyJFbXB0eU1hcGkiOnRydWUsIlYiOiIwLjAuMDAwMCIsIlAiOiJXaW4zMiIsIkFOIjoiTWFpbCIsIldUIjoyfQ%3D%3D%7C0%7C%7C%7C&amp;sdata=U25QCj1V%2BZKWNhsnGdMfRjJLn9Y%2FqaJq2XsEAciZQ4s%3D&amp;reserved=0\" target=\"_blank\" rel=\"noreferrer noopener\">https:\/\/www.tripadvisor.pt\/Hotel_Review-g659913-d793221-Reviews-Hotel_Vitoria-Santarem_Santarem_District_Central_Portugal.html<\/a><br>Pre\u00e7o acess\u00edvel e pr\u00f3ximo do W Shopping. &nbsp;<\/p>\n\n\n\n<p><strong>Santar\u00e9m Hotel&nbsp;<\/strong>&#8211; <a href=\"https:\/\/eur02.safelinks.protection.outlook.com\/?url=https%3A%2F%2Fwww.santaremhotel.net%2Fpromocoes-e-programas&amp;data=05%7C02%7Cmarta.alexandre%40ipleiria.pt%7Ce5626231bcad415e88f808dd617a7a8f%7C536b85ada4484186a9afe3ccad3302c5%7C0%7C0%7C638773901459591715%7CUnknown%7CTWFpbGZsb3d8eyJFbXB0eU1hcGkiOnRydWUsIlYiOiIwLjAuMDAwMCIsIlAiOiJXaW4zMiIsIkFOIjoiTWFpbCIsIldUIjoyfQ%3D%3D%7C0%7C%7C%7C&amp;sdata=ZuGyhUNoIELy9KQXIyIjGdSkgkRHp4sTT6Y2vq6eu7A%3D&amp;reserved=0\" target=\"_blank\" rel=\"noreferrer noopener\">https:\/\/www.santaremhotel.net\/promocoes-e-programas<\/a><br>Hotel de 4 estrelas, situado mesmo ao lado do local do evento.<\/p>\n\n\n\n<hr class=\"wp-block-separator has-alpha-channel-opacity\" \/>\n\n\n\n<h3 class=\"wp-block-heading\">Restaurantes<\/h3>\n\n\n\n<p><strong>A Grelha<\/strong> &#8211; <a href=\"https:\/\/eur02.safelinks.protection.outlook.com\/?url=https%3A%2F%2Fwww.tripadvisor.pt%2FRestaurant_Review-g659913-d5540038-Reviews-Restaurante_A_Grelha-Santarem_Santarem_District_Central_Portugal.html&amp;data=05%7C02%7Cmarta.alexandre%40ipleiria.pt%7Ce5626231bcad415e88f808dd617a7a8f%7C536b85ada4484186a9afe3ccad3302c5%7C0%7C0%7C638773901459554868%7CUnknown%7CTWFpbGZsb3d8eyJFbXB0eU1hcGkiOnRydWUsIlYiOiIwLjAuMDAwMCIsIlAiOiJXaW4zMiIsIkFOIjoiTWFpbCIsIldUIjoyfQ%3D%3D%7C0%7C%7C%7C&amp;sdata=IgSRCLvf%2Bubj%2BLixRSSbMbtNUnm3AwO%2Fvm1NWH4oa4Q%3D&amp;reserved=0\" target=\"_blank\" rel=\"noreferrer noopener\">https:\/\/www.tripadvisor.pt\/Restaurant_Review-g659913-d5540038-Reviews-Restaurante_A_Grelha-Santarem_Santarem_District_Central_Portugal.html<\/a><\/p>\n\n\n\n<p><strong>Caf\u00e9 Panitejo Andaluz &#8211;<\/strong>&nbsp;<a href=\"https:\/\/eur02.safelinks.protection.outlook.com\/?url=https%3A%2F%2Fg.co%2Fkgs%2FyxbN89x&amp;data=05%7C02%7Cmarta.alexandre%40ipleiria.pt%7Ce5626231bcad415e88f808dd617a7a8f%7C536b85ada4484186a9afe3ccad3302c5%7C0%7C0%7C638773901459567486%7CUnknown%7CTWFpbGZsb3d8eyJFbXB0eU1hcGkiOnRydWUsIlYiOiIwLjAuMDAwMCIsIlAiOiJXaW4zMiIsIkFOIjoiTWFpbCIsIldUIjoyfQ%3D%3D%7C0%7C%7C%7C&amp;sdata=ybAHpeeCVB%2F4Puw9DnvU5lrFjNy7ArRceOB4PfQ6UqY%3D&amp;reserved=0\" target=\"_blank\" rel=\"noreferrer noopener\">https:\/\/g.co\/kgs\/yxbN89x<\/a><\/p>\n\n\n\n<p><strong>Cantina do Complexo Andaluz Santar\u00e9m<\/strong> &#8211; <a href=\"https:\/\/eur02.safelinks.protection.outlook.com\/?url=https%3A%2F%2Fwww.ipsantarem.pt%2Fsas%2Falimentacao%2F&amp;data=05%7C02%7Cmarta.alexandre%40ipleiria.pt%7C584c81aedb8b488f4ea208dd631b55af%7C536b85ada4484186a9afe3ccad3302c5%7C0%7C0%7C638775691987812193%7CUnknown%7CTWFpbGZsb3d8eyJFbXB0eU1hcGkiOnRydWUsIlYiOiIwLjAuMDAwMCIsIlAiOiJXaW4zMiIsIkFOIjoiTWFpbCIsIldUIjoyfQ%3D%3D%7C0%7C%7C%7C&amp;sdata=UVFitziauXY9u6qWzceIFg09Kj6Wu%2BrKrWPFyb9brSw%3D&amp;reserved=0\" target=\"_blank\" rel=\"noreferrer noopener\">https:\/\/www.ipsantarem.pt\/sas\/alimentacao\/<\/a><br>Situado no mesmo local onde ser\u00e1 o evento. Serve refei\u00e7\u00f5es de segunda a sexta.\u00a0<\/p>\n\n\n\n<p><strong>Sopa de Letras<\/strong> &#8211; <a href=\"https:\/\/eur02.safelinks.protection.outlook.com\/?url=https%3A%2F%2Fwww.facebook.com%2Fp%2FSopa-de-Letras-100044517415128%2F%3Flocale%3Dpt_PT&amp;data=05%7C02%7Cmarta.alexandre%40ipleiria.pt%7Ce5626231bcad415e88f808dd617a7a8f%7C536b85ada4484186a9afe3ccad3302c5%7C0%7C0%7C638773901459535925%7CUnknown%7CTWFpbGZsb3d8eyJFbXB0eU1hcGkiOnRydWUsIlYiOiIwLjAuMDAwMCIsIlAiOiJXaW4zMiIsIkFOIjoiTWFpbCIsIldUIjoyfQ%3D%3D%7C0%7C%7C%7C&amp;sdata=vWz3TvABnAD1501Yv5efL6joRNeW8sSqM9WClSsU8s0%3D&amp;reserved=0\" target=\"_blank\" rel=\"noreferrer noopener\">https:\/\/www.facebook.com\/p\/Sopa-de-Letras-100044517415128\/?locale=pt_PT<\/a><\/p>\n\n\n\n<p><strong>W Shopping<\/strong> &#8211;&nbsp;<a href=\"https:\/\/eur02.safelinks.protection.outlook.com\/?url=https%3A%2F%2Fwshopping.pt%2F&amp;data=05%7C02%7Cmarta.alexandre%40ipleiria.pt%7Ce5626231bcad415e88f808dd617a7a8f%7C536b85ada4484186a9afe3ccad3302c5%7C0%7C0%7C638773901459579618%7CUnknown%7CTWFpbGZsb3d8eyJFbXB0eU1hcGkiOnRydWUsIlYiOiIwLjAuMDAwMCIsIlAiOiJXaW4zMiIsIkFOIjoiTWFpbCIsIldUIjoyfQ%3D%3D%7C0%7C%7C%7C&amp;sdata=QNuGqH0Z%2BPdLqZoptvqVisJHzYZ62Art9t4KJzCCJqI%3D&amp;reserved=0\" target=\"_blank\" rel=\"noreferrer noopener\">https:\/\/wshopping.pt<\/a><\/p>\n\n\n\n<hr class=\"wp-block-separator has-alpha-channel-opacity\" \/>\n\n\n\n<p><em>Note-se que estas informa\u00e7\u00f5es s\u00e3o meras sugest\u00f5es, n\u00e3o havendo qualquer acordo entre as entidades listadas e a organiza\u00e7\u00e3o do ENDA4.<\/em><\/p>\n","protected":false},"excerpt":{"rendered":"<p>H\u00f3teis Hotel Umu&nbsp;&#8211;&nbsp;https:\/\/www.enfis.pt\/umu\/Pre\u00e7o m\u00e9dio, n\u00e3o t\u00e3o perto do local do evento. Hotel Vit\u00f3ria&nbsp;&#8211; https:\/\/www.tripadvisor.pt\/Hotel_Review-g659913-d793221-Reviews-Hotel_Vitoria-Santarem_Santarem_District_Central_Portugal.htmlPre\u00e7o acess\u00edvel e pr\u00f3ximo do W Shopping. &nbsp; Santar\u00e9m Hotel&nbsp;&#8211; https:\/\/www.santaremhotel.net\/promocoes-e-programasHotel de 4 estrelas, situado mesmo ao lado do local do evento. Restaurantes A Grelha &#8211; https:\/\/www.tripadvisor.pt\/Restaurant_Review-g659913-d5540038-Reviews-Restaurante_A_Grelha-Santarem_Santarem_District_Central_Portugal.html&hellip;  <\/p>\n<p class=\"more-link\"><a href=\"https:\/\/sites.ipleiria.pt\/4enda2025\/informacoes-uteis\/\">Continue reading <span class=\"meta-nav\">&rarr;<\/span><\/a><\/p>\n","protected":false},"author":3183,"featured_media":0,"parent":0,"menu_order":0,"comment_status":"closed","ping_status":"closed","template":"","meta":{"footnotes":""},"class_list":["post-874","page","type-page","status-publish","hentry"],"_links":{"self":[{"href":"https:\/\/sites.ipleiria.pt\/4enda2025\/wp-json\/wp\/v2\/pages\/874","targetHints":{"allow":["GET"]}}],"collection":[{"href":"https:\/\/sites.ipleiria.pt\/4enda2025\/wp-json\/wp\/v2\/pages"}],"about":[{"href":"https:\/\/sites.ipleiria.pt\/4enda2025\/wp-json\/wp\/v2\/types\/page"}],"author":[{"embeddable":true,"href":"https:\/\/sites.ipleiria.pt\/4enda2025\/wp-json\/wp\/v2\/users\/3183"}],"replies":[{"embeddable":true,"href":"https:\/\/sites.ipleiria.pt\/4enda2025\/wp-json\/wp\/v2\/comments?post=874"}],"version-history":[{"count":5,"href":"https:\/\/sites.ipleiria.pt\/4enda2025\/wp-json\/wp\/v2\/pages\/874\/revisions"}],"predecessor-version":[{"id":916,"href":"https:\/\/sites.ipleiria.pt\/4enda2025\/wp-json\/wp\/v2\/pages\/874\/revisions\/916"}],"wp:attachment":[{"href":"https:\/\/sites.ipleiria.pt\/4enda2025\/wp-json\/wp\/v2\/media?parent=874"}],"curies":[{"name":"wp","href":"https:\/\/api.w.org\/{rel}","templated":true}]}}