{"id":12,"date":"2019-12-12T11:51:11","date_gmt":"2019-12-12T11:51:11","guid":{"rendered":"https:\/\/sites.ipleiria.pt\/4ciead\/?page_id=12"},"modified":"2022-09-22T08:55:10","modified_gmt":"2022-09-22T08:55:10","slug":"organization","status":"publish","type":"page","link":"https:\/\/sites.ipleiria.pt\/5ciead\/organization\/","title":{"rendered":"Organization"},"content":{"rendered":"\n<p><strong>Organization Committee<\/strong><br> Concei\u00e7\u00e3o Cola\u00e7o<br> Edgar Lameiras<br> Jorge Figueiredo<br> J\u00falia Rigueira<br> M\u00e1rio Oliveira<br> Manuela Carvalho<br> Nuno Carvalho<br> Olga Santos<br> Raquel Delgado<br> S\u00e9rgio Duarte<\/p>\n\n\n\n<p><\/p>\n\n\n\n<p><strong>Scientific Committee<\/strong><br>Araceli Serantes \u2013 Universidade da Corunha, Galiza<br>Ana Paula Prado \u2013 Centro Universit\u00e1rio de Santa F\u00e9 do Sul, Brasil<br>Concei\u00e7\u00e3o Cola\u00e7o \u2013 Instituto Superior de Agronomia \u2013 Universidade de lisboa, Portugal<br>Concei\u00e7\u00e3o Martins \u2013 Instituto Polit\u00e9cnico de Bragan\u00e7a, Portugal<br>Edgar J. Gonz\u00e1lez-Gaudiano &#8211; Universidad Veracruzana \/ Instituto de Investigaciones en Educaci\u00f3n, M\u00e9xico<br>Edgar Lameiras \u2013 Polit\u00e9cnico de Leiria, Portugal<br>Fernando Magalh\u00e3es \u2013 Polit\u00e9cnico de Leiria, Portugal<br>Fernando Cruz \u2013Instituto de Investiga\u00e7\u00e3o em Design, Media e Cultura [ID+], Portugal\/Universidade de Santiago de Compostela, Galiza<br>Filipe Duarte Santos &#8211; Universidade de Lisboa, Portugal<br>Francisco Teixeira \u2013 Ag\u00eancia Portuguesa do Ambiente, Portugal<br>Germ\u00e1n Vargas \u2013 Universidade de Santiago de Compostela, Galiza<br>Gerson Buczenko &#8211; Centro Universit\u00e1rio Internacional Uninter, Brasil<br>Helena Freitas \u2013 Universidade de Coimbra, Portugal<br>Joaquim Ramos Pinto \u2013 Associa\u00e7\u00e3o Portuguesa de Educa\u00e7\u00e3o Ambiental, Portugal<br>Jos\u00e9 Manuel Calheiros \u2013 Universidade Fernando Pessoa \/ I3ID, Portugal<br>Jos\u00e9 Manuel Palma \u2013 Universidade de Lisboa, Portugal<br>Juar\u00eas Aumond \u2013 Universidade Regional de Blumenau &#8211; FURB, Brasil<br>Judite Vieira \u2013 Polit\u00e9cnico de Leiria \/ LSRE \u2013 LCM, Portugal<br>Lucia Iglesias da Cunha &#8211; Universidade de Santiago de Compostela, Galiza<br>Lucie Sauv\u00e9 &#8211; Universit\u00e9 du Qu\u00e9bec, Canad\u00e1<br>Lu\u00edsa Schmidt \u2013 Instituto de Ci\u00eancias Sociais \u2013 Universidade de Lisboa, Portugal<br>Marcos Sorrentino \u2013 Universidade de S\u00e3o Paulo, Brasil<br>Maria Arlete Rosa &#8211; Universidade Tuiuti do Paran\u00e1, Brasil<br>Maria Jos\u00e9 Rodrigues \u2013 Instituto Polit\u00e9cnico de Bragan\u00e7a, Portugal<br>Mar\u00edlia Torales Campos &#8211; Universidade Federal do Paran\u00e1, Brasil<br>M\u00e1rio Freitas \u2013 Associa\u00e7\u00e3o Brasileira de Pesquisa Cient\u00edfica e Tecnol\u00f3gica em Redu\u00e7\u00e3o de Risco e Desastres, Brasil<br>M\u00e1rio Oliveira &#8211; LEIEA \/ CI&amp;DEI \/ ESECS &#8211; Polit\u00e9cnico de Leiria \/ OIKOS, Portugal<br>Maur\u00edcio Balensiefer &#8211; Universidade Federal do Paran\u00e1, Brasil<br>Miguel \u00c1ngel Arias Ortega \u2013 Universidad Aut\u00f3noma de la Ciudad de M\u00e9xico (UACM), M\u00e9xico<br>Nuno Carvalho &#8211; Escola Superior de Educa\u00e7\u00e3o \/ IPC \/ CICS.NOVA \/ OIKOS, Portugal<br>Ofelia Agoglia \u2013 Universidad Nacional de Cuyo, Argentina<br>Olga Santos &#8211; LEIEA \/ CI&amp;DEI \/ CICS.NOVA \/ ESECS &#8211; Polit\u00e9cnico de Leiria \/ OIKOS, Portugal<br>Pablo Meira \u2013 Universidade de Santiago de Compostela, Galiza<br>Paulo Mafra &#8211; Instituto Polit\u00e9cnico de Bragan\u00e7a, Portugal<br>Regina Souza \u2013 Centro Universit\u00e1rio de Santa F\u00e9 do Sul, Brasil<br>Rog\u00e9rio Roque Amaro &#8211; ISCTE &#8211; Instituto Universit\u00e1rio de Lisboa, Portugal<br>Pedro Morou\u00e7o &#8211; Polit\u00e9cnico de Leiria, Portugal<br>Sofia Bregano \u2013 Instituto Polit\u00e9cnico de Bragan\u00e7a, Portugal<br>Vilmar Alves Pereira \u2013 Universidad Internacional Iberoamericana, Mexico \/ Universidade Estadual do Oeste do Paran\u00e1, Brasil<br>Viriato Soromenho-Marques \u2013 Universidade de Lisboa, Portugal<\/p>\n\n\n\n<p><\/p>\n\n\n\n<p><strong>Organizing Institution<\/strong><br>Oikos \u2013 Associa\u00e7\u00e3o de Defesa do Ambiente e do Patrim\u00f3nio da Regi\u00e3o de Leiria<br>Escola Superior de Educa\u00e7\u00e3o e Ci\u00eancias Sociais &#8211; Polit\u00e9cnico de Leiria<\/p>\n","protected":false},"excerpt":{"rendered":"<p>Organization Committee Concei\u00e7\u00e3o Cola\u00e7o Edgar Lameiras Jorge Figueiredo J\u00falia Rigueira M\u00e1rio Oliveira Manuela Carvalho Nuno Carvalho Olga Santos Raquel Delgado S\u00e9rgio Duarte Scientific CommitteeAraceli Serantes \u2013 Universidade da Corunha, GalizaAna Paula Prado \u2013 Centro Universit\u00e1rio de Santa F\u00e9 do Sul,&hellip;  <\/p>\n<p class=\"more-link\"><a href=\"https:\/\/sites.ipleiria.pt\/5ciead\/organization\/\">Continue reading <span class=\"meta-nav\">&rarr;<\/span><\/a><\/p>\n","protected":false},"author":102,"featured_media":0,"parent":0,"menu_order":0,"comment_status":"closed","ping_status":"closed","template":"","meta":{"footnotes":""},"class_list":["post-12","page","type-page","status-publish","hentry"],"_links":{"self":[{"href":"https:\/\/sites.ipleiria.pt\/5ciead\/wp-json\/wp\/v2\/pages\/12","targetHints":{"allow":["GET"]}}],"collection":[{"href":"https:\/\/sites.ipleiria.pt\/5ciead\/wp-json\/wp\/v2\/pages"}],"about":[{"href":"https:\/\/sites.ipleiria.pt\/5ciead\/wp-json\/wp\/v2\/types\/page"}],"author":[{"embeddable":true,"href":"https:\/\/sites.ipleiria.pt\/5ciead\/wp-json\/wp\/v2\/users\/102"}],"replies":[{"embeddable":true,"href":"https:\/\/sites.ipleiria.pt\/5ciead\/wp-json\/wp\/v2\/comments?post=12"}],"version-history":[{"count":4,"href":"https:\/\/sites.ipleiria.pt\/5ciead\/wp-json\/wp\/v2\/pages\/12\/revisions"}],"predecessor-version":[{"id":648,"href":"https:\/\/sites.ipleiria.pt\/5ciead\/wp-json\/wp\/v2\/pages\/12\/revisions\/648"}],"wp:attachment":[{"href":"https:\/\/sites.ipleiria.pt\/5ciead\/wp-json\/wp\/v2\/media?parent=12"}],"curies":[{"name":"wp","href":"https:\/\/api.w.org\/{rel}","templated":true}]}}