{"id":14,"date":"2019-12-12T11:51:38","date_gmt":"2019-12-12T11:51:38","guid":{"rendered":"https:\/\/sites.ipleiria.pt\/4ciead\/?page_id=14"},"modified":"2022-11-10T17:07:01","modified_gmt":"2022-11-10T17:07:01","slug":"programa-geral","status":"publish","type":"page","link":"https:\/\/sites.ipleiria.pt\/5ciead\/pt\/programa-geral\/","title":{"rendered":"Programa Geral"},"content":{"rendered":"\n<p><strong>Ver o Programa<\/strong> <strong>detalhado<\/strong> &#8211; <a href=\"http:\/\/sites.ipleiria.pt\/5ciead\/files\/2022\/11\/Programa-geral-detalhado-definitivo-09-11-22.pdf\">CLIQUE AQUI<\/a><\/p>\n\n\n\n<h3 class=\"wp-block-heading\">Conferencistas Principais<\/h3>\n\n\n\n<div class=\"wp-block-group\"><div class=\"wp-block-group__inner-container is-layout-flow wp-block-group-is-layout-flow\">\n<figure class=\"wp-block-table is-style-stripes has-small-font-size\"><table class=\"has-fixed-layout\"><tbody><tr><td><img loading=\"lazy\" decoding=\"async\" width=\"150\" height=\"150\" class=\"wp-image-474\" style=\"width: 150px;\" src=\"http:\/\/sites.ipleiria.pt\/5ciead\/files\/2022\/04\/Teresa-Cunha.png\" alt=\"\"><br><strong>Teresa Cunha<\/strong><br>Centro de Estudos Sociais da Universidade de Coimbra \/ Escola Superior de Educa\u00e7\u00e3o de Coimbra, Portugal<\/td><td>Teresa Cunha \u00e9 doutorada em Sociologia pela Universidade de Coimbra. \u00c9 investigadora s\u00e9nior do Centro de Estudos Sociais da Universidade de Coimbra, onde ensina em v\u00e1rios Cursos de Doutoramento; co-coordena a publica\u00e7\u00e3o &#8216;Oficina do CES&#8217; e o Programa de Investiga\u00e7\u00e3o Epistemologias do Sul. Co-coordenou os ciclos do Gender Workshop entre 2012 e 2022. Coordena a Escola &#8216;Ecologias Feministas de Saberes&#8217;. \u00c9 professora-coordenadora da Escola Superior de Educa\u00e7\u00e3o do Instituto Polit\u00e9cnico de Coimbra e investigadora associada do CODESRIA e do Centro de Estudos Africanos da Universidade Eduardo Mondlane, Mo\u00e7ambique. Em 2017, foi agraciada com a Ordem de Timor-Leste pelo Presidente da Rep\u00fablica Democr\u00e1tica de Timor-Leste. Os seus interesses de investiga\u00e7\u00e3o s\u00e3o feminismos e p\u00f3s-colonialismos; outras economias e economias feministas mulheres; transi\u00e7\u00e3o p\u00f3s-b\u00e9lica, paz e mem\u00f3rias; direitos humanos das mulheres no espa\u00e7o do \u00cdndico. Tem publicados v\u00e1rios livros e artigos cient\u00edficos em diversos pa\u00edses e l\u00ednguas dos quais se destacam: Mulheres, Territ\u00f3rios e Identidades vol. 1, 2 e 3; Women InPower Women. Outras Economias criadas e lideradas por mulheres do sul n\u00e3o-imperial; Never Trust Sindarela. Feminismos, P\u00f3s-colonialismos, Mo\u00e7ambique e Timor- Leste; Ensaios pela Democracia. Justi\u00e7a, dignidade e bem-viver; Elas no Sul e no Norte; Vozes das Mulheres de Timor; Timor-Leste: Cr\u00f3nica da Observa\u00e7\u00e3o da Coragem; Feto Timor Nain Hitu &#8211; Sete Mulheres de Timor; Andar Por Outros Caminhos e Ra\u00edzes da ParticipAc\u00e7\u00e3o.<br><br><\/td><\/tr><tr><td><img loading=\"lazy\" decoding=\"async\" width=\"150\" height=\"150\" class=\"wp-image-473\" style=\"width: 150px;\" src=\"http:\/\/sites.ipleiria.pt\/5ciead\/files\/2022\/04\/Carlos-Serra.png\" alt=\"\"><br><strong>Carlos Serra<\/strong><br>Universidade Eduardo Mondlane, Mo\u00e7ambique \/ Cooperativa de Educa\u00e7\u00e3o Ambiental Repensar, Mo\u00e7ambique<\/td><td>Carlos Serra \u00e9 advogado, consultor, docente universit\u00e1rio e activista ambiental, com especializa\u00e7\u00e3o em direito do ambiente, longa experi\u00eancia sobre as tem\u00e1ticas da legisla\u00e7\u00e3o de res\u00edduos, gest\u00e3o de res\u00edduos, polui\u00e7\u00e3o por res\u00edduos e governa\u00e7\u00e3o local. Nos \u00faltimos anos tem vindo a direcionar as suas energias para o desperd\u00edcio zero e economia circular, com foco no desenho de solu\u00e7\u00f5es na gest\u00e3o de res\u00edduos que possam reduzir e anular a pegada ambiental e na sa\u00fade p\u00fablica, bem como gerar oportunidades de neg\u00f3cio e emprego junto das popula\u00e7\u00f5es vulner\u00e1veis. Faz parte da equipa internacional de coordena\u00e7\u00e3o do Dia Mundial da Limpeza. No seu percurso profissional, teve uma passagem no Minist\u00e9rio da Terra, Ambiente e Desenvolvimento Rural (2015 &#8211; 2019), onde adquiriu experi\u00eancia acrescida em rela\u00e7\u00e3o aos desafios que o Pais enfrenta no dom\u00ednio da gest\u00e3o de res\u00edduos, nos n\u00edveis pol\u00edtico, legal, governamental local, administrativo, educativo e corporativo, tendo igualmente estabelecido uma rica rede de contactos.<br><\/td><\/tr><tr><td> <img loading=\"lazy\" decoding=\"async\" width=\"150\" height=\"150\" class=\"wp-image-475\" style=\"width: 150px;\" src=\"http:\/\/sites.ipleiria.pt\/5ciead\/files\/2022\/04\/Jorge-Capelo.png\" alt=\"\"><br><strong>Jorge Capelo<\/strong><br>Instituto Nacional de Investiga\u00e7\u00e3o Agr\u00e1ria e Veterin\u00e1ria, (INIAV, I.P) \/ CIBIO-InBIO \u2013 Centro de Investiga\u00e7\u00e3o em Biodiversidade e Recursos Gen\u00e9ticos da Universidade do Porto, Portugal<\/td><td>Jorge Capelo \u00e9 um bot\u00e2nico, especialista em Ci\u00eancias da Vegeta\u00e7\u00e3o, Taxonomia de plantas vasculares, Ecologia florestal e da Conserva\u00e7\u00e3o. \u00c9 doutorado em Engenharia Florestal pela Universidade de Lisboa, Investigador Auxiliar no Instituto Nacional de Investiga\u00e7\u00e3o Agr\u00e1ria e Veterin\u00e1ria, (INIAV, I.P). e investigador do grupo ECOCHANGE no CIBIO-InBIO \u2013 Centro de Investiga\u00e7\u00e3o em Biodiversidade e Recursos Gen\u00e9ticos da Universidade do Porto. Tem desenvolvido a sua atividade cient\u00edfica na ecologia, classifica\u00e7\u00e3o, biogeografia e hist\u00f3ria da vegeta\u00e7\u00e3o portuguesa continental e insular, assim como na de outras \u00e1reas da Europa e \u00c1frica, em particular do Mediterr\u00e2neo ocidental e Macaron\u00e9sia. \u00c9 o respons\u00e1vel dos herb\u00e1rios LISE e LISFA (INIAV, I.P.) em Oeiras. \u00c9 coautor das fichas dos habitats do Plano Setorial da Rede Natura 2000, assessor da Flora iberica, coautor da Checklist da vegeta\u00e7\u00e3o de Portugal, continente e ilhas, da EuroVeg Checklist \u2013 classifica\u00e7\u00e3o hier\u00e1rquica da vegeta\u00e7\u00e3o da Europa, da Lista Vermelha dos Habitats da Europa e recentemente foi editor de um volume sobre a Vegeta\u00e7\u00e3o de Portugal (INCM). Pertence a v\u00e1rios grupos e redes de investiga\u00e7\u00e3o, como sejam o Grupo de Bot\u00e2nica da Madeira, o grupo de trabalho de Classifica\u00e7\u00e3o ou European Vegetation Survey da International Association of Vegetation Science (IAVS). \u00c9 docente convidado em v\u00e1rias institui\u00e7\u00f5es universit\u00e1rias. \u00c9 autor de t\u00e1xones e unidades de vegeta\u00e7\u00e3o novas para a Ci\u00eancia. \u00c9 editor de v\u00e1rias revistas cient\u00edficas internacionais na \u00e1rea da Biodiversidade e Ecologia da Vegeta\u00e7\u00e3o. A sua atividade na investiga\u00e7\u00e3o aplicada e interven\u00e7\u00e3o c\u00edvica tem-se centrado na gest\u00e3o para a conserva\u00e7\u00e3o de esp\u00e9cies e habitats naturais, em contexto de sistemas agr\u00edcolas e florestais. Em particular na tipologia de suporte a cartografia de habitats e planos de gest\u00e3o de \u00e1reas com valor de conserva\u00e7\u00e3o.tional and international projects and consortia, including the Millennium Ecosystem Assessment. Supervised or co-supervised 35 doctoral dissertations. She is the author of more than 300 international scientific publications and several publications promoting and disseminating science.<br><\/td><\/tr><tr><td><img loading=\"lazy\" decoding=\"async\" width=\"150\" height=\"150\" class=\"wp-image-472\" style=\"width: 150px;\" src=\"http:\/\/sites.ipleiria.pt\/5ciead\/files\/2022\/04\/Maria-Munoz.png\" alt=\"\"><br><strong>Maria Mu\u00f1oz Santos<\/strong><br>Fundaci\u00f3n Interuniversitaria Fernando Gonz\u00e1lez Bern\u00e1ldez para los Espacios Naturales, Espanha<\/td><td>Mar\u00eda Mu\u00f1oz Santos \u00e9 licenciada em Ci\u00eancias Ambientais, doutorada pelo Programa Interuniversit\u00e1rio de Educa\u00e7\u00e3o Ambiental, especializada em forma\u00e7\u00e3o, educa\u00e7\u00e3o, participa\u00e7\u00e3o e comunica\u00e7\u00e3o em espa\u00e7os naturais protegidos. Realizou estadias de investiga\u00e7\u00e3o nos Estados Unidos e Costa Rica.&nbsp;<br>No Departamento de Ecologia da Universidade Aut\u00f3noma de Madrid realizou estudos e forma\u00e7\u00e3o t\u00e9cnica relacionadas com o uso p\u00fablico, capacidade de acolhimento, servi\u00e7os e programas de comunica\u00e7\u00e3o, educa\u00e7\u00e3o e participa\u00e7\u00e3o ambiental em espa\u00e7os protegidos, em Espanha, Estados Unidos da Am\u00e9rica e Am\u00e9rica Latina.<br>Desde 2007 trabalha na Funda\u00e7\u00e3o Interuniversit\u00e1ria Fernando Gonz\u00e1lez Bern\u00e1ldez para os Espa\u00e7os Naturais, onde coordena, desde essa data, o Mestrado em Espa\u00e7os Naturais Protegidos<br>e o programa de forma\u00e7\u00e3o continua.<br>Coordena e participa em diferentes projetos, dos quais se destacam os mais recentes:<br>&#8211; LIFE ENABLE. Creating the European Natura Academy for applied Blended Learning (2021-2024).<br>&#8211; Desde 2007 coordena\u00e7\u00e3o, desenho e execu\u00e7\u00e3o de diferentes atividades formativas dentro dos sucessivos programas Emplea Verde de la Fundaci\u00f3n Biodiversidad, financiados pelo FSE (mais de 30 cursos, 500 alunos).<br>&#8211; Coordena\u00e7\u00e3o do grupo de trabalho de \u00c1reas Protegidas para a elabora\u00e7\u00e3o do Plano de a\u00e7\u00e3o de Educa\u00e7\u00e3o Ambiental para a Sustentabilidade. Minist\u00e9rio para a Transi\u00e7\u00e3o Ecol\u00f3gica e desafio Demogr\u00e1fico (2020).<br>&#8211; LIFE e-Natura2000.edu. Supporting e-learning and capacity building for Natura 2000 Managers.<br>&#8211; Elabora\u00e7\u00e3o do dossier de candidatura da Carta Europeia do Turismo Sustent\u00e1vel na Comarca de Maestrazgo. Dinamiza\u00e7\u00e3o do processo de participa\u00e7\u00e3o e prepara\u00e7\u00e3o da documenta\u00e7\u00e3o t\u00e9cnica (2017).<br>&#8211; Mulheres, motores para a diversifica\u00e7\u00e3o econ\u00f3mica em meio rural e para a melhoria da governan\u00e7a atrav\u00e9s de espa\u00e7os naturais protegidos (2014).<br>&#8211; Volunteer Management in European Parks- GRUNDTVIG-Multilateral Project (2010-2013).<br><\/td><\/tr><tr><td><img loading=\"lazy\" decoding=\"async\" width=\"150\" height=\"150\" class=\"wp-image-471\" style=\"width: 150px;\" src=\"http:\/\/sites.ipleiria.pt\/5ciead\/files\/2022\/04\/Rogerio-amaro.png\" alt=\"\"><br><strong>Rog\u00e9rio Roque Amaro<\/strong><br>ISCTE &#8211; Instituto Universit\u00e1rio de <br>Lisboa &#8211; Portugal<\/td><td>Rog\u00e9rio Roque Amaro \u00e9 economista, doutorado em &#8220;Analyse et planification du d\u00e9veloppement&#8221;, em 1980, pela Universit\u00e9&nbsp;des Sciences Sociales&nbsp;II&nbsp;de Grenoble (Fran\u00e7a).<br>Actualmente \u00e9 Professor Associado do ISCTE-IUL, no Departamento de Economia Pol\u00edtica, leccionando na licenciatura de Economia&nbsp;e nos mestrados de &#8220;Estudos de Desenvolvimento&#8221; e &#8220;Economia Social e Solid\u00e1ria&#8221;, de que foi fundador.<br>Foi membro da Direc\u00e7\u00e3o do Centro de Estudos Africanos do ISCTE-IUL e leccionou no mestrado de &#8220;Estudos Africanos \u2013 Desenvolvimento Econ\u00f3mico e Social em \u00c1frica: An\u00e1lise e Gest\u00e3o&#8221;.&nbsp;\u00c9 investigador no Centro de Estudos Internacionais, CEI-IUL.<br>Leccionou tamb\u00e9m, durante dez anos, nos mestrados de Sociologia da Universidade de \u00c9vora e da Faculdade de Economia da Universidade de Coimbra.<br>\u00c9 consultor do PNUD (Programa das Na\u00e7\u00f5es Unidas para o Desenvolvimento), da OIT (Organiza\u00e7\u00e3o Internacional do Trabalho) para as \u00e1reas de Desenvolvimento e Economia Social e Solid\u00e1ria e do Governo Regional dos A\u00e7ores \u2013 Instituto de Ac\u00e7\u00e3o Social (Programa INTERREG).<br>\u00c9 actualmente Presidente do Conselho Cient\u00edfico&nbsp;e s\u00f3cio fundador do Centro de Estudos de Economia Solid\u00e1ria do Atl\u00e2ntico (Ponta Delgada) e Director da Revista de Economia Solid\u00e1ria.<br>Tem desenvolvido e apoiado v\u00e1rios projectos de interven\u00e7\u00e3o comunit\u00e1ria e Economia Solid\u00e1ria em v\u00e1rias zonas do pa\u00eds, no meio urbano e no meio rural em Portugal.<br>Participa\u00e7\u00e3o em projectos internacionais, nomeadamente: STEP\/Portugal \u2013 OIT, como Consultor; CEESA (Centro de estudos de Economia Solid\u00e1ria do Atl\u00e2ntico), envolvendo A\u00e7ores, Cabo Verde, Can\u00e1rias e Madeira, como Presidente da Comiss\u00e3o Instaladora; Capacita\u00e7\u00e3o das ONG \u0301s de Cabo Verde; Curso de Interven\u00e7\u00e3o Social em Mo\u00e7ambique e Guin\u00e9-Bissau; Desenvolvimento Comunit\u00e1rio nos Bairros de Bissau; Projecto \u201cFormer Sans Exclure\u201d \u2013 ESAN; V\u00e1rios Projectos do Programa EQUAL (Transnacionais).<br>Fundador do CIDEC \u2013 Centro Interdisciplinar de Estudos Econ\u00f3micos; Fundador e S\u00f3cio da CESO \u2013 Cooperativa, Economia e Sociedade; Fundador do DIN\u00c2MIA \u2013 Centro de Estudos para a Mudan\u00e7a Socioecon\u00f3mica (ISCTE); Fundador e Presidente da Direc\u00e7\u00e3o da PROACT \u2013 Unidade de Investiga\u00e7\u00e3o e Apoio T\u00e9cnico ao Desenvolvimento Local, \u00e0 Valoriza\u00e7\u00e3o do Ambiente e \u00e0 Luta contra a Exclus\u00e3o Social (ISCTE); Coordenador do Projecto de Luta Contra a Pobreza \u201cPR\u00cdNCIPES DO NADA\u201d (Carnide); Coordenador de v\u00e1rios projectos de investiga\u00e7\u00e3o e investiga\u00e7\u00e3o-ac\u00e7\u00e3o; Presidente do Conselho Pedag\u00f3gico do ISCTE durante dois anos; Presidente da Sec\u00e7\u00e3o Aut\u00f3noma de Economia do ISCTE durante dez anos.<br>Fundador e presidente da Assembleia-Geral (durante doze anos) e da Direc\u00e7\u00e3o (tr\u00eas anos) da ANIMAR (Rede de Associa\u00e7\u00f5es de Desenvolvimento Local em Portugal). Presidente de v\u00e1rios \u00f3rg\u00e3os sociais de diversas organiza\u00e7\u00f5es como: CIDAC, CRC, Centro de Estudos Africanos, ESDIME; Fundador da Cooperativa \u201cHoras de Sonho\u201d.<br>Pertence actualmente ao Conselho Consultivo da RIPESS &#8211; Rede Intercontinental de Promo\u00e7\u00e3o da Economia Social e Solid\u00e1ria e \u00e0 RIUESS &#8211; Rede Inter-Universit\u00e1ria da Economia Social e Solid\u00e1ria.<br>Fundador e actual vice-presidente da Direc\u00e7\u00e3o da RedPES &#8211; Rede Portuguesa de Economia Solid\u00e1ria.<br>\u00c9 ainda presidente da direc\u00e7\u00e3o e fundador da GLOCALDECIDE &#8211; Associa\u00e7\u00e3o para a Democracia, a Cidadania e o Desenvolvimento e da Associa\u00e7\u00e3o \u201cVida Criativa\u201d, que se centra em projectos com comunidades ciganas.<br>Membro da Comiss\u00e3o Executiva da Rede Lus\u00f3fona de Desenvolvimento e Economia Social e Solid\u00e1ria.<br>Comendador da Ordem de M\u00e9rito em 2004.&nbsp;<br>Tem v\u00e1rias publica\u00e7\u00f5es, al\u00e9m de v\u00e1rias comunica\u00e7\u00f5es apresentadas em encontros, congressos e col\u00f3quios nacionais e internacionais.<br><\/td><\/tr><tr><td><img loading=\"lazy\" decoding=\"async\" width=\"150\" height=\"150\" class=\"wp-image-468\" style=\"width: 150px;\" src=\"http:\/\/sites.ipleiria.pt\/5ciead\/files\/2022\/04\/daisy-Flores.png\" alt=\"\"><br><strong>Daisy Flores<\/strong><br>JASS Mesoam\u00e9rica (Asociadas por lo Justo), Honduras<\/td><td>Daysi Flores \u00e9 eco feminista e vive nas Honduras. \u00c9 coordenadora regional de vincula\u00e7\u00e3o e comunica\u00e7\u00f5es para JASS Mesoam\u00e9rica, onde se enfoca o desenho e implementa\u00e7\u00e3o da estrat\u00e9gia de comunica\u00e7\u00e3o para a regi\u00e3o e conjuntamente com os seus colegas, explora os v\u00ednculos regionais e globais dentro de movimentos e organiza\u00e7\u00f5es. Durante os \u00faltimos 30 anos, Daysi dedicou a sua vida ao ativismo pelos direitos das mulheres a n\u00edvel nacional, regional e global. \u00c9 comunicadora social e engenheira civil, com \u00eanfase nas mudan\u00e7as clim\u00e1ticas e gest\u00e3o de desastres. \u00c9 ativista eco feminista, amante de m\u00fasica, da r\u00e1dio e do cuidado pelo ambiente. Gosta de cultivar em hortas urbanas, escrever e conectar-se com a vida de v\u00e1rias formas. Daysi acredita que a capacidade de aprender coletivamente gera espa\u00e7os que potenciam as melhores qualidades individuais e&nbsp;&nbsp;coletivas, enraizada no cuidado com o avan\u00e7o dos direitos das mulheres e em benef\u00edcio do planeta.<br><\/td><\/tr><tr><td><img loading=\"lazy\" decoding=\"async\" width=\"150\" height=\"150\" class=\"wp-image-476\" style=\"width: 150px;\" src=\"http:\/\/sites.ipleiria.pt\/5ciead\/files\/2022\/04\/Maria-arlete.png\" alt=\"\"><br><strong>Maria Arlete Rosa<\/strong><br>Universidade Tuiuti do Paran\u00e1, Brasil<\/td><td>Mestre e Doutora em Hist\u00f3ria e Filosofia da Educa\u00e7\u00e3o pela Pontif\u00edcia Universidade Cat\u00f3lica de S\u00e3o Paulo.&nbsp;<br>&#8211; P\u00f3s Doutorado em Sociologia pela Universidade Federal do Paran\u00e1.<br>Vice-Coordenadora e Professora Adjunta do Programa de P\u00f3s-Gradua\u00e7\u00e3o em Educa\u00e7\u00e3o \u2013 Mestrado em Educa\u00e7\u00e3o da Universidade Tuiuti do Paran\u00e1 &#8211; 2012 -2021.&nbsp;<br>Diretora de Meio Ambiente e A\u00e7\u00e3o Social da Companhia de Saneamento do Paran\u00e1 \u2013 SANEPAR &#8211; 2003 &#8211; 2010.&nbsp;<br>Titular do Conselho Estadual de Educa\u00e7\u00e3o do Paran\u00e1 &#8211; 2010 &#8211; 2016.&nbsp;<br>Editora da revista Cadernos de Pesquisa &#8211; Pensamento Educacional &#8211; PPGED\/UTP.<br>Titular da Comiss\u00e3o Interinstitucional de Educa\u00e7\u00e3o Ambiental do Paran\u00e1 &#8211; 2020 &#8211; 2022.<br>Integra redes de pesquisa:&nbsp;&nbsp;Rede de Educa\u00e7\u00e3o Ambiental do Paran\u00e1(REAPr), Rede Brasileira de Educa\u00e7\u00e3o Ambiental(REBEA), ReaSul e Alianza de Redes Iberoamericanas de Universidades por la Sustentabilidad y el Ambiente &#8211; \u00e1rea de educa\u00e7\u00e3o, educa\u00e7\u00e3o ambiental e pol\u00edticas p\u00fablicas.ontolog\u00eda, Maestr\u00eda en Bio\u00e9tica, Maestr\u00eda en Responsabilidad social y desarrollo sostenible, Maestr\u00eda en Gesti\u00f3n del Dise\u00f1o para los desarrollos regionales, Maestr\u00eda en Extensi\u00f3n y Desarrollo Rural, Especializaci\u00f3n en Salud P\u00fablica).<br><\/td><\/tr><tr><td><img loading=\"lazy\" decoding=\"async\" width=\"150\" height=\"150\" class=\"wp-image-470\" style=\"width: 150px;\" src=\"http:\/\/sites.ipleiria.pt\/5ciead\/files\/2022\/04\/Vilmar.png\" alt=\"\"> <br><strong>Vilmar Alves Pereria<\/strong><br>Universidad Internacional Iberoamerica \u2013 <br>UNINI, M\u00e9xico<br>e<br>Universidade Estadual do Oeste do <br>Paran\u00e1 \u2013 UNIOESTE, Brasil<\/td><td>Fil\u00f3sofo, Educador Ambiental Popular, Professor na Universidad Internacional Iberoamerica &#8211; UNINI nos Programas de Doutorado em Projetos &#8211; M\u00e9xico e Doutorado em Educa\u00e7\u00e3o &#8211; Porto Rico; Professor Colaborador na Universidade Estadual do Oeste do Paran\u00e1 &#8211; UNIOESTE no Programa de P\u00f3s-gradua\u00e7\u00e3o em Desenvolvimento Rural Sustent\u00e1vel \u2013 PPGDRS \u2013 BR. Pesquisador sobre os Fundamentos da Educa\u00e7\u00e3o Ambiental com Bolsa de Produtividade do Conselho Nacional de Desenvolvimento Cient\u00edfico e Tecnol\u00f3gico \u2013 CNPq &#8211; N\u00edvel 2 em Educa\u00e7\u00e3o. Coordenador Adjunto da Rede Internacional de Pesquisa Resili\u00eancia Clim\u00e1tica \u2013 RIPERC; Integrante da Rede Lus\u00f3fona de Educa\u00e7\u00e3o Ambiental (Redeluso), Professor Colaborador do Minist\u00e9rio da Educaci\u00f3n da Nicar\u00e1gua &#8211; MINED desde 2017 na Forma\u00e7\u00e3o de Professores desde o horizonte da Educa\u00e7\u00e3o Popular. Tem participado de in\u00fameras redes e confer\u00eancias, mesas tem\u00e1ticas a partir do da perspectiva da Educa\u00e7\u00e3o Ambiental Popular, da Justi\u00e7a e Injusti\u00e7as Socioambientais na Am\u00e9rica Latina e Caribe em di\u00e1logo com os povos origin\u00e1rios e aprendizados de suas cosmovis\u00f5es de onde busca pensar Ontoepistemologias Ambientais. Autor da teoria Ecologia Cosmocena como alternativa ao Antropoceno. Trabalho em destaque https:\/\/www.researchgate.net\/publication\/342130212_O_que_sera_o_amanha_Educacao_Ambiental_na_America_Latina_e_Caribe_a_Justica_Ambiental_e_o_COVID-19.<\/td><\/tr><tr><td><img decoding=\"async\" class=\"wp-image-469\" style=\"width: 150px;\" src=\"http:\/\/sites.ipleiria.pt\/5ciead\/files\/2022\/09\/jose-palma.jpg\" alt=\"\"><br><strong>Jos\u00e9 Manuel Palma-Oliveira<\/strong><br>Universidade de Lisboa \u2013 Portugal<\/td><td>A atividade de Palma-Oliveira tem sido relacionada com a compreens\u00e3o e interven\u00e7\u00e3o na intera\u00e7\u00e3o entre o ambiente e as comunidades atrav\u00e9s da perspetiva da analise e perce\u00e7\u00e3o de risco.&nbsp;<br>A sua continuada atividade de conferencista e investigador levou \u00e0 sua nomea\u00e7\u00e3o como&nbsp;<em>Distinguished Visiting Scholar&nbsp;<\/em>do Center for Risk Management of Engineering Systems Universidade da Virg\u00ednia, Departamento de Sistemas e Engenharia da Informa\u00e7\u00e3o (https:\/\/engineering.virginia.edu\/research\/centers-institutes\/center-risk-management-engineering-systems\/faculty-and-staff).<br>\u00c9 membro do Conselho Cientifico da ASAE (Autoridade de Seguran\u00e7a Alimentar e Econ\u00f3mica) e coordenador do grupo de Comunica\u00e7\u00e3o de Risco)&nbsp;<br>Tem uma a\u00e7\u00e3o continuada de conferencista com dezenas de presen\u00e7as na Europa, Am\u00e9rica do Norte e do Sul, Norte de \u00c1frica, etc. sobre perce\u00e7\u00e3o e gest\u00e3o de risco e desenvolveu uma teoria de comunica\u00e7\u00e3o de risco que se aplica tanto a comportamentos individuais (por exemplo escolhas alimentares, etc) como a contextos grupais de conflito sobre solu\u00e7\u00f5es vistas como pol\u00e9micas. Esta perspetiva desenvolvida ao longo de mais de 20 anos de trabalho com as comunidades \u00e9 \u00fanica na medida em que se baseia na tentativa de construir um conhecimento partilhado entre os diferentes atores e s\u00f3 se torna poss\u00edvel com a compreens\u00e3o profunda da logica percebida de custo-benef\u00edcio dos diferentes atores. Assim permitiu ultrapassar os problemas de conflitos, comummente apelidados de \u201cn\u00e3o no meu quintal\u201d (NIMBY) em 100% dos casos. Tem dezenas de trabalhos cient\u00edficos e dois livros publicados sobre estes temas (sele\u00e7\u00e3o abaixo dos mais relevantes e recentes)&nbsp;<br>A sua dedica\u00e7\u00e3o ao estudo do risco levou a ser eleito como Presidente da Se\u00e7\u00e3o Europeia da Society for Risk Analysis, sendo depois reconhecido como Fellow da Sociedade a n\u00edvel mundial (2012), e ser-lhe mesmo atribu\u00eddo um pr\u00e9mio em 2016, nomeadamente o Pr\u00e9mio Especial de M\u00e9rito \u201cfor his humanitarian and scientific contributions \u2026&nbsp;(and for being) a distinguished educator and mentor to international students and a leading member of Society in thought and action\u201d .&nbsp;<br>Foi presidente da Quercus, uma das mais ativas organiza\u00e7\u00f5es ambientalistas na Europa do Sul durante os anos 90. Foi membro do Conselho Nacional da \u00c1gua durante o mesmo per\u00edodo. Foi tamb\u00e9m membro da Dire\u00e7\u00e3o da Federa\u00e7\u00e3o Europeia do Transporte e Ambiente (sede em Bruxelas) entre 1997 e 2010. Durante os anos 90 e a primeira d\u00e9cada do sec. XXI foi perito convidado junto da Comiss\u00e3o Europeia para a discuss\u00e3o das leis e diretivas sobre a qualidade do ar e ru\u00eddo.&nbsp;<br>Foi nomeado pelo governo portugu\u00eas como Presidente do Conselho de Administra\u00e7\u00e3o da Funda\u00e7\u00e3o para a Prote\u00e7\u00e3o das Salinas do Samouco, importante \u00e1rea h\u00famida que se encontrava amea\u00e7ada depois da constru\u00e7\u00e3o da nova ponte sobre o Tejo (Vasco da Gama) em Lisboa. Desempenhou esse cargo entre 2001 e 2008.<\/td><\/tr><\/tbody><\/table><\/figure>\n<\/div><\/div>\n\n\n\n<p><\/p>\n","protected":false},"excerpt":{"rendered":"<p>Ver o Programa detalhado &#8211; CLIQUE AQUI Conferencistas Principais Teresa CunhaCentro de Estudos Sociais da Universidade de Coimbra \/ Escola Superior de Educa\u00e7\u00e3o de Coimbra, Portugal Teresa Cunha \u00e9 doutorada em Sociologia pela Universidade de Coimbra. \u00c9 investigadora s\u00e9nior do&hellip;  <\/p>\n<p class=\"more-link\"><a href=\"https:\/\/sites.ipleiria.pt\/5ciead\/pt\/programa-geral\/\">Continue reading <span class=\"meta-nav\">&rarr;<\/span><\/a><\/p>\n","protected":false},"author":102,"featured_media":0,"parent":0,"menu_order":0,"comment_status":"closed","ping_status":"closed","template":"","meta":{"footnotes":""},"class_list":["post-14","page","type-page","status-publish","hentry"],"_links":{"self":[{"href":"https:\/\/sites.ipleiria.pt\/5ciead\/wp-json\/wp\/v2\/pages\/14","targetHints":{"allow":["GET"]}}],"collection":[{"href":"https:\/\/sites.ipleiria.pt\/5ciead\/wp-json\/wp\/v2\/pages"}],"about":[{"href":"https:\/\/sites.ipleiria.pt\/5ciead\/wp-json\/wp\/v2\/types\/page"}],"author":[{"embeddable":true,"href":"https:\/\/sites.ipleiria.pt\/5ciead\/wp-json\/wp\/v2\/users\/102"}],"replies":[{"embeddable":true,"href":"https:\/\/sites.ipleiria.pt\/5ciead\/wp-json\/wp\/v2\/comments?post=14"}],"version-history":[{"count":17,"href":"https:\/\/sites.ipleiria.pt\/5ciead\/wp-json\/wp\/v2\/pages\/14\/revisions"}],"predecessor-version":[{"id":667,"href":"https:\/\/sites.ipleiria.pt\/5ciead\/wp-json\/wp\/v2\/pages\/14\/revisions\/667"}],"wp:attachment":[{"href":"https:\/\/sites.ipleiria.pt\/5ciead\/wp-json\/wp\/v2\/media?parent=14"}],"curies":[{"name":"wp","href":"https:\/\/api.w.org\/{rel}","templated":true}]}}